{"id":10894,"date":"2024-01-10T14:05:26","date_gmt":"2024-01-10T17:05:26","guid":{"rendered":"https:\/\/www.nutricion.edu.uy\/?page_id=10894"},"modified":"2026-02-12T08:34:58","modified_gmt":"2026-02-12T11:34:58","slug":"unidades-c-optativas","status":"publish","type":"page","link":"https:\/\/www.nutricion.edu.uy\/?page_id=10894","title":{"rendered":"Unidades C. optativas"},"content":{"rendered":"\n<p>Las Unidades Curriculares Optativas (UCOps) son aquellas que ofrece la propia Escuela de Nutrici\u00f3n para sus estudiantes. La oferta curricular es actualizada a\u00f1o a a\u00f1o y difiere en cada semestre. <\/p>\n\n\n\n<p><\/p>\n\n\n\n<p><strong>SOBRE LA INSCRIPCI\u00d3N A LAS UCOps.: <\/strong><\/p>\n\n\n\n<p><br>Se abrir\u00e1 la inscripci\u00f3n con un 50% de cupos por encima del m\u00e1ximo de cada optativa y se har\u00e1 un sorteo para determinar el orden de prelaci\u00f3n en que se encontrar\u00e1n en las listas, las que ser\u00e1n publicadas en ventanilla de Bedel\u00eda.<br>Se habilitar\u00e1 un per\u00edodo de borrado de la optativa, hasta 5 d\u00edas h\u00e1biles previos al inicio de cada una; al cerrar este per\u00edodo se dar\u00e1 de baja a las personas que no est\u00e9n dentro del cupo m\u00e1ximo. Las personas que s\u00ed est\u00e9n en el cupo, ser\u00e1n las que integrar\u00e1n la lista definitiva (que tambi\u00e9n ser\u00e1 publicada en Bedel\u00eda); en caso de no presentarse a cursar, se aplicar\u00e1 la sanci\u00f3n correspondiente.<br><\/p>\n\n\n\n<p>Aclaraci\u00f3n: todos los estudiantes que est\u00e9n en la lista preliminar (lista de prelaci\u00f3n) tendr\u00e1n posibilidad de integrar la lista final, por lo que, si deciden no cursar la materia, deber\u00e1n borrarse (aunque est\u00e9n en el \u00faltimo lugar de la misma).<br>Quienes no se borren y no cursen ser\u00e1n sancionados:<br>Art\u00edculo 18- Los estudiantes que abandonaran la materia por motivos fuera de los establecidos en el Cap\u00edtulo III de este Reglamento, ser\u00e1n sancionados, no pudiendo inscribirse a ninguna UCOp en el siguiente semestre curricular.<\/p>\n\n\n\n<hr class=\"wp-block-separator has-alpha-channel-opacity\"\/>\n\n\n\n<div class=\"wp-block-buttons is-content-justification-center is-layout-flex wp-container-core-buttons-is-layout-16018d1d wp-block-buttons-is-layout-flex\">\n<div class=\"wp-block-button\"><a class=\"wp-block-button__link wp-element-button\" href=\"https:\/\/www.nutricion.edu.uy\/?p=13927\">Optativas Primer Semestre<\/a><\/div>\n\n\n\n<div class=\"wp-block-button\"><a class=\"wp-block-button__link wp-element-button\">Optativas Segundo Semestre<\/a><\/div>\n<\/div>\n\n\n\n<div class=\"wp-block-buttons is-content-justification-center is-layout-flex wp-container-core-buttons-is-layout-16018d1d wp-block-buttons-is-layout-flex\"><\/div>\n\n\n\n<p><\/p>\n","protected":false},"excerpt":{"rendered":"<p>Las Unidades Curriculares Optativas (UCOps) son aquellas que ofrece la propia Escuela de Nutrici\u00f3n para sus estudiantes. La oferta curricular es actualizada a\u00f1o a a\u00f1o y difiere en cada semestre. SOBRE LA INSCRIPCI\u00d3N A LAS UCOps.: Se abrir\u00e1 la inscripci\u00f3n con un 50% de cupos por encima del m\u00e1ximo de cada optativa y se har\u00e1&hellip;<\/p>\n","protected":false},"author":50,"featured_media":0,"parent":0,"menu_order":0,"comment_status":"closed","ping_status":"closed","template":"","meta":{"footnotes":""},"class_list":["post-10894","page","type-page","status-publish","hentry"],"yoast_head":"<!-- This site is optimized with the Yoast SEO plugin v24.9 - https:\/\/yoast.com\/wordpress\/plugins\/seo\/ -->\n<title>Unidades C. optativas - Escuela de Nutrici\u00f3n<\/title>\n<meta name=\"robots\" content=\"index, follow, max-snippet:-1, max-image-preview:large, max-video-preview:-1\" \/>\n<link rel=\"canonical\" href=\"https:\/\/www.nutricion.edu.uy\/?page_id=10894\" \/>\n<meta property=\"og:locale\" content=\"es_ES\" \/>\n<meta property=\"og:type\" content=\"article\" \/>\n<meta property=\"og:title\" content=\"Unidades C. optativas - Escuela de Nutrici\u00f3n\" \/>\n<meta property=\"og:description\" content=\"Las Unidades Curriculares Optativas (UCOps) son aquellas que ofrece la propia Escuela de Nutrici\u00f3n para sus estudiantes. La oferta curricular es actualizada a\u00f1o a a\u00f1o y difiere en cada semestre. SOBRE LA INSCRIPCI\u00d3N A LAS UCOps.: Se abrir\u00e1 la inscripci\u00f3n con un 50% de cupos por encima del m\u00e1ximo de cada optativa y se har\u00e1&hellip;\" \/>\n<meta property=\"og:url\" content=\"https:\/\/www.nutricion.edu.uy\/?page_id=10894\" \/>\n<meta property=\"og:site_name\" content=\"Escuela de Nutrici\u00f3n\" \/>\n<meta property=\"article:modified_time\" content=\"2026-02-12T11:34:58+00:00\" \/>\n<meta name=\"twitter:card\" content=\"summary_large_image\" \/>\n<meta name=\"twitter:label1\" content=\"Tiempo de lectura\" \/>\n\t<meta name=\"twitter:data1\" content=\"2 minutos\" \/>\n<script type=\"application\/ld+json\" class=\"yoast-schema-graph\">{\"@context\":\"https:\/\/schema.org\",\"@graph\":[{\"@type\":\"WebPage\",\"@id\":\"https:\/\/www.nutricion.edu.uy\/?page_id=10894\",\"url\":\"https:\/\/www.nutricion.edu.uy\/?page_id=10894\",\"name\":\"Unidades C. optativas - Escuela de Nutrici\u00f3n\",\"isPartOf\":{\"@id\":\"https:\/\/www.nutricion.edu.uy\/#website\"},\"datePublished\":\"2024-01-10T17:05:26+00:00\",\"dateModified\":\"2026-02-12T11:34:58+00:00\",\"breadcrumb\":{\"@id\":\"https:\/\/www.nutricion.edu.uy\/?page_id=10894#breadcrumb\"},\"inLanguage\":\"es\",\"potentialAction\":[{\"@type\":\"ReadAction\",\"target\":[\"https:\/\/www.nutricion.edu.uy\/?page_id=10894\"]}]},{\"@type\":\"BreadcrumbList\",\"@id\":\"https:\/\/www.nutricion.edu.uy\/?page_id=10894#breadcrumb\",\"itemListElement\":[{\"@type\":\"ListItem\",\"position\":1,\"name\":\"Portada\",\"item\":\"https:\/\/www.nutricion.edu.uy\/\"},{\"@type\":\"ListItem\",\"position\":2,\"name\":\"Unidades C. optativas\"}]},{\"@type\":\"WebSite\",\"@id\":\"https:\/\/www.nutricion.edu.uy\/#website\",\"url\":\"https:\/\/www.nutricion.edu.uy\/\",\"name\":\"Escuela de Nutrici\u00f3n\",\"description\":\"Universidad de la Rep\u00fablica\",\"publisher\":{\"@id\":\"https:\/\/www.nutricion.edu.uy\/#organization\"},\"potentialAction\":[{\"@type\":\"SearchAction\",\"target\":{\"@type\":\"EntryPoint\",\"urlTemplate\":\"https:\/\/www.nutricion.edu.uy\/?s={search_term_string}\"},\"query-input\":{\"@type\":\"PropertyValueSpecification\",\"valueRequired\":true,\"valueName\":\"search_term_string\"}}],\"inLanguage\":\"es\"},{\"@type\":\"Organization\",\"@id\":\"https:\/\/www.nutricion.edu.uy\/#organization\",\"name\":\"Escuela de Nutrici\u00f3n Udelar\",\"url\":\"https:\/\/www.nutricion.edu.uy\/\",\"logo\":{\"@type\":\"ImageObject\",\"inLanguage\":\"es\",\"@id\":\"https:\/\/www.nutricion.edu.uy\/#\/schema\/logo\/image\/\",\"url\":\"https:\/\/www.nutricion.edu.uy\/wp-content\/uploads\/2018\/01\/logo_escuela.png\",\"contentUrl\":\"https:\/\/www.nutricion.edu.uy\/wp-content\/uploads\/2018\/01\/logo_escuela.png\",\"width\":257,\"height\":70,\"caption\":\"Escuela de Nutrici\u00f3n Udelar\"},\"image\":{\"@id\":\"https:\/\/www.nutricion.edu.uy\/#\/schema\/logo\/image\/\"}}]}<\/script>\n<!-- \/ Yoast SEO plugin. -->","yoast_head_json":{"title":"Unidades C. optativas - Escuela de Nutrici\u00f3n","robots":{"index":"index","follow":"follow","max-snippet":"max-snippet:-1","max-image-preview":"max-image-preview:large","max-video-preview":"max-video-preview:-1"},"canonical":"https:\/\/www.nutricion.edu.uy\/?page_id=10894","og_locale":"es_ES","og_type":"article","og_title":"Unidades C. optativas - Escuela de Nutrici\u00f3n","og_description":"Las Unidades Curriculares Optativas (UCOps) son aquellas que ofrece la propia Escuela de Nutrici\u00f3n para sus estudiantes. La oferta curricular es actualizada a\u00f1o a a\u00f1o y difiere en cada semestre. SOBRE LA INSCRIPCI\u00d3N A LAS UCOps.: Se abrir\u00e1 la inscripci\u00f3n con un 50% de cupos por encima del m\u00e1ximo de cada optativa y se har\u00e1&hellip;","og_url":"https:\/\/www.nutricion.edu.uy\/?page_id=10894","og_site_name":"Escuela de Nutrici\u00f3n","article_modified_time":"2026-02-12T11:34:58+00:00","twitter_card":"summary_large_image","twitter_misc":{"Tiempo de lectura":"2 minutos"},"schema":{"@context":"https:\/\/schema.org","@graph":[{"@type":"WebPage","@id":"https:\/\/www.nutricion.edu.uy\/?page_id=10894","url":"https:\/\/www.nutricion.edu.uy\/?page_id=10894","name":"Unidades C. optativas - Escuela de Nutrici\u00f3n","isPartOf":{"@id":"https:\/\/www.nutricion.edu.uy\/#website"},"datePublished":"2024-01-10T17:05:26+00:00","dateModified":"2026-02-12T11:34:58+00:00","breadcrumb":{"@id":"https:\/\/www.nutricion.edu.uy\/?page_id=10894#breadcrumb"},"inLanguage":"es","potentialAction":[{"@type":"ReadAction","target":["https:\/\/www.nutricion.edu.uy\/?page_id=10894"]}]},{"@type":"BreadcrumbList","@id":"https:\/\/www.nutricion.edu.uy\/?page_id=10894#breadcrumb","itemListElement":[{"@type":"ListItem","position":1,"name":"Portada","item":"https:\/\/www.nutricion.edu.uy\/"},{"@type":"ListItem","position":2,"name":"Unidades C. optativas"}]},{"@type":"WebSite","@id":"https:\/\/www.nutricion.edu.uy\/#website","url":"https:\/\/www.nutricion.edu.uy\/","name":"Escuela de Nutrici\u00f3n","description":"Universidad de la Rep\u00fablica","publisher":{"@id":"https:\/\/www.nutricion.edu.uy\/#organization"},"potentialAction":[{"@type":"SearchAction","target":{"@type":"EntryPoint","urlTemplate":"https:\/\/www.nutricion.edu.uy\/?s={search_term_string}"},"query-input":{"@type":"PropertyValueSpecification","valueRequired":true,"valueName":"search_term_string"}}],"inLanguage":"es"},{"@type":"Organization","@id":"https:\/\/www.nutricion.edu.uy\/#organization","name":"Escuela de Nutrici\u00f3n Udelar","url":"https:\/\/www.nutricion.edu.uy\/","logo":{"@type":"ImageObject","inLanguage":"es","@id":"https:\/\/www.nutricion.edu.uy\/#\/schema\/logo\/image\/","url":"https:\/\/www.nutricion.edu.uy\/wp-content\/uploads\/2018\/01\/logo_escuela.png","contentUrl":"https:\/\/www.nutricion.edu.uy\/wp-content\/uploads\/2018\/01\/logo_escuela.png","width":257,"height":70,"caption":"Escuela de Nutrici\u00f3n Udelar"},"image":{"@id":"https:\/\/www.nutricion.edu.uy\/#\/schema\/logo\/image\/"}}]}},"_links":{"self":[{"href":"https:\/\/www.nutricion.edu.uy\/index.php?rest_route=\/wp\/v2\/pages\/10894","targetHints":{"allow":["GET"]}}],"collection":[{"href":"https:\/\/www.nutricion.edu.uy\/index.php?rest_route=\/wp\/v2\/pages"}],"about":[{"href":"https:\/\/www.nutricion.edu.uy\/index.php?rest_route=\/wp\/v2\/types\/page"}],"author":[{"embeddable":true,"href":"https:\/\/www.nutricion.edu.uy\/index.php?rest_route=\/wp\/v2\/users\/50"}],"replies":[{"embeddable":true,"href":"https:\/\/www.nutricion.edu.uy\/index.php?rest_route=%2Fwp%2Fv2%2Fcomments&post=10894"}],"version-history":[{"count":11,"href":"https:\/\/www.nutricion.edu.uy\/index.php?rest_route=\/wp\/v2\/pages\/10894\/revisions"}],"predecessor-version":[{"id":14586,"href":"https:\/\/www.nutricion.edu.uy\/index.php?rest_route=\/wp\/v2\/pages\/10894\/revisions\/14586"}],"wp:attachment":[{"href":"https:\/\/www.nutricion.edu.uy\/index.php?rest_route=%2Fwp%2Fv2%2Fmedia&parent=10894"}],"curies":[{"name":"wp","href":"https:\/\/api.w.org\/{rel}","templated":true}]}}