{"id":11033,"date":"2024-01-25T16:19:17","date_gmt":"2024-01-25T19:19:17","guid":{"rendered":"https:\/\/www.nutricion.edu.uy\/?page_id=11033"},"modified":"2026-02-11T12:36:25","modified_gmt":"2026-02-11T15:36:25","slug":"unidades-c-electivas","status":"publish","type":"page","link":"https:\/\/www.nutricion.edu.uy\/?page_id=11033","title":{"rendered":"Unidades C. electivas"},"content":{"rendered":"<div class=\"wp-block-image\">\n<figure class=\"aligncenter size-large is-resized\"><img fetchpriority=\"high\" decoding=\"async\" width=\"1024\" height=\"631\" src=\"https:\/\/www.nutricion.edu.uy\/wp-content\/uploads\/2026\/02\/Facebook-Tw-1024x631.png\" alt=\"\" class=\"wp-image-14559\" style=\"aspect-ratio:1.6228454131071333;width:564px;height:auto\" srcset=\"https:\/\/www.nutricion.edu.uy\/wp-content\/uploads\/2026\/02\/Facebook-Tw-1024x631.png 1024w, https:\/\/www.nutricion.edu.uy\/wp-content\/uploads\/2026\/02\/Facebook-Tw-300x185.png 300w, https:\/\/www.nutricion.edu.uy\/wp-content\/uploads\/2026\/02\/Facebook-Tw-768x474.png 768w, https:\/\/www.nutricion.edu.uy\/wp-content\/uploads\/2026\/02\/Facebook-Tw-1536x947.png 1536w, https:\/\/www.nutricion.edu.uy\/wp-content\/uploads\/2026\/02\/Facebook-Tw-2048x1263.png 2048w\" sizes=\"(max-width: 1024px) 100vw, 1024px\" \/><\/figure>\n<\/div>\n\n\n<p>Del 12 al 24 de febrero, estudiantes de grado de la Universidad de la Rep\u00fablica (Udelar) podr\u00e1n inscribirse a las unidades curriculares electivas que ofrecen los distintos Servicios y Programas Universitarios.<\/p>\n\n\n\n<p>\u00bfQu\u00e9 es Movete en la Udelar?<\/p>\n\n\n\n<p>Cada semestre se abre un per\u00edodo de inscripciones en los que cada carrera de grado ofrece cursos a otras carreras y recibe cursos ofertados que pueden aportar a las trayectorias de sus estudiantes. Para que esto sea posible, se trabaja en conjunto entre las bedel\u00edas, las comisiones de carrera, decanatos y direcciones, para lograr que un gran n\u00famero de unidades curriculares sean compartidas cada semestre, promoviendo la movilidad estudiantil a la interna de la instituci\u00f3n.<\/p>\n\n\n\n<p>Esta iniciativa se propone contribuir a la transformaci\u00f3n de la estructura acad\u00e9mica para favorecer la colaboraci\u00f3n entre disciplinas, procurando integrar y aprovechar mejor los recursos disponibles, as\u00ed como vincular m\u00e1s estrechamente a los estudiantes de las diversas carreras, ampliando su formaci\u00f3n y favoreciendo su movilidad entre facultades.<\/p>\n\n\n\n<p>\u00bfCu\u00e1ndo son las inscripciones?<\/p>\n\n\n\n<p>En el semestre impar de 2026 las inscripciones estar\u00e1n disponibles del 12 al 24 de febrero para estudiantes de las tres \u00e1reas: Ciencias de la Salud, Social y Art\u00edstica (ASA) y Tecnolog\u00edas y Ciencias de la Naturaleza y el H\u00e1bitat (TyC NyH).<\/p>\n\n\n\n<p>\u00bfD\u00f3nde consulto a qu\u00e9 me puedo inscribir y c\u00f3mo?<\/p>\n\n\n\n<p>La oferta de unidades y todos los detalles de inscripciones se encuentran en la web de cada \u00c1rea.<\/p>\n\n\n\n<p>\u00c1reas Ciencias de la Salud: <a href=\"https:\/\/areasalud.udelar.edu.uy\">aqu\u00ed<\/a><\/p>\n\n\n\n<p>\u00c1rea Social y Art\u00edstica: <a href=\"http:\/\/asa.edu.uy\/movete\">aqu\u00ed<\/a><\/p>\n\n\n\n<p>\u00c1rea Tecnolog\u00edas y Ciencias de la Naturaleza y el H\u00e1bitat: <a href=\"https:\/\/www.areacyth.edu.uy\">aqu\u00ed<\/a><\/p>\n\n\n\n<p><\/p>\n","protected":false},"excerpt":{"rendered":"<p>Del 12 al 24 de febrero, estudiantes de grado de la Universidad de la Rep\u00fablica (Udelar) podr\u00e1n inscribirse a las unidades curriculares electivas que ofrecen los distintos Servicios y Programas Universitarios. \u00bfQu\u00e9 es Movete en la Udelar? Cada semestre se abre un per\u00edodo de inscripciones en los que cada carrera de grado ofrece cursos a&hellip;<\/p>\n","protected":false},"author":50,"featured_media":0,"parent":0,"menu_order":0,"comment_status":"closed","ping_status":"closed","template":"","meta":{"footnotes":""},"class_list":["post-11033","page","type-page","status-publish","hentry"],"yoast_head":"<!-- This site is optimized with the Yoast SEO plugin v24.9 - https:\/\/yoast.com\/wordpress\/plugins\/seo\/ -->\n<title>Unidades C. electivas - Escuela de Nutrici\u00f3n<\/title>\n<meta name=\"robots\" content=\"index, follow, max-snippet:-1, max-image-preview:large, max-video-preview:-1\" \/>\n<link rel=\"canonical\" href=\"https:\/\/www.nutricion.edu.uy\/?page_id=11033\" \/>\n<meta property=\"og:locale\" content=\"es_ES\" \/>\n<meta property=\"og:type\" content=\"article\" \/>\n<meta property=\"og:title\" content=\"Unidades C. electivas - Escuela de Nutrici\u00f3n\" \/>\n<meta property=\"og:description\" content=\"Del 12 al 24 de febrero, estudiantes de grado de la Universidad de la Rep\u00fablica (Udelar) podr\u00e1n inscribirse a las unidades curriculares electivas que ofrecen los distintos Servicios y Programas Universitarios. \u00bfQu\u00e9 es Movete en la Udelar? Cada semestre se abre un per\u00edodo de inscripciones en los que cada carrera de grado ofrece cursos a&hellip;\" \/>\n<meta property=\"og:url\" content=\"https:\/\/www.nutricion.edu.uy\/?page_id=11033\" \/>\n<meta property=\"og:site_name\" content=\"Escuela de Nutrici\u00f3n\" \/>\n<meta property=\"article:modified_time\" content=\"2026-02-11T15:36:25+00:00\" \/>\n<meta property=\"og:image\" content=\"https:\/\/www.nutricion.edu.uy\/wp-content\/uploads\/2026\/02\/Facebook-Tw-scaled.png\" \/>\n\t<meta property=\"og:image:width\" content=\"2560\" \/>\n\t<meta property=\"og:image:height\" content=\"1579\" \/>\n\t<meta property=\"og:image:type\" content=\"image\/png\" \/>\n<meta name=\"twitter:card\" content=\"summary_large_image\" \/>\n<meta name=\"twitter:label1\" content=\"Tiempo de lectura\" \/>\n\t<meta name=\"twitter:data1\" content=\"2 minutos\" \/>\n<script type=\"application\/ld+json\" class=\"yoast-schema-graph\">{\"@context\":\"https:\/\/schema.org\",\"@graph\":[{\"@type\":\"WebPage\",\"@id\":\"https:\/\/www.nutricion.edu.uy\/?page_id=11033\",\"url\":\"https:\/\/www.nutricion.edu.uy\/?page_id=11033\",\"name\":\"Unidades C. electivas - Escuela de Nutrici\u00f3n\",\"isPartOf\":{\"@id\":\"https:\/\/www.nutricion.edu.uy\/#website\"},\"primaryImageOfPage\":{\"@id\":\"https:\/\/www.nutricion.edu.uy\/?page_id=11033#primaryimage\"},\"image\":{\"@id\":\"https:\/\/www.nutricion.edu.uy\/?page_id=11033#primaryimage\"},\"thumbnailUrl\":\"https:\/\/www.nutricion.edu.uy\/wp-content\/uploads\/2026\/02\/Facebook-Tw-1024x631.png\",\"datePublished\":\"2024-01-25T19:19:17+00:00\",\"dateModified\":\"2026-02-11T15:36:25+00:00\",\"breadcrumb\":{\"@id\":\"https:\/\/www.nutricion.edu.uy\/?page_id=11033#breadcrumb\"},\"inLanguage\":\"es\",\"potentialAction\":[{\"@type\":\"ReadAction\",\"target\":[\"https:\/\/www.nutricion.edu.uy\/?page_id=11033\"]}]},{\"@type\":\"ImageObject\",\"inLanguage\":\"es\",\"@id\":\"https:\/\/www.nutricion.edu.uy\/?page_id=11033#primaryimage\",\"url\":\"https:\/\/www.nutricion.edu.uy\/wp-content\/uploads\/2026\/02\/Facebook-Tw-scaled.png\",\"contentUrl\":\"https:\/\/www.nutricion.edu.uy\/wp-content\/uploads\/2026\/02\/Facebook-Tw-scaled.png\",\"width\":2560,\"height\":1579},{\"@type\":\"BreadcrumbList\",\"@id\":\"https:\/\/www.nutricion.edu.uy\/?page_id=11033#breadcrumb\",\"itemListElement\":[{\"@type\":\"ListItem\",\"position\":1,\"name\":\"Portada\",\"item\":\"https:\/\/www.nutricion.edu.uy\/\"},{\"@type\":\"ListItem\",\"position\":2,\"name\":\"Unidades C. electivas\"}]},{\"@type\":\"WebSite\",\"@id\":\"https:\/\/www.nutricion.edu.uy\/#website\",\"url\":\"https:\/\/www.nutricion.edu.uy\/\",\"name\":\"Escuela de Nutrici\u00f3n\",\"description\":\"Universidad de la Rep\u00fablica\",\"publisher\":{\"@id\":\"https:\/\/www.nutricion.edu.uy\/#organization\"},\"potentialAction\":[{\"@type\":\"SearchAction\",\"target\":{\"@type\":\"EntryPoint\",\"urlTemplate\":\"https:\/\/www.nutricion.edu.uy\/?s={search_term_string}\"},\"query-input\":{\"@type\":\"PropertyValueSpecification\",\"valueRequired\":true,\"valueName\":\"search_term_string\"}}],\"inLanguage\":\"es\"},{\"@type\":\"Organization\",\"@id\":\"https:\/\/www.nutricion.edu.uy\/#organization\",\"name\":\"Escuela de Nutrici\u00f3n Udelar\",\"url\":\"https:\/\/www.nutricion.edu.uy\/\",\"logo\":{\"@type\":\"ImageObject\",\"inLanguage\":\"es\",\"@id\":\"https:\/\/www.nutricion.edu.uy\/#\/schema\/logo\/image\/\",\"url\":\"https:\/\/www.nutricion.edu.uy\/wp-content\/uploads\/2018\/01\/logo_escuela.png\",\"contentUrl\":\"https:\/\/www.nutricion.edu.uy\/wp-content\/uploads\/2018\/01\/logo_escuela.png\",\"width\":257,\"height\":70,\"caption\":\"Escuela de Nutrici\u00f3n Udelar\"},\"image\":{\"@id\":\"https:\/\/www.nutricion.edu.uy\/#\/schema\/logo\/image\/\"}}]}<\/script>\n<!-- \/ Yoast SEO plugin. -->","yoast_head_json":{"title":"Unidades C. electivas - Escuela de Nutrici\u00f3n","robots":{"index":"index","follow":"follow","max-snippet":"max-snippet:-1","max-image-preview":"max-image-preview:large","max-video-preview":"max-video-preview:-1"},"canonical":"https:\/\/www.nutricion.edu.uy\/?page_id=11033","og_locale":"es_ES","og_type":"article","og_title":"Unidades C. electivas - Escuela de Nutrici\u00f3n","og_description":"Del 12 al 24 de febrero, estudiantes de grado de la Universidad de la Rep\u00fablica (Udelar) podr\u00e1n inscribirse a las unidades curriculares electivas que ofrecen los distintos Servicios y Programas Universitarios. \u00bfQu\u00e9 es Movete en la Udelar? Cada semestre se abre un per\u00edodo de inscripciones en los que cada carrera de grado ofrece cursos a&hellip;","og_url":"https:\/\/www.nutricion.edu.uy\/?page_id=11033","og_site_name":"Escuela de Nutrici\u00f3n","article_modified_time":"2026-02-11T15:36:25+00:00","og_image":[{"width":2560,"height":1579,"url":"https:\/\/www.nutricion.edu.uy\/wp-content\/uploads\/2026\/02\/Facebook-Tw-scaled.png","type":"image\/png"}],"twitter_card":"summary_large_image","twitter_misc":{"Tiempo de lectura":"2 minutos"},"schema":{"@context":"https:\/\/schema.org","@graph":[{"@type":"WebPage","@id":"https:\/\/www.nutricion.edu.uy\/?page_id=11033","url":"https:\/\/www.nutricion.edu.uy\/?page_id=11033","name":"Unidades C. electivas - Escuela de Nutrici\u00f3n","isPartOf":{"@id":"https:\/\/www.nutricion.edu.uy\/#website"},"primaryImageOfPage":{"@id":"https:\/\/www.nutricion.edu.uy\/?page_id=11033#primaryimage"},"image":{"@id":"https:\/\/www.nutricion.edu.uy\/?page_id=11033#primaryimage"},"thumbnailUrl":"https:\/\/www.nutricion.edu.uy\/wp-content\/uploads\/2026\/02\/Facebook-Tw-1024x631.png","datePublished":"2024-01-25T19:19:17+00:00","dateModified":"2026-02-11T15:36:25+00:00","breadcrumb":{"@id":"https:\/\/www.nutricion.edu.uy\/?page_id=11033#breadcrumb"},"inLanguage":"es","potentialAction":[{"@type":"ReadAction","target":["https:\/\/www.nutricion.edu.uy\/?page_id=11033"]}]},{"@type":"ImageObject","inLanguage":"es","@id":"https:\/\/www.nutricion.edu.uy\/?page_id=11033#primaryimage","url":"https:\/\/www.nutricion.edu.uy\/wp-content\/uploads\/2026\/02\/Facebook-Tw-scaled.png","contentUrl":"https:\/\/www.nutricion.edu.uy\/wp-content\/uploads\/2026\/02\/Facebook-Tw-scaled.png","width":2560,"height":1579},{"@type":"BreadcrumbList","@id":"https:\/\/www.nutricion.edu.uy\/?page_id=11033#breadcrumb","itemListElement":[{"@type":"ListItem","position":1,"name":"Portada","item":"https:\/\/www.nutricion.edu.uy\/"},{"@type":"ListItem","position":2,"name":"Unidades C. electivas"}]},{"@type":"WebSite","@id":"https:\/\/www.nutricion.edu.uy\/#website","url":"https:\/\/www.nutricion.edu.uy\/","name":"Escuela de Nutrici\u00f3n","description":"Universidad de la Rep\u00fablica","publisher":{"@id":"https:\/\/www.nutricion.edu.uy\/#organization"},"potentialAction":[{"@type":"SearchAction","target":{"@type":"EntryPoint","urlTemplate":"https:\/\/www.nutricion.edu.uy\/?s={search_term_string}"},"query-input":{"@type":"PropertyValueSpecification","valueRequired":true,"valueName":"search_term_string"}}],"inLanguage":"es"},{"@type":"Organization","@id":"https:\/\/www.nutricion.edu.uy\/#organization","name":"Escuela de Nutrici\u00f3n Udelar","url":"https:\/\/www.nutricion.edu.uy\/","logo":{"@type":"ImageObject","inLanguage":"es","@id":"https:\/\/www.nutricion.edu.uy\/#\/schema\/logo\/image\/","url":"https:\/\/www.nutricion.edu.uy\/wp-content\/uploads\/2018\/01\/logo_escuela.png","contentUrl":"https:\/\/www.nutricion.edu.uy\/wp-content\/uploads\/2018\/01\/logo_escuela.png","width":257,"height":70,"caption":"Escuela de Nutrici\u00f3n Udelar"},"image":{"@id":"https:\/\/www.nutricion.edu.uy\/#\/schema\/logo\/image\/"}}]}},"_links":{"self":[{"href":"https:\/\/www.nutricion.edu.uy\/index.php?rest_route=\/wp\/v2\/pages\/11033","targetHints":{"allow":["GET"]}}],"collection":[{"href":"https:\/\/www.nutricion.edu.uy\/index.php?rest_route=\/wp\/v2\/pages"}],"about":[{"href":"https:\/\/www.nutricion.edu.uy\/index.php?rest_route=\/wp\/v2\/types\/page"}],"author":[{"embeddable":true,"href":"https:\/\/www.nutricion.edu.uy\/index.php?rest_route=\/wp\/v2\/users\/50"}],"replies":[{"embeddable":true,"href":"https:\/\/www.nutricion.edu.uy\/index.php?rest_route=%2Fwp%2Fv2%2Fcomments&post=11033"}],"version-history":[{"count":18,"href":"https:\/\/www.nutricion.edu.uy\/index.php?rest_route=\/wp\/v2\/pages\/11033\/revisions"}],"predecessor-version":[{"id":14561,"href":"https:\/\/www.nutricion.edu.uy\/index.php?rest_route=\/wp\/v2\/pages\/11033\/revisions\/14561"}],"wp:attachment":[{"href":"https:\/\/www.nutricion.edu.uy\/index.php?rest_route=%2Fwp%2Fv2%2Fmedia&parent=11033"}],"curies":[{"name":"wp","href":"https:\/\/api.w.org\/{rel}","templated":true}]}}