{"id":1104,"date":"2019-05-17T22:35:35","date_gmt":"2019-05-17T22:35:35","guid":{"rendered":"http:\/\/germnd4.sg-host.com\/?page_id=1104"},"modified":"2025-01-27T09:49:16","modified_gmt":"2025-01-27T12:49:16","slug":"unidad-de-informatica","status":"publish","type":"page","link":"https:\/\/www.nutricion.edu.uy\/?page_id=1104","title":{"rendered":"Unidad de Inform\u00e1tica"},"content":{"rendered":"<div id=\"pl-1104\"  class=\"panel-layout\" ><div id=\"pg-1104-0\"  class=\"panel-grid panel-no-style\" ><div id=\"pgc-1104-0-0\"  class=\"panel-grid-cell\" ><div id=\"panel-1104-0-0-0\" class=\"so-panel widget widget_siteorigin-panels-builder panel-first-child panel-last-child\" data-index=\"0\" ><div id=\"pl-w5f3e8ab3b48b9\"  class=\"panel-layout\" ><div id=\"pg-w5f3e8ab3b48b9-0\"  class=\"panel-grid panel-no-style\" ><div id=\"pgc-w5f3e8ab3b48b9-0-0\"  class=\"panel-grid-cell\" ><div id=\"panel-w5f3e8ab3b48b9-0-0-0\" class=\"so-panel widget widget_sow-tabs panel-first-child panel-last-child\" data-index=\"0\" ><div\n\t\t\t\n\t\t\tclass=\"so-widget-sow-tabs so-widget-sow-tabs-default-02e4508ec074\"\n\t\t\t\n\t\t><div class=\"sow-tabs\">\n\t<div class=\"sow-tabs-tab-container\" role=\"tablist\">\n\t\t\t<div\n\t\t\tclass=\"sow-tabs-tab\n\t\t\t sow-tabs-tab-selected\t\t\t\"\n\t\t\trole=\"tab\"\n\t\t\tdata-anchor-id=\"objetivos\"\n\t\t\taria-selected=\"true\"\n\t\t\ttabindex=\"0\"\n\t\t>\n\t\t\t<div class=\"sow-tabs-title sow-tabs-title-icon-left\">\n\t\t\t\t\t\t\t\tObjetivos\t\t\t\t\t\t\t<\/div>\n\t\t<\/div>\n\t\t\t<div\n\t\t\tclass=\"sow-tabs-tab\n\t\t\t\t\t\t\"\n\t\t\trole=\"tab\"\n\t\t\tdata-anchor-id=\"investigacion\"\n\t\t\taria-selected=\"false\"\n\t\t\ttabindex=\"0\"\n\t\t>\n\t\t\t<div class=\"sow-tabs-title sow-tabs-title-icon-left\">\n\t\t\t\t\t\t\t\tInvestigaci\u00f3n\t\t\t\t\t\t\t<\/div>\n\t\t<\/div>\n\t\t\t<div\n\t\t\tclass=\"sow-tabs-tab\n\t\t\t\t\t\t\"\n\t\t\trole=\"tab\"\n\t\t\tdata-anchor-id=\"documentos-y-formularios\"\n\t\t\taria-selected=\"false\"\n\t\t\ttabindex=\"0\"\n\t\t>\n\t\t\t<div class=\"sow-tabs-title sow-tabs-title-icon-left\">\n\t\t\t\t\t\t\t\tDocumentos y Formularios\t\t\t\t\t\t\t<\/div>\n\t\t<\/div>\n\t\t\t<div\n\t\t\tclass=\"sow-tabs-tab\n\t\t\t\t\t\t\"\n\t\t\trole=\"tab\"\n\t\t\tdata-anchor-id=\"protocolos\"\n\t\t\taria-selected=\"false\"\n\t\t\ttabindex=\"0\"\n\t\t>\n\t\t\t<div class=\"sow-tabs-title sow-tabs-title-icon-left\">\n\t\t\t\t\t\t\t\tProtocolos\t\t\t\t\t\t\t<\/div>\n\t\t<\/div>\n\t\t<\/div>\n\n\t<div class=\"sow-tabs-panel-container\">\n\t\t\t<div class=\"sow-tabs-panel\">\n\t\t\t<div\n\t\t\t\tclass=\"sow-tabs-panel-content\"\n\t\t\t\trole=\"tabpanel\"\n\t\t\t\taria-hidden=\"false\"\n\t\t\t>\n\t\t\t\t<p>Objetivo general:<\/p>\n<p style=\"padding-left: 30px\">La Unidad Docente de Inform\u00e1tica es el organismo rector, de asesoramiento y apoyo a todas las actividades de inform\u00e1tica que se realicen en el Edificio Central y Anexos de la Escuela de Nutrici\u00f3n, tales como la administraci\u00f3n de servicios comunes a todos los usuarios (comunicaci\u00f3n con SeCIU, correo electr\u00f3nico, p\u00e1ginas web, administraci\u00f3n de recursos, distribuci\u00f3n de la red, etc), y asesoramiento y coordinaci\u00f3n en la compra e instalaci\u00f3n de hardware y software.<\/p>\n<p>Objetivos espec\u00edficos:<\/p>\n<p style=\"padding-left: 30px\">Administraci\u00f3n y mantenimiento de la red:<\/p>\n<p style=\"padding-left: 60px\">La Unidad de Inform\u00e1tica debe:<\/p>\n<p style=\"padding-left: 60px\">&gt; Asegurar el funcionamiento permanente de la red y el acceso a internet del edificio central y anexos de la Escuela de Nutrici\u00f3n.<\/p>\n<p style=\"padding-left: 60px\">&gt; Suministrar apoyo t\u00e9cnico a los distintos Servicios y\/o Departamentos, en relaci\u00f3n a dificultades que surjan de la utilizaci\u00f3n de la red y creaci\u00f3n de nuevos usuarios.<\/p>\n<p style=\"padding-left: 60px\">&gt; Creaci\u00f3n y asistencia para el mantenimiento de p\u00e1ginas Web.<\/p>\n<p style=\"padding-left: 60px\">&gt; Elaboraci\u00f3n de directivas centrales de orden t\u00e9cnico para la conexi\u00f3n a la red.<\/p>\n<p style=\"padding-left: 30px\">Formaci\u00f3n del personal administrativo y docente<\/p>\n<p style=\"padding-left: 60px\">&gt; Con el objetivo de optimizar la utilizaci\u00f3n de los recursos la Unidad forma usuarios en lo relativo al manejo de productos de oficina, utilizaci\u00f3n de correo electr\u00f3nico, etc.<\/p>\n<p style=\"padding-left: 30px\">Asesoramiento t\u00e9cnico<\/p>\n<p style=\"padding-left: 60px\">&gt; El personal de esta unidad brinda apoyo t\u00e9cnico a los distintos departamentos y secciones del edificio central y anexos de la Escuela de Nutrici\u00f3n relacionado con la compra e instalaci\u00f3n de equipos inform\u00e1ticos, y manejo de software y hardware.<\/p>\n<p style=\"padding-left: 30px\">Articulaci\u00f3n del Entorno Virtual de Aprendizaje<\/p>\n\t\t\t<\/div>\n\t\t<\/div>\n\t\t\t<div class=\"sow-tabs-panel\">\n\t\t\t<div\n\t\t\t\tclass=\"sow-tabs-panel-content\"\n\t\t\t\trole=\"tabpanel\"\n\t\t\t\taria-hidden=\"true\"\n\t\t\t>\n\t\t\t\t<p>An\u00e1lisis de retenci\u00f3n de audiencia en v\u00eddeos educativos, G. Da Rosa y G. Silva. <a href=\"\/wp-content\/uploads\/2019\/09\/Poster_Analisis_retencion_videos_educativos_DaRosa_Silva.pdf\" target=\"_blank\" rel=\"noopener\">(V<\/a><\/p>\n\t\t\t<\/div>\n\t\t<\/div>\n\t\t\t<div class=\"sow-tabs-panel\">\n\t\t\t<div\n\t\t\t\tclass=\"sow-tabs-panel-content\"\n\t\t\t\trole=\"tabpanel\"\n\t\t\t\taria-hidden=\"true\"\n\t\t\t>\n\t\t\t\tPr\u00f3ximamente\t\t\t<\/div>\n\t\t<\/div>\n\t\t\t<div class=\"sow-tabs-panel\">\n\t\t\t<div\n\t\t\t\tclass=\"sow-tabs-panel-content\"\n\t\t\t\trole=\"tabpanel\"\n\t\t\t\taria-hidden=\"true\"\n\t\t\t>\n\t\t\t\t<p>Pr\u00f3ximamente<\/p>\n\t\t\t<\/div>\n\t\t<\/div>\n\t\t<\/div>\n<\/div>\n<\/div><\/div><\/div><\/div><\/div><\/div><\/div><\/div><div id=\"pg-1104-1\"  class=\"panel-grid panel-no-style\" ><div id=\"pgc-1104-1-0\"  class=\"panel-grid-cell\" ><div id=\"panel-1104-1-0-0\" class=\"so-panel widget widget_education_base_posts_col panel-first-child panel-last-child\" data-index=\"1\" >            <section id=\"education_base_posts_col-5\" class=\"acme-widgets acme-col-posts gray-bg\">\n                <div class=\"container\">\n                    <div class=\"main-title init-animate slideInUp1\"><h3 class=\"widget-title\">Noticias<\/h3><\/div>                    <div class=\"row\">\n                                            <\/div><!--row-->\n                                    <\/div>\n            <\/section>\n            <\/div><\/div><\/div><div id=\"pg-1104-2\"  class=\"panel-grid panel-no-style\" ><div id=\"pgc-1104-2-0\"  class=\"panel-grid-cell\" ><div id=\"panel-1104-2-0-0\" class=\"so-panel widget widget_sow-editor panel-first-child panel-last-child\" data-index=\"2\" ><div\n\t\t\t\n\t\t\tclass=\"so-widget-sow-editor so-widget-sow-editor-base\"\n\t\t\t\n\t\t><h3 class=\"widget-title\">Integrantes<\/h3>\n<div class=\"siteorigin-widget-tinymce textwidget\">\n\t<\/div>\n<\/div><\/div><\/div><\/div><div id=\"pg-1104-3\"  class=\"panel-grid panel-no-style\" ><div id=\"pgc-1104-3-0\"  class=\"panel-grid-cell\" ><div id=\"panel-1104-3-0-0\" class=\"so-panel widget widget_education_base_team panel-first-child panel-last-child\" data-index=\"3\" >            <section id=\"education_base_team-1\" class=\"acme-widgets acme-teams\">\n                <div class=\"container\">\n                                        <div class=\"row\">\n                                                                <div class=\"team-outer col-sm-12\">\n                                            <div class=\"team-item init-animate slideInUp1\">\n                                                <div class=\"team-author\">\n                                                                                                            <div class=\"team-image text-right\">\n                                                            <img fetchpriority=\"high\" decoding=\"async\" width=\"1199\" height=\"1200\" src=\"https:\/\/www.nutricion.edu.uy\/wp-content\/uploads\/2019\/05\/Matias_Web-1.png\" class=\"attachment-full size-full wp-post-image\" alt=\"\" srcset=\"https:\/\/www.nutricion.edu.uy\/wp-content\/uploads\/2019\/05\/Matias_Web-1.png 1199w, https:\/\/www.nutricion.edu.uy\/wp-content\/uploads\/2019\/05\/Matias_Web-1-300x300.png 300w, https:\/\/www.nutricion.edu.uy\/wp-content\/uploads\/2019\/05\/Matias_Web-1-1024x1024.png 1024w, https:\/\/www.nutricion.edu.uy\/wp-content\/uploads\/2019\/05\/Matias_Web-1-150x150.png 150w, https:\/\/www.nutricion.edu.uy\/wp-content\/uploads\/2019\/05\/Matias_Web-1-768x769.png 768w\" sizes=\"(max-width: 1199px) 100vw, 1199px\" \/>                                                        <\/div>\n                                                                                                            <div class=\"team-author-details\">\n                                                        <h3 class=\"team-name\">\n                                                            Prof. Adj. Matias Bentancur                                                        <\/h3>\n                                                                                                                    <p class=\"team-position team-details\">Coordinador de la Unidad<\/p>\n                                                            <p class=\"team-details\"><\/p>                                                    <\/div>\n                                                <\/div>\n                                            <\/div>\n                                        <\/div>\n                                        <div class='clearfix'><\/div><div class='at-widget-clearfix'><\/div>                    <\/div><!--row-->\n                                    <\/div>\n            <\/section>\n            <\/div><\/div><div id=\"pgc-1104-3-1\"  class=\"panel-grid-cell\" ><div id=\"panel-1104-3-1-0\" class=\"so-panel widget widget_sow-editor panel-first-child panel-last-child\" data-index=\"4\" ><div\n\t\t\t\n\t\t\tclass=\"so-widget-sow-editor so-widget-sow-editor-base\"\n\t\t\t\n\t\t>\n<div class=\"siteorigin-widget-tinymce textwidget\">\n\t\n<table id=\"tablepress-5\" class=\"tablepress tablepress-id-5\">\n<tbody class=\"row-hover\">\n<tr class=\"row-1 odd\">\n\t<td class=\"column-1\">Prof. Adjunto<\/td><td class=\"column-2\">Mat\u00edas Bentancur<\/td>\n<\/tr>\n<tr class=\"row-2 even\">\n\t<td class=\"column-1\"><\/td><td class=\"column-2\"><\/td>\n<\/tr>\n<tr class=\"row-3 odd\">\n\t<td class=\"column-1\"><\/td><td class=\"column-2\"><\/td>\n<\/tr>\n<\/tbody>\n<\/table>\n<!-- #tablepress-5 from cache -->\n<\/div>\n<\/div><\/div><\/div><div id=\"pgc-1104-3-2\"  class=\"panel-grid-cell\" ><div id=\"panel-1104-3-2-0\" class=\"so-panel widget widget_sow-contact-form panel-first-child panel-last-child\" data-index=\"5\" ><div\n\t\t\t\n\t\t\tclass=\"so-widget-sow-contact-form so-widget-sow-contact-form-default-1dceae4ce411-5453\"\n\t\t\t\n\t\t>\t<form\n\t\taction=\"\/index.php?rest_route=%2Fwp%2Fv2%2Fpages%2F1104\"\n\t\tmethod=\"POST\"\n\t\tclass=\"sow-contact-form\"\n\t\tid=\"contact-form-7a66\"\n\t>\n\n\t\t\n\t\t\t\t\t<div class=\"sow-form-field sow-form-field-name\">\n\t\t\t\t<label class=\"sow-form-field-label-above\" for=\"sow-contact-form-field-tu-nombre-1\">\n\t\t\t\t<strong>\n\t\t\t\t\tTu nombre\t\t\t\t\t\t\t\t\t<\/strong>\n\t\t\t<\/label>\n\t\t\t\t\t\t\t<div class=\"sow-field-container\">\n\t\t\t\t\t\t\t<input\n\t\t\ttype=\"text\"\n\t\t\tname=\"tu-nombre-1\"\n\t\t\tid=\"sow-contact-form-field-tu-nombre-1\"\n\t\t\tvalue=\"\"\n\t\t\tclass=\"sow-text-field\"\n\t\t\t\t\t\t\t\t\/>\n\t\t\t\t\t\t<\/div>\n\t\t\t\t\t\t\t<\/div>\n\t\t\t\t\t\t<div class=\"sow-form-field sow-form-field-email\">\n\t\t\t\t<label class=\"sow-form-field-label-above\" for=\"sow-contact-form-field-tu-correo-electronico-1\">\n\t\t\t\t<strong>\n\t\t\t\t\tTu correo electr\u00f3nico\t\t\t\t\t\t\t\t\t<\/strong>\n\t\t\t<\/label>\n\t\t\t\t\t\t\t<div class=\"sow-field-container\">\n\t\t\t\t\t\t\t<input\n\t\t\ttype=\"email\"\n\t\t\tname=\"tu-correo-electronico-1\"\n\t\t\tid=\"sow-contact-form-field-tu-correo-electronico-1\"\n\t\t\tvalue=\"\"\n\t\t\tclass=\"sow-text-field\"\t\t\t\t\t\t\t\t\/>\n\t\t\t\t\t\t<\/div>\n\t\t\t\t\t\t\t<\/div>\n\t\t\t\t\t\t<div class=\"sow-form-field sow-form-field-subject\">\n\t\t\t\t<label class=\"sow-form-field-label-above\" for=\"sow-contact-form-field-asunto-1\">\n\t\t\t\t<strong>\n\t\t\t\t\tAsunto\t\t\t\t\t\t\t\t\t<\/strong>\n\t\t\t<\/label>\n\t\t\t\t\t\t\t<div class=\"sow-field-container\">\n\t\t\t\t\t\t\t<input\n\t\t\ttype=\"text\"\n\t\t\tname=\"asunto-1\"\n\t\t\tid=\"sow-contact-form-field-asunto-1\"\n\t\t\tvalue=\"\"\n\t\t\tclass=\"sow-text-field\"\n\t\t\t\t\t\t\t\t\/>\n\t\t\t\t\t\t<\/div>\n\t\t\t\t\t\t\t<\/div>\n\t\t\t\t\t\t<div class=\"sow-form-field sow-form-field-text\">\n\t\t\t\t<label class=\"sow-form-field-label-above\" for=\"sow-contact-form-field-mensaje-1\">\n\t\t\t\t<strong>\n\t\t\t\t\tMensaje\t\t\t\t\t\t\t\t\t<\/strong>\n\t\t\t<\/label>\n\t\t\t\t\t\t\t<div class=\"sow-field-container\">\n\t\t\t\t\t\t\t<input\n\t\t\ttype=\"text\"\n\t\t\tname=\"mensaje-1\"\n\t\t\tid=\"sow-contact-form-field-mensaje-1\"\n\t\t\tvalue=\"\"\n\t\t\tclass=\"sow-text-field\"\t\t\t\t\t\t\t\t\/>\n\t\t\t\t\t\t<\/div>\n\t\t\t\t\t\t\t<\/div>\n\t\t\t\n\t\t\t\t\t<div class=\"sow-recaptcha\"\n\t\t\t\t\t\t\t\t\tdata-config=\"{&quot;sitekey&quot;:&quot;6LdqEbMUAAAAALMObLgV9oBi26x9sWpbwcR5Tjnj&quot;,&quot;theme&quot;:&quot;light&quot;,&quot;type&quot;:&quot;image&quot;,&quot;size&quot;:&quot;normal&quot;}\"\n\t\t\t\t\t\t\t><\/div>\n\t\t\t\n\t\t<div class=\"sow-submit-wrapper \n\t\tsow-submit-styled\t\t\">\n\n\t\t\t<button\n\t\t\t\ttype=\"submit\"\n\t\t\t\tclass=\"sow-submit\n\t\t\t\t\t\t\t\t\"\n\t\t\t\t\t\t\t>\n\t\t\t\tEnviar mensaje\t\t\t<\/button>\n\t\t<\/div>\n\t\t\t\t<input\n\t\t\ttype=\"hidden\"\n\t\t\tname=\"instance_hash-1\"\n\t\t\tvalue=\"7a66637f\"\n\t\t\/>\n\n\t\t<input type=\"hidden\" id=\"_wpnonce\" name=\"_wpnonce\" value=\"279c0d3989\" \/><input type=\"hidden\" name=\"_wp_http_referer\" value=\"\/index.php?rest_route=%2Fwp%2Fv2%2Fpages%2F1104\" \/>\t<\/form>\n\t<\/div><\/div><\/div><\/div><\/div>","protected":false},"excerpt":{"rendered":"<p>Objetivos Investigaci\u00f3n Documentos y Formularios Protocolos Objetivo general: La Unidad Docente de Inform\u00e1tica es el organismo rector, de asesoramiento y apoyo a todas las actividades de inform\u00e1tica que se realicen en el Edificio Central y Anexos de la Escuela de Nutrici\u00f3n, tales como la administraci\u00f3n de servicios comunes a todos los usuarios (comunicaci\u00f3n con SeCIU,&hellip;<\/p>\n","protected":false},"author":1,"featured_media":0,"parent":0,"menu_order":0,"comment_status":"closed","ping_status":"closed","template":"","meta":{"footnotes":""},"class_list":["post-1104","page","type-page","status-publish","hentry"],"yoast_head":"<!-- This site is optimized with the Yoast SEO plugin v24.9 - https:\/\/yoast.com\/wordpress\/plugins\/seo\/ -->\n<title>Unidad de Inform\u00e1tica - Escuela de Nutrici\u00f3n<\/title>\n<meta name=\"robots\" content=\"index, follow, max-snippet:-1, max-image-preview:large, max-video-preview:-1\" \/>\n<link rel=\"canonical\" href=\"https:\/\/www.nutricion.edu.uy\/?page_id=1104\" \/>\n<meta property=\"og:locale\" content=\"es_ES\" \/>\n<meta property=\"og:type\" content=\"article\" \/>\n<meta property=\"og:title\" content=\"Unidad de Inform\u00e1tica - Escuela de Nutrici\u00f3n\" \/>\n<meta property=\"og:description\" content=\"Objetivos Investigaci\u00f3n Documentos y Formularios Protocolos Objetivo general: La Unidad Docente de Inform\u00e1tica es el organismo rector, de asesoramiento y apoyo a todas las actividades de inform\u00e1tica que se realicen en el Edificio Central y Anexos de la Escuela de Nutrici\u00f3n, tales como la administraci\u00f3n de servicios comunes a todos los usuarios (comunicaci\u00f3n con SeCIU,&hellip;\" \/>\n<meta property=\"og:url\" content=\"https:\/\/www.nutricion.edu.uy\/?page_id=1104\" \/>\n<meta property=\"og:site_name\" content=\"Escuela de Nutrici\u00f3n\" \/>\n<meta property=\"article:modified_time\" content=\"2025-01-27T12:49:16+00:00\" \/>\n<meta name=\"twitter:card\" content=\"summary_large_image\" \/>\n<meta name=\"twitter:label1\" content=\"Tiempo de lectura\" \/>\n\t<meta name=\"twitter:data1\" content=\"2 minutos\" \/>\n<script type=\"application\/ld+json\" class=\"yoast-schema-graph\">{\"@context\":\"https:\/\/schema.org\",\"@graph\":[{\"@type\":\"WebPage\",\"@id\":\"https:\/\/www.nutricion.edu.uy\/?page_id=1104\",\"url\":\"https:\/\/www.nutricion.edu.uy\/?page_id=1104\",\"name\":\"Unidad de Inform\u00e1tica - Escuela de Nutrici\u00f3n\",\"isPartOf\":{\"@id\":\"https:\/\/www.nutricion.edu.uy\/#website\"},\"datePublished\":\"2019-05-17T22:35:35+00:00\",\"dateModified\":\"2025-01-27T12:49:16+00:00\",\"breadcrumb\":{\"@id\":\"https:\/\/www.nutricion.edu.uy\/?page_id=1104#breadcrumb\"},\"inLanguage\":\"es\",\"potentialAction\":[{\"@type\":\"ReadAction\",\"target\":[\"https:\/\/www.nutricion.edu.uy\/?page_id=1104\"]}]},{\"@type\":\"BreadcrumbList\",\"@id\":\"https:\/\/www.nutricion.edu.uy\/?page_id=1104#breadcrumb\",\"itemListElement\":[{\"@type\":\"ListItem\",\"position\":1,\"name\":\"Portada\",\"item\":\"https:\/\/www.nutricion.edu.uy\/\"},{\"@type\":\"ListItem\",\"position\":2,\"name\":\"Unidad de Inform\u00e1tica\"}]},{\"@type\":\"WebSite\",\"@id\":\"https:\/\/www.nutricion.edu.uy\/#website\",\"url\":\"https:\/\/www.nutricion.edu.uy\/\",\"name\":\"Escuela de Nutrici\u00f3n\",\"description\":\"Universidad de la Rep\u00fablica\",\"publisher\":{\"@id\":\"https:\/\/www.nutricion.edu.uy\/#organization\"},\"potentialAction\":[{\"@type\":\"SearchAction\",\"target\":{\"@type\":\"EntryPoint\",\"urlTemplate\":\"https:\/\/www.nutricion.edu.uy\/?s={search_term_string}\"},\"query-input\":{\"@type\":\"PropertyValueSpecification\",\"valueRequired\":true,\"valueName\":\"search_term_string\"}}],\"inLanguage\":\"es\"},{\"@type\":\"Organization\",\"@id\":\"https:\/\/www.nutricion.edu.uy\/#organization\",\"name\":\"Escuela de Nutrici\u00f3n Udelar\",\"url\":\"https:\/\/www.nutricion.edu.uy\/\",\"logo\":{\"@type\":\"ImageObject\",\"inLanguage\":\"es\",\"@id\":\"https:\/\/www.nutricion.edu.uy\/#\/schema\/logo\/image\/\",\"url\":\"https:\/\/www.nutricion.edu.uy\/wp-content\/uploads\/2018\/01\/logo_escuela.png\",\"contentUrl\":\"https:\/\/www.nutricion.edu.uy\/wp-content\/uploads\/2018\/01\/logo_escuela.png\",\"width\":257,\"height\":70,\"caption\":\"Escuela de Nutrici\u00f3n Udelar\"},\"image\":{\"@id\":\"https:\/\/www.nutricion.edu.uy\/#\/schema\/logo\/image\/\"}}]}<\/script>\n<!-- \/ Yoast SEO plugin. -->","yoast_head_json":{"title":"Unidad de Inform\u00e1tica - Escuela de Nutrici\u00f3n","robots":{"index":"index","follow":"follow","max-snippet":"max-snippet:-1","max-image-preview":"max-image-preview:large","max-video-preview":"max-video-preview:-1"},"canonical":"https:\/\/www.nutricion.edu.uy\/?page_id=1104","og_locale":"es_ES","og_type":"article","og_title":"Unidad de Inform\u00e1tica - Escuela de Nutrici\u00f3n","og_description":"Objetivos Investigaci\u00f3n Documentos y Formularios Protocolos Objetivo general: La Unidad Docente de Inform\u00e1tica es el organismo rector, de asesoramiento y apoyo a todas las actividades de inform\u00e1tica que se realicen en el Edificio Central y Anexos de la Escuela de Nutrici\u00f3n, tales como la administraci\u00f3n de servicios comunes a todos los usuarios (comunicaci\u00f3n con SeCIU,&hellip;","og_url":"https:\/\/www.nutricion.edu.uy\/?page_id=1104","og_site_name":"Escuela de Nutrici\u00f3n","article_modified_time":"2025-01-27T12:49:16+00:00","twitter_card":"summary_large_image","twitter_misc":{"Tiempo de lectura":"2 minutos"},"schema":{"@context":"https:\/\/schema.org","@graph":[{"@type":"WebPage","@id":"https:\/\/www.nutricion.edu.uy\/?page_id=1104","url":"https:\/\/www.nutricion.edu.uy\/?page_id=1104","name":"Unidad de Inform\u00e1tica - Escuela de Nutrici\u00f3n","isPartOf":{"@id":"https:\/\/www.nutricion.edu.uy\/#website"},"datePublished":"2019-05-17T22:35:35+00:00","dateModified":"2025-01-27T12:49:16+00:00","breadcrumb":{"@id":"https:\/\/www.nutricion.edu.uy\/?page_id=1104#breadcrumb"},"inLanguage":"es","potentialAction":[{"@type":"ReadAction","target":["https:\/\/www.nutricion.edu.uy\/?page_id=1104"]}]},{"@type":"BreadcrumbList","@id":"https:\/\/www.nutricion.edu.uy\/?page_id=1104#breadcrumb","itemListElement":[{"@type":"ListItem","position":1,"name":"Portada","item":"https:\/\/www.nutricion.edu.uy\/"},{"@type":"ListItem","position":2,"name":"Unidad de Inform\u00e1tica"}]},{"@type":"WebSite","@id":"https:\/\/www.nutricion.edu.uy\/#website","url":"https:\/\/www.nutricion.edu.uy\/","name":"Escuela de Nutrici\u00f3n","description":"Universidad de la Rep\u00fablica","publisher":{"@id":"https:\/\/www.nutricion.edu.uy\/#organization"},"potentialAction":[{"@type":"SearchAction","target":{"@type":"EntryPoint","urlTemplate":"https:\/\/www.nutricion.edu.uy\/?s={search_term_string}"},"query-input":{"@type":"PropertyValueSpecification","valueRequired":true,"valueName":"search_term_string"}}],"inLanguage":"es"},{"@type":"Organization","@id":"https:\/\/www.nutricion.edu.uy\/#organization","name":"Escuela de Nutrici\u00f3n Udelar","url":"https:\/\/www.nutricion.edu.uy\/","logo":{"@type":"ImageObject","inLanguage":"es","@id":"https:\/\/www.nutricion.edu.uy\/#\/schema\/logo\/image\/","url":"https:\/\/www.nutricion.edu.uy\/wp-content\/uploads\/2018\/01\/logo_escuela.png","contentUrl":"https:\/\/www.nutricion.edu.uy\/wp-content\/uploads\/2018\/01\/logo_escuela.png","width":257,"height":70,"caption":"Escuela de Nutrici\u00f3n Udelar"},"image":{"@id":"https:\/\/www.nutricion.edu.uy\/#\/schema\/logo\/image\/"}}]}},"_links":{"self":[{"href":"https:\/\/www.nutricion.edu.uy\/index.php?rest_route=\/wp\/v2\/pages\/1104","targetHints":{"allow":["GET"]}}],"collection":[{"href":"https:\/\/www.nutricion.edu.uy\/index.php?rest_route=\/wp\/v2\/pages"}],"about":[{"href":"https:\/\/www.nutricion.edu.uy\/index.php?rest_route=\/wp\/v2\/types\/page"}],"author":[{"embeddable":true,"href":"https:\/\/www.nutricion.edu.uy\/index.php?rest_route=\/wp\/v2\/users\/1"}],"replies":[{"embeddable":true,"href":"https:\/\/www.nutricion.edu.uy\/index.php?rest_route=%2Fwp%2Fv2%2Fcomments&post=1104"}],"version-history":[{"count":15,"href":"https:\/\/www.nutricion.edu.uy\/index.php?rest_route=\/wp\/v2\/pages\/1104\/revisions"}],"predecessor-version":[{"id":12853,"href":"https:\/\/www.nutricion.edu.uy\/index.php?rest_route=\/wp\/v2\/pages\/1104\/revisions\/12853"}],"wp:attachment":[{"href":"https:\/\/www.nutricion.edu.uy\/index.php?rest_route=%2Fwp%2Fv2%2Fmedia&parent=1104"}],"curies":[{"name":"wp","href":"https:\/\/api.w.org\/{rel}","templated":true}]}}