{"id":11060,"date":"2024-01-31T10:58:05","date_gmt":"2024-01-31T13:58:05","guid":{"rendered":"https:\/\/www.nutricion.edu.uy\/?page_id=11060"},"modified":"2025-12-18T09:42:45","modified_gmt":"2025-12-18T12:42:45","slug":"dudas-frecuentes","status":"publish","type":"page","link":"https:\/\/www.nutricion.edu.uy\/?page_id=11060","title":{"rendered":"Dudas frecuentes"},"content":{"rendered":"<div id=\"pl-11060\"  class=\"panel-layout\" ><div id=\"pg-11060-0\"  class=\"panel-grid panel-no-style\" ><div id=\"pgc-11060-0-0\"  class=\"panel-grid-cell\" ><div id=\"panel-11060-0-0-0\" class=\"so-panel widget widget_text panel-first-child panel-last-child\" data-index=\"0\" >\t\t\t<div class=\"textwidget\"><p><em>En el siguiente espacio damos respuestas a algunas consultas habituales de actuales y futuros estudiantes de la Lic. en Nutrici\u00f3n o la Tecnicatura Operador de Alimentos. <\/em><\/p>\n<p><em>Cabe aclarar que las respuestas son un resumen de informaci\u00f3n mucho m\u00e1s amplia y detallada que est\u00e1 disponible en el Reglamento y Plan de Estudios de ambas carreras; por lo tanto instamos a revisar con frecuencia estos documentos oficiales para ampliar detalles.\u00a0<\/em><\/p>\n<p>&nbsp;<\/p>\n<p><strong>1. INSCRIPCIONES\u00a0<\/strong><\/p>\n<p><strong>\u00bfCu\u00e1ndo son las inscripciones para la Lic. en Nutrici\u00f3n y la TOA para el 2026?<\/strong><\/p>\n<p>Del 4 al 26 de febrero 2026.<\/p>\n<p><strong>\u00bfSon presenciales o puedo hacerlas en forma remota?\u00a0<\/strong><\/p>\n<p>Se hacen en forma remota, por lo que solo tendr\u00e1s que solicitar y tener a mano varios documentos que luego deberas scanear y subir a una plataforma online. El SGAE.\u00a0 Para poder iniciar el tr\u00e1mite, deber\u00e1s gestionar previamente una identidad digital a trav\u00e9s de TuID o gub.uy. Luego, los interesados deben ingresar a la p\u00e1gina de Bedel\u00edas y usar el bot\u00f3n \u00ab2026 INGRESOS\u00bb para comenzar la preinscripci\u00f3n.<\/p>\n<p>En el caso de las carreras de la Escuela de Nutrici\u00f3n, todas las personas que se inscriben en febrero obtienen un cupo para comenzar la carrera en marzo de ese mismo a\u00f1o; no hay pruebas de ingresos ni cupos limitados.<\/p>\n<p><strong>\u00bfQue requisitos debo cumplir para inscribirme en la Licenciatura?<\/strong><\/p>\n<p><strong><em>Para quienes hayan realizado sus estudios preuniversitarios en Uruguay:\u00a0<\/em><\/strong><\/p>\n<p>\u2013 Tener aprobada alguna de las siguientes opciones:<\/p>\n<p>* El trayecto de especializaci\u00f3n Ciencias de la Vida (Biolog\u00eda Vegetal o Biolog\u00eda Humana) del Plan de Educaci\u00f3n Media Superior 2023 o sexto a\u00f1o de Bachillerato de Secundaria con opci\u00f3n Ciencias Biol\u00f3gicas o Ciencias Agrarias, Reformulaci\u00f3n 2006.<\/p>\n<p>* El Bachillerato tecnol\u00f3gico: Deporte, Educaci\u00f3n f\u00edsica y Recreaci\u00f3n plan 2023 o plan 2004, Agrario (ruta: rural-urbano) plan 2023 o plan 2004, Ciencias y Tecnolog\u00edas de laboratorio (ruta: ciencias naturales) plan 2023 o plan 2004 y Asistencia comunitaria y promoci\u00f3n en salud plan 2023.<\/p>\n<p>* El Bachillerato t\u00e9cnico profesional: Gastronom\u00eda (ruta: cocina) dentro del Marco Curricular Nacional plan 2022 o plan 2008.<\/p>\n<p>Se admitir\u00e1 el ingreso condicional con una materia previa, la que deber\u00e1 ser aprobada en el per\u00edodo especial de abril para que el ingreso quede confirmado.<\/p>\n<p>\u2013 Estudiantes actuales de alguna carrera de la Udelar, luego de realizado y aprobado al menos un a\u00f1o de estudios universitarios o contar con 80 cr\u00e9ditos (no importa el Bachillerato secundario que tenga aprobado).<\/p>\n<p><strong><em>Para quienes hayan realizado sus estudios preuniversitarios en el extranjero:\u00a0<\/em><\/strong><\/p>\n<p><span style=\"font-weight: 400;\">Para aquellas personas que hayan hecho sus estudios preuniversitarios en el exterior, tienen una serie de requisitos y documentos que deben presentar legalizados o apostillados, por lo que instamos a que vean <a href=\"https:\/\/www.nutricion.edu.uy\/?p=10835\">el art\u00edculo<\/a> que los detalla.\u00a0\u00a0<\/span><\/p>\n<p>&nbsp;<\/p>\n<p><strong>\u00bfPuedo cursar la Licenciatura en nutrici\u00f3n o la Tecnicatura en modo virtual &#8211; remoto?<\/strong><\/p>\n<p><span style=\"font-weight: 400;\">No. Ambas carreras tienen cursos presenciales.\u00a0<\/span><span style=\"font-weight: 400;\">La carrera de Nutrici\u00f3n<strong> en Montevideo y la Tecnicatura en Tacuaremb\u00f3. <\/strong><\/span><\/p>\n<p><span style=\"font-weight: 400;\">Para la Licenciatura en Nutrici\u00f3n, si bien pueden accederse a algunos te\u00f3ricos en forma asincr\u00f3nica ( verlos a distancia a trav\u00e9s de un dispositivo digital), las Unidades curriculares no tienen control de asistencia, s\u00ed es obligatorio participar de las las Practicas Articuladoras y Profesionales, y todas estas tienen encuentros presenciales frecuentes sobre todo en Montevideo. Por todo esto, el estudiante\u00a0 deber\u00e1 trasladarse con mucha frecuencia al Edificio Polivalente Parque Battle (EPPB), Hospital de Cl\u00ednicas (HC), as\u00ed como otros servicios universitarios o instalaciones en las que se desarrollen diferentes actividades acad\u00e9micas obligatorias en Montevideo.\u00a0<\/span><\/p>\n<p><strong>\u00bfQu\u00e9 es el SGAE? \u00bfCu\u00e1ndo debo usar esta plataforma?<\/strong><\/p>\n<p><span style=\"font-weight: 400;\">SGAE (Sistema de Gesti\u00f3n Administrativa de la Ense\u00f1anza) es el sitio a trav\u00e9s del cual puedes consultar calendarios de cursos y ex\u00e1menes, solicitar la escolaridad web y en el caso de Nutrici\u00f3n, es el lugar donde te inscribes a cursos y ex\u00e1menes, aunque HAY EXCEPCIONES: Para aquellos estudiantes que hayan iniciado la carrera con el Plan 98 pero est\u00e1n cursando hoy d\u00eda con el\u00a0 plan 2014, se inscriben al examen\u00a0 a trav\u00e9s de EVA. Es importante corroborar en las bases de la oferta acad\u00e9mica y de los ex\u00e1menes los detalles de cada inscripci\u00f3n.<\/span><\/p>\n<p><strong>2. CONFORMACI\u00d3N DE LAS CARRERAS\u00a0<\/strong><\/p>\n<p><strong>\u00bfD\u00f3nde puedo ver los cursos que conforman la Licenciatura en Nutrici\u00f3n?<\/strong><\/p>\n<p>En la <a href=\"https:\/\/www.nutricion.edu.uy\/?page_id=11002\">secci\u00f3n Plan 2014 dentro de Ense\u00f1anza &#8211; Grado.\u00a0<\/a><\/p>\n<p><strong>\u00bfD\u00f3nde puedo ver los cursos que conforman la Tecnicatura Operador de alimentos?\u00a0<\/strong><\/p>\n<p>En la secci\u00f3n <a href=\"https:\/\/www.nutricion.edu.uy\/?page_id=2062\">Ense\u00f1anza- Grado- TOA.\u00a0<\/a><\/p>\n<p>&nbsp;<\/p>\n<p><strong>\u00bfD\u00f3nde puedo ver el Reglamento de la carrera?\u00a0<\/strong><\/p>\n<p>En la p\u00e1gina dedicada a Bedel\u00eda. A trav\u00e9s de este <a href=\"https:\/\/www.nutricion.edu.uy\/?page_id=1768\">enlace<\/a><\/p>\n<p>&nbsp;<\/p>\n<p><strong>\u00bfTengo que inscribirme a cada unidad curricular obligatoria o Pr\u00e1ctica articuladora?<\/strong><\/p>\n<p><span style=\"font-weight: 400;\">S\u00ed.\u00a0<\/span><\/p>\n<p><span style=\"font-weight: 400;\">La inscripci\u00f3n a cada una de las unidades Curriculares obligatorias y pr\u00e1cticas articuladoras, ya desde el primer semestre del Ciclo I y hasta el final de la carrera, es responsabilidad del estudiante.\u00a0<\/span><\/p>\n<p><span style=\"font-weight: 400;\">Bedel\u00eda conformar\u00e1 la lista de inscriptos y las publicar\u00e1 al menos cinco (5) d\u00edas h\u00e1biles antes de la fecha de comienzo de cada curso. Ser\u00e1 responsabilidad del estudiante corroborar su inscripci\u00f3n; en caso de no encontrarse en la lista, deber\u00e1 remitirse inmediatamente a Bedel\u00eda para solucionar la irregularidad.<\/span><\/p>\n<p><strong>\u00bfQu\u00e9 puedo hacer si olvido inscribirme a una unidad curricular\u00a0 o a un ex\u00e1men?<\/strong><\/p>\n<p><span style=\"font-weight: 400;\">Cuentas con el recurso de inscripci\u00f3n fuera de fecha (tard\u00eda) el cual puede ser utilizado UNA vez para una unidad curricular obligatoria (UCOb) y UNA vez para un examen, durante toda la carrera. Este recurso est\u00e1 disponible en la secci\u00f3n Bedel\u00eda.\u00a0<\/span><\/p>\n<p><a href=\"https:\/\/www.nutricion.edu.uy\/?page_id=1768\">Ingresar al recurso<\/a><\/p>\n<p><strong>\u00bfC\u00f3mo me inscribo a las unidades curriculares optativas ( UCOps)<\/strong><\/p>\n<p><span style=\"font-weight: 400;\">El per\u00edodo de inscripci\u00f3n se abre al comienzo de cada semestre para aquellas UCOps habilitadas. Se anota hasta a un 50% m\u00e1s de interesados, por encima del cupo posible para cada optativa. Luego se realiza un sorteo para determinar el orden de prelaci\u00f3n en que los estudiantes se encontrar\u00e1n en la lista. Quienes luego NO quieran o no puedan cursar esa UCOp,\u00a0 tienen hasta 5 d\u00edas h\u00e1biles previos al inicio de la misma para borrarse.\u00a0 Al cerrar este per\u00edodo, se borrar\u00e1n a las personas que no \u2018\u2019quepan\u2019\u2019 dentro del cupo m\u00e1ximo. La persona que se anota, queda en lista y luego NO CURSA, ser\u00e1 sancionada.<\/span><\/p>\n<p>&nbsp;<\/p>\n<p><strong>\u00bfEl curso Introductorio es obligatorio? <\/strong>(primer semestre, Ciclo I de la Lic. en Nutrici\u00f3n)<\/p>\n<p><span style=\"font-weight: 400;\"><strong>S\u00cd,<\/strong> se considera como una Unidad curricular obligatoria. Tiene una evaluaci\u00f3n final y se aprueba con una calificaci\u00f3n igual o superior a aceptable. Si el estudiante no obtiene un nivel aceptable, podr\u00e1 realizar un trabajo complementario.<\/span><\/p>\n<p>&nbsp;<\/p>\n<p><strong>\u00bfCu\u00e1l es la nota m\u00ednima de aprobaci\u00f3n de un examen? (libre o reglamentario)<\/strong><\/p>\n<p><span style=\"font-weight: 400;\">-M\u00ednimo de 3 para aprobar. NOTESE que para los estudiantes en condici\u00f3n de libre tendr\u00e1n un examen con exigencias acad\u00e9micas mayores a los de un examen reglamentado, dada la necesidad de compensar la inasistencia al curso.\u00a0<\/span><\/p>\n<p><em><span style=\"font-weight: 400;\">Unidades Curriculares que permiten dar examen libre:<\/span><\/em><\/p>\n<p><span style=\"font-weight: 400;\">\u00a0-CICLO I Bases biol\u00f3gicas de la Nutrici\u00f3n humana, Qu\u00edmica alimentaria, Administraci\u00f3n en el ejercicio profesional.\u00a0<\/span><\/p>\n<p><span style=\"font-weight: 400;\">-CICLO II: Salud p\u00fablica, Bioestad\u00edstica y m\u00e9todos de la investigaci\u00f3n.<\/span><\/p>\n<p>&nbsp;<\/p>\n<p><strong>\u00bfQu\u00e9 pasa si me anoto a una unidad curricular obligatoria y dejo de asistir a ella?<\/strong><\/p>\n<p><span style=\"font-weight: 400;\">Los estudiantes tendr\u00e1n derecho a desistir de los cursos a los que se inscribieron en cualquier momento, siempre y cuando no hayan asistido o participado de una evaluaci\u00f3n de la materia. En los cursos que as\u00ed lo permitan, el estudiante podr\u00e1 optar por rendir el examen en car\u00e1cter de libre, siempre y cuando cumpla con los requisitos de cada Unidad Curricular.<\/span><\/p>\n<p>&nbsp;<\/p>\n<p><span style=\"font-weight: 400;\">Si las dudas persisten realiza tus consultas a trav\u00e9s de las v\u00edas formales: <\/span><\/p>\n<p><span style=\"font-weight: 400;\">&#8211; Foro de comunicaci\u00f3n en EVA dedicado a la <a href=\"https:\/\/eva.nutricion.udelar.edu.uy\/course\/view.php?id=108&amp;section=0\">Unidad de Apoyo a la Ense\u00f1anza y Comunicaciones<\/a><\/span><\/p>\n<p><span style=\"font-weight: 400;\">&#8211; <a href=\"mailto:bedelia@nutricion.edu.uy\">bedelia@nutricion.edu.uy<\/a><\/span><\/p>\n<p><span style=\"font-weight: 400;\">&#8211; <a href=\"mailto:uaaec@nutricion.edu.uy\">uaaec@nutricion.edu.uy<\/a><\/span><\/p>\n<p>&nbsp;<\/p>\n<\/div>\n\t\t<\/div><\/div><\/div><\/div>","protected":false},"excerpt":{"rendered":"<p>En el siguiente espacio damos respuestas a algunas consultas habituales de actuales y futuros estudiantes de la Lic. en Nutrici\u00f3n o la Tecnicatura Operador de Alimentos. Cabe aclarar que las respuestas son un resumen de informaci\u00f3n mucho m\u00e1s amplia y detallada que est\u00e1 disponible en el Reglamento y Plan de Estudios de ambas carreras; por&hellip;<\/p>\n","protected":false},"author":50,"featured_media":0,"parent":519,"menu_order":0,"comment_status":"closed","ping_status":"closed","template":"","meta":{"footnotes":""},"class_list":["post-11060","page","type-page","status-publish","hentry"],"yoast_head":"<!-- This site is optimized with the Yoast SEO plugin v24.9 - https:\/\/yoast.com\/wordpress\/plugins\/seo\/ -->\n<title>Dudas frecuentes - Escuela de Nutrici\u00f3n<\/title>\n<meta name=\"robots\" content=\"index, follow, max-snippet:-1, max-image-preview:large, max-video-preview:-1\" \/>\n<link rel=\"canonical\" href=\"https:\/\/www.nutricion.edu.uy\/?page_id=11060\" \/>\n<meta property=\"og:locale\" content=\"es_ES\" \/>\n<meta property=\"og:type\" content=\"article\" \/>\n<meta property=\"og:title\" content=\"Dudas frecuentes - Escuela de Nutrici\u00f3n\" \/>\n<meta property=\"og:description\" content=\"En el siguiente espacio damos respuestas a algunas consultas habituales de actuales y futuros estudiantes de la Lic. en Nutrici\u00f3n o la Tecnicatura Operador de Alimentos. Cabe aclarar que las respuestas son un resumen de informaci\u00f3n mucho m\u00e1s amplia y detallada que est\u00e1 disponible en el Reglamento y Plan de Estudios de ambas carreras; por&hellip;\" \/>\n<meta property=\"og:url\" content=\"https:\/\/www.nutricion.edu.uy\/?page_id=11060\" \/>\n<meta property=\"og:site_name\" content=\"Escuela de Nutrici\u00f3n\" \/>\n<meta property=\"article:modified_time\" content=\"2025-12-18T12:42:45+00:00\" \/>\n<meta name=\"twitter:card\" content=\"summary_large_image\" \/>\n<meta name=\"twitter:label1\" content=\"Tiempo de lectura\" \/>\n\t<meta name=\"twitter:data1\" content=\"6 minutos\" \/>\n<script type=\"application\/ld+json\" class=\"yoast-schema-graph\">{\"@context\":\"https:\/\/schema.org\",\"@graph\":[{\"@type\":\"WebPage\",\"@id\":\"https:\/\/www.nutricion.edu.uy\/?page_id=11060\",\"url\":\"https:\/\/www.nutricion.edu.uy\/?page_id=11060\",\"name\":\"Dudas frecuentes - Escuela de Nutrici\u00f3n\",\"isPartOf\":{\"@id\":\"https:\/\/www.nutricion.edu.uy\/#website\"},\"datePublished\":\"2024-01-31T13:58:05+00:00\",\"dateModified\":\"2025-12-18T12:42:45+00:00\",\"breadcrumb\":{\"@id\":\"https:\/\/www.nutricion.edu.uy\/?page_id=11060#breadcrumb\"},\"inLanguage\":\"es\",\"potentialAction\":[{\"@type\":\"ReadAction\",\"target\":[\"https:\/\/www.nutricion.edu.uy\/?page_id=11060\"]}]},{\"@type\":\"BreadcrumbList\",\"@id\":\"https:\/\/www.nutricion.edu.uy\/?page_id=11060#breadcrumb\",\"itemListElement\":[{\"@type\":\"ListItem\",\"position\":1,\"name\":\"Portada\",\"item\":\"https:\/\/www.nutricion.edu.uy\/\"},{\"@type\":\"ListItem\",\"position\":2,\"name\":\"Ense\u00f1anza\",\"item\":\"https:\/\/www.nutricion.edu.uy\/?page_id=519\"},{\"@type\":\"ListItem\",\"position\":3,\"name\":\"Dudas frecuentes\"}]},{\"@type\":\"WebSite\",\"@id\":\"https:\/\/www.nutricion.edu.uy\/#website\",\"url\":\"https:\/\/www.nutricion.edu.uy\/\",\"name\":\"Escuela de Nutrici\u00f3n\",\"description\":\"Universidad de la Rep\u00fablica\",\"publisher\":{\"@id\":\"https:\/\/www.nutricion.edu.uy\/#organization\"},\"potentialAction\":[{\"@type\":\"SearchAction\",\"target\":{\"@type\":\"EntryPoint\",\"urlTemplate\":\"https:\/\/www.nutricion.edu.uy\/?s={search_term_string}\"},\"query-input\":{\"@type\":\"PropertyValueSpecification\",\"valueRequired\":true,\"valueName\":\"search_term_string\"}}],\"inLanguage\":\"es\"},{\"@type\":\"Organization\",\"@id\":\"https:\/\/www.nutricion.edu.uy\/#organization\",\"name\":\"Escuela de Nutrici\u00f3n Udelar\",\"url\":\"https:\/\/www.nutricion.edu.uy\/\",\"logo\":{\"@type\":\"ImageObject\",\"inLanguage\":\"es\",\"@id\":\"https:\/\/www.nutricion.edu.uy\/#\/schema\/logo\/image\/\",\"url\":\"https:\/\/www.nutricion.edu.uy\/wp-content\/uploads\/2018\/01\/logo_escuela.png\",\"contentUrl\":\"https:\/\/www.nutricion.edu.uy\/wp-content\/uploads\/2018\/01\/logo_escuela.png\",\"width\":257,\"height\":70,\"caption\":\"Escuela de Nutrici\u00f3n Udelar\"},\"image\":{\"@id\":\"https:\/\/www.nutricion.edu.uy\/#\/schema\/logo\/image\/\"}}]}<\/script>\n<!-- \/ Yoast SEO plugin. -->","yoast_head_json":{"title":"Dudas frecuentes - Escuela de Nutrici\u00f3n","robots":{"index":"index","follow":"follow","max-snippet":"max-snippet:-1","max-image-preview":"max-image-preview:large","max-video-preview":"max-video-preview:-1"},"canonical":"https:\/\/www.nutricion.edu.uy\/?page_id=11060","og_locale":"es_ES","og_type":"article","og_title":"Dudas frecuentes - Escuela de Nutrici\u00f3n","og_description":"En el siguiente espacio damos respuestas a algunas consultas habituales de actuales y futuros estudiantes de la Lic. en Nutrici\u00f3n o la Tecnicatura Operador de Alimentos. Cabe aclarar que las respuestas son un resumen de informaci\u00f3n mucho m\u00e1s amplia y detallada que est\u00e1 disponible en el Reglamento y Plan de Estudios de ambas carreras; por&hellip;","og_url":"https:\/\/www.nutricion.edu.uy\/?page_id=11060","og_site_name":"Escuela de Nutrici\u00f3n","article_modified_time":"2025-12-18T12:42:45+00:00","twitter_card":"summary_large_image","twitter_misc":{"Tiempo de lectura":"6 minutos"},"schema":{"@context":"https:\/\/schema.org","@graph":[{"@type":"WebPage","@id":"https:\/\/www.nutricion.edu.uy\/?page_id=11060","url":"https:\/\/www.nutricion.edu.uy\/?page_id=11060","name":"Dudas frecuentes - Escuela de Nutrici\u00f3n","isPartOf":{"@id":"https:\/\/www.nutricion.edu.uy\/#website"},"datePublished":"2024-01-31T13:58:05+00:00","dateModified":"2025-12-18T12:42:45+00:00","breadcrumb":{"@id":"https:\/\/www.nutricion.edu.uy\/?page_id=11060#breadcrumb"},"inLanguage":"es","potentialAction":[{"@type":"ReadAction","target":["https:\/\/www.nutricion.edu.uy\/?page_id=11060"]}]},{"@type":"BreadcrumbList","@id":"https:\/\/www.nutricion.edu.uy\/?page_id=11060#breadcrumb","itemListElement":[{"@type":"ListItem","position":1,"name":"Portada","item":"https:\/\/www.nutricion.edu.uy\/"},{"@type":"ListItem","position":2,"name":"Ense\u00f1anza","item":"https:\/\/www.nutricion.edu.uy\/?page_id=519"},{"@type":"ListItem","position":3,"name":"Dudas frecuentes"}]},{"@type":"WebSite","@id":"https:\/\/www.nutricion.edu.uy\/#website","url":"https:\/\/www.nutricion.edu.uy\/","name":"Escuela de Nutrici\u00f3n","description":"Universidad de la Rep\u00fablica","publisher":{"@id":"https:\/\/www.nutricion.edu.uy\/#organization"},"potentialAction":[{"@type":"SearchAction","target":{"@type":"EntryPoint","urlTemplate":"https:\/\/www.nutricion.edu.uy\/?s={search_term_string}"},"query-input":{"@type":"PropertyValueSpecification","valueRequired":true,"valueName":"search_term_string"}}],"inLanguage":"es"},{"@type":"Organization","@id":"https:\/\/www.nutricion.edu.uy\/#organization","name":"Escuela de Nutrici\u00f3n Udelar","url":"https:\/\/www.nutricion.edu.uy\/","logo":{"@type":"ImageObject","inLanguage":"es","@id":"https:\/\/www.nutricion.edu.uy\/#\/schema\/logo\/image\/","url":"https:\/\/www.nutricion.edu.uy\/wp-content\/uploads\/2018\/01\/logo_escuela.png","contentUrl":"https:\/\/www.nutricion.edu.uy\/wp-content\/uploads\/2018\/01\/logo_escuela.png","width":257,"height":70,"caption":"Escuela de Nutrici\u00f3n Udelar"},"image":{"@id":"https:\/\/www.nutricion.edu.uy\/#\/schema\/logo\/image\/"}}]}},"_links":{"self":[{"href":"https:\/\/www.nutricion.edu.uy\/index.php?rest_route=\/wp\/v2\/pages\/11060","targetHints":{"allow":["GET"]}}],"collection":[{"href":"https:\/\/www.nutricion.edu.uy\/index.php?rest_route=\/wp\/v2\/pages"}],"about":[{"href":"https:\/\/www.nutricion.edu.uy\/index.php?rest_route=\/wp\/v2\/types\/page"}],"author":[{"embeddable":true,"href":"https:\/\/www.nutricion.edu.uy\/index.php?rest_route=\/wp\/v2\/users\/50"}],"replies":[{"embeddable":true,"href":"https:\/\/www.nutricion.edu.uy\/index.php?rest_route=%2Fwp%2Fv2%2Fcomments&post=11060"}],"version-history":[{"count":19,"href":"https:\/\/www.nutricion.edu.uy\/index.php?rest_route=\/wp\/v2\/pages\/11060\/revisions"}],"predecessor-version":[{"id":14484,"href":"https:\/\/www.nutricion.edu.uy\/index.php?rest_route=\/wp\/v2\/pages\/11060\/revisions\/14484"}],"up":[{"embeddable":true,"href":"https:\/\/www.nutricion.edu.uy\/index.php?rest_route=\/wp\/v2\/pages\/519"}],"wp:attachment":[{"href":"https:\/\/www.nutricion.edu.uy\/index.php?rest_route=%2Fwp%2Fv2%2Fmedia&parent=11060"}],"curies":[{"name":"wp","href":"https:\/\/api.w.org\/{rel}","templated":true}]}}