{"id":11399,"date":"2024-04-01T16:24:00","date_gmt":"2024-04-01T19:24:00","guid":{"rendered":"https:\/\/www.nutricion.edu.uy\/?page_id=11399"},"modified":"2024-10-25T17:46:00","modified_gmt":"2024-10-25T20:46:00","slug":"movilidad-estudiantil","status":"publish","type":"page","link":"https:\/\/www.nutricion.edu.uy\/?page_id=11399","title":{"rendered":"Movilidad estudiantil"},"content":{"rendered":"<div id=\"pl-11399\"  class=\"panel-layout\" ><div id=\"pg-11399-0\"  class=\"panel-grid panel-no-style\" ><div id=\"pgc-11399-0-0\"  class=\"panel-grid-cell\" ><div id=\"panel-11399-0-0-0\" class=\"so-panel widget widget_text panel-first-child\" data-index=\"0\" >\t\t\t<div class=\"textwidget\"><p>En esta secci\u00f3n compartimos distintas oportunidades de movilidad estudiantil en Universidades de otros pa\u00edses.<\/p>\n<\/div>\n\t\t<\/div><div id=\"panel-11399-0-0-1\" class=\"so-panel widget widget_education_base_posts_col panel-last-child\" data-index=\"1\" >            <section id=\"education_base_posts_col-5\" class=\"acme-widgets acme-col-posts gray-bg\">\n                <div class=\"container\">\n                    <div class=\"main-title init-animate slideInUp1\"><h3 class=\"widget-title\">NOVEDADES<\/h3><\/div>                    <div class=\"row\">\n                                                        <div class=\" col-sm-12 col-md-4\">\n                                    <div class=\"blog-item-wrapper init-animate slideInUp1\">\n                                        <article id=\"post-14703\" class=\"init-animate slideInUp1 post-14703 post type-post status-publish format-standard has-post-thumbnail hentry category-destacada category-general category-inicio category-movilidad category-uae\">\n    <div class=\"content-wrapper\">\n                    <!--post thumbnal options-->\n            <div class=\"post-thumb\">\n                <a href=\"https:\/\/www.nutricion.edu.uy\/?p=14703\">\n                    <img fetchpriority=\"high\" decoding=\"async\" width=\"640\" height=\"237\" src=\"https:\/\/www.nutricion.edu.uy\/wp-content\/uploads\/2026\/03\/Escala-estudiantes-2026-Plantilla-Banner.png\" class=\"attachment-large size-large wp-post-image\" alt=\"\" srcset=\"https:\/\/www.nutricion.edu.uy\/wp-content\/uploads\/2026\/03\/Escala-estudiantes-2026-Plantilla-Banner.png 1024w, https:\/\/www.nutricion.edu.uy\/wp-content\/uploads\/2026\/03\/Escala-estudiantes-2026-Plantilla-Banner-300x111.png 300w, https:\/\/www.nutricion.edu.uy\/wp-content\/uploads\/2026\/03\/Escala-estudiantes-2026-Plantilla-Banner-768x284.png 768w\" sizes=\"(max-width: 640px) 100vw, 640px\" \/>                <\/a>\n            <\/div><!-- .post-thumb-->\n                        <header class=\"entry-header \">\n                <div class=\"entry-meta\">\n                    <a href=\"https:\/\/www.nutricion.edu.uy\/?p=14703\">\n                        <span class=\"day-month\">\n                            <span class=\"day\">\n                                17                            <\/span>\n                        <\/span>\n                        <span class=\"year\"><!--editing code? don't be confused it is actually month-->\n                            Mar                        <\/span>\n                    <\/a>\n                <\/div><!-- .entry-meta -->\n            <\/header><!-- .entry-header -->\n                <div class=\"entry-content\">\n            <div class=\"entry-header-title\">\n                <h2 class=\"entry-title\"><a href=\"https:\/\/www.nutricion.edu.uy\/?p=14703\" rel=\"bookmark\">Convocatoria abierta: Programa ESCALA Estudiantes de Grado AUGM \u2013 2\u00b0 semestre 2026<\/a><\/h2>            <\/div>\n            <footer class=\"entry-footer\">\n                <span class=\"author vcard\"><a class=\"url fn n\" href=\"https:\/\/www.nutricion.edu.uy\/?author=3\"><i class=\"fa fa-user\"><\/i>Guillermo Silva<\/a><\/span>            <\/footer><!-- .entry-footer -->\n            <div class=\"entry-content\">La Escuela de Nutrici\u00f3n informa que se encuentra abierta la convocatoria al Programa ESCALA Estudiantes de Grado de AUGM (PEEG) para el segundo semestre de 2026. Este programa brinda la...<\/div>                <a class=\"btn btn-primary\" href=\"https:\/\/www.nutricion.edu.uy\/?p=14703 \">\n                    Read More                <\/a>\n                        <\/div><!-- .entry-content -->\n    <\/div>\n<\/article><!-- #post-## -->                                    <\/div>\n                                <\/div>\n                                                                <div class=\" col-sm-12 col-md-4\">\n                                    <div class=\"blog-item-wrapper init-animate slideInUp1\">\n                                        <article id=\"post-14265\" class=\"init-animate slideInUp1 post-14265 post type-post status-publish format-standard has-post-thumbnail hentry category-bedelia category-movilidad tag-extranjeros tag-movilidad\">\n    <div class=\"content-wrapper\">\n                    <!--post thumbnal options-->\n            <div class=\"post-thumb\">\n                <a href=\"https:\/\/www.nutricion.edu.uy\/?p=14265\">\n                    <img decoding=\"async\" width=\"639\" height=\"330\" src=\"https:\/\/www.nutricion.edu.uy\/wp-content\/uploads\/2025\/10\/portada-guia-visitantes-.jpg\" class=\"attachment-large size-large wp-post-image\" alt=\"\" srcset=\"https:\/\/www.nutricion.edu.uy\/wp-content\/uploads\/2025\/10\/portada-guia-visitantes-.jpg 639w, https:\/\/www.nutricion.edu.uy\/wp-content\/uploads\/2025\/10\/portada-guia-visitantes--300x155.jpg 300w\" sizes=\"(max-width: 639px) 100vw, 639px\" \/>                <\/a>\n            <\/div><!-- .post-thumb-->\n                        <header class=\"entry-header \">\n                <div class=\"entry-meta\">\n                    <a href=\"https:\/\/www.nutricion.edu.uy\/?p=14265\">\n                        <span class=\"day-month\">\n                            <span class=\"day\">\n                                17                            <\/span>\n                        <\/span>\n                        <span class=\"year\"><!--editing code? don't be confused it is actually month-->\n                            Oct                        <\/span>\n                    <\/a>\n                <\/div><!-- .entry-meta -->\n            <\/header><!-- .entry-header -->\n                <div class=\"entry-content\">\n            <div class=\"entry-header-title\">\n                <h2 class=\"entry-title\"><a href=\"https:\/\/www.nutricion.edu.uy\/?p=14265\" rel=\"bookmark\">Gu\u00eda Informativa para visitantes del extranjero<\/a><\/h2>            <\/div>\n            <footer class=\"entry-footer\">\n                <span class=\"author vcard\"><a class=\"url fn n\" href=\"https:\/\/www.nutricion.edu.uy\/?author=50\"><i class=\"fa fa-user\"><\/i>Sof\u00eda Remedi<\/a><\/span>            <\/footer><!-- .entry-footer -->\n            <div class=\"entry-content\">Con el objetivo de facilitar las movilidades acad\u00e9micas y otras actividades de visitantes internacionales, desde el Servicio de Relaciones Internacionales elaboramos una&nbsp;Gu\u00eda Informativa para visitantes del extranjero, que adjuntamos a...<\/div>                <a class=\"btn btn-primary\" href=\"https:\/\/www.nutricion.edu.uy\/?p=14265 \">\n                    Read More                <\/a>\n                        <\/div><!-- .entry-content -->\n    <\/div>\n<\/article><!-- #post-## -->                                    <\/div>\n                                <\/div>\n                                                                <div class=\" col-sm-12 col-md-4\">\n                                    <div class=\"blog-item-wrapper init-animate slideInUp1\">\n                                        <article id=\"post-14123\" class=\"init-animate slideInUp1 post-14123 post type-post status-publish format-standard has-post-thumbnail hentry category-destacada category-inicio category-movilidad\">\n    <div class=\"content-wrapper\">\n                    <!--post thumbnal options-->\n            <div class=\"post-thumb\">\n                <a href=\"https:\/\/www.nutricion.edu.uy\/?p=14123\">\n                    <img decoding=\"async\" width=\"639\" height=\"330\" src=\"https:\/\/www.nutricion.edu.uy\/wp-content\/uploads\/2024\/04\/BOTON-movilid-univer.jpg\" class=\"attachment-large size-large wp-post-image\" alt=\"\" srcset=\"https:\/\/www.nutricion.edu.uy\/wp-content\/uploads\/2024\/04\/BOTON-movilid-univer.jpg 639w, https:\/\/www.nutricion.edu.uy\/wp-content\/uploads\/2024\/04\/BOTON-movilid-univer-300x155.jpg 300w\" sizes=\"(max-width: 639px) 100vw, 639px\" \/>                <\/a>\n            <\/div><!-- .post-thumb-->\n                        <header class=\"entry-header \">\n                <div class=\"entry-meta\">\n                    <a href=\"https:\/\/www.nutricion.edu.uy\/?p=14123\">\n                        <span class=\"day-month\">\n                            <span class=\"day\">\n                                10                            <\/span>\n                        <\/span>\n                        <span class=\"year\"><!--editing code? don't be confused it is actually month-->\n                            Sep                        <\/span>\n                    <\/a>\n                <\/div><!-- .entry-meta -->\n            <\/header><!-- .entry-header -->\n                <div class=\"entry-content\">\n            <div class=\"entry-header-title\">\n                <h2 class=\"entry-title\"><a href=\"https:\/\/www.nutricion.edu.uy\/?p=14123\" rel=\"bookmark\">Nueva oportunidad de Movilidad estudiantil<\/a><\/h2>            <\/div>\n            <footer class=\"entry-footer\">\n                <span class=\"author vcard\"><a class=\"url fn n\" href=\"https:\/\/www.nutricion.edu.uy\/?author=50\"><i class=\"fa fa-user\"><\/i>Sof\u00eda Remedi<\/a><\/span>            <\/footer><!-- .entry-footer -->\n            <div class=\"entry-content\">Si so\u00f1aste con estudiar en el exterior alguna vez y que la experiencia te sirva para completar tu carrera universitaria, esta es una excelente oportunidad. Ya est\u00e1 abierta la convocatoria...<\/div>                <a class=\"btn btn-primary\" href=\"https:\/\/www.nutricion.edu.uy\/?p=14123 \">\n                    Read More                <\/a>\n                        <\/div><!-- .entry-content -->\n    <\/div>\n<\/article><!-- #post-## -->                                    <\/div>\n                                <\/div>\n                                <div class='clearfix'><\/div><div class='at-widget-clearfix'><\/div>                    <\/div><!--row-->\n                                    <\/div>\n            <\/section>\n            <\/div><\/div><\/div><\/div>","protected":false},"excerpt":{"rendered":"<p>En esta secci\u00f3n compartimos distintas oportunidades de movilidad estudiantil en Universidades de otros pa\u00edses.<\/p>\n","protected":false},"author":50,"featured_media":0,"parent":519,"menu_order":0,"comment_status":"closed","ping_status":"closed","template":"","meta":{"footnotes":""},"class_list":["post-11399","page","type-page","status-publish","hentry"],"yoast_head":"<!-- This site is optimized with the Yoast SEO plugin v24.9 - https:\/\/yoast.com\/wordpress\/plugins\/seo\/ -->\n<title>Movilidad estudiantil - Escuela de Nutrici\u00f3n<\/title>\n<meta name=\"robots\" content=\"index, follow, max-snippet:-1, max-image-preview:large, max-video-preview:-1\" \/>\n<link rel=\"canonical\" href=\"https:\/\/www.nutricion.edu.uy\/?page_id=11399\" \/>\n<meta property=\"og:locale\" content=\"es_ES\" \/>\n<meta property=\"og:type\" content=\"article\" \/>\n<meta property=\"og:title\" content=\"Movilidad estudiantil - Escuela de Nutrici\u00f3n\" \/>\n<meta property=\"og:description\" content=\"En esta secci\u00f3n compartimos distintas oportunidades de movilidad estudiantil en Universidades de otros pa\u00edses.\" \/>\n<meta property=\"og:url\" content=\"https:\/\/www.nutricion.edu.uy\/?page_id=11399\" \/>\n<meta property=\"og:site_name\" content=\"Escuela de Nutrici\u00f3n\" \/>\n<meta property=\"article:modified_time\" content=\"2024-10-25T20:46:00+00:00\" \/>\n<meta name=\"twitter:card\" content=\"summary_large_image\" \/>\n<meta name=\"twitter:label1\" content=\"Tiempo de lectura\" \/>\n\t<meta name=\"twitter:data1\" content=\"2 minutos\" \/>\n<script type=\"application\/ld+json\" class=\"yoast-schema-graph\">{\"@context\":\"https:\/\/schema.org\",\"@graph\":[{\"@type\":\"WebPage\",\"@id\":\"https:\/\/www.nutricion.edu.uy\/?page_id=11399\",\"url\":\"https:\/\/www.nutricion.edu.uy\/?page_id=11399\",\"name\":\"Movilidad estudiantil - Escuela de Nutrici\u00f3n\",\"isPartOf\":{\"@id\":\"https:\/\/www.nutricion.edu.uy\/#website\"},\"datePublished\":\"2024-04-01T19:24:00+00:00\",\"dateModified\":\"2024-10-25T20:46:00+00:00\",\"breadcrumb\":{\"@id\":\"https:\/\/www.nutricion.edu.uy\/?page_id=11399#breadcrumb\"},\"inLanguage\":\"es\",\"potentialAction\":[{\"@type\":\"ReadAction\",\"target\":[\"https:\/\/www.nutricion.edu.uy\/?page_id=11399\"]}]},{\"@type\":\"BreadcrumbList\",\"@id\":\"https:\/\/www.nutricion.edu.uy\/?page_id=11399#breadcrumb\",\"itemListElement\":[{\"@type\":\"ListItem\",\"position\":1,\"name\":\"Portada\",\"item\":\"https:\/\/www.nutricion.edu.uy\/\"},{\"@type\":\"ListItem\",\"position\":2,\"name\":\"Ense\u00f1anza\",\"item\":\"https:\/\/www.nutricion.edu.uy\/?page_id=519\"},{\"@type\":\"ListItem\",\"position\":3,\"name\":\"Movilidad estudiantil\"}]},{\"@type\":\"WebSite\",\"@id\":\"https:\/\/www.nutricion.edu.uy\/#website\",\"url\":\"https:\/\/www.nutricion.edu.uy\/\",\"name\":\"Escuela de Nutrici\u00f3n\",\"description\":\"Universidad de la Rep\u00fablica\",\"publisher\":{\"@id\":\"https:\/\/www.nutricion.edu.uy\/#organization\"},\"potentialAction\":[{\"@type\":\"SearchAction\",\"target\":{\"@type\":\"EntryPoint\",\"urlTemplate\":\"https:\/\/www.nutricion.edu.uy\/?s={search_term_string}\"},\"query-input\":{\"@type\":\"PropertyValueSpecification\",\"valueRequired\":true,\"valueName\":\"search_term_string\"}}],\"inLanguage\":\"es\"},{\"@type\":\"Organization\",\"@id\":\"https:\/\/www.nutricion.edu.uy\/#organization\",\"name\":\"Escuela de Nutrici\u00f3n Udelar\",\"url\":\"https:\/\/www.nutricion.edu.uy\/\",\"logo\":{\"@type\":\"ImageObject\",\"inLanguage\":\"es\",\"@id\":\"https:\/\/www.nutricion.edu.uy\/#\/schema\/logo\/image\/\",\"url\":\"https:\/\/www.nutricion.edu.uy\/wp-content\/uploads\/2018\/01\/logo_escuela.png\",\"contentUrl\":\"https:\/\/www.nutricion.edu.uy\/wp-content\/uploads\/2018\/01\/logo_escuela.png\",\"width\":257,\"height\":70,\"caption\":\"Escuela de Nutrici\u00f3n Udelar\"},\"image\":{\"@id\":\"https:\/\/www.nutricion.edu.uy\/#\/schema\/logo\/image\/\"}}]}<\/script>\n<!-- \/ Yoast SEO plugin. -->","yoast_head_json":{"title":"Movilidad estudiantil - Escuela de Nutrici\u00f3n","robots":{"index":"index","follow":"follow","max-snippet":"max-snippet:-1","max-image-preview":"max-image-preview:large","max-video-preview":"max-video-preview:-1"},"canonical":"https:\/\/www.nutricion.edu.uy\/?page_id=11399","og_locale":"es_ES","og_type":"article","og_title":"Movilidad estudiantil - Escuela de Nutrici\u00f3n","og_description":"En esta secci\u00f3n compartimos distintas oportunidades de movilidad estudiantil en Universidades de otros pa\u00edses.","og_url":"https:\/\/www.nutricion.edu.uy\/?page_id=11399","og_site_name":"Escuela de Nutrici\u00f3n","article_modified_time":"2024-10-25T20:46:00+00:00","twitter_card":"summary_large_image","twitter_misc":{"Tiempo de lectura":"2 minutos"},"schema":{"@context":"https:\/\/schema.org","@graph":[{"@type":"WebPage","@id":"https:\/\/www.nutricion.edu.uy\/?page_id=11399","url":"https:\/\/www.nutricion.edu.uy\/?page_id=11399","name":"Movilidad estudiantil - Escuela de Nutrici\u00f3n","isPartOf":{"@id":"https:\/\/www.nutricion.edu.uy\/#website"},"datePublished":"2024-04-01T19:24:00+00:00","dateModified":"2024-10-25T20:46:00+00:00","breadcrumb":{"@id":"https:\/\/www.nutricion.edu.uy\/?page_id=11399#breadcrumb"},"inLanguage":"es","potentialAction":[{"@type":"ReadAction","target":["https:\/\/www.nutricion.edu.uy\/?page_id=11399"]}]},{"@type":"BreadcrumbList","@id":"https:\/\/www.nutricion.edu.uy\/?page_id=11399#breadcrumb","itemListElement":[{"@type":"ListItem","position":1,"name":"Portada","item":"https:\/\/www.nutricion.edu.uy\/"},{"@type":"ListItem","position":2,"name":"Ense\u00f1anza","item":"https:\/\/www.nutricion.edu.uy\/?page_id=519"},{"@type":"ListItem","position":3,"name":"Movilidad estudiantil"}]},{"@type":"WebSite","@id":"https:\/\/www.nutricion.edu.uy\/#website","url":"https:\/\/www.nutricion.edu.uy\/","name":"Escuela de Nutrici\u00f3n","description":"Universidad de la Rep\u00fablica","publisher":{"@id":"https:\/\/www.nutricion.edu.uy\/#organization"},"potentialAction":[{"@type":"SearchAction","target":{"@type":"EntryPoint","urlTemplate":"https:\/\/www.nutricion.edu.uy\/?s={search_term_string}"},"query-input":{"@type":"PropertyValueSpecification","valueRequired":true,"valueName":"search_term_string"}}],"inLanguage":"es"},{"@type":"Organization","@id":"https:\/\/www.nutricion.edu.uy\/#organization","name":"Escuela de Nutrici\u00f3n Udelar","url":"https:\/\/www.nutricion.edu.uy\/","logo":{"@type":"ImageObject","inLanguage":"es","@id":"https:\/\/www.nutricion.edu.uy\/#\/schema\/logo\/image\/","url":"https:\/\/www.nutricion.edu.uy\/wp-content\/uploads\/2018\/01\/logo_escuela.png","contentUrl":"https:\/\/www.nutricion.edu.uy\/wp-content\/uploads\/2018\/01\/logo_escuela.png","width":257,"height":70,"caption":"Escuela de Nutrici\u00f3n Udelar"},"image":{"@id":"https:\/\/www.nutricion.edu.uy\/#\/schema\/logo\/image\/"}}]}},"_links":{"self":[{"href":"https:\/\/www.nutricion.edu.uy\/index.php?rest_route=\/wp\/v2\/pages\/11399","targetHints":{"allow":["GET"]}}],"collection":[{"href":"https:\/\/www.nutricion.edu.uy\/index.php?rest_route=\/wp\/v2\/pages"}],"about":[{"href":"https:\/\/www.nutricion.edu.uy\/index.php?rest_route=\/wp\/v2\/types\/page"}],"author":[{"embeddable":true,"href":"https:\/\/www.nutricion.edu.uy\/index.php?rest_route=\/wp\/v2\/users\/50"}],"replies":[{"embeddable":true,"href":"https:\/\/www.nutricion.edu.uy\/index.php?rest_route=%2Fwp%2Fv2%2Fcomments&post=11399"}],"version-history":[{"count":2,"href":"https:\/\/www.nutricion.edu.uy\/index.php?rest_route=\/wp\/v2\/pages\/11399\/revisions"}],"predecessor-version":[{"id":12499,"href":"https:\/\/www.nutricion.edu.uy\/index.php?rest_route=\/wp\/v2\/pages\/11399\/revisions\/12499"}],"up":[{"embeddable":true,"href":"https:\/\/www.nutricion.edu.uy\/index.php?rest_route=\/wp\/v2\/pages\/519"}],"wp:attachment":[{"href":"https:\/\/www.nutricion.edu.uy\/index.php?rest_route=%2Fwp%2Fv2%2Fmedia&parent=11399"}],"curies":[{"name":"wp","href":"https:\/\/api.w.org\/{rel}","templated":true}]}}