{"id":1194,"date":"2019-07-04T19:40:03","date_gmt":"2019-07-04T19:40:03","guid":{"rendered":"http:\/\/germnd4.sg-host.com\/?page_id=1194"},"modified":"2025-04-25T16:37:45","modified_gmt":"2025-04-25T19:37:45","slug":"comite-de-etica","status":"publish","type":"page","link":"https:\/\/www.nutricion.edu.uy\/?page_id=1194","title":{"rendered":"Comit\u00e9 de \u00c9tica en Investigaci\u00f3n"},"content":{"rendered":"<div id=\"pl-1194\"  class=\"panel-layout\" ><div id=\"pg-1194-0\"  class=\"panel-grid panel-no-style\" ><div id=\"pgc-1194-0-0\"  class=\"panel-grid-cell\" ><div id=\"panel-1194-0-0-0\" class=\"so-panel widget widget_siteorigin-panels-builder panel-first-child panel-last-child\" data-index=\"0\" ><div id=\"pl-w680be489458c9\"  class=\"panel-layout\" ><div id=\"pg-w680be489458c9-0\"  class=\"panel-grid panel-no-style\" ><div id=\"pgc-w680be489458c9-0-0\"  class=\"panel-grid-cell\" ><div id=\"panel-w680be489458c9-0-0-0\" class=\"so-panel widget widget_sow-tabs panel-first-child panel-last-child\" data-index=\"0\" ><div\n\t\t\t\n\t\t\tclass=\"so-widget-sow-tabs so-widget-sow-tabs-default-b7820c256667\"\n\t\t\t\n\t\t><div class=\"sow-tabs\">\n\t<div class=\"sow-tabs-tab-container\" role=\"tablist\">\n\t\t\t<div\n\t\t\tclass=\"sow-tabs-tab\n\t\t\t sow-tabs-tab-selected\t\t\t\"\n\t\t\trole=\"tab\"\n\t\t\tdata-anchor-id=\"integrantes\"\n\t\t\taria-selected=\"true\"\n\t\t\ttabindex=\"0\"\n\t\t>\n\t\t\t<div class=\"sow-tabs-title sow-tabs-title-icon-left\">\n\t\t\t\t\t\t\t\tIntegrantes\t\t\t\t\t\t\t<\/div>\n\t\t<\/div>\n\t\t\t<div\n\t\t\tclass=\"sow-tabs-tab\n\t\t\t\t\t\t\"\n\t\t\trole=\"tab\"\n\t\t\tdata-anchor-id=\"objetivo\"\n\t\t\taria-selected=\"false\"\n\t\t\ttabindex=\"0\"\n\t\t>\n\t\t\t<div class=\"sow-tabs-title sow-tabs-title-icon-left\">\n\t\t\t\t\t\t\t\tObjetivo\t\t\t\t\t\t\t<\/div>\n\t\t<\/div>\n\t\t\t<div\n\t\t\tclass=\"sow-tabs-tab\n\t\t\t\t\t\t\"\n\t\t\trole=\"tab\"\n\t\t\tdata-anchor-id=\"procedimiento\"\n\t\t\taria-selected=\"false\"\n\t\t\ttabindex=\"0\"\n\t\t>\n\t\t\t<div class=\"sow-tabs-title sow-tabs-title-icon-left\">\n\t\t\t\t\t\t\t\tProcedimiento\t\t\t\t\t\t\t<\/div>\n\t\t<\/div>\n\t\t\t<div\n\t\t\tclass=\"sow-tabs-tab\n\t\t\t\t\t\t\"\n\t\t\trole=\"tab\"\n\t\t\tdata-anchor-id=\"decretos-y-normas\"\n\t\t\taria-selected=\"false\"\n\t\t\ttabindex=\"0\"\n\t\t>\n\t\t\t<div class=\"sow-tabs-title sow-tabs-title-icon-left\">\n\t\t\t\t\t\t\t\tDecretos y normas \t\t\t\t\t\t\t<\/div>\n\t\t<\/div>\n\t\t<\/div>\n\n\t<div class=\"sow-tabs-panel-container\">\n\t\t\t<div class=\"sow-tabs-panel\">\n\t\t\t<div\n\t\t\t\tclass=\"sow-tabs-panel-content\"\n\t\t\t\trole=\"tabpanel\"\n\t\t\t\taria-hidden=\"false\"\n\t\t\t>\n\t\t\t\t<ul>\n<li>El Comit\u00e9 de \u00c9tica en Investigaci\u00f3n de la Escuela de Nutrici\u00f3n conformado seg\u00fan resoluci\u00f3n de comisi\u00f3n directiva del 21 de octubre de 2015.<\/li>\n<\/ul>\n<p>&nbsp;<\/p>\n<p>\n<table id=\"tablepress-11\" class=\"tablepress tablepress-id-11\">\n<tbody class=\"row-hover\">\n<tr class=\"row-1 odd\">\n\t<td class=\"column-1\">Prof. Agda. Andrea Echegoyen, Mag. (Coordinadora) <\/td>\n<\/tr>\n<tr class=\"row-2 even\">\n\t<td class=\"column-1\">Prof. Adj. Luc\u00eda de Pena, PhD<\/td>\n<\/tr>\n<tr class=\"row-3 odd\">\n\t<td class=\"column-1\">Prof. Adj. Laura Paulo, PhD. <\/td>\n<\/tr>\n<tr class=\"row-4 even\">\n\t<td class=\"column-1\">Ing. Agr. N\u00e9stor Eulacio, Mag.<\/td>\n<\/tr>\n<tr class=\"row-5 odd\">\n\t<td class=\"column-1\">Prof. Estela Skapino, PhD.<\/td>\n<\/tr>\n<tr class=\"row-6 even\">\n\t<td class=\"column-1\">Prof. Adj. Laura Raggio, PhD. <\/td>\n<\/tr>\n<tr class=\"row-7 odd\">\n\t<td class=\"column-1\">Prof. Adj. Mar\u00eda Paula Mendive, Mag. <\/td>\n<\/tr>\n<tr class=\"row-8 even\">\n\t<td class=\"column-1\">Prof. Adj. Cecilia Silva, PhD. <\/td>\n<\/tr>\n<tr class=\"row-9 odd\">\n\t<td class=\"column-1\">Prof. Marcela Guerendiain, PhD.  <\/td>\n<\/tr>\n<tr class=\"row-10 even\">\n\t<td class=\"column-1\">Lic. Joan Matias Ferragut<\/td>\n<\/tr>\n<tr class=\"row-11 odd\">\n\t<td class=\"column-1\">Prof. Gabriela Fajardo, Mag. <\/td>\n<\/tr>\n<tr class=\"row-12 even\">\n\t<td class=\"column-1\">Dra. Dora Szafir<\/td>\n<\/tr>\n<\/tbody>\n<\/table>\n<!-- #tablepress-11 from cache --><\/p>\n\t\t\t<\/div>\n\t\t<\/div>\n\t\t\t<div class=\"sow-tabs-panel\">\n\t\t\t<div\n\t\t\t\tclass=\"sow-tabs-panel-content\"\n\t\t\t\trole=\"tabpanel\"\n\t\t\t\taria-hidden=\"true\"\n\t\t\t>\n\t\t\t\t<ul>\n<li>Evaluar los protocolos de investigaci\u00f3n que involucran personas, de conformidad con los requisitos \u00e9ticos definidos en las normas nacionales e internacionales en \u00e9tica de la investigaci\u00f3n y en el estado del arte de las metodolog\u00edas cient\u00edficas utilizadas.<\/li>\n<li>Fomentar la educaci\u00f3n en \u00e9tica de la investigaci\u00f3n a la comunidad cient\u00edfica vinculada a la disciplina y afines.<\/li>\n<\/ul>\n\t\t\t<\/div>\n\t\t<\/div>\n\t\t\t<div class=\"sow-tabs-panel\">\n\t\t\t<div\n\t\t\t\tclass=\"sow-tabs-panel-content\"\n\t\t\t\trole=\"tabpanel\"\n\t\t\t\taria-hidden=\"true\"\n\t\t\t>\n\t\t\t\t<ul>\n<li>INGRESO PROYECTO DE INVESTIGACI\u00d3N &gt; <a href=\"https:\/\/www.nutricion.edu.uy\/wp-content\/uploads\/2025\/04\/INGRESO-PROYECTO-DE-INVESTIGACION-2.pdf\"><strong>Descargar<\/strong><\/a><\/li>\n<li>INGRESO PROYECTO DE INVESTIGACI\u00d3N ESTUDIANTIL &gt; <a href=\"https:\/\/www.nutricion.edu.uy\/wp-content\/uploads\/2025\/04\/INGRESO-PROYECTO-DE-INVESTIGACION-ESTUDIANTIL-3.pdf\"><strong>Descargar<\/strong><\/a><\/li>\n<li style=\"text-align: left\"><span style=\"color: #000000\">Registro\/Autorizaci\u00f3n de proyectos de investigaci\u00f3n en seres humanos <span data-huuid=\"12130431705080950515\">\u2014<\/span> MSP &gt; <a href=\"https:\/\/www.nutricion.edu.uy\/wp-content\/uploads\/2025\/02\/REGISTRO-AUTORIZACION-DE-PROYECTOS-MSP.pdf\"><span style=\"color: #800000\"><span style=\"color: #000080\"><strong>Descargar<\/strong><\/span><\/span><\/a><\/span><\/li>\n<li>Contenido del Consentimiento Informado <span style=\"color: #000000\">&gt; <a href=\"https:\/\/www.nutricion.edu.uy\/wp-content\/uploads\/2025\/02\/Contenidos-del-Consentimiento-Informado.pdf\"><strong>Descargar<\/strong><\/a><\/span><\/li>\n<\/ul>\n\t\t\t<\/div>\n\t\t<\/div>\n\t\t\t<div class=\"sow-tabs-panel\">\n\t\t\t<div\n\t\t\t\tclass=\"sow-tabs-panel-content\"\n\t\t\t\trole=\"tabpanel\"\n\t\t\t\taria-hidden=\"true\"\n\t\t\t>\n\t\t\t\t<ul>\n<li>Ordenanza N\u00b0 1267-22 &gt; <a href=\"https:\/\/www.nutricion.edu.uy\/wp-content\/uploads\/2025\/02\/Ordenanza-N\u00b0-1267-22.pdf\"><strong>Descargar<\/strong><\/a><\/li>\n<li>Decreto N\u00b0 158_019 &gt; <a href=\"https:\/\/www.nutricion.edu.uy\/wp-content\/uploads\/2025\/02\/Decreto-158_019.pdf\"><strong>Descargar<\/strong><\/a><\/li>\n<\/ul>\n\t\t\t<\/div>\n\t\t<\/div>\n\t\t<\/div>\n<\/div>\n<\/div><\/div><\/div><\/div><\/div><\/div><\/div><\/div><div id=\"pg-1194-1\"  class=\"panel-grid panel-no-style\" ><div id=\"pgc-1194-1-0\"  class=\"panel-grid-cell\" ><div id=\"panel-1194-1-0-0\" class=\"so-panel widget widget_sow-editor panel-first-child\" data-index=\"1\" ><div\n\t\t\t\n\t\t\tclass=\"so-widget-sow-editor so-widget-sow-editor-base\"\n\t\t\t\n\t\t><h3 class=\"widget-title\">FORMULARIO DE CONTACTO CON EL COMIT\u00c9<\/h3>\n<div class=\"siteorigin-widget-tinymce textwidget\">\n\t<\/div>\n<\/div><\/div><div id=\"panel-1194-1-0-1\" class=\"so-panel widget widget_sow-contact-form\" data-index=\"2\" ><div\n\t\t\t\n\t\t\tclass=\"so-widget-sow-contact-form so-widget-sow-contact-form-default-9d65c5d4c157-1194\"\n\t\t\t\n\t\t>\t<form\n\t\taction=\"\/index.php?rest_route=%2Fwp%2Fv2%2Fpages%2F1194\"\n\t\tmethod=\"POST\"\n\t\tclass=\"sow-contact-form\"\n\t\tid=\"contact-form-29c9\"\n\t>\n\n\t\t\n\t\t\t\t\t<div class=\"sow-form-field sow-form-field-name\">\n\t\t\t\t<label class=\"sow-form-field-label-above\" for=\"sow-contact-form-field-tu-nombre-1\">\n\t\t\t\t<strong>\n\t\t\t\t\tTu nombre\t\t\t\t\t\t\t\t\t<\/strong>\n\t\t\t<\/label>\n\t\t\t\t\t\t\t<div class=\"sow-field-container\">\n\t\t\t\t\t\t\t<input\n\t\t\ttype=\"text\"\n\t\t\tname=\"tu-nombre-1\"\n\t\t\tid=\"sow-contact-form-field-tu-nombre-1\"\n\t\t\tvalue=\"\"\n\t\t\tclass=\"sow-text-field\"\n\t\t\t\t\t\t\t\t\/>\n\t\t\t\t\t\t<\/div>\n\t\t\t\t\t\t\t<\/div>\n\t\t\t\t\t\t<div class=\"sow-form-field sow-form-field-email\">\n\t\t\t\t<label class=\"sow-form-field-label-above\" for=\"sow-contact-form-field-tu-correo-electronico-1\">\n\t\t\t\t<strong>\n\t\t\t\t\tTu correo electr\u00f3nico\t\t\t\t\t\t\t\t\t<\/strong>\n\t\t\t<\/label>\n\t\t\t\t\t\t\t<div class=\"sow-field-container\">\n\t\t\t\t\t\t\t<input\n\t\t\ttype=\"email\"\n\t\t\tname=\"tu-correo-electronico-1\"\n\t\t\tid=\"sow-contact-form-field-tu-correo-electronico-1\"\n\t\t\tvalue=\"\"\n\t\t\tclass=\"sow-text-field\"\t\t\t\t\t\t\t\t\/>\n\t\t\t\t\t\t<\/div>\n\t\t\t\t\t\t\t<\/div>\n\t\t\t\t\t\t<div class=\"sow-form-field sow-form-field-subject\">\n\t\t\t\t<label class=\"sow-form-field-label-above\" for=\"sow-contact-form-field-asunto-1\">\n\t\t\t\t<strong>\n\t\t\t\t\tAsunto\t\t\t\t\t\t\t\t\t<\/strong>\n\t\t\t<\/label>\n\t\t\t\t\t\t\t<div class=\"sow-field-container\">\n\t\t\t\t\t\t\t<input\n\t\t\ttype=\"text\"\n\t\t\tname=\"asunto-1\"\n\t\t\tid=\"sow-contact-form-field-asunto-1\"\n\t\t\tvalue=\"\"\n\t\t\tclass=\"sow-text-field\"\n\t\t\t\t\t\t\t\t\/>\n\t\t\t\t\t\t<\/div>\n\t\t\t\t\t\t\t<\/div>\n\t\t\t\t\t\t<div class=\"sow-form-field sow-form-field-text\">\n\t\t\t\t<label class=\"sow-form-field-label-above\" for=\"sow-contact-form-field-mensaje-1\">\n\t\t\t\t<strong>\n\t\t\t\t\tMensaje\t\t\t\t\t\t\t\t\t<\/strong>\n\t\t\t<\/label>\n\t\t\t\t\t\t\t<div class=\"sow-field-container\">\n\t\t\t\t\t\t\t<input\n\t\t\ttype=\"text\"\n\t\t\tname=\"mensaje-1\"\n\t\t\tid=\"sow-contact-form-field-mensaje-1\"\n\t\t\tvalue=\"\"\n\t\t\tclass=\"sow-text-field\"\t\t\t\t\t\t\t\t\/>\n\t\t\t\t\t\t<\/div>\n\t\t\t\t\t\t\t<\/div>\n\t\t\t\n\t\t\t\t\t<div class=\"sow-recaptcha\"\n\t\t\t\t\t\t\t\t\tdata-config=\"{&quot;sitekey&quot;:&quot;6LdqEbMUAAAAALMObLgV9oBi26x9sWpbwcR5Tjnj&quot;,&quot;theme&quot;:&quot;light&quot;,&quot;type&quot;:&quot;image&quot;,&quot;size&quot;:&quot;normal&quot;}\"\n\t\t\t\t\t\t\t><\/div>\n\t\t\t\n\t\t<div class=\"sow-submit-wrapper \n\t\tsow-submit-styled\t\t\">\n\n\t\t\t<button\n\t\t\t\ttype=\"submit\"\n\t\t\t\tclass=\"sow-submit\n\t\t\t\t\t\t\t\t\"\n\t\t\t\t\t\t\t>\n\t\t\t\tEnviar mensaje\t\t\t<\/button>\n\t\t<\/div>\n\t\t\t\t<input\n\t\t\ttype=\"hidden\"\n\t\t\tname=\"instance_hash-1\"\n\t\t\tvalue=\"29c98fc5\"\n\t\t\/>\n\n\t\t<input type=\"hidden\" id=\"_wpnonce\" name=\"_wpnonce\" value=\"dd53edea26\" \/><input type=\"hidden\" name=\"_wp_http_referer\" value=\"\/index.php?rest_route=%2Fwp%2Fv2%2Fpages%2F1194\" \/>\t<\/form>\n\t<\/div><\/div><div id=\"panel-1194-1-0-2\" class=\"so-panel widget widget_education_base_posts_col panel-last-child\" data-index=\"3\" >            <section id=\"education_base_posts_col-5\" class=\"acme-widgets acme-col-posts gray-bg\">\n                <div class=\"container\">\n                    <div class=\"main-title init-animate slideInUp1\"><h3 class=\"widget-title\">NOTICIAS<\/h3><\/div>                    <div class=\"row\">\n                                                        <div class=\" col-sm-12 col-md-4\">\n                                    <div class=\"blog-item-wrapper init-animate slideInUp1\">\n                                        <article id=\"post-11761\" class=\"init-animate slideInUp1 post-11761 post type-post status-publish format-standard has-post-thumbnail hentry category-comite-de-etica category-destacada\">\n    <div class=\"content-wrapper\">\n                    <!--post thumbnal options-->\n            <div class=\"post-thumb\">\n                <a href=\"https:\/\/www.nutricion.edu.uy\/?p=11761\">\n                    <img fetchpriority=\"high\" decoding=\"async\" width=\"639\" height=\"330\" src=\"https:\/\/www.nutricion.edu.uy\/wp-content\/uploads\/2024\/06\/portada-jornada-etica.jpg\" class=\"attachment-large size-large wp-post-image\" alt=\"\" srcset=\"https:\/\/www.nutricion.edu.uy\/wp-content\/uploads\/2024\/06\/portada-jornada-etica.jpg 639w, https:\/\/www.nutricion.edu.uy\/wp-content\/uploads\/2024\/06\/portada-jornada-etica-300x155.jpg 300w\" sizes=\"(max-width: 639px) 100vw, 639px\" \/>                <\/a>\n            <\/div><!-- .post-thumb-->\n                        <header class=\"entry-header \">\n                <div class=\"entry-meta\">\n                    <a href=\"https:\/\/www.nutricion.edu.uy\/?p=11761\">\n                        <span class=\"day-month\">\n                            <span class=\"day\">\n                                11                            <\/span>\n                        <\/span>\n                        <span class=\"year\"><!--editing code? don't be confused it is actually month-->\n                            Jun                        <\/span>\n                    <\/a>\n                <\/div><!-- .entry-meta -->\n            <\/header><!-- .entry-header -->\n                <div class=\"entry-content\">\n            <div class=\"entry-header-title\">\n                <h2 class=\"entry-title\"><a href=\"https:\/\/www.nutricion.edu.uy\/?p=11761\" rel=\"bookmark\">Jornada \u00bbImplicancias \u00e9ticas en la investigaci\u00f3n\u00bb.<\/a><\/h2>            <\/div>\n            <footer class=\"entry-footer\">\n                <span class=\"author vcard\"><a class=\"url fn n\" href=\"https:\/\/www.nutricion.edu.uy\/?author=50\"><i class=\"fa fa-user\"><\/i>Sof\u00eda Remedi<\/a><\/span>            <\/footer><!-- .entry-footer -->\n            <div class=\"entry-content\">Se realiz\u00f3 en la ma\u00f1ana de hoy la Segunda jornada del Comit\u00e9 de \u00c9tica en Investigaci\u00f3n de la Escuela de Nutrici\u00f3n, (CEIN), \u00bbImplicancias \u00e9ticas en la investigaci\u00f3n\u00bb.El acto de apertura...<\/div>                <a class=\"btn btn-primary\" href=\"https:\/\/www.nutricion.edu.uy\/?p=11761 \">\n                    Read More                <\/a>\n                        <\/div><!-- .entry-content -->\n    <\/div>\n<\/article><!-- #post-## -->                                    <\/div>\n                                <\/div>\n                                                                <div class=\" col-sm-12 col-md-4\">\n                                    <div class=\"blog-item-wrapper init-animate slideInUp1\">\n                                        <article id=\"post-9992\" class=\"init-animate slideInUp1 post-9992 post type-post status-publish format-standard has-post-thumbnail hentry category-comite-de-etica category-destacada category-investigacion category-sin-categoria\">\n    <div class=\"content-wrapper\">\n                    <!--post thumbnal options-->\n            <div class=\"post-thumb\">\n                <a href=\"https:\/\/www.nutricion.edu.uy\/?p=9992\">\n                    <img decoding=\"async\" width=\"640\" height=\"798\" src=\"https:\/\/www.nutricion.edu.uy\/wp-content\/uploads\/2023\/03\/Afiche-Jornada-CEIN-821x1024.png\" class=\"attachment-large size-large wp-post-image\" alt=\"\" srcset=\"https:\/\/www.nutricion.edu.uy\/wp-content\/uploads\/2023\/03\/Afiche-Jornada-CEIN-821x1024.png 821w, https:\/\/www.nutricion.edu.uy\/wp-content\/uploads\/2023\/03\/Afiche-Jornada-CEIN-240x300.png 240w, https:\/\/www.nutricion.edu.uy\/wp-content\/uploads\/2023\/03\/Afiche-Jornada-CEIN-768x958.png 768w, https:\/\/www.nutricion.edu.uy\/wp-content\/uploads\/2023\/03\/Afiche-Jornada-CEIN-1231x1536.png 1231w, https:\/\/www.nutricion.edu.uy\/wp-content\/uploads\/2023\/03\/Afiche-Jornada-CEIN.png 1276w\" sizes=\"(max-width: 640px) 100vw, 640px\" \/>                <\/a>\n            <\/div><!-- .post-thumb-->\n                        <header class=\"entry-header \">\n                <div class=\"entry-meta\">\n                    <a href=\"https:\/\/www.nutricion.edu.uy\/?p=9992\">\n                        <span class=\"day-month\">\n                            <span class=\"day\">\n                                13                            <\/span>\n                        <\/span>\n                        <span class=\"year\"><!--editing code? don't be confused it is actually month-->\n                            Mar                        <\/span>\n                    <\/a>\n                <\/div><!-- .entry-meta -->\n            <\/header><!-- .entry-header -->\n                <div class=\"entry-content\">\n            <div class=\"entry-header-title\">\n                <h2 class=\"entry-title\"><a href=\"https:\/\/www.nutricion.edu.uy\/?p=9992\" rel=\"bookmark\">JORNADA ACAD\u00c9MICA: \u201cIMPLICANCIAS \u00c9TICAS EN LA INVESTIGACI\u00d3N\u201d<\/a><\/h2>            <\/div>\n            <footer class=\"entry-footer\">\n                <span class=\"author vcard\"><a class=\"url fn n\" href=\"https:\/\/www.nutricion.edu.uy\/?author=1\"><i class=\"fa fa-user\"><\/i>Unidad de Inform\u00e1tica<\/a><\/span>            <\/footer><!-- .entry-footer -->\n            <div class=\"entry-content\"><\/div>                <a class=\"btn btn-primary\" href=\"https:\/\/www.nutricion.edu.uy\/?p=9992 \">\n                    Read More                <\/a>\n                        <\/div><!-- .entry-content -->\n    <\/div>\n<\/article><!-- #post-## -->                                    <\/div>\n                                <\/div>\n                                                    <\/div><!--row-->\n                                    <\/div>\n            <\/section>\n            <\/div><\/div><\/div><\/div>","protected":false},"excerpt":{"rendered":"<p>Integrantes Objetivo Procedimiento Decretos y normas El Comit\u00e9 de \u00c9tica en Investigaci\u00f3n de la Escuela de Nutrici\u00f3n conformado seg\u00fan resoluci\u00f3n de comisi\u00f3n directiva del 21 de octubre de 2015. &nbsp; Prof. Agda. Andrea Echegoyen, Mag. (Coordinadora) Prof. Adj. Luc\u00eda de Pena, PhD Prof. Adj. Laura Paulo, PhD. Ing. Agr. N\u00e9stor Eulacio, Mag. Prof. Estela Skapino,&hellip;<\/p>\n","protected":false},"author":1,"featured_media":0,"parent":0,"menu_order":0,"comment_status":"closed","ping_status":"closed","template":"","meta":{"footnotes":""},"class_list":["post-1194","page","type-page","status-publish","hentry"],"yoast_head":"<!-- This site is optimized with the Yoast SEO plugin v24.9 - https:\/\/yoast.com\/wordpress\/plugins\/seo\/ -->\n<title>Comit\u00e9 de \u00c9tica en Investigaci\u00f3n - Escuela de Nutrici\u00f3n<\/title>\n<meta name=\"robots\" content=\"index, follow, max-snippet:-1, max-image-preview:large, max-video-preview:-1\" \/>\n<link rel=\"canonical\" href=\"https:\/\/www.nutricion.edu.uy\/?page_id=1194\" \/>\n<meta property=\"og:locale\" content=\"es_ES\" \/>\n<meta property=\"og:type\" content=\"article\" \/>\n<meta property=\"og:title\" content=\"Comit\u00e9 de \u00c9tica en Investigaci\u00f3n - Escuela de Nutrici\u00f3n\" \/>\n<meta property=\"og:description\" content=\"Integrantes Objetivo Procedimiento Decretos y normas El Comit\u00e9 de \u00c9tica en Investigaci\u00f3n de la Escuela de Nutrici\u00f3n conformado seg\u00fan resoluci\u00f3n de comisi\u00f3n directiva del 21 de octubre de 2015. &nbsp; Prof. Agda. Andrea Echegoyen, Mag. (Coordinadora) Prof. Adj. Luc\u00eda de Pena, PhD Prof. Adj. Laura Paulo, PhD. Ing. Agr. N\u00e9stor Eulacio, Mag. Prof. Estela Skapino,&hellip;\" \/>\n<meta property=\"og:url\" content=\"https:\/\/www.nutricion.edu.uy\/?page_id=1194\" \/>\n<meta property=\"og:site_name\" content=\"Escuela de Nutrici\u00f3n\" \/>\n<meta property=\"article:modified_time\" content=\"2025-04-25T19:37:45+00:00\" \/>\n<meta name=\"twitter:card\" content=\"summary_large_image\" \/>\n<meta name=\"twitter:label1\" content=\"Tiempo de lectura\" \/>\n\t<meta name=\"twitter:data1\" content=\"2 minutos\" \/>\n<script type=\"application\/ld+json\" class=\"yoast-schema-graph\">{\"@context\":\"https:\/\/schema.org\",\"@graph\":[{\"@type\":\"WebPage\",\"@id\":\"https:\/\/www.nutricion.edu.uy\/?page_id=1194\",\"url\":\"https:\/\/www.nutricion.edu.uy\/?page_id=1194\",\"name\":\"Comit\u00e9 de \u00c9tica en Investigaci\u00f3n - Escuela de Nutrici\u00f3n\",\"isPartOf\":{\"@id\":\"https:\/\/www.nutricion.edu.uy\/#website\"},\"datePublished\":\"2019-07-04T19:40:03+00:00\",\"dateModified\":\"2025-04-25T19:37:45+00:00\",\"breadcrumb\":{\"@id\":\"https:\/\/www.nutricion.edu.uy\/?page_id=1194#breadcrumb\"},\"inLanguage\":\"es\",\"potentialAction\":[{\"@type\":\"ReadAction\",\"target\":[\"https:\/\/www.nutricion.edu.uy\/?page_id=1194\"]}]},{\"@type\":\"BreadcrumbList\",\"@id\":\"https:\/\/www.nutricion.edu.uy\/?page_id=1194#breadcrumb\",\"itemListElement\":[{\"@type\":\"ListItem\",\"position\":1,\"name\":\"Portada\",\"item\":\"https:\/\/www.nutricion.edu.uy\/\"},{\"@type\":\"ListItem\",\"position\":2,\"name\":\"Comit\u00e9 de \u00c9tica en Investigaci\u00f3n\"}]},{\"@type\":\"WebSite\",\"@id\":\"https:\/\/www.nutricion.edu.uy\/#website\",\"url\":\"https:\/\/www.nutricion.edu.uy\/\",\"name\":\"Escuela de Nutrici\u00f3n\",\"description\":\"Universidad de la Rep\u00fablica\",\"publisher\":{\"@id\":\"https:\/\/www.nutricion.edu.uy\/#organization\"},\"potentialAction\":[{\"@type\":\"SearchAction\",\"target\":{\"@type\":\"EntryPoint\",\"urlTemplate\":\"https:\/\/www.nutricion.edu.uy\/?s={search_term_string}\"},\"query-input\":{\"@type\":\"PropertyValueSpecification\",\"valueRequired\":true,\"valueName\":\"search_term_string\"}}],\"inLanguage\":\"es\"},{\"@type\":\"Organization\",\"@id\":\"https:\/\/www.nutricion.edu.uy\/#organization\",\"name\":\"Escuela de Nutrici\u00f3n Udelar\",\"url\":\"https:\/\/www.nutricion.edu.uy\/\",\"logo\":{\"@type\":\"ImageObject\",\"inLanguage\":\"es\",\"@id\":\"https:\/\/www.nutricion.edu.uy\/#\/schema\/logo\/image\/\",\"url\":\"https:\/\/www.nutricion.edu.uy\/wp-content\/uploads\/2018\/01\/logo_escuela.png\",\"contentUrl\":\"https:\/\/www.nutricion.edu.uy\/wp-content\/uploads\/2018\/01\/logo_escuela.png\",\"width\":257,\"height\":70,\"caption\":\"Escuela de Nutrici\u00f3n Udelar\"},\"image\":{\"@id\":\"https:\/\/www.nutricion.edu.uy\/#\/schema\/logo\/image\/\"}}]}<\/script>\n<!-- \/ Yoast SEO plugin. -->","yoast_head_json":{"title":"Comit\u00e9 de \u00c9tica en Investigaci\u00f3n - Escuela de Nutrici\u00f3n","robots":{"index":"index","follow":"follow","max-snippet":"max-snippet:-1","max-image-preview":"max-image-preview:large","max-video-preview":"max-video-preview:-1"},"canonical":"https:\/\/www.nutricion.edu.uy\/?page_id=1194","og_locale":"es_ES","og_type":"article","og_title":"Comit\u00e9 de \u00c9tica en Investigaci\u00f3n - Escuela de Nutrici\u00f3n","og_description":"Integrantes Objetivo Procedimiento Decretos y normas El Comit\u00e9 de \u00c9tica en Investigaci\u00f3n de la Escuela de Nutrici\u00f3n conformado seg\u00fan resoluci\u00f3n de comisi\u00f3n directiva del 21 de octubre de 2015. &nbsp; Prof. Agda. Andrea Echegoyen, Mag. (Coordinadora) Prof. Adj. Luc\u00eda de Pena, PhD Prof. Adj. Laura Paulo, PhD. Ing. Agr. N\u00e9stor Eulacio, Mag. Prof. Estela Skapino,&hellip;","og_url":"https:\/\/www.nutricion.edu.uy\/?page_id=1194","og_site_name":"Escuela de Nutrici\u00f3n","article_modified_time":"2025-04-25T19:37:45+00:00","twitter_card":"summary_large_image","twitter_misc":{"Tiempo de lectura":"2 minutos"},"schema":{"@context":"https:\/\/schema.org","@graph":[{"@type":"WebPage","@id":"https:\/\/www.nutricion.edu.uy\/?page_id=1194","url":"https:\/\/www.nutricion.edu.uy\/?page_id=1194","name":"Comit\u00e9 de \u00c9tica en Investigaci\u00f3n - Escuela de Nutrici\u00f3n","isPartOf":{"@id":"https:\/\/www.nutricion.edu.uy\/#website"},"datePublished":"2019-07-04T19:40:03+00:00","dateModified":"2025-04-25T19:37:45+00:00","breadcrumb":{"@id":"https:\/\/www.nutricion.edu.uy\/?page_id=1194#breadcrumb"},"inLanguage":"es","potentialAction":[{"@type":"ReadAction","target":["https:\/\/www.nutricion.edu.uy\/?page_id=1194"]}]},{"@type":"BreadcrumbList","@id":"https:\/\/www.nutricion.edu.uy\/?page_id=1194#breadcrumb","itemListElement":[{"@type":"ListItem","position":1,"name":"Portada","item":"https:\/\/www.nutricion.edu.uy\/"},{"@type":"ListItem","position":2,"name":"Comit\u00e9 de \u00c9tica en Investigaci\u00f3n"}]},{"@type":"WebSite","@id":"https:\/\/www.nutricion.edu.uy\/#website","url":"https:\/\/www.nutricion.edu.uy\/","name":"Escuela de Nutrici\u00f3n","description":"Universidad de la Rep\u00fablica","publisher":{"@id":"https:\/\/www.nutricion.edu.uy\/#organization"},"potentialAction":[{"@type":"SearchAction","target":{"@type":"EntryPoint","urlTemplate":"https:\/\/www.nutricion.edu.uy\/?s={search_term_string}"},"query-input":{"@type":"PropertyValueSpecification","valueRequired":true,"valueName":"search_term_string"}}],"inLanguage":"es"},{"@type":"Organization","@id":"https:\/\/www.nutricion.edu.uy\/#organization","name":"Escuela de Nutrici\u00f3n Udelar","url":"https:\/\/www.nutricion.edu.uy\/","logo":{"@type":"ImageObject","inLanguage":"es","@id":"https:\/\/www.nutricion.edu.uy\/#\/schema\/logo\/image\/","url":"https:\/\/www.nutricion.edu.uy\/wp-content\/uploads\/2018\/01\/logo_escuela.png","contentUrl":"https:\/\/www.nutricion.edu.uy\/wp-content\/uploads\/2018\/01\/logo_escuela.png","width":257,"height":70,"caption":"Escuela de Nutrici\u00f3n Udelar"},"image":{"@id":"https:\/\/www.nutricion.edu.uy\/#\/schema\/logo\/image\/"}}]}},"_links":{"self":[{"href":"https:\/\/www.nutricion.edu.uy\/index.php?rest_route=\/wp\/v2\/pages\/1194","targetHints":{"allow":["GET"]}}],"collection":[{"href":"https:\/\/www.nutricion.edu.uy\/index.php?rest_route=\/wp\/v2\/pages"}],"about":[{"href":"https:\/\/www.nutricion.edu.uy\/index.php?rest_route=\/wp\/v2\/types\/page"}],"author":[{"embeddable":true,"href":"https:\/\/www.nutricion.edu.uy\/index.php?rest_route=\/wp\/v2\/users\/1"}],"replies":[{"embeddable":true,"href":"https:\/\/www.nutricion.edu.uy\/index.php?rest_route=%2Fwp%2Fv2%2Fcomments&post=1194"}],"version-history":[{"count":51,"href":"https:\/\/www.nutricion.edu.uy\/index.php?rest_route=\/wp\/v2\/pages\/1194\/revisions"}],"predecessor-version":[{"id":13465,"href":"https:\/\/www.nutricion.edu.uy\/index.php?rest_route=\/wp\/v2\/pages\/1194\/revisions\/13465"}],"wp:attachment":[{"href":"https:\/\/www.nutricion.edu.uy\/index.php?rest_route=%2Fwp%2Fv2%2Fmedia&parent=1194"}],"curies":[{"name":"wp","href":"https:\/\/api.w.org\/{rel}","templated":true}]}}