{"id":1238,"date":"2019-07-17T21:51:46","date_gmt":"2019-07-17T21:51:46","guid":{"rendered":"http:\/\/germnd4.sg-host.com\/?page_id=1238"},"modified":"2025-01-31T10:59:06","modified_gmt":"2025-01-31T13:59:06","slug":"1238-2","status":"publish","type":"page","link":"https:\/\/www.nutricion.edu.uy\/?page_id=1238","title":{"rendered":"Biblioteca"},"content":{"rendered":"<div id=\"pl-1238\"  class=\"panel-layout\" ><div id=\"pg-1238-0\"  class=\"panel-grid panel-no-style\" ><div id=\"pgc-1238-0-0\"  class=\"panel-grid-cell\" ><div id=\"panel-1238-0-0-0\" class=\"so-panel widget widget_siteorigin-panels-builder panel-first-child panel-last-child\" data-index=\"0\" ><div id=\"pl-w679cd72ac8321\"  class=\"panel-layout\" ><div id=\"pg-w679cd72ac8321-0\"  class=\"panel-grid panel-no-style\" ><div id=\"pgc-w679cd72ac8321-0-0\"  class=\"panel-grid-cell\" ><div id=\"panel-w679cd72ac8321-0-0-0\" class=\"so-panel widget widget_sow-tabs panel-first-child panel-last-child\" data-index=\"0\" ><div class=\"panel-widget-style panel-widget-style-for-w679cd72ac8321-0-0-0\" ><div\n\t\t\t\n\t\t\tclass=\"so-widget-sow-tabs so-widget-sow-tabs-default-93cb0341bd93\"\n\t\t\t\n\t\t><div class=\"sow-tabs\">\n\t<div class=\"sow-tabs-tab-container\" role=\"tablist\">\n\t\t\t<div\n\t\t\tclass=\"sow-tabs-tab\n\t\t\t sow-tabs-tab-selected\t\t\t\"\n\t\t\trole=\"tab\"\n\t\t\tdata-anchor-id=\"catalogo-en-linea\"\n\t\t\taria-selected=\"true\"\n\t\t\ttabindex=\"0\"\n\t\t>\n\t\t\t<div class=\"sow-tabs-title sow-tabs-title-icon-left\">\n\t\t\t\t\t\t\t\tCat\u00e1logo en l\u00ednea\t\t\t\t\t\t\t<\/div>\n\t\t<\/div>\n\t\t\t<div\n\t\t\tclass=\"sow-tabs-tab\n\t\t\t\t\t\t\"\n\t\t\trole=\"tab\"\n\t\t\tdata-anchor-id=\"acceso-a-bases-de-datos\"\n\t\t\taria-selected=\"false\"\n\t\t\ttabindex=\"0\"\n\t\t>\n\t\t\t<div class=\"sow-tabs-title sow-tabs-title-icon-left\">\n\t\t\t\t\t\t\t\tAcceso a bases de datos\t\t\t\t\t\t\t<\/div>\n\t\t<\/div>\n\t\t\t<div\n\t\t\tclass=\"sow-tabs-tab\n\t\t\t\t\t\t\"\n\t\t\trole=\"tab\"\n\t\t\tdata-anchor-id=\"publicacion-tfg-en-colibri\"\n\t\t\taria-selected=\"false\"\n\t\t\ttabindex=\"0\"\n\t\t>\n\t\t\t<div class=\"sow-tabs-title sow-tabs-title-icon-left\">\n\t\t\t\t\t\t\t\tPublicaci\u00f3n TFG en Colibr\u00ed\t\t\t\t\t\t\t<\/div>\n\t\t<\/div>\n\t\t<\/div>\n\n\t<div class=\"sow-tabs-panel-container\">\n\t\t\t<div class=\"sow-tabs-panel\">\n\t\t\t<div\n\t\t\t\tclass=\"sow-tabs-panel-content\"\n\t\t\t\trole=\"tabpanel\"\n\t\t\t\taria-hidden=\"false\"\n\t\t\t>\n\t\t\t\t<p><figure id=\"attachment_7966\" aria-describedby=\"caption-attachment-7966\" style=\"width: 459px\" class=\"wp-caption alignleft\"><a style=\"color: #0000ff\" href=\"http:\/\/biur.edu.uy\/F\"><img decoding=\"async\" class=\" wp-image-7966\" src=\"https:\/\/www.nutricion.edu.uy\/wp-content\/uploads\/2022\/02\/cab00-300x23.jpg\" alt=\"\" width=\"459\" height=\"35\" srcset=\"https:\/\/www.nutricion.edu.uy\/wp-content\/uploads\/2022\/02\/cab00-300x23.jpg 300w, https:\/\/www.nutricion.edu.uy\/wp-content\/uploads\/2022\/02\/cab00-768x60.jpg 768w, https:\/\/www.nutricion.edu.uy\/wp-content\/uploads\/2022\/02\/cab00.jpg 1024w\" sizes=\"(max-width: 459px) 100vw, 459px\" \/><\/a><figcaption id=\"caption-attachment-7966\" class=\"wp-caption-text\"><span style=\"color: #0000ff\">\u00a0<\/span><a href=\"https:\/\/biur.edu.uy\/F\" target=\"_blank\" rel=\"noopener\"><span style=\"color: #0000ff\">Acceso a nuestra colecci\u00f3n a trav\u00e9s del portal BIUR<\/span><\/a><\/figcaption><\/figure><\/p>\n<p style=\"text-align: justify\">Al ingresar al portal <strong>BIUR<\/strong>, est\u00e1s ingresando al cat\u00e1logo de las<strong> Bibliotecas de la Universidad de la Rep\u00fablica<\/strong>, donde podr\u00e1s consultar que libros tenemos en nuestra biblioteca y su disponibilidad.\u00a0 Si accedes como<strong> \"invitado\"<\/strong> simplemente podr\u00e1s consultar los materiales que est\u00e1n disponibles tanto en nuestra biblioteca como en las de otras facultades de la UdelaR. Para poder realizar <strong>renovaciones de pr\u00e9stamos<\/strong>, hacer<strong> reservas<\/strong> y acceder a tu<strong> historial de pr\u00e9stamo<\/strong>, es necesario loguearse con <strong>usuario y clave<\/strong>, para lo cual <strong>debes concurrir a la biblioteca previamente para que te registremos<\/strong>.<\/p>\n\t\t\t<\/div>\n\t\t<\/div>\n\t\t\t<div class=\"sow-tabs-panel\">\n\t\t\t<div\n\t\t\t\tclass=\"sow-tabs-panel-content\"\n\t\t\t\trole=\"tabpanel\"\n\t\t\t\taria-hidden=\"true\"\n\t\t\t>\n\t\t\t\t<p><a href=\"http:\/\/www.colibri.udelar.edu.uy\/jspui\/community-list\"><img decoding=\"async\" class=\"alignnone wp-image-8161\" src=\"https:\/\/www.nutricion.edu.uy\/wp-content\/uploads\/2022\/04\/Repositorio-Colibri.png\" alt=\"\" width=\"264\" height=\"113\" \/><\/a><\/p>\n<p><span style=\"color: #000000\"><strong>\u00bfQue es Colibri?<\/strong><\/span><\/p>\n<p><span style=\"color: #000000\">Es el respositorio institucional de la Universidad de la Rep\u00fablica. Una colecci\u00f3n digital de acceso abierto que agrupa y resguarda la producci\u00f3n de la Universidad de la Rep\u00fablica, con la finalidad de preservar su memoria, poner dicha producci\u00f3n a disposici\u00f3n de toda la sociedad y contribuir a incrementar su difusi\u00f3n y visibilidad, as\u00ed como potenciar y facilitar nuevas producciones. (Resoluci\u00f3n del CDC, N\u00b06, 10\/12\/2013)<br \/>\n<\/span><\/p>\n<p><span style=\"color: #000000\"><strong>\u00bfQu\u00e9 documentos re\u00fane Colibri? <\/strong><\/span><\/p>\n<p><span style=\"color: #000000\">Tesis de grado y posgrado, libros, cap\u00edtulos de libros, art\u00edculos, conferencias, reportes t\u00e9cnicos y documentos de trabajo, informes, audiovisuales y recursos educativos abiertos.<\/span><\/p>\n<p>(Fuente<span style=\"color: #0000ff\">:<\/span><span class=\"markedContent\"><span dir=\"ltr\" style=\"color: #0000ff\" role=\"presentation\"><a style=\"color: #0000ff\" href=\"https:\/\/www.colibri.udelar.edu.uy\/jspui\/help-colibri\">Folleto Repositorio Institucional Colibri<\/a><\/span>, Seroubian, M. 2015)<br role=\"presentation\" \/><\/span><\/p>\n<p>&nbsp;<\/p>\n<p><a href=\"http:\/\/foco.timbo.org.uy\/home\"><img decoding=\"async\" class=\"alignleft wp-image-7991\" src=\"https:\/\/www.nutricion.edu.uy\/wp-content\/uploads\/2022\/02\/timbo-Foco-logo.png\" alt=\"\" width=\"198\" height=\"161\" \/><\/a><\/p>\n<p>&nbsp;<\/p>\n<p>&nbsp;<\/p>\n<p>&nbsp;<\/p>\n<p>&nbsp;<\/p>\n<p>&nbsp;<\/p>\n<p><strong><span style=\"color: #000000\">\u00bfC\u00f3mo funciona?<\/span><\/strong><\/p>\n<p><span style=\"color: #000000\">En FOCO las b\u00fasquedas las pod\u00e9s realizar de acuerdo a tus preferencias. Si identificaste un recurso en Internet y ten\u00e9s un n\u00famero o identificador est\u00e1ndar (por ej. DOI, ISBN, ISSN y URL) pod\u00e9s utilizar FOCO para ubicar el texto completo. El buscador tambi\u00e9n te permite la b\u00fasqueda por t\u00edtulo, tema y autor, que puede arrojar resultados \u00fanicos o m\u00faltiples. En caso de resultados m\u00faltiples siempre ten\u00e9s la posibilidad de ampliar las b\u00fasquedas mediante el servicio de descubrimiento o Google Acad\u00e9mico.<\/span><\/p>\n<p><span style=\"color: #000000\">\"FOCO mejora tu experiencia de b\u00fasqueda porque incorpora las \u00faltimas tendencias de los buscadores. Ahora pod\u00e9s buscar de manera m\u00e1s simple y obtener resultados m\u00e1s relevantes seg\u00fan tus preferencias.<\/span><\/p>\n<p><span style=\"color: #000000\">FOCO te permite buscar y recuperar los contenidos de m\u00e1s de 20.000 t\u00edtulos de revistas especializadas, m\u00e1s de 150.000 libros electr\u00f3nicos (eBooks), actas de conferencias, bases de datos de abstracts y citas, y recursos de acceso abierto (open access).\u00a0<\/span><\/p>\n<p><span style=\"color: #000000\"> (ANNI, 2022)<\/span><\/p>\n<p>&nbsp;<\/p>\n<p><a href=\"https:\/\/lilacs.bvsalud.org\/es\/\"><img loading=\"lazy\" decoding=\"async\" class=\"alignnone wp-image-8151 size-medium\" src=\"https:\/\/www.nutricion.edu.uy\/wp-content\/uploads\/2022\/04\/Logo-LILACS-300x87.png\" alt=\"\" width=\"300\" height=\"87\" srcset=\"https:\/\/www.nutricion.edu.uy\/wp-content\/uploads\/2022\/04\/Logo-LILACS-300x87.png 300w, https:\/\/www.nutricion.edu.uy\/wp-content\/uploads\/2022\/04\/Logo-LILACS.png 728w\" sizes=\"(max-width: 300px) 100vw, 300px\" \/><\/a><\/p>\n<p>&nbsp;<\/p>\n<p><span style=\"color: #000000\">La m\u00e1s importante y abarcadora base de dados de AL&amp;C, re\u00fane m\u00e1s de 880 mil registros de art\u00edculos de revistas con peer review, tesis y disertaciones, documentos gubernamentales, anales de congresos y libros, publicados a partir de 1982.<\/span><br \/>\n<span style=\"color: #000000\">Incluye revisiones sistem\u00e1ticas, ensayos cl\u00ednicos controlados aleatorios, s\u00edntesis de evidencias, estudios de evaluaci\u00f3n de tecnolog\u00edas sanitarias, estudios de evaluaci\u00f3n econ\u00f3mica, gu\u00edas de pr\u00e1ctica cl\u00ednica, informes t\u00e9cnicos, informes de casos y otros.<\/span><br \/>\n<span style=\"color: #000000\">Mantenida y actualizada por una red compuesta por m\u00e1s de 600 instituciones educacionales, gubernamentales y de investigaci\u00f3n en salud, y coordinada por BIREME\/OPS\/OMS.<\/span><br \/>\n<span style=\"color: #000000\">Utiliza el DeCS \u2013 Descriptores en Ciencias de la Salud, con descriptores y sin\u00f3nimos contextualizados a la regi\u00f3n con categor\u00edas exclusivas de Salud P\u00fablica, Homeopat\u00eda, Vigilancia Sanitaria y Ciencia y Salud. DeCS es una traducci\u00f3n extendida del MeSH.<\/span><br \/>\n<span style=\"color: #000000\">Es fuente de informaci\u00f3n necesaria a la b\u00fasqueda de estudios primarios de ALyC para las revisiones sistem\u00e1ticas, y recomendada por\u00a0<i>Cochrane Collaboration<\/i>\u00a0en el\u00a0<i>Cochrane Handbook<\/i>.<\/span><br \/>\n<span style=\"color: #000000\">Est\u00e1 incluida en el\u00a0<i>Global Index Medicus<\/i> de la OMS, en Epistemonikos, y complementa a MEDLINE\/PubMed.\u00a0 (LILACS, 2022)<\/span><\/p>\n<p>&nbsp;<\/p>\n<p>&nbsp;<\/p>\n\t\t\t<\/div>\n\t\t<\/div>\n\t\t\t<div class=\"sow-tabs-panel\">\n\t\t\t<div\n\t\t\t\tclass=\"sow-tabs-panel-content\"\n\t\t\t\trole=\"tabpanel\"\n\t\t\t\taria-hidden=\"true\"\n\t\t\t>\n\t\t\t\t<p><a href=\"https:\/\/www.nutricion.edu.uy\/wp-content\/uploads\/2025\/01\/Protocolo-y-Anexos-publicacion-digital-TFG.pdf\" target=\"_blank\" rel=\"noopener\">PROTOCOLO para el ingreso de Trabajos Finales de Grado (TFG) en el Repositorio Colibr\u00ed<\/a><\/p>\n<p><a href=\"https:\/\/www.nutricion.edu.uy\/wp-content\/uploads\/2025\/01\/FORMULARIO-para-Archivo-de-Trabajos-de-Finalizacion-de-Grado-TFG-Modalidad-Investigacion-en-REPOSITORIO-COLIBRI.pdf\" target=\"_blank\" rel=\"noopener\">FORMULARIO para Archivo de Trabajos de Finalizaci\u00f3n de Grado (TFG) Modalidad Investigaci\u00f3n en Repositorio Colibr\u00ed<\/a><\/p>\n<p><a href=\"https:\/\/www.nutricion.edu.uy\/wp-content\/uploads\/2025\/01\/Presentacion-protocolo-publicacion-digital-TFG.pdf\" target=\"_blank\" rel=\"noopener\">PRESENTACI\u00d3N Pasos a seguir para el ingreso de los trabajos en Colibr\u00ed<\/a><\/p>\n<p>&nbsp;<\/p>\n\t\t\t<\/div>\n\t\t<\/div>\n\t\t<\/div>\n<\/div>\n<\/div><\/div><\/div><\/div><\/div><\/div><\/div><\/div><\/div><div id=\"pg-1238-1\"  class=\"panel-grid panel-no-style\" ><div id=\"pgc-1238-1-0\"  class=\"panel-grid-cell\" ><div id=\"panel-1238-1-0-0\" class=\"so-panel widget widget_sow-editor panel-first-child\" data-index=\"1\" ><div\n\t\t\t\n\t\t\tclass=\"so-widget-sow-editor so-widget-sow-editor-base\"\n\t\t\t\n\t\t><h3 class=\"widget-title\">Integrantes<\/h3>\n<div class=\"siteorigin-widget-tinymce textwidget\">\n\t<\/div>\n<\/div><\/div><div id=\"panel-1238-1-0-1\" class=\"so-panel widget widget_sow-editor\" data-index=\"2\" ><div\n\t\t\t\n\t\t\tclass=\"so-widget-sow-editor so-widget-sow-editor-base\"\n\t\t\t\n\t\t>\n<div class=\"siteorigin-widget-tinymce textwidget\">\n\t\n<table id=\"tablepress-79\" class=\"tablepress tablepress-id-79\">\n<tbody class=\"row-hover\">\n<tr class=\"row-1 odd\">\n\t<td class=\"column-1\">Lic. <\/td><td class=\"column-2\">Matilde Ledesma <\/td>\n<\/tr>\n<tr class=\"row-2 even\">\n\t<td class=\"column-1\">Lic. <\/td><td class=\"column-2\">Andrea Cardozo<br \/>\n<\/td>\n<\/tr>\n<tr class=\"row-3 odd\">\n\t<td class=\"column-1\"><\/td><td class=\"column-2\"><\/td>\n<\/tr>\n<\/tbody>\n<\/table>\n<!-- #tablepress-79 from cache -->\n<\/div>\n<\/div><\/div><div id=\"panel-1238-1-0-2\" class=\"so-panel widget widget_sow-features panel-last-child\" data-index=\"3\" ><div\n\t\t\t\n\t\t\tclass=\"so-widget-sow-features so-widget-sow-features-default-9c4c68086202-1238\"\n\t\t\t\n\t\t><ul\n\tclass=\"sow-features-list\n\tsow-features-responsive\">\n\n\t\t\t<li\n\t\t\tclass=\"sow-features-feature sow-icon-container-position-top\"\n\t\t\tstyle=\"display: flex; flex-direction: column; width: calc(100% - 25px);\"\n\t\t>\n\t\t\t\n\t\t\t\t\t\t<div\t\t\t\tclass=\"sow-icon-container sow-container-none\"\n\t\t\t\tstyle=\"color: #404040; \"\n\t\t\t\ttitle=\"Departamento de Biblioteca\"\n\t\t\t\t\t\t\t>\n\t\t\t\t<span class=\"sow-icon-elegantline\" data-sow-icon=\"&#xe029;\"\n\t\tstyle=\"font-size: 48px; color: #009ab1\" \n\t\taria-hidden=\"true\"><\/span>\t\t\t<\/div>\n\n\t\t\t<div class=\"textwidget\">\n\t\t\t\t\n\t\t\t\t\t\t\t\t\t<h5 class=\"sow-features-feature-title\">\n\t\t\t\t\t\tUbicaci\u00f3n\t\t\t\t\t<\/h5>\n\t\t\t\t\n\t\t\t\t\t\t\t\t\t<div class=\"sow-features-feature-text\">\n\t\t\t\t\t<p style=\"text-align: center\">Edificio Parque Batlle, Ala nueva, ingresando por pasaje lateral (frente al Comedor Universitario)<br \/>\nSubsuelo, debajo de Aula Magna.<\/p>\n<h3 style=\"text-align: center\"><strong>HORARIO DE ATENCI\u00d3N AL P\u00daBLICO<\/strong><\/h3>\n<p style=\"text-align: center\">Lunes a viernes de 9:00 a 12:00 hs y 13:00 a 15:00 hs<\/p>\n\t\t\t\t\t<\/div>\n\t\t\t\t\t\t\t\t<\/div>\n\t\t\t\t\t\t\t\t<\/li>\n\n\t<\/ul>\n<\/div><\/div><\/div><\/div><\/div>","protected":false},"excerpt":{"rendered":"<p>Cat\u00e1logo en l\u00ednea Acceso a bases de datos Publicaci\u00f3n TFG en Colibr\u00ed \u00a0Acceso a nuestra colecci\u00f3n a trav\u00e9s del portal BIUR Al ingresar al portal BIUR, est\u00e1s ingresando al cat\u00e1logo de las Bibliotecas de la Universidad de la Rep\u00fablica, donde podr\u00e1s consultar que libros tenemos en nuestra biblioteca y su disponibilidad.\u00a0 Si accedes como \u00abinvitado\u00bb&hellip;<\/p>\n","protected":false},"author":1,"featured_media":5964,"parent":0,"menu_order":0,"comment_status":"closed","ping_status":"closed","template":"","meta":{"footnotes":""},"class_list":["post-1238","page","type-page","status-publish","has-post-thumbnail","hentry"],"yoast_head":"<!-- This site is optimized with the Yoast SEO plugin v24.9 - https:\/\/yoast.com\/wordpress\/plugins\/seo\/ -->\n<title>Biblioteca - Escuela de Nutrici\u00f3n<\/title>\n<meta name=\"robots\" content=\"index, follow, max-snippet:-1, max-image-preview:large, max-video-preview:-1\" \/>\n<link rel=\"canonical\" href=\"https:\/\/www.nutricion.edu.uy\/?page_id=1238\" \/>\n<meta property=\"og:locale\" content=\"es_ES\" \/>\n<meta property=\"og:type\" content=\"article\" \/>\n<meta property=\"og:title\" content=\"Biblioteca - Escuela de Nutrici\u00f3n\" \/>\n<meta property=\"og:description\" content=\"Cat\u00e1logo en l\u00ednea Acceso a bases de datos Publicaci\u00f3n TFG en Colibr\u00ed \u00a0Acceso a nuestra colecci\u00f3n a trav\u00e9s del portal BIUR Al ingresar al portal BIUR, est\u00e1s ingresando al cat\u00e1logo de las Bibliotecas de la Universidad de la Rep\u00fablica, donde podr\u00e1s consultar que libros tenemos en nuestra biblioteca y su disponibilidad.\u00a0 Si accedes como &quot;invitado&quot;&hellip;\" \/>\n<meta property=\"og:url\" content=\"https:\/\/www.nutricion.edu.uy\/?page_id=1238\" \/>\n<meta property=\"og:site_name\" content=\"Escuela de Nutrici\u00f3n\" \/>\n<meta property=\"article:modified_time\" content=\"2025-01-31T13:59:06+00:00\" \/>\n<meta property=\"og:image\" content=\"https:\/\/www.nutricion.edu.uy\/wp-content\/uploads\/2020\/11\/open-book.png\" \/>\n\t<meta property=\"og:image:width\" content=\"512\" \/>\n\t<meta property=\"og:image:height\" content=\"512\" \/>\n\t<meta property=\"og:image:type\" content=\"image\/png\" \/>\n<meta name=\"twitter:card\" content=\"summary_large_image\" \/>\n<meta name=\"twitter:label1\" content=\"Tiempo de lectura\" \/>\n\t<meta name=\"twitter:data1\" content=\"4 minutos\" \/>\n<script type=\"application\/ld+json\" class=\"yoast-schema-graph\">{\"@context\":\"https:\/\/schema.org\",\"@graph\":[{\"@type\":\"WebPage\",\"@id\":\"https:\/\/www.nutricion.edu.uy\/?page_id=1238\",\"url\":\"https:\/\/www.nutricion.edu.uy\/?page_id=1238\",\"name\":\"Biblioteca - Escuela de Nutrici\u00f3n\",\"isPartOf\":{\"@id\":\"https:\/\/www.nutricion.edu.uy\/#website\"},\"primaryImageOfPage\":{\"@id\":\"https:\/\/www.nutricion.edu.uy\/?page_id=1238#primaryimage\"},\"image\":{\"@id\":\"https:\/\/www.nutricion.edu.uy\/?page_id=1238#primaryimage\"},\"thumbnailUrl\":\"https:\/\/www.nutricion.edu.uy\/wp-content\/uploads\/2020\/11\/open-book.png\",\"datePublished\":\"2019-07-17T21:51:46+00:00\",\"dateModified\":\"2025-01-31T13:59:06+00:00\",\"breadcrumb\":{\"@id\":\"https:\/\/www.nutricion.edu.uy\/?page_id=1238#breadcrumb\"},\"inLanguage\":\"es\",\"potentialAction\":[{\"@type\":\"ReadAction\",\"target\":[\"https:\/\/www.nutricion.edu.uy\/?page_id=1238\"]}]},{\"@type\":\"ImageObject\",\"inLanguage\":\"es\",\"@id\":\"https:\/\/www.nutricion.edu.uy\/?page_id=1238#primaryimage\",\"url\":\"https:\/\/www.nutricion.edu.uy\/wp-content\/uploads\/2020\/11\/open-book.png\",\"contentUrl\":\"https:\/\/www.nutricion.edu.uy\/wp-content\/uploads\/2020\/11\/open-book.png\",\"width\":512,\"height\":512},{\"@type\":\"BreadcrumbList\",\"@id\":\"https:\/\/www.nutricion.edu.uy\/?page_id=1238#breadcrumb\",\"itemListElement\":[{\"@type\":\"ListItem\",\"position\":1,\"name\":\"Portada\",\"item\":\"https:\/\/www.nutricion.edu.uy\/\"},{\"@type\":\"ListItem\",\"position\":2,\"name\":\"Biblioteca\"}]},{\"@type\":\"WebSite\",\"@id\":\"https:\/\/www.nutricion.edu.uy\/#website\",\"url\":\"https:\/\/www.nutricion.edu.uy\/\",\"name\":\"Escuela de Nutrici\u00f3n\",\"description\":\"Universidad de la Rep\u00fablica\",\"publisher\":{\"@id\":\"https:\/\/www.nutricion.edu.uy\/#organization\"},\"potentialAction\":[{\"@type\":\"SearchAction\",\"target\":{\"@type\":\"EntryPoint\",\"urlTemplate\":\"https:\/\/www.nutricion.edu.uy\/?s={search_term_string}\"},\"query-input\":{\"@type\":\"PropertyValueSpecification\",\"valueRequired\":true,\"valueName\":\"search_term_string\"}}],\"inLanguage\":\"es\"},{\"@type\":\"Organization\",\"@id\":\"https:\/\/www.nutricion.edu.uy\/#organization\",\"name\":\"Escuela de Nutrici\u00f3n Udelar\",\"url\":\"https:\/\/www.nutricion.edu.uy\/\",\"logo\":{\"@type\":\"ImageObject\",\"inLanguage\":\"es\",\"@id\":\"https:\/\/www.nutricion.edu.uy\/#\/schema\/logo\/image\/\",\"url\":\"https:\/\/www.nutricion.edu.uy\/wp-content\/uploads\/2018\/01\/logo_escuela.png\",\"contentUrl\":\"https:\/\/www.nutricion.edu.uy\/wp-content\/uploads\/2018\/01\/logo_escuela.png\",\"width\":257,\"height\":70,\"caption\":\"Escuela de Nutrici\u00f3n Udelar\"},\"image\":{\"@id\":\"https:\/\/www.nutricion.edu.uy\/#\/schema\/logo\/image\/\"}}]}<\/script>\n<!-- \/ Yoast SEO plugin. -->","yoast_head_json":{"title":"Biblioteca - Escuela de Nutrici\u00f3n","robots":{"index":"index","follow":"follow","max-snippet":"max-snippet:-1","max-image-preview":"max-image-preview:large","max-video-preview":"max-video-preview:-1"},"canonical":"https:\/\/www.nutricion.edu.uy\/?page_id=1238","og_locale":"es_ES","og_type":"article","og_title":"Biblioteca - Escuela de Nutrici\u00f3n","og_description":"Cat\u00e1logo en l\u00ednea Acceso a bases de datos Publicaci\u00f3n TFG en Colibr\u00ed \u00a0Acceso a nuestra colecci\u00f3n a trav\u00e9s del portal BIUR Al ingresar al portal BIUR, est\u00e1s ingresando al cat\u00e1logo de las Bibliotecas de la Universidad de la Rep\u00fablica, donde podr\u00e1s consultar que libros tenemos en nuestra biblioteca y su disponibilidad.\u00a0 Si accedes como \"invitado\"&hellip;","og_url":"https:\/\/www.nutricion.edu.uy\/?page_id=1238","og_site_name":"Escuela de Nutrici\u00f3n","article_modified_time":"2025-01-31T13:59:06+00:00","og_image":[{"width":512,"height":512,"url":"https:\/\/www.nutricion.edu.uy\/wp-content\/uploads\/2020\/11\/open-book.png","type":"image\/png"}],"twitter_card":"summary_large_image","twitter_misc":{"Tiempo de lectura":"4 minutos"},"schema":{"@context":"https:\/\/schema.org","@graph":[{"@type":"WebPage","@id":"https:\/\/www.nutricion.edu.uy\/?page_id=1238","url":"https:\/\/www.nutricion.edu.uy\/?page_id=1238","name":"Biblioteca - Escuela de Nutrici\u00f3n","isPartOf":{"@id":"https:\/\/www.nutricion.edu.uy\/#website"},"primaryImageOfPage":{"@id":"https:\/\/www.nutricion.edu.uy\/?page_id=1238#primaryimage"},"image":{"@id":"https:\/\/www.nutricion.edu.uy\/?page_id=1238#primaryimage"},"thumbnailUrl":"https:\/\/www.nutricion.edu.uy\/wp-content\/uploads\/2020\/11\/open-book.png","datePublished":"2019-07-17T21:51:46+00:00","dateModified":"2025-01-31T13:59:06+00:00","breadcrumb":{"@id":"https:\/\/www.nutricion.edu.uy\/?page_id=1238#breadcrumb"},"inLanguage":"es","potentialAction":[{"@type":"ReadAction","target":["https:\/\/www.nutricion.edu.uy\/?page_id=1238"]}]},{"@type":"ImageObject","inLanguage":"es","@id":"https:\/\/www.nutricion.edu.uy\/?page_id=1238#primaryimage","url":"https:\/\/www.nutricion.edu.uy\/wp-content\/uploads\/2020\/11\/open-book.png","contentUrl":"https:\/\/www.nutricion.edu.uy\/wp-content\/uploads\/2020\/11\/open-book.png","width":512,"height":512},{"@type":"BreadcrumbList","@id":"https:\/\/www.nutricion.edu.uy\/?page_id=1238#breadcrumb","itemListElement":[{"@type":"ListItem","position":1,"name":"Portada","item":"https:\/\/www.nutricion.edu.uy\/"},{"@type":"ListItem","position":2,"name":"Biblioteca"}]},{"@type":"WebSite","@id":"https:\/\/www.nutricion.edu.uy\/#website","url":"https:\/\/www.nutricion.edu.uy\/","name":"Escuela de Nutrici\u00f3n","description":"Universidad de la Rep\u00fablica","publisher":{"@id":"https:\/\/www.nutricion.edu.uy\/#organization"},"potentialAction":[{"@type":"SearchAction","target":{"@type":"EntryPoint","urlTemplate":"https:\/\/www.nutricion.edu.uy\/?s={search_term_string}"},"query-input":{"@type":"PropertyValueSpecification","valueRequired":true,"valueName":"search_term_string"}}],"inLanguage":"es"},{"@type":"Organization","@id":"https:\/\/www.nutricion.edu.uy\/#organization","name":"Escuela de Nutrici\u00f3n Udelar","url":"https:\/\/www.nutricion.edu.uy\/","logo":{"@type":"ImageObject","inLanguage":"es","@id":"https:\/\/www.nutricion.edu.uy\/#\/schema\/logo\/image\/","url":"https:\/\/www.nutricion.edu.uy\/wp-content\/uploads\/2018\/01\/logo_escuela.png","contentUrl":"https:\/\/www.nutricion.edu.uy\/wp-content\/uploads\/2018\/01\/logo_escuela.png","width":257,"height":70,"caption":"Escuela de Nutrici\u00f3n Udelar"},"image":{"@id":"https:\/\/www.nutricion.edu.uy\/#\/schema\/logo\/image\/"}}]}},"_links":{"self":[{"href":"https:\/\/www.nutricion.edu.uy\/index.php?rest_route=\/wp\/v2\/pages\/1238","targetHints":{"allow":["GET"]}}],"collection":[{"href":"https:\/\/www.nutricion.edu.uy\/index.php?rest_route=\/wp\/v2\/pages"}],"about":[{"href":"https:\/\/www.nutricion.edu.uy\/index.php?rest_route=\/wp\/v2\/types\/page"}],"author":[{"embeddable":true,"href":"https:\/\/www.nutricion.edu.uy\/index.php?rest_route=\/wp\/v2\/users\/1"}],"replies":[{"embeddable":true,"href":"https:\/\/www.nutricion.edu.uy\/index.php?rest_route=%2Fwp%2Fv2%2Fcomments&post=1238"}],"version-history":[{"count":100,"href":"https:\/\/www.nutricion.edu.uy\/index.php?rest_route=\/wp\/v2\/pages\/1238\/revisions"}],"predecessor-version":[{"id":12883,"href":"https:\/\/www.nutricion.edu.uy\/index.php?rest_route=\/wp\/v2\/pages\/1238\/revisions\/12883"}],"wp:featuredmedia":[{"embeddable":true,"href":"https:\/\/www.nutricion.edu.uy\/index.php?rest_route=\/wp\/v2\/media\/5964"}],"wp:attachment":[{"href":"https:\/\/www.nutricion.edu.uy\/index.php?rest_route=%2Fwp%2Fv2%2Fmedia&parent=1238"}],"curies":[{"name":"wp","href":"https:\/\/api.w.org\/{rel}","templated":true}]}}