{"id":1570,"date":"2019-09-23T15:42:04","date_gmt":"2019-09-23T15:42:04","guid":{"rendered":"http:\/\/germnd4.sg-host.com\/?page_id=1570"},"modified":"2024-01-12T15:50:24","modified_gmt":"2024-01-12T18:50:24","slug":"prosandi","status":"publish","type":"page","link":"https:\/\/www.nutricion.edu.uy\/?page_id=1570","title":{"rendered":"ProSANDI"},"content":{"rendered":"<div id=\"pl-1570\"  class=\"panel-layout\" ><div id=\"pg-1570-0\"  class=\"panel-grid panel-no-style\" ><div id=\"pgc-1570-0-0\"  class=\"panel-grid-cell\" ><div id=\"panel-1570-0-0-0\" class=\"so-panel widget widget_text panel-first-child panel-last-child\" data-index=\"0\" ><h3 class=\"widget-title\">PROGRAMA SEGURIDAD ALIMENTARIA Y NUTRICIONAL PARA EL DESARROLLO INTEGRAL<\/h3>\t\t\t<div class=\"textwidget\"><div><\/div>\n<p align=\"center\"><strong>2011-2020<\/strong><\/p>\n<p>El Programa de la Escuela de Nutrici\u00f3n y Diet\u00e9tica (ENyD) de la Universidad de la Rep\u00fablica sobre Seguridad Alimentaria y Nutricional para el Desarrollo Integral (ProSANDI) tiene como eje articulador esta tem\u00e1tica que es, hoy en d\u00eda, objeto de preocupaci\u00f3n y estudio en el mundo, especialmente en los pa\u00edses subdesarrollados, por ser considerada una determinante fundamental para alcanzar el desarrollo de los pueblos.<\/p>\n<p>El ProSANDI se enmarca en las l\u00edneas estrat\u00e9gicas planteadas en el Plan UdelaR 2010-2020, donde se menciona -entre otras-,\u00a0 la activa participaci\u00f3n en actividades de inclusi\u00f3n social y desarrollo productivo de manera de contribuir sustancialmente a que Uruguay sea un pa\u00eds de aprendizaje para el desarrollo integral[1].\u00a0 Adem\u00e1s se enmarca en dos de las \u00e1reas priorizadas en agosto de 2010 por el Comit\u00e9 Acad\u00e9mico de Extensi\u00f3n Universitaria de la Asociaci\u00f3n de Universidades Grupo Montevideo (AUGM), definidas como soberan\u00eda alimentaria y desarrollo productivo y la participaci\u00f3n universitaria en pol\u00edticas p\u00fablicas de salud y educaci\u00f3n.<\/p>\n<p>Se propone abordar desde las diferentes funciones universitarias y en forma interdisciplinaria e intersectorial, los componentes que interact\u00faan en la situaci\u00f3n de inseguridad alimentaria y nutricional a nivel nacional, local y familiar as\u00ed como el dise\u00f1o, implementaci\u00f3n y evaluaci\u00f3n de estrategias de intervenci\u00f3n para alcanzar la SAN desde un paradigma de desarrollo integral del pa\u00eds.<\/p>\n<p><strong>Prop\u00f3sito<\/strong><\/p>\n<div>\n<p>Contribuir a trav\u00e9s de la ense\u00f1anza, investigaci\u00f3n y extensi\u00f3n al logro de la Seguridad Alimentaria y Nutricional y con ella al desarrollo integral del pa\u00eds desde un enfoque interdisciplinario e intersectorial.<\/p>\n<\/div>\n<p><strong>Objetivos<\/strong><\/p>\n<ul>\n<li>Potenciar la investigaci\u00f3n en el campo de la seguridad alimentario y nutricional, promoviendo proyectos en forma conjunta con otros servicios universitarios, instituciones y organizaciones.<\/li>\n<li>Profundizar las l\u00edneas de extensi\u00f3n y actividades en el Medio en relaci\u00f3n a los componentes de Soberan\u00eda y Seguridad Alimentaria y Nutricional para dar respuestas pertinentes e integrales a los\u00a0 problemas identificados, con impacto social.<\/li>\n<li>Fortalecer la formaci\u00f3n de docentes, estudiantes y profesionales en tem\u00e1ticas relacionados con la Soberan\u00eda y Seguridad Alimentaria y Nutricional.<\/li>\n<\/ul>\n<p>&nbsp;<\/p>\n<hr align=\"left\" size=\"1\" width=\"33%\" \/>\n<p>[1]\u00a0 Se comparte la conceptualizaci\u00f3n de desarrollo integral realizada por el Rector Rodrigo Arocena (2011:11):\u00a0<em>\u201cEl desarrollo integral del pa\u00eds es la mejora de la calidad de vida material y espiritual de la gente, bajo formas que no comprometen los avances en el futuro sino que, por el contrario, afianzan las posibilidades de las generaciones venideras para construir sus propias opciones\u201d. C<\/em>olecci\u00f3n Hacia una Reforma Universitaria # 12.<\/p>\n<\/div>\n\t\t<\/div><\/div><\/div><\/div>","protected":false},"excerpt":{"rendered":"<p>2011-2020 El Programa de la Escuela de Nutrici\u00f3n y Diet\u00e9tica (ENyD) de la Universidad de la Rep\u00fablica sobre Seguridad Alimentaria y Nutricional para el Desarrollo Integral (ProSANDI) tiene como eje articulador esta tem\u00e1tica que es, hoy en d\u00eda, objeto de preocupaci\u00f3n y estudio en el mundo, especialmente en los pa\u00edses subdesarrollados, por ser considerada una&hellip;<\/p>\n","protected":false},"author":1,"featured_media":0,"parent":0,"menu_order":0,"comment_status":"closed","ping_status":"closed","template":"","meta":{"footnotes":""},"class_list":["post-1570","page","type-page","status-publish","hentry"],"yoast_head":"<!-- This site is optimized with the Yoast SEO plugin v24.9 - https:\/\/yoast.com\/wordpress\/plugins\/seo\/ -->\n<title>ProSANDI - Escuela de Nutrici\u00f3n<\/title>\n<meta name=\"robots\" content=\"index, follow, max-snippet:-1, max-image-preview:large, max-video-preview:-1\" \/>\n<link rel=\"canonical\" href=\"https:\/\/www.nutricion.edu.uy\/?page_id=1570\" \/>\n<meta property=\"og:locale\" content=\"es_ES\" \/>\n<meta property=\"og:type\" content=\"article\" \/>\n<meta property=\"og:title\" content=\"ProSANDI - Escuela de Nutrici\u00f3n\" \/>\n<meta property=\"og:description\" content=\"2011-2020 El Programa de la Escuela de Nutrici\u00f3n y Diet\u00e9tica (ENyD) de la Universidad de la Rep\u00fablica sobre Seguridad Alimentaria y Nutricional para el Desarrollo Integral (ProSANDI) tiene como eje articulador esta tem\u00e1tica que es, hoy en d\u00eda, objeto de preocupaci\u00f3n y estudio en el mundo, especialmente en los pa\u00edses subdesarrollados, por ser considerada una&hellip;\" \/>\n<meta property=\"og:url\" content=\"https:\/\/www.nutricion.edu.uy\/?page_id=1570\" \/>\n<meta property=\"og:site_name\" content=\"Escuela de Nutrici\u00f3n\" \/>\n<meta property=\"article:modified_time\" content=\"2024-01-12T18:50:24+00:00\" \/>\n<meta name=\"twitter:card\" content=\"summary_large_image\" \/>\n<meta name=\"twitter:label1\" content=\"Tiempo de lectura\" \/>\n\t<meta name=\"twitter:data1\" content=\"2 minutos\" \/>\n<script type=\"application\/ld+json\" class=\"yoast-schema-graph\">{\"@context\":\"https:\/\/schema.org\",\"@graph\":[{\"@type\":\"WebPage\",\"@id\":\"https:\/\/www.nutricion.edu.uy\/?page_id=1570\",\"url\":\"https:\/\/www.nutricion.edu.uy\/?page_id=1570\",\"name\":\"ProSANDI - Escuela de Nutrici\u00f3n\",\"isPartOf\":{\"@id\":\"https:\/\/www.nutricion.edu.uy\/#website\"},\"datePublished\":\"2019-09-23T15:42:04+00:00\",\"dateModified\":\"2024-01-12T18:50:24+00:00\",\"breadcrumb\":{\"@id\":\"https:\/\/www.nutricion.edu.uy\/?page_id=1570#breadcrumb\"},\"inLanguage\":\"es\",\"potentialAction\":[{\"@type\":\"ReadAction\",\"target\":[\"https:\/\/www.nutricion.edu.uy\/?page_id=1570\"]}]},{\"@type\":\"BreadcrumbList\",\"@id\":\"https:\/\/www.nutricion.edu.uy\/?page_id=1570#breadcrumb\",\"itemListElement\":[{\"@type\":\"ListItem\",\"position\":1,\"name\":\"Portada\",\"item\":\"https:\/\/www.nutricion.edu.uy\/\"},{\"@type\":\"ListItem\",\"position\":2,\"name\":\"ProSANDI\"}]},{\"@type\":\"WebSite\",\"@id\":\"https:\/\/www.nutricion.edu.uy\/#website\",\"url\":\"https:\/\/www.nutricion.edu.uy\/\",\"name\":\"Escuela de Nutrici\u00f3n\",\"description\":\"Universidad de la Rep\u00fablica\",\"publisher\":{\"@id\":\"https:\/\/www.nutricion.edu.uy\/#organization\"},\"potentialAction\":[{\"@type\":\"SearchAction\",\"target\":{\"@type\":\"EntryPoint\",\"urlTemplate\":\"https:\/\/www.nutricion.edu.uy\/?s={search_term_string}\"},\"query-input\":{\"@type\":\"PropertyValueSpecification\",\"valueRequired\":true,\"valueName\":\"search_term_string\"}}],\"inLanguage\":\"es\"},{\"@type\":\"Organization\",\"@id\":\"https:\/\/www.nutricion.edu.uy\/#organization\",\"name\":\"Escuela de Nutrici\u00f3n Udelar\",\"url\":\"https:\/\/www.nutricion.edu.uy\/\",\"logo\":{\"@type\":\"ImageObject\",\"inLanguage\":\"es\",\"@id\":\"https:\/\/www.nutricion.edu.uy\/#\/schema\/logo\/image\/\",\"url\":\"https:\/\/www.nutricion.edu.uy\/wp-content\/uploads\/2018\/01\/logo_escuela.png\",\"contentUrl\":\"https:\/\/www.nutricion.edu.uy\/wp-content\/uploads\/2018\/01\/logo_escuela.png\",\"width\":257,\"height\":70,\"caption\":\"Escuela de Nutrici\u00f3n Udelar\"},\"image\":{\"@id\":\"https:\/\/www.nutricion.edu.uy\/#\/schema\/logo\/image\/\"}}]}<\/script>\n<!-- \/ Yoast SEO plugin. -->","yoast_head_json":{"title":"ProSANDI - Escuela de Nutrici\u00f3n","robots":{"index":"index","follow":"follow","max-snippet":"max-snippet:-1","max-image-preview":"max-image-preview:large","max-video-preview":"max-video-preview:-1"},"canonical":"https:\/\/www.nutricion.edu.uy\/?page_id=1570","og_locale":"es_ES","og_type":"article","og_title":"ProSANDI - Escuela de Nutrici\u00f3n","og_description":"2011-2020 El Programa de la Escuela de Nutrici\u00f3n y Diet\u00e9tica (ENyD) de la Universidad de la Rep\u00fablica sobre Seguridad Alimentaria y Nutricional para el Desarrollo Integral (ProSANDI) tiene como eje articulador esta tem\u00e1tica que es, hoy en d\u00eda, objeto de preocupaci\u00f3n y estudio en el mundo, especialmente en los pa\u00edses subdesarrollados, por ser considerada una&hellip;","og_url":"https:\/\/www.nutricion.edu.uy\/?page_id=1570","og_site_name":"Escuela de Nutrici\u00f3n","article_modified_time":"2024-01-12T18:50:24+00:00","twitter_card":"summary_large_image","twitter_misc":{"Tiempo de lectura":"2 minutos"},"schema":{"@context":"https:\/\/schema.org","@graph":[{"@type":"WebPage","@id":"https:\/\/www.nutricion.edu.uy\/?page_id=1570","url":"https:\/\/www.nutricion.edu.uy\/?page_id=1570","name":"ProSANDI - Escuela de Nutrici\u00f3n","isPartOf":{"@id":"https:\/\/www.nutricion.edu.uy\/#website"},"datePublished":"2019-09-23T15:42:04+00:00","dateModified":"2024-01-12T18:50:24+00:00","breadcrumb":{"@id":"https:\/\/www.nutricion.edu.uy\/?page_id=1570#breadcrumb"},"inLanguage":"es","potentialAction":[{"@type":"ReadAction","target":["https:\/\/www.nutricion.edu.uy\/?page_id=1570"]}]},{"@type":"BreadcrumbList","@id":"https:\/\/www.nutricion.edu.uy\/?page_id=1570#breadcrumb","itemListElement":[{"@type":"ListItem","position":1,"name":"Portada","item":"https:\/\/www.nutricion.edu.uy\/"},{"@type":"ListItem","position":2,"name":"ProSANDI"}]},{"@type":"WebSite","@id":"https:\/\/www.nutricion.edu.uy\/#website","url":"https:\/\/www.nutricion.edu.uy\/","name":"Escuela de Nutrici\u00f3n","description":"Universidad de la Rep\u00fablica","publisher":{"@id":"https:\/\/www.nutricion.edu.uy\/#organization"},"potentialAction":[{"@type":"SearchAction","target":{"@type":"EntryPoint","urlTemplate":"https:\/\/www.nutricion.edu.uy\/?s={search_term_string}"},"query-input":{"@type":"PropertyValueSpecification","valueRequired":true,"valueName":"search_term_string"}}],"inLanguage":"es"},{"@type":"Organization","@id":"https:\/\/www.nutricion.edu.uy\/#organization","name":"Escuela de Nutrici\u00f3n Udelar","url":"https:\/\/www.nutricion.edu.uy\/","logo":{"@type":"ImageObject","inLanguage":"es","@id":"https:\/\/www.nutricion.edu.uy\/#\/schema\/logo\/image\/","url":"https:\/\/www.nutricion.edu.uy\/wp-content\/uploads\/2018\/01\/logo_escuela.png","contentUrl":"https:\/\/www.nutricion.edu.uy\/wp-content\/uploads\/2018\/01\/logo_escuela.png","width":257,"height":70,"caption":"Escuela de Nutrici\u00f3n Udelar"},"image":{"@id":"https:\/\/www.nutricion.edu.uy\/#\/schema\/logo\/image\/"}}]}},"_links":{"self":[{"href":"https:\/\/www.nutricion.edu.uy\/index.php?rest_route=\/wp\/v2\/pages\/1570","targetHints":{"allow":["GET"]}}],"collection":[{"href":"https:\/\/www.nutricion.edu.uy\/index.php?rest_route=\/wp\/v2\/pages"}],"about":[{"href":"https:\/\/www.nutricion.edu.uy\/index.php?rest_route=\/wp\/v2\/types\/page"}],"author":[{"embeddable":true,"href":"https:\/\/www.nutricion.edu.uy\/index.php?rest_route=\/wp\/v2\/users\/1"}],"replies":[{"embeddable":true,"href":"https:\/\/www.nutricion.edu.uy\/index.php?rest_route=%2Fwp%2Fv2%2Fcomments&post=1570"}],"version-history":[{"count":1,"href":"https:\/\/www.nutricion.edu.uy\/index.php?rest_route=\/wp\/v2\/pages\/1570\/revisions"}],"predecessor-version":[{"id":10946,"href":"https:\/\/www.nutricion.edu.uy\/index.php?rest_route=\/wp\/v2\/pages\/1570\/revisions\/10946"}],"wp:attachment":[{"href":"https:\/\/www.nutricion.edu.uy\/index.php?rest_route=%2Fwp%2Fv2%2Fmedia&parent=1570"}],"curies":[{"name":"wp","href":"https:\/\/api.w.org\/{rel}","templated":true}]}}