{"id":1605,"date":"2019-09-25T19:47:02","date_gmt":"2019-09-25T19:47:02","guid":{"rendered":"http:\/\/germnd4.sg-host.com\/?page_id=1605"},"modified":"2021-03-10T13:00:04","modified_gmt":"2021-03-10T16:00:04","slug":"plan-1998","status":"publish","type":"page","link":"https:\/\/www.nutricion.edu.uy\/?page_id=1605","title":{"rendered":"Plan 1998"},"content":{"rendered":"<div id=\"pl-1605\"  class=\"panel-layout\" ><div id=\"pg-1605-0\"  class=\"panel-grid panel-no-style\" ><div id=\"pgc-1605-0-0\"  class=\"panel-grid-cell panel-grid-cell-empty\" ><\/div><div id=\"pgc-1605-0-1\"  class=\"panel-grid-cell\" ><div id=\"panel-1605-0-1-0\" class=\"so-panel widget widget_text panel-first-child panel-last-child\" data-index=\"0\" ><h3 class=\"widget-title\">Plan de Estudios 1998<\/h3>\t\t\t<div class=\"textwidget\"><\/div>\n\t\t<\/div><\/div><div id=\"pgc-1605-0-2\"  class=\"panel-grid-cell panel-grid-cell-mobile-last\" ><div id=\"panel-1605-0-2-0\" class=\"so-panel widget widget_sow-button panel-first-child panel-last-child\" data-index=\"1\" ><div\n\t\t\t\n\t\t\tclass=\"so-widget-sow-button so-widget-sow-button-flat-b90bff0f4581-1605\"\n\t\t\t\n\t\t><div class=\"ow-button-base ow-button-align-center\"\n>\n\t\t\t<a\n\t\t\t\t\thref=\"\/wp-content\/uploads\/2019\/09\/Plan-de-Estudios-1998.pdf\"\n\t\t\t\t\tclass=\"sowb-button ow-icon-placement-left ow-button-hover\" target=\"_blank\" rel=\"noopener noreferrer\" \t>\n\t\t<span>\n\t\t\t<span class=\"sow-icon-fontawesome sow-far\" data-sow-icon=\"&#xf1c1;\"\n\t\tstyle=\"\" \n\t\taria-hidden=\"true\"><\/span>\n\t\t\tDescargar\t\t<\/span>\n\t\t\t<\/a>\n\t<\/div>\n<\/div><\/div><\/div><div id=\"pgc-1605-0-3\"  class=\"panel-grid-cell panel-grid-cell-empty\" ><\/div><\/div><div id=\"pg-1605-1\"  class=\"panel-grid panel-no-style\" ><div id=\"pgc-1605-1-0\"  class=\"panel-grid-cell\" ><div id=\"panel-1605-1-0-0\" class=\"so-panel widget widget_text panel-first-child panel-last-child\" data-index=\"2\" >\t\t\t<div class=\"textwidget\"><a href=\"\/wp-content\/uploads\/2019\/09\/Plan-de-Estudios-1998.pdf\" class=\"pdfemb-viewer\" style=\"\" data-width=\"max\" data-height=\"max\" data-toolbar=\"bottom\" data-toolbar-fixed=\"off\">Plan-de-Estudios-1998<\/a>\n<\/div>\n\t\t<\/div><\/div><\/div><div id=\"pg-1605-2\"  class=\"panel-grid panel-no-style\" ><div id=\"pgc-1605-2-0\"  class=\"panel-grid-cell panel-grid-cell-empty\" ><\/div><div id=\"pgc-1605-2-1\"  class=\"panel-grid-cell\" ><div id=\"panel-1605-2-1-0\" class=\"so-panel widget widget_text panel-first-child panel-last-child\" data-index=\"3\" ><h3 class=\"widget-title\">Reglamento plan 1998<\/h3>\t\t\t<div class=\"textwidget\"><\/div>\n\t\t<\/div><\/div><div id=\"pgc-1605-2-2\"  class=\"panel-grid-cell panel-grid-cell-mobile-last\" ><div id=\"panel-1605-2-2-0\" class=\"so-panel widget widget_sow-button panel-first-child panel-last-child\" data-index=\"4\" ><div\n\t\t\t\n\t\t\tclass=\"so-widget-sow-button so-widget-sow-button-flat-b90bff0f4581-1605\"\n\t\t\t\n\t\t><div class=\"ow-button-base ow-button-align-center\"\n>\n\t\t\t<a\n\t\t\t\t\thref=\"\/wp-content\/uploads\/2019\/09\/Reglamento-P98.pdf\"\n\t\t\t\t\tclass=\"sowb-button ow-icon-placement-left ow-button-hover\" target=\"_blank\" rel=\"noopener noreferrer\" \t>\n\t\t<span>\n\t\t\t<span class=\"sow-icon-fontawesome sow-far\" data-sow-icon=\"&#xf1c1;\"\n\t\tstyle=\"\" \n\t\taria-hidden=\"true\"><\/span>\n\t\t\tDescargar\t\t<\/span>\n\t\t\t<\/a>\n\t<\/div>\n<\/div><\/div><\/div><div id=\"pgc-1605-2-3\"  class=\"panel-grid-cell panel-grid-cell-empty\" ><\/div><\/div><div id=\"pg-1605-3\"  class=\"panel-grid panel-no-style\" ><div id=\"pgc-1605-3-0\"  class=\"panel-grid-cell\" ><div id=\"panel-1605-3-0-0\" class=\"so-panel widget widget_text panel-first-child panel-last-child\" data-index=\"5\" >\t\t\t<div class=\"textwidget\"><a href=\"\/wp-content\/uploads\/2019\/09\/Reglamento-P98.pdf\" class=\"pdfemb-viewer\" style=\"\" data-width=\"max\" data-height=\"max\" data-toolbar=\"bottom\" data-toolbar-fixed=\"off\">Reglamento-P98<\/a>\n<\/div>\n\t\t<\/div><\/div><\/div><div id=\"pg-1605-4\"  class=\"panel-grid panel-no-style\" ><div id=\"pgc-1605-4-0\"  class=\"panel-grid-cell panel-grid-cell-empty\" ><\/div><div id=\"pgc-1605-4-1\"  class=\"panel-grid-cell\" ><div id=\"panel-1605-4-1-0\" class=\"so-panel widget widget_text panel-first-child panel-last-child\" data-index=\"6\" ><h3 class=\"widget-title\">Complemento del Reglamento plan 1998<\/h3>\t\t\t<div class=\"textwidget\"><\/div>\n\t\t<\/div><\/div><div id=\"pgc-1605-4-2\"  class=\"panel-grid-cell panel-grid-cell-mobile-last\" ><div id=\"panel-1605-4-2-0\" class=\"so-panel widget widget_sow-button panel-first-child panel-last-child\" data-index=\"7\" ><div\n\t\t\t\n\t\t\tclass=\"so-widget-sow-button so-widget-sow-button-flat-b90bff0f4581-1605\"\n\t\t\t\n\t\t><div class=\"ow-button-base ow-button-align-center\"\n>\n\t\t\t<a\n\t\t\t\t\thref=\"\/wp-content\/uploads\/2019\/09\/Complementarias98.pdf\"\n\t\t\t\t\tclass=\"sowb-button ow-icon-placement-left ow-button-hover\" target=\"_blank\" rel=\"noopener noreferrer\" \t>\n\t\t<span>\n\t\t\t<span class=\"sow-icon-fontawesome sow-far\" data-sow-icon=\"&#xf1c1;\"\n\t\tstyle=\"\" \n\t\taria-hidden=\"true\"><\/span>\n\t\t\tDescargar\t\t<\/span>\n\t\t\t<\/a>\n\t<\/div>\n<\/div><\/div><\/div><div id=\"pgc-1605-4-3\"  class=\"panel-grid-cell panel-grid-cell-empty\" ><\/div><\/div><div id=\"pg-1605-5\"  class=\"panel-grid panel-no-style\" ><div id=\"pgc-1605-5-0\"  class=\"panel-grid-cell\" ><div id=\"panel-1605-5-0-0\" class=\"so-panel widget widget_text panel-first-child\" data-index=\"8\" >\t\t\t<div class=\"textwidget\"><a href=\"\/wp-content\/uploads\/2019\/09\/Complementarias98.pdf\" class=\"pdfemb-viewer\" style=\"\" data-width=\"max\" data-height=\"max\" data-toolbar=\"bottom\" data-toolbar-fixed=\"off\">Complementarias98<\/a>\n<\/div>\n\t\t<\/div><div id=\"panel-1605-5-0-1\" class=\"so-panel widget widget_text panel-last-child\" data-index=\"9\" ><h3 class=\"widget-title\">Plan de Estudios 1998<\/h3>\t\t\t<div class=\"textwidget\">\n<table id=\"tablepress-27\" class=\"tablepress tablepress-id-27\">\n<thead>\n<tr class=\"row-1 odd\">\n\t<th class=\"column-1\">Grilla Plan 1998<\/th><th class=\"column-2\"><a href=\"https:\/\/www.nutricion.edu.uy\/wp-content\/uploads\/2021\/03\/Grilla-Plan-98-librito.jpeg\">Descargar<\/a><\/th>\n<\/tr>\n<\/thead>\n<tbody class=\"row-hover\">\n<tr class=\"row-2 even\">\n\t<td class=\"column-1\">Microbiolog\u00eda alimentaria<\/td><td class=\"column-2\"><a href=\"https:\/\/www.nutricion.edu.uy\/wp-content\/uploads\/2020\/10\/Microbiologia-alimentaria.pdf\" rel=\"noopener\" target=\"_blank\">Descargar <\/a><\/td>\n<\/tr>\n<tr class=\"row-3 odd\">\n\t<td class=\"column-1\">Qu\u00edmica<\/td><td class=\"column-2\"><a href=\"https:\/\/www.nutricion.edu.uy\/wp-content\/uploads\/2020\/10\/4-Quimica.pdf\" rel=\"noopener\" target=\"_blank\">Descargar<\/a><\/td>\n<\/tr>\n<tr class=\"row-4 even\">\n\t<td class=\"column-1\">Seminario Metodolog\u00eda cient\u00edfica<\/td><td class=\"column-2\"><a href=\"https:\/\/www.nutricion.edu.uy\/wp-content\/uploads\/2020\/10\/3-Seminario-Metodologia-cientifica.pdf\" rel=\"noopener\" target=\"_blank\">Descargar<\/a><\/td>\n<\/tr>\n<tr class=\"row-5 odd\">\n\t<td class=\"column-1\">Producci\u00f3n de alimentos<\/td><td class=\"column-2\"><a href=\"https:\/\/www.nutricion.edu.uy\/wp-content\/uploads\/2020\/10\/2-Produccion-de-alimentos.pdf\" rel=\"noopener\" target=\"_blank\">Descargar<\/a><\/td>\n<\/tr>\n<tr class=\"row-6 even\">\n\t<td class=\"column-1\">Seminario Historia de la alimentaci\u00f3n<\/td><td class=\"column-2\"><a href=\"https:\/\/www.nutricion.edu.uy\/wp-content\/uploads\/2020\/10\/1-Seminario-Historia-de-la-alimentacion.pdf\" rel=\"noopener\" target=\"_blank\">Descargar<\/a><\/td>\n<\/tr>\n<tr class=\"row-7 odd\">\n\t<td class=\"column-1\">El proceso de aprendizaje<\/td><td class=\"column-2\"><a href=\"https:\/\/www.nutricion.edu.uy\/wp-content\/uploads\/2020\/10\/5-El-proceso-de-aprendizaje.pdf\" rel=\"noopener\" target=\"_blank\">Descargar<\/a><\/td>\n<\/tr>\n<tr class=\"row-8 even\">\n\t<td class=\"column-1\">Individuo y sociedad<\/td><td class=\"column-2\"><a href=\"https:\/\/www.nutricion.edu.uy\/wp-content\/uploads\/2020\/10\/6-Individuo-y-sociedad.pdf\" rel=\"noopener\" target=\"_blank\">Descargar<\/a><\/td>\n<\/tr>\n<tr class=\"row-9 odd\">\n\t<td class=\"column-1\">Estructura celular y tisular<\/td><td class=\"column-2\"><a href=\"https:\/\/www.nutricion.edu.uy\/wp-content\/uploads\/2020\/10\/7-Estructura-celular-y-tisular.pdf\" rel=\"noopener\" target=\"_blank\">Descargar<\/a><\/td>\n<\/tr>\n<tr class=\"row-10 even\">\n\t<td class=\"column-1\">Qu\u00edmica de los alimentos<\/td><td class=\"column-2\"><a href=\"https:\/\/www.nutricion.edu.uy\/wp-content\/uploads\/2020\/10\/8-Quimica-de-los-alimentos.pdf\" rel=\"noopener\" target=\"_blank\">Descargar<\/a><\/td>\n<\/tr>\n<tr class=\"row-11 odd\">\n\t<td class=\"column-1\">Microbiolog\u00eda I<\/td><td class=\"column-2\"><a href=\"https:\/\/www.nutricion.edu.uy\/wp-content\/uploads\/2020\/10\/10-Microbiologia-I.pdf\" rel=\"noopener\" target=\"_blank\">Descargar<\/a><\/td>\n<\/tr>\n<tr class=\"row-12 even\">\n\t<td class=\"column-1\">Bromatolog\u00eda<\/td><td class=\"column-2\"><a href=\"https:\/\/www.nutricion.edu.uy\/wp-content\/uploads\/2020\/10\/9-Bromatologia.pdf\" rel=\"noopener\" target=\"_blank\">Descargar<\/a><\/td>\n<\/tr>\n<tr class=\"row-13 odd\">\n\t<td class=\"column-1\">Aparatos y sistemas II<\/td><td class=\"column-2\"><a href=\"https:\/\/www.nutricion.edu.uy\/wp-content\/uploads\/2020\/10\/12-Aparatos-y-sistemas-II.pdf\" rel=\"noopener\" target=\"_blank\">Descargar<\/a><\/td>\n<\/tr>\n<tr class=\"row-14 even\">\n\t<td class=\"column-1\">Aparatos y sistemas I<\/td><td class=\"column-2\"><a href=\"https:\/\/www.nutricion.edu.uy\/wp-content\/uploads\/2020\/10\/11-Aparatos-y-sistemas-I.pdf\" rel=\"noopener\" target=\"_blank\">Descargar<\/a><\/td>\n<\/tr>\n<tr class=\"row-15 odd\">\n\t<td class=\"column-1\">Tecnolog\u00eda de los alimentos<\/td><td class=\"column-2\"><a href=\"https:\/\/www.nutricion.edu.uy\/wp-content\/uploads\/2020\/10\/16-Tecnologia-de-los-alimentos.pdf\" rel=\"noopener\" target=\"_blank\">Descargar<\/a><\/td>\n<\/tr>\n<tr class=\"row-16 even\">\n\t<td class=\"column-1\">Bioqu\u00edmica<\/td><td class=\"column-2\"><a href=\"https:\/\/www.nutricion.edu.uy\/wp-content\/uploads\/2020\/10\/17-Bioquimica.pdf\" rel=\"noopener\" target=\"_blank\">Descargar<\/a><\/td>\n<\/tr>\n<tr class=\"row-17 odd\">\n\t<td class=\"column-1\">Seminario Enfoque<\/td><td class=\"column-2\"><a href=\"https:\/\/www.nutricion.edu.uy\/wp-content\/uploads\/2020\/10\/18-Seminario-Enfoque.pdf\" rel=\"noopener\" target=\"_blank\">Descargar<\/a><\/td>\n<\/tr>\n<tr class=\"row-18 even\">\n\t<td class=\"column-1\">Microbiolog\u00eda II<\/td><td class=\"column-2\"><a href=\"https:\/\/www.nutricion.edu.uy\/wp-content\/uploads\/2020\/10\/15-Microbiologia-II.pdf\" rel=\"noopener\" target=\"_blank\">Descargar<\/a><\/td>\n<\/tr>\n<tr class=\"row-19 odd\">\n\t<td class=\"column-1\">Nutrici\u00f3n b\u00e1sica<\/td><td class=\"column-2\"><a href=\"https:\/\/www.nutricion.edu.uy\/wp-content\/uploads\/2020\/10\/19-Nutricion-basica.pdf\" rel=\"noopener\" target=\"_blank\">Descargar<\/a><\/td>\n<\/tr>\n<tr class=\"row-20 even\">\n\t<td class=\"column-1\">Nutrici\u00f3n poblacional I<\/td><td class=\"column-2\"><a href=\"https:\/\/www.nutricion.edu.uy\/wp-content\/uploads\/2020\/10\/20-Nutricion-poblacional-I.pdf\" rel=\"noopener\" target=\"_blank\">Descargar<\/a><\/td>\n<\/tr>\n<tr class=\"row-21 odd\">\n\t<td class=\"column-1\">Bioestad\u00edstica<\/td><td class=\"column-2\"><a href=\"https:\/\/www.nutricion.edu.uy\/wp-content\/uploads\/2020\/10\/21-Bioestadistica.pdf\" rel=\"noopener\" target=\"_blank\">Descargar<\/a><\/td>\n<\/tr>\n<tr class=\"row-22 even\">\n\t<td class=\"column-1\">Taller Plan de alimentaci\u00f3n<\/td><td class=\"column-2\"><a href=\"https:\/\/www.nutricion.edu.uy\/wp-content\/uploads\/2020\/10\/22-Taller-Plan-de-alimentacion.pdf\" rel=\"noopener\" target=\"_blank\">Descargar<\/a><\/td>\n<\/tr>\n<tr class=\"row-23 odd\">\n\t<td class=\"column-1\">Taller VEN<\/td><td class=\"column-2\"><a href=\"https:\/\/www.nutricion.edu.uy\/wp-content\/uploads\/2020\/10\/23-Taller-VEN.pdf\" rel=\"noopener\" target=\"_blank\">Descargar<\/a><\/td>\n<\/tr>\n<tr class=\"row-24 even\">\n\t<td class=\"column-1\">Nutrici\u00f3n en el ciclo vital<\/td><td class=\"column-2\"><a href=\"https:\/\/www.nutricion.edu.uy\/wp-content\/uploads\/2020\/10\/24-Nutricion-en-el-ciclo-vital.pdf\" rel=\"noopener\" target=\"_blank\">Descargar<\/a><\/td>\n<\/tr>\n<tr class=\"row-25 odd\">\n\t<td class=\"column-1\">Taller Gesti\u00f3n<\/td><td class=\"column-2\"><a href=\"https:\/\/www.nutricion.edu.uy\/wp-content\/uploads\/2020\/10\/32-Taller-Gestion.pdf\" rel=\"noopener\" target=\"_blank\">Descargar<\/a><\/td>\n<\/tr>\n<tr class=\"row-26 even\">\n\t<td class=\"column-1\">Adm. en salud p\u00fablica y en servicios<\/td><td class=\"column-2\"><a href=\"https:\/\/www.nutricion.edu.uy\/wp-content\/uploads\/2020\/10\/31-Adm.-en-salud-publica-y-en-servicios.pdf\" rel=\"noopener\" target=\"_blank\">Descargar<\/a><\/td>\n<\/tr>\n<tr class=\"row-27 odd\">\n\t<td class=\"column-1\">Nutrici\u00f3n infantil<\/td><td class=\"column-2\"><a href=\"https:\/\/www.nutricion.edu.uy\/wp-content\/uploads\/2020\/10\/30-Nutricion-infantil.pdf\" rel=\"noopener\" target=\"_blank\">Descargar<\/a><\/td>\n<\/tr>\n<tr class=\"row-28 even\">\n\t<td class=\"column-1\">Taller de \u00c9tica<\/td><td class=\"column-2\"><a href=\"https:\/\/www.nutricion.edu.uy\/wp-content\/uploads\/2020\/10\/29-Taller-de-Etica.pdf\" rel=\"noopener\" target=\"_blank\">Descargar<\/a><\/td>\n<\/tr>\n<tr class=\"row-29 odd\">\n\t<td class=\"column-1\">Administraci\u00f3n general<\/td><td class=\"column-2\"><a href=\"https:\/\/www.nutricion.edu.uy\/wp-content\/uploads\/2020\/10\/27-Administracion-general.pdf\" rel=\"noopener\" target=\"_blank\">Descargar<\/a><\/td>\n<\/tr>\n<tr class=\"row-30 even\">\n\t<td class=\"column-1\">Psicolog\u00eda y educaci\u00f3n<\/td><td class=\"column-2\"><a href=\"https:\/\/www.nutricion.edu.uy\/wp-content\/uploads\/2020\/10\/25-Psicologia-y-educacion.pdf\" rel=\"noopener\" target=\"_blank\">Descargar<\/a><\/td>\n<\/tr>\n<tr class=\"row-31 odd\">\n\t<td class=\"column-1\">Educaci\u00f3n alimentario nutricional<\/td><td class=\"column-2\"><a href=\"https:\/\/www.nutricion.edu.uy\/wp-content\/uploads\/2020\/10\/36-Educacion-alimentario-nutricional.pdf\" rel=\"noopener\" target=\"_blank\">Descargar<\/a><\/td>\n<\/tr>\n<tr class=\"row-32 even\">\n\t<td class=\"column-1\">Nutrici\u00f3n poblacional II<\/td><td class=\"column-2\"><a href=\"https:\/\/www.nutricion.edu.uy\/wp-content\/uploads\/2020\/10\/35-Nutricion-poblacional-II.pdf\" rel=\"noopener\" target=\"_blank\">Descargar<\/a><\/td>\n<\/tr>\n<tr class=\"row-33 odd\">\n\t<td class=\"column-1\">Alimentos modificados<\/td><td class=\"column-2\"><a href=\"https:\/\/www.nutricion.edu.uy\/wp-content\/uploads\/2020\/10\/34-Alimentos-modificados.pdf\" rel=\"noopener\" target=\"_blank\">Descargar<\/a><\/td>\n<\/tr>\n<tr class=\"row-34 even\">\n\t<td class=\"column-1\">Epidemiolog\u00eda aplicada<\/td><td class=\"column-2\"><a href=\"https:\/\/www.nutricion.edu.uy\/wp-content\/uploads\/2020\/10\/33-Epidemiologia-aplicada.pdf\" rel=\"noopener\" target=\"_blank\">Descargar<\/a><\/td>\n<\/tr>\n<tr class=\"row-35 odd\">\n\t<td class=\"column-1\">\u00c1mbito territorial<\/td><td class=\"column-2\"><a href=\"https:\/\/www.nutricion.edu.uy\/wp-content\/uploads\/2020\/10\/39-Ambito-territorial.pdf\" rel=\"noopener\" target=\"_blank\">Descargar<\/a><\/td>\n<\/tr>\n<tr class=\"row-36 even\">\n\t<td class=\"column-1\">Nutrici\u00f3n en Enfermedades Medicas y Quir\u00fargicas (NEMyQ) <\/td><td class=\"column-2\"><a href=\"https:\/\/www.nutricion.edu.uy\/wp-content\/uploads\/2021\/03\/Programa-NEMYQ.pdf\">Descargar<\/a><\/td>\n<\/tr>\n<tr class=\"row-37 odd\">\n\t<td class=\"column-1\">Preparaci\u00f3n experimental de alimentos<\/td><td class=\"column-2\"><a href=\"https:\/\/www.nutricion.edu.uy\/wp-content\/uploads\/2021\/03\/Programa-Preparacio\u0301n-exp-de-alimentos.pdf\">Descargar<\/a><\/td>\n<\/tr>\n<tr class=\"row-38 even\">\n\t<td class=\"column-1\">Seminario: Familia y Cotidianidad<\/td><td class=\"column-2\"><a href=\"https:\/\/www.nutricion.edu.uy\/wp-content\/uploads\/2021\/03\/ProgramaFamiliaYCot98.pdf\">Descargar<\/a><\/td>\n<\/tr>\n<tr class=\"row-39 odd\">\n\t<td class=\"column-1\">Taller Proyectos para la inserci\u00f3n laboral <\/td><td class=\"column-2\"><a href=\"https:\/\/www.nutricion.edu.uy\/wp-content\/uploads\/2021\/03\/ProgramaTProyectos98.pdf\">Descargar<\/a><\/td>\n<\/tr>\n<\/tbody>\n<\/table>\n<!-- #tablepress-27 from cache -->\n<\/div>\n\t\t<\/div><\/div><\/div><\/div>","protected":false},"excerpt":{"rendered":"<p>Plan de Estudios 1998 Descargar Plan-de-Estudios-1998 Reglamento plan 1998 Descargar Reglamento-P98 Complemento del Reglamento plan 1998 Descargar Complementarias98 Plan de Estudios 1998 Grilla Plan 1998Descargar Microbiolog\u00eda alimentariaDescargar Qu\u00edmicaDescargar Seminario Metodolog\u00eda cient\u00edficaDescargar Producci\u00f3n de alimentosDescargar Seminario Historia de la alimentaci\u00f3nDescargar El proceso de aprendizajeDescargar Individuo y sociedadDescargar Estructura celular y tisularDescargar Qu\u00edmica de los alimentosDescargar Microbiolog\u00eda&hellip;<\/p>\n","protected":false},"author":1,"featured_media":0,"parent":0,"menu_order":0,"comment_status":"closed","ping_status":"closed","template":"","meta":{"footnotes":""},"class_list":["post-1605","page","type-page","status-publish","hentry"],"yoast_head":"<!-- This site is optimized with the Yoast SEO plugin v24.9 - https:\/\/yoast.com\/wordpress\/plugins\/seo\/ -->\n<title>Plan 1998 - Escuela de Nutrici\u00f3n<\/title>\n<meta name=\"robots\" content=\"index, follow, max-snippet:-1, max-image-preview:large, max-video-preview:-1\" \/>\n<link rel=\"canonical\" href=\"https:\/\/www.nutricion.edu.uy\/?page_id=1605\" \/>\n<meta property=\"og:locale\" content=\"es_ES\" \/>\n<meta property=\"og:type\" content=\"article\" \/>\n<meta property=\"og:title\" content=\"Plan 1998 - Escuela de Nutrici\u00f3n\" \/>\n<meta property=\"og:description\" content=\"Plan de Estudios 1998 Descargar Plan-de-Estudios-1998 Reglamento plan 1998 Descargar Reglamento-P98 Complemento del Reglamento plan 1998 Descargar Complementarias98 Plan de Estudios 1998 Grilla Plan 1998Descargar Microbiolog\u00eda alimentariaDescargar Qu\u00edmicaDescargar Seminario Metodolog\u00eda cient\u00edficaDescargar Producci\u00f3n de alimentosDescargar Seminario Historia de la alimentaci\u00f3nDescargar El proceso de aprendizajeDescargar Individuo y sociedadDescargar Estructura celular y tisularDescargar Qu\u00edmica de los alimentosDescargar Microbiolog\u00eda&hellip;\" \/>\n<meta property=\"og:url\" content=\"https:\/\/www.nutricion.edu.uy\/?page_id=1605\" \/>\n<meta property=\"og:site_name\" content=\"Escuela de Nutrici\u00f3n\" \/>\n<meta property=\"article:modified_time\" content=\"2021-03-10T16:00:04+00:00\" \/>\n<meta name=\"twitter:card\" content=\"summary_large_image\" \/>\n<script type=\"application\/ld+json\" class=\"yoast-schema-graph\">{\"@context\":\"https:\/\/schema.org\",\"@graph\":[{\"@type\":\"WebPage\",\"@id\":\"https:\/\/www.nutricion.edu.uy\/?page_id=1605\",\"url\":\"https:\/\/www.nutricion.edu.uy\/?page_id=1605\",\"name\":\"Plan 1998 - Escuela de Nutrici\u00f3n\",\"isPartOf\":{\"@id\":\"https:\/\/www.nutricion.edu.uy\/#website\"},\"datePublished\":\"2019-09-25T19:47:02+00:00\",\"dateModified\":\"2021-03-10T16:00:04+00:00\",\"breadcrumb\":{\"@id\":\"https:\/\/www.nutricion.edu.uy\/?page_id=1605#breadcrumb\"},\"inLanguage\":\"es\",\"potentialAction\":[{\"@type\":\"ReadAction\",\"target\":[\"https:\/\/www.nutricion.edu.uy\/?page_id=1605\"]}]},{\"@type\":\"BreadcrumbList\",\"@id\":\"https:\/\/www.nutricion.edu.uy\/?page_id=1605#breadcrumb\",\"itemListElement\":[{\"@type\":\"ListItem\",\"position\":1,\"name\":\"Portada\",\"item\":\"https:\/\/www.nutricion.edu.uy\/\"},{\"@type\":\"ListItem\",\"position\":2,\"name\":\"Plan 1998\"}]},{\"@type\":\"WebSite\",\"@id\":\"https:\/\/www.nutricion.edu.uy\/#website\",\"url\":\"https:\/\/www.nutricion.edu.uy\/\",\"name\":\"Escuela de Nutrici\u00f3n\",\"description\":\"Universidad de la Rep\u00fablica\",\"publisher\":{\"@id\":\"https:\/\/www.nutricion.edu.uy\/#organization\"},\"potentialAction\":[{\"@type\":\"SearchAction\",\"target\":{\"@type\":\"EntryPoint\",\"urlTemplate\":\"https:\/\/www.nutricion.edu.uy\/?s={search_term_string}\"},\"query-input\":{\"@type\":\"PropertyValueSpecification\",\"valueRequired\":true,\"valueName\":\"search_term_string\"}}],\"inLanguage\":\"es\"},{\"@type\":\"Organization\",\"@id\":\"https:\/\/www.nutricion.edu.uy\/#organization\",\"name\":\"Escuela de Nutrici\u00f3n Udelar\",\"url\":\"https:\/\/www.nutricion.edu.uy\/\",\"logo\":{\"@type\":\"ImageObject\",\"inLanguage\":\"es\",\"@id\":\"https:\/\/www.nutricion.edu.uy\/#\/schema\/logo\/image\/\",\"url\":\"https:\/\/www.nutricion.edu.uy\/wp-content\/uploads\/2018\/01\/logo_escuela.png\",\"contentUrl\":\"https:\/\/www.nutricion.edu.uy\/wp-content\/uploads\/2018\/01\/logo_escuela.png\",\"width\":257,\"height\":70,\"caption\":\"Escuela de Nutrici\u00f3n Udelar\"},\"image\":{\"@id\":\"https:\/\/www.nutricion.edu.uy\/#\/schema\/logo\/image\/\"}}]}<\/script>\n<!-- \/ Yoast SEO plugin. -->","yoast_head_json":{"title":"Plan 1998 - Escuela de Nutrici\u00f3n","robots":{"index":"index","follow":"follow","max-snippet":"max-snippet:-1","max-image-preview":"max-image-preview:large","max-video-preview":"max-video-preview:-1"},"canonical":"https:\/\/www.nutricion.edu.uy\/?page_id=1605","og_locale":"es_ES","og_type":"article","og_title":"Plan 1998 - Escuela de Nutrici\u00f3n","og_description":"Plan de Estudios 1998 Descargar Plan-de-Estudios-1998 Reglamento plan 1998 Descargar Reglamento-P98 Complemento del Reglamento plan 1998 Descargar Complementarias98 Plan de Estudios 1998 Grilla Plan 1998Descargar Microbiolog\u00eda alimentariaDescargar Qu\u00edmicaDescargar Seminario Metodolog\u00eda cient\u00edficaDescargar Producci\u00f3n de alimentosDescargar Seminario Historia de la alimentaci\u00f3nDescargar El proceso de aprendizajeDescargar Individuo y sociedadDescargar Estructura celular y tisularDescargar Qu\u00edmica de los alimentosDescargar Microbiolog\u00eda&hellip;","og_url":"https:\/\/www.nutricion.edu.uy\/?page_id=1605","og_site_name":"Escuela de Nutrici\u00f3n","article_modified_time":"2021-03-10T16:00:04+00:00","twitter_card":"summary_large_image","schema":{"@context":"https:\/\/schema.org","@graph":[{"@type":"WebPage","@id":"https:\/\/www.nutricion.edu.uy\/?page_id=1605","url":"https:\/\/www.nutricion.edu.uy\/?page_id=1605","name":"Plan 1998 - Escuela de Nutrici\u00f3n","isPartOf":{"@id":"https:\/\/www.nutricion.edu.uy\/#website"},"datePublished":"2019-09-25T19:47:02+00:00","dateModified":"2021-03-10T16:00:04+00:00","breadcrumb":{"@id":"https:\/\/www.nutricion.edu.uy\/?page_id=1605#breadcrumb"},"inLanguage":"es","potentialAction":[{"@type":"ReadAction","target":["https:\/\/www.nutricion.edu.uy\/?page_id=1605"]}]},{"@type":"BreadcrumbList","@id":"https:\/\/www.nutricion.edu.uy\/?page_id=1605#breadcrumb","itemListElement":[{"@type":"ListItem","position":1,"name":"Portada","item":"https:\/\/www.nutricion.edu.uy\/"},{"@type":"ListItem","position":2,"name":"Plan 1998"}]},{"@type":"WebSite","@id":"https:\/\/www.nutricion.edu.uy\/#website","url":"https:\/\/www.nutricion.edu.uy\/","name":"Escuela de Nutrici\u00f3n","description":"Universidad de la Rep\u00fablica","publisher":{"@id":"https:\/\/www.nutricion.edu.uy\/#organization"},"potentialAction":[{"@type":"SearchAction","target":{"@type":"EntryPoint","urlTemplate":"https:\/\/www.nutricion.edu.uy\/?s={search_term_string}"},"query-input":{"@type":"PropertyValueSpecification","valueRequired":true,"valueName":"search_term_string"}}],"inLanguage":"es"},{"@type":"Organization","@id":"https:\/\/www.nutricion.edu.uy\/#organization","name":"Escuela de Nutrici\u00f3n Udelar","url":"https:\/\/www.nutricion.edu.uy\/","logo":{"@type":"ImageObject","inLanguage":"es","@id":"https:\/\/www.nutricion.edu.uy\/#\/schema\/logo\/image\/","url":"https:\/\/www.nutricion.edu.uy\/wp-content\/uploads\/2018\/01\/logo_escuela.png","contentUrl":"https:\/\/www.nutricion.edu.uy\/wp-content\/uploads\/2018\/01\/logo_escuela.png","width":257,"height":70,"caption":"Escuela de Nutrici\u00f3n Udelar"},"image":{"@id":"https:\/\/www.nutricion.edu.uy\/#\/schema\/logo\/image\/"}}]}},"_links":{"self":[{"href":"https:\/\/www.nutricion.edu.uy\/index.php?rest_route=\/wp\/v2\/pages\/1605","targetHints":{"allow":["GET"]}}],"collection":[{"href":"https:\/\/www.nutricion.edu.uy\/index.php?rest_route=\/wp\/v2\/pages"}],"about":[{"href":"https:\/\/www.nutricion.edu.uy\/index.php?rest_route=\/wp\/v2\/types\/page"}],"author":[{"embeddable":true,"href":"https:\/\/www.nutricion.edu.uy\/index.php?rest_route=\/wp\/v2\/users\/1"}],"replies":[{"embeddable":true,"href":"https:\/\/www.nutricion.edu.uy\/index.php?rest_route=%2Fwp%2Fv2%2Fcomments&post=1605"}],"version-history":[{"count":38,"href":"https:\/\/www.nutricion.edu.uy\/index.php?rest_route=\/wp\/v2\/pages\/1605\/revisions"}],"predecessor-version":[{"id":2031,"href":"https:\/\/www.nutricion.edu.uy\/index.php?rest_route=\/wp\/v2\/pages\/1605\/revisions\/2031"}],"wp:attachment":[{"href":"https:\/\/www.nutricion.edu.uy\/index.php?rest_route=%2Fwp%2Fv2%2Fmedia&parent=1605"}],"curies":[{"name":"wp","href":"https:\/\/api.w.org\/{rel}","templated":true}]}}