{"id":558,"date":"2018-01-25T17:16:48","date_gmt":"2018-01-25T17:16:48","guid":{"rendered":"http:\/\/germnd4.sg-host.com\/?page_id=558"},"modified":"2018-01-25T17:16:48","modified_gmt":"2018-01-25T17:16:48","slug":"comision-directiva","status":"publish","type":"page","link":"https:\/\/www.nutricion.edu.uy\/?page_id=558","title":{"rendered":"Comisi\u00f3n Directiva"},"content":{"rendered":"<div id=\"pl-558\"  class=\"panel-layout\" ><div id=\"pg-558-0\"  class=\"panel-grid panel-no-style\" ><div id=\"pgc-558-0-0\"  class=\"panel-grid-cell\" ><div id=\"panel-558-0-0-0\" class=\"so-panel widget widget_text panel-first-child panel-last-child\" data-index=\"0\" >\t\t\t<div class=\"textwidget\"><h2 id=\"tablepress-14-name\" class=\"tablepress-table-name tablepress-table-name-id-14\">Integrantes de la Comisi\u00f3n Directiva<\/h2>\n\n<table id=\"tablepress-14\" class=\"tablepress tablepress-id-14\" aria-labelledby=\"tablepress-14-name\">\n<thead>\n<tr class=\"row-1 odd\">\n\t<th class=\"column-1\">Orden<\/th><th class=\"column-2\">Nombre<\/th><th class=\"column-3\">Rol<\/th>\n<\/tr>\n<\/thead>\n<tbody class=\"row-hover\">\n<tr class=\"row-2 even\">\n\t<td class=\"column-1\">Docente<\/td><td class=\"column-2\"><\/td><td class=\"column-3\">Titular<\/td>\n<\/tr>\n<tr class=\"row-3 odd\">\n\t<td class=\"column-1\">Docente<\/td><td class=\"column-2\"><\/td><td class=\"column-3\">Titular<\/td>\n<\/tr>\n<tr class=\"row-4 even\">\n\t<td class=\"column-1\">Docente<\/td><td class=\"column-2\"><\/td><td class=\"column-3\">Titular<\/td>\n<\/tr>\n<tr class=\"row-5 odd\">\n\t<td class=\"column-1\">Docente<\/td><td class=\"column-2\"><\/td><td class=\"column-3\">Suplente<\/td>\n<\/tr>\n<tr class=\"row-6 even\">\n\t<td class=\"column-1\">Docente<\/td><td class=\"column-2\"><\/td><td class=\"column-3\">Suplente<\/td>\n<\/tr>\n<tr class=\"row-7 odd\">\n\t<td class=\"column-1\">Docente<\/td><td class=\"column-2\"><\/td><td class=\"column-3\">Suplente<\/td>\n<\/tr>\n<tr class=\"row-8 even\">\n\t<td class=\"column-1\">Docente<\/td><td class=\"column-2\"><\/td><td class=\"column-3\">Suplente<\/td>\n<\/tr>\n<tr class=\"row-9 odd\">\n\t<td class=\"column-1\">Docente<\/td><td class=\"column-2\"><\/td><td class=\"column-3\">Suplente<\/td>\n<\/tr>\n<tr class=\"row-10 even\">\n\t<td class=\"column-1\">Docente<\/td><td class=\"column-2\"><\/td><td class=\"column-3\">Suplente<\/td>\n<\/tr>\n<tr class=\"row-11 odd\">\n\t<td class=\"column-1\">Estudiantil<\/td><td class=\"column-2\"><\/td><td class=\"column-3\">Titular<\/td>\n<\/tr>\n<tr class=\"row-12 even\">\n\t<td class=\"column-1\">Estudiantil<\/td><td class=\"column-2\"><\/td><td class=\"column-3\">Titular<\/td>\n<\/tr>\n<tr class=\"row-13 odd\">\n\t<td class=\"column-1\">Estudiantil<\/td><td class=\"column-2\"><\/td><td class=\"column-3\">Suplente<\/td>\n<\/tr>\n<tr class=\"row-14 even\">\n\t<td class=\"column-1\">Estudiantil<\/td><td class=\"column-2\"><\/td><td class=\"column-3\">Suplente<\/td>\n<\/tr>\n<tr class=\"row-15 odd\">\n\t<td class=\"column-1\">Estudiantil<\/td><td class=\"column-2\"><\/td><td class=\"column-3\">Suplente<\/td>\n<\/tr>\n<tr class=\"row-16 even\">\n\t<td class=\"column-1\">Estudiantil<\/td><td class=\"column-2\"><\/td><td class=\"column-3\">Suplente<\/td>\n<\/tr>\n<tr class=\"row-17 odd\">\n\t<td class=\"column-1\">Egresados<\/td><td class=\"column-2\"><\/td><td class=\"column-3\">Titular<\/td>\n<\/tr>\n<tr class=\"row-18 even\">\n\t<td class=\"column-1\">Egresados<\/td><td class=\"column-2\"><\/td><td class=\"column-3\">Titular<\/td>\n<\/tr>\n<tr class=\"row-19 odd\">\n\t<td class=\"column-1\">Egresados<\/td><td class=\"column-2\"><\/td><td class=\"column-3\">Suplente<\/td>\n<\/tr>\n<tr class=\"row-20 even\">\n\t<td class=\"column-1\">Egresados<\/td><td class=\"column-2\"><\/td><td class=\"column-3\">Suplente<\/td>\n<\/tr>\n<tr class=\"row-21 odd\">\n\t<td class=\"column-1\">Egresados<\/td><td class=\"column-2\"><\/td><td class=\"column-3\">Suplente<\/td>\n<\/tr>\n<tr class=\"row-22 even\">\n\t<td class=\"column-1\">Egresados<\/td><td class=\"column-2\"><\/td><td class=\"column-3\">Suplente<\/td>\n<\/tr>\n<\/tbody>\n<\/table>\n<!-- #tablepress-14 from cache -->\n<\/div>\n\t\t<\/div><\/div><\/div><\/div>","protected":false},"excerpt":{"rendered":"<p>Integrantes de la Comisi\u00f3n Directiva OrdenNombreRol DocenteTitular DocenteTitular DocenteTitular DocenteSuplente DocenteSuplente DocenteSuplente DocenteSuplente DocenteSuplente DocenteSuplente EstudiantilTitular EstudiantilTitular EstudiantilSuplente EstudiantilSuplente EstudiantilSuplente EstudiantilSuplente EgresadosTitular EgresadosTitular EgresadosSuplente EgresadosSuplente EgresadosSuplente EgresadosSuplente<\/p>\n","protected":false},"author":1,"featured_media":0,"parent":0,"menu_order":0,"comment_status":"closed","ping_status":"closed","template":"","meta":{"footnotes":""},"class_list":["post-558","page","type-page","status-publish","hentry"],"yoast_head":"<!-- This site is optimized with the Yoast SEO plugin v24.9 - https:\/\/yoast.com\/wordpress\/plugins\/seo\/ -->\n<title>Comisi\u00f3n Directiva - Escuela de Nutrici\u00f3n<\/title>\n<meta name=\"robots\" content=\"index, follow, max-snippet:-1, max-image-preview:large, max-video-preview:-1\" \/>\n<link rel=\"canonical\" href=\"https:\/\/www.nutricion.edu.uy\/?page_id=558\" \/>\n<meta property=\"og:locale\" content=\"es_ES\" \/>\n<meta property=\"og:type\" content=\"article\" \/>\n<meta property=\"og:title\" content=\"Comisi\u00f3n Directiva - Escuela de Nutrici\u00f3n\" \/>\n<meta property=\"og:description\" content=\"Integrantes de la Comisi\u00f3n Directiva OrdenNombreRol DocenteTitular DocenteTitular DocenteTitular DocenteSuplente DocenteSuplente DocenteSuplente DocenteSuplente DocenteSuplente DocenteSuplente EstudiantilTitular EstudiantilTitular EstudiantilSuplente EstudiantilSuplente EstudiantilSuplente EstudiantilSuplente EgresadosTitular EgresadosTitular EgresadosSuplente EgresadosSuplente EgresadosSuplente EgresadosSuplente\" \/>\n<meta property=\"og:url\" content=\"https:\/\/www.nutricion.edu.uy\/?page_id=558\" \/>\n<meta property=\"og:site_name\" content=\"Escuela de Nutrici\u00f3n\" \/>\n<meta name=\"twitter:card\" content=\"summary_large_image\" \/>\n<script type=\"application\/ld+json\" class=\"yoast-schema-graph\">{\"@context\":\"https:\/\/schema.org\",\"@graph\":[{\"@type\":\"WebPage\",\"@id\":\"https:\/\/www.nutricion.edu.uy\/?page_id=558\",\"url\":\"https:\/\/www.nutricion.edu.uy\/?page_id=558\",\"name\":\"Comisi\u00f3n Directiva - Escuela de Nutrici\u00f3n\",\"isPartOf\":{\"@id\":\"https:\/\/www.nutricion.edu.uy\/#website\"},\"datePublished\":\"2018-01-25T17:16:48+00:00\",\"breadcrumb\":{\"@id\":\"https:\/\/www.nutricion.edu.uy\/?page_id=558#breadcrumb\"},\"inLanguage\":\"es\",\"potentialAction\":[{\"@type\":\"ReadAction\",\"target\":[\"https:\/\/www.nutricion.edu.uy\/?page_id=558\"]}]},{\"@type\":\"BreadcrumbList\",\"@id\":\"https:\/\/www.nutricion.edu.uy\/?page_id=558#breadcrumb\",\"itemListElement\":[{\"@type\":\"ListItem\",\"position\":1,\"name\":\"Portada\",\"item\":\"https:\/\/www.nutricion.edu.uy\/\"},{\"@type\":\"ListItem\",\"position\":2,\"name\":\"Comisi\u00f3n Directiva\"}]},{\"@type\":\"WebSite\",\"@id\":\"https:\/\/www.nutricion.edu.uy\/#website\",\"url\":\"https:\/\/www.nutricion.edu.uy\/\",\"name\":\"Escuela de Nutrici\u00f3n\",\"description\":\"Universidad de la Rep\u00fablica\",\"publisher\":{\"@id\":\"https:\/\/www.nutricion.edu.uy\/#organization\"},\"potentialAction\":[{\"@type\":\"SearchAction\",\"target\":{\"@type\":\"EntryPoint\",\"urlTemplate\":\"https:\/\/www.nutricion.edu.uy\/?s={search_term_string}\"},\"query-input\":{\"@type\":\"PropertyValueSpecification\",\"valueRequired\":true,\"valueName\":\"search_term_string\"}}],\"inLanguage\":\"es\"},{\"@type\":\"Organization\",\"@id\":\"https:\/\/www.nutricion.edu.uy\/#organization\",\"name\":\"Escuela de Nutrici\u00f3n Udelar\",\"url\":\"https:\/\/www.nutricion.edu.uy\/\",\"logo\":{\"@type\":\"ImageObject\",\"inLanguage\":\"es\",\"@id\":\"https:\/\/www.nutricion.edu.uy\/#\/schema\/logo\/image\/\",\"url\":\"https:\/\/www.nutricion.edu.uy\/wp-content\/uploads\/2018\/01\/logo_escuela.png\",\"contentUrl\":\"https:\/\/www.nutricion.edu.uy\/wp-content\/uploads\/2018\/01\/logo_escuela.png\",\"width\":257,\"height\":70,\"caption\":\"Escuela de Nutrici\u00f3n Udelar\"},\"image\":{\"@id\":\"https:\/\/www.nutricion.edu.uy\/#\/schema\/logo\/image\/\"}}]}<\/script>\n<!-- \/ Yoast SEO plugin. -->","yoast_head_json":{"title":"Comisi\u00f3n Directiva - Escuela de Nutrici\u00f3n","robots":{"index":"index","follow":"follow","max-snippet":"max-snippet:-1","max-image-preview":"max-image-preview:large","max-video-preview":"max-video-preview:-1"},"canonical":"https:\/\/www.nutricion.edu.uy\/?page_id=558","og_locale":"es_ES","og_type":"article","og_title":"Comisi\u00f3n Directiva - Escuela de Nutrici\u00f3n","og_description":"Integrantes de la Comisi\u00f3n Directiva OrdenNombreRol DocenteTitular DocenteTitular DocenteTitular DocenteSuplente DocenteSuplente DocenteSuplente DocenteSuplente DocenteSuplente DocenteSuplente EstudiantilTitular EstudiantilTitular EstudiantilSuplente EstudiantilSuplente EstudiantilSuplente EstudiantilSuplente EgresadosTitular EgresadosTitular EgresadosSuplente EgresadosSuplente EgresadosSuplente EgresadosSuplente","og_url":"https:\/\/www.nutricion.edu.uy\/?page_id=558","og_site_name":"Escuela de Nutrici\u00f3n","twitter_card":"summary_large_image","schema":{"@context":"https:\/\/schema.org","@graph":[{"@type":"WebPage","@id":"https:\/\/www.nutricion.edu.uy\/?page_id=558","url":"https:\/\/www.nutricion.edu.uy\/?page_id=558","name":"Comisi\u00f3n Directiva - Escuela de Nutrici\u00f3n","isPartOf":{"@id":"https:\/\/www.nutricion.edu.uy\/#website"},"datePublished":"2018-01-25T17:16:48+00:00","breadcrumb":{"@id":"https:\/\/www.nutricion.edu.uy\/?page_id=558#breadcrumb"},"inLanguage":"es","potentialAction":[{"@type":"ReadAction","target":["https:\/\/www.nutricion.edu.uy\/?page_id=558"]}]},{"@type":"BreadcrumbList","@id":"https:\/\/www.nutricion.edu.uy\/?page_id=558#breadcrumb","itemListElement":[{"@type":"ListItem","position":1,"name":"Portada","item":"https:\/\/www.nutricion.edu.uy\/"},{"@type":"ListItem","position":2,"name":"Comisi\u00f3n Directiva"}]},{"@type":"WebSite","@id":"https:\/\/www.nutricion.edu.uy\/#website","url":"https:\/\/www.nutricion.edu.uy\/","name":"Escuela de Nutrici\u00f3n","description":"Universidad de la Rep\u00fablica","publisher":{"@id":"https:\/\/www.nutricion.edu.uy\/#organization"},"potentialAction":[{"@type":"SearchAction","target":{"@type":"EntryPoint","urlTemplate":"https:\/\/www.nutricion.edu.uy\/?s={search_term_string}"},"query-input":{"@type":"PropertyValueSpecification","valueRequired":true,"valueName":"search_term_string"}}],"inLanguage":"es"},{"@type":"Organization","@id":"https:\/\/www.nutricion.edu.uy\/#organization","name":"Escuela de Nutrici\u00f3n Udelar","url":"https:\/\/www.nutricion.edu.uy\/","logo":{"@type":"ImageObject","inLanguage":"es","@id":"https:\/\/www.nutricion.edu.uy\/#\/schema\/logo\/image\/","url":"https:\/\/www.nutricion.edu.uy\/wp-content\/uploads\/2018\/01\/logo_escuela.png","contentUrl":"https:\/\/www.nutricion.edu.uy\/wp-content\/uploads\/2018\/01\/logo_escuela.png","width":257,"height":70,"caption":"Escuela de Nutrici\u00f3n Udelar"},"image":{"@id":"https:\/\/www.nutricion.edu.uy\/#\/schema\/logo\/image\/"}}]}},"_links":{"self":[{"href":"https:\/\/www.nutricion.edu.uy\/index.php?rest_route=\/wp\/v2\/pages\/558","targetHints":{"allow":["GET"]}}],"collection":[{"href":"https:\/\/www.nutricion.edu.uy\/index.php?rest_route=\/wp\/v2\/pages"}],"about":[{"href":"https:\/\/www.nutricion.edu.uy\/index.php?rest_route=\/wp\/v2\/types\/page"}],"author":[{"embeddable":true,"href":"https:\/\/www.nutricion.edu.uy\/index.php?rest_route=\/wp\/v2\/users\/1"}],"replies":[{"embeddable":true,"href":"https:\/\/www.nutricion.edu.uy\/index.php?rest_route=%2Fwp%2Fv2%2Fcomments&post=558"}],"version-history":[{"count":0,"href":"https:\/\/www.nutricion.edu.uy\/index.php?rest_route=\/wp\/v2\/pages\/558\/revisions"}],"wp:attachment":[{"href":"https:\/\/www.nutricion.edu.uy\/index.php?rest_route=%2Fwp%2Fv2%2Fmedia&parent=558"}],"curies":[{"name":"wp","href":"https:\/\/api.w.org\/{rel}","templated":true}]}}