{"id":564,"date":"2018-01-25T17:17:42","date_gmt":"2018-01-25T17:17:42","guid":{"rendered":"http:\/\/germnd4.sg-host.com\/?page_id=564"},"modified":"2018-01-25T17:17:42","modified_gmt":"2018-01-25T17:17:42","slug":"ordenanza","status":"publish","type":"page","link":"https:\/\/www.nutricion.edu.uy\/?page_id=564","title":{"rendered":"Ordenanza"},"content":{"rendered":"<div id=\"pl-gb564-6a02af7976b01\"  class=\"panel-layout\" ><div id=\"pg-gb564-6a02af7976b01-0\"  class=\"panel-grid panel-no-style\" ><div id=\"pgc-gb564-6a02af7976b01-0-0\"  class=\"panel-grid-cell\" ><div id=\"panel-gb564-6a02af7976b01-0-0-0\" class=\"so-panel widget widget_text panel-first-child panel-last-child\" data-index=\"0\" ><h3 class=\"widget-title\">ORDENANZA DE LA ESCUELA DE NUTRICI\u00d3N DE LA UNIVERSIDAD DE LA REP\u00daBLICA<\/h3>\t\t\t<div class=\"textwidget\"><p>&nbsp;<\/p>\n<p>CAP\u00cdTULO I.- FINES Y DEPENDENCIA<\/p>\n<p><strong>Art\u00edculo 1\u00ba \u2013 Fines y Dependencia.<\/strong>\u00a0La Escuela de Nutrici\u00f3n es un Servicio de la Universidad de la Rep\u00fablica que tendr\u00e1 por finalidad la formaci\u00f3n a nivel de grado del Licenciado en Nutrici\u00f3n, del T\u00e9cnico Operador de Alimentos y de otras carreras y programas de formaci\u00f3n terciaria que oportunamente se aprueben y del posgrado en todos sus niveles.<\/p>\n<p>Le compete cumplir con los fines enunciados en la Ley Org\u00e1nica de la Universidad en relaci\u00f3n con la seguridad alimentaria y nutricional de la poblaci\u00f3n del pa\u00eds, promoviendo el derecho a recibir una alimentaci\u00f3n adecuada en calidad y cantidad.\u00a0 Para ello forma profesionales solventes y ciudadanos responsables que en su pr\u00e1ctica presten servicios de calidad en todos los niveles de atenci\u00f3n, en la producci\u00f3n e industrializaci\u00f3n de alimentos, con impacto tanto a nivel institucional y de la sociedad. Se constituye como un espacio abierto que propicie la formaci\u00f3n y el aprendizaje a lo largo de la vida profesional,\u00a0 buscando la consistencia de todas sus actividades con la \u00e9tica, la excelencia acad\u00e9mica\u00a0 y el compromiso social.<\/p>\n<p>Depender\u00e1 del Consejo Directivo Central de la Universidad de la Rep\u00fablica de conformidad con las disposiciones previstas en la Ley Org\u00e1nica y en la presente Ordenanza.<\/p>\n<p>&nbsp;<\/p>\n<p><strong>CAP\u00cdTULO II.- DE LOS \u00d3RGANOS<\/strong><\/p>\n<p>&nbsp;<\/p>\n<p><strong>Art\u00edculo 2\u00ba \u2013 De los \u00d3rganos.\u00a0<\/strong>Los \u00f3rganos de la Escuela de Nutrici\u00f3n son la Comisi\u00f3n Directiva, el Director y\u00a0 la Asamblea del Claustro.<\/p>\n<p>&nbsp;<\/p>\n<p><strong>II.I.- DE LA COMISI\u00d3N DIRECTIVA<\/strong><\/p>\n<p><strong>Art\u00edculo 3\u00ba \u2013 Integraci\u00f3n.\u00a0<\/strong>La Comisi\u00f3n Directiva estar\u00e1 integrada por:<\/p>\n<p>a)\u00a0\u00a0\u00a0 El Director de la Escuela que la presidir\u00e1.<\/p>\n<p>b)\u00a0\u00a0\u00a0 Tres miembros electos por el personal Docente, debiendo ser dos de ellos, por lo menos, Profesor o Profesor Agregado titulares.<\/p>\n<p>c)\u00a0\u00a0\u00a0 Dos miembros egresados de la Escuela, de la Licenciatura electos por este Orden.<\/p>\n<p>d)\u00a0\u00a0\u00a0 Dos miembros electos por los estudiantes de la Licenciatura que cumplan las condiciones que para integrar el orden estudiantil exige la ordenanza general de las elecciones universitarias.<\/p>\n<p>Conjuntamente con los delegados titulares se elegir\u00e1 doble n\u00famero de suplentes.<\/p>\n<p><strong>Art\u00edculo 4\u00ba \u2013 Forma de elecci\u00f3n \u2013 Duraci\u00f3n del mandato.\u00a0<\/strong>El personal docente, los egresados y los estudiantes de la Escuela elegir\u00e1n los miembros de la Comisi\u00f3n Directiva por el sistema de representaci\u00f3n proporcional y mediante elecci\u00f3n regida por las disposiciones establecidas en la Ordenanza de Elecciones de Institutos, Servicios y Escuelas.<\/p>\n<p>Los miembros de la Comisi\u00f3n Directiva durar\u00e1n cuatro a\u00f1os en el ejercicio de sus cargos. En todos los casos el mandato podr\u00e1 renovarse una vez; para una nueva elecci\u00f3n ser\u00e1 necesario que hayan transcurrido dos a\u00f1os desde la fecha del cese.<\/p>\n<p>En caso de vacancia de los titulares y agotamiento de la lista de suplentes, se realizar\u00e1n elecciones parciales para elegir a quienes actuar\u00e1n durante el per\u00edodo complementario.<\/p>\n<p><strong>Art\u00edculo 5 \u2013<\/strong>\u00a0<strong>Funcionamiento<\/strong>. La Comisi\u00f3n Directiva ajustar\u00e1 su funcionamiento a la Reglamentaci\u00f3n Interna de los Consejos Universitarios (resoluci\u00f3n N\u00ba 24 del Consejo Directivo Central de fecha 25\/04\/1988 y modificativas)<\/p>\n<p><strong>Art\u00edculo 6 \u2013 Atribuciones.\u00a0<\/strong>Es de competencia de la Comisi\u00f3n Directiva:<\/p>\n<p>a)\u00a0\u00a0\u00a0 Proponer al Consejo Directivo Central la designaci\u00f3n o reelecci\u00f3n de los funcionarios docentes de la Escuela, con sujeci\u00f3n a lo dispuesto por la Ley Org\u00e1nica, el Estatuto del Personal Docente y las Ordenanzas y reglamentaciones aplicables a la Escuela.<\/p>\n<p>b)\u00a0\u00a0\u00a0 Autorizar los gastos que correspondan dentro de los l\u00edmites que fijen las Ordenanzas.<\/p>\n<p>c)\u00a0\u00a0\u00a0 Proponer al Consejo Directivo Central la creaci\u00f3n de los cargos docentes necesarios para el normal desarrollo de los planes de estudio de la Escuela.<\/p>\n<p>d)\u00a0\u00a0\u00a0 Solicitar al Consejo Directivo Central los funcionarios no docentes necesarios para el normal desarrollo y funcionamiento de la Escuela.<\/p>\n<p>e)\u00a0\u00a0\u00a0 Proyectar los planes de estudio, con asesoramiento de la Asamblea del Claustro y acompa\u00f1\u00e1ndolos de la opini\u00f3n de \u00e9sta, elevarlos a la aprobaci\u00f3n del Consejo Directivo Central;<\/p>\n<p>f)\u00a0\u00a0\u00a0\u00a0 Aprobar y coordinar los programas de las diversas Unidades Curriculares;<\/p>\n<p>g)\u00a0\u00a0\u00a0 Encargarse de la divulgaci\u00f3n de los fines y extensi\u00f3n de los servicios a que se refiere el Art.1\u00ba;<\/p>\n<p>h)\u00a0\u00a0 Proyectar el presupuesto del Servicio, elev\u00e1ndolo para su consideraci\u00f3n al Consejo Directivo Central;<\/p>\n<p>i)\u00a0\u00a0\u00a0\u00a0 Designar los tribunales de examen y fijar las fechas de su realizaci\u00f3n;<\/p>\n<p>j)\u00a0\u00a0\u00a0\u00a0\u00a0 Sancionar al personal del Servicio de conformidad con la normativa respectiva;<\/p>\n<p>k)\u00a0\u00a0\u00a0 Proponer al Consejo Directivo Central la destituci\u00f3n de cualquiera de los integrantes del personal de la Escuela por raz\u00f3n de ineptitud, omisi\u00f3n o delito;<\/p>\n<p>l)\u00a0\u00a0\u00a0\u00a0 Proponer la remoci\u00f3n del Director o cualquiera de sus miembros de conformidad con el Art. 21 de la Ley Org\u00e1nica;<\/p>\n<p>m)\u00a0 Proponer al Consejo Directivo Central las Ordenanzas y Reglamentaciones de la Escuela de Nutrici\u00f3n que se consideren oportunas;<\/p>\n<p>n)\u00a0\u00a0 Atender la marcha general del Servicio, tanto en el aspecto docente como en el administrativo y, en especial, el cumplimiento de los planes de estudio;<\/p>\n<ul>\n<li>o)\u00a0\u00a0\u00a0 Adoptar todas las resoluciones atinentes a la Escuela salvo aquellas que por la Constituci\u00f3n, las leyes, los Estatutos o las Ordenanzas respectivas competan a los dem\u00e1s \u00f3rganos universitarios.<\/li>\n<\/ul>\n<p>&nbsp;<\/p>\n<p><strong>II.II.- DEL DIRECTOR<\/strong><\/p>\n<p><strong>Art\u00edculo 7.-\u00a0<\/strong><strong>Elecci\u00f3n y Mandato.\u00a0\u00a0<\/strong>El Director deber\u00e1 ser Profesor o Profesor Agregado Titular en actividad en la Escuela de Nutrici\u00f3n. Ser\u00e1 propuesto al Consejo Directivo Central por la Asamblea del Claustro en sesi\u00f3n especialmente convocada al efecto, de acuerdo con las disposiciones vigentes para la elecci\u00f3n de Decanos. Durar\u00e1 cuatro a\u00f1os en sus funciones, pudiendo ser reelecto por una sola vez. Para una nueva elecci\u00f3n deber\u00e1 transcurrir un per\u00edodo completo entre el comienzo de su nuevo mandato y la fecha del cese en el anterior.<\/p>\n<p>El docente que sea electo Director, mantendr\u00e1 su cargo anterior en el grado correspondiente, pero la autoridad competente podr\u00e1 reducir su volumen horario para hacerlo compatible con el desempe\u00f1o de la Direcci\u00f3n. Tambi\u00e9n podr\u00e1 aplicar el art\u00edculo 79 y concordantes del Estatuto del Personal Docente.<\/p>\n<p><strong>Director interino.\u00a0<\/strong>En los casos de vacancia del cargo o impedimento o ausencia<strong>\u00a0<\/strong>temporal<strong>\u00a0<\/strong>del Director, desempe\u00f1ar\u00e1 la funci\u00f3n el Profesor y en el caso que no lo hubiere el Profesor Agregado m\u00e1s antiguo en el grado<strong>\u00a0<\/strong>que integre la Comisi\u00f3n Directiva, hasta tanto se designe nuevo Director por el per\u00edodo complementario o el titular se reintegre al cargo.<\/p>\n<p><strong>Art\u00edculo 8 \u2013 Atribuciones del Director.\u00a0<\/strong>Es de competencia del Director de la Escuela:<\/p>\n<p>a)\u00a0\u00a0\u00a0 Presidir la Comisi\u00f3n Directiva y ejecutar sus resoluciones; dirigir las sesiones, cumplir y hacer cumplir las ordenanzas, reglamentaciones y resoluciones de los \u00f3rganos centrales.<\/p>\n<p>b)\u00a0\u00a0\u00a0 Representar a la Comisi\u00f3n Directiva cuando corresponda;<\/p>\n<p>c)\u00a0\u00a0\u00a0 Vigilar la marcha general del Servicio, tanto en el aspecto docente como administrativo y, en especial, el cumplimiento de los planes de estudio;<\/p>\n<p>d)\u00a0\u00a0\u00a0 Adoptar todas las resoluciones de car\u00e1cter urgente que sean necesarias, dando cuenta al Consejo Directivo Central o a la Comisi\u00f3n Directiva, seg\u00fan corresponda;<\/p>\n<p>e)\u00a0\u00a0\u00a0 Autorizar los gastos que correspondan dentro de los l\u00edmites que fijen las ordenanzas.<\/p>\n<p>f)\u00a0\u00a0\u00a0\u00a0 Proponer a la Comisi\u00f3n Directiva las sanciones a aplicar al personal de la Escuela.<\/p>\n<p>g)\u00a0\u00a0\u00a0 Expedir con la firma del Rector, los t\u00edtulos y certificados correspondientes\u00a0 a los estudios que se cursan en la Escuela.<\/p>\n<p>h)\u00a0\u00a0 Dictar todas las resoluciones que correspondan de conformidad<strong>\u00a0<\/strong>con las Ordenanzas y Reglamentaciones respectivas.<\/p>\n<p>&nbsp;<\/p>\n<p><strong>II.III.- DE LA ASAMBLEA DEL CLAUSTRO<\/strong><\/p>\n<p><strong>Art\u00edculo 9 \u2013 Integraci\u00f3n.\u00a0<\/strong>La Asamblea del Claustro estar\u00e1 integrada de la siguiente forma:<\/p>\n<p>a)\u00a0\u00a0\u00a0 doce miembros electos por el personal docente de la Licenciatura;<\/p>\n<p>b)\u00a0\u00a0\u00a0 ocho miembros electos por los egresados de la Licenciatura;<\/p>\n<p>c)\u00a0\u00a0\u00a0 ocho miembros electos por los estudiantes de la Licenciatura.<\/p>\n<p>Conjuntamente con los titulares se elegir\u00e1n doble n\u00famero de suplentes.<\/p>\n<p>En cada orden la elecci\u00f3n se har\u00e1 por el sistema de representaci\u00f3n<\/p>\n<p>proporcional y de acuerdo con la Ordenanza de Elecciones de Institutos, Servicios y Escuelas vigente.<\/p>\n<p><strong>Art\u00edculo 10.- Duraci\u00f3n de mandato.\u00a0<\/strong>Los miembros de la Asamblea del Claustro de la Escuela durar\u00e1n dos a\u00f1os en el ejercicio de sus cargos, pudiendo ser reelectos. En caso de vacancia de los titulares y agotamiento de la lista de suplentes, se realizar\u00e1n elecciones parciales. Los electos actuar\u00e1n durante el per\u00edodo complementario.<\/p>\n<p><strong>Art\u00edculo 11.- Convocatoria.\u00a0<\/strong>La Asamblea del Claustro podr\u00e1 ser convocada por la Comisi\u00f3n Directiva, por el Director, por su Mesa y a pedido de una tercera parte de sus miembros. Tambi\u00e9n podr\u00e1 ser convocada por el Consejo Directivo Central.<\/p>\n<p><strong>Art\u00edculo 12.- Atribuciones.\u00a0<\/strong>La Asamblea del Claustro ser\u00e1 convocada para<\/p>\n<p>proponer el Director de la Escuela de Nutrici\u00f3n al Consejo Directivo Central, y para asesorar en los planes de estudio, pudiendo, en este caso, tener iniciativa. Tendr\u00e1 competencia en asuntos espec\u00edficos de la Escuela por iniciativa propia o a pedido de la Comisi\u00f3n Directiva.\u00a0 Podr\u00e1 tambi\u00e9n emitir opiniones sobre asuntos generales cuando no haga uso de esa facultad la Asamblea General del Claustro Universitario.<\/p>\n<p>&nbsp;<\/p>\n<p><strong>CAP\u00cdTULO III.- DE LOS FUNCIONARIOS<\/strong><\/p>\n<p><strong>III.I.- DEL PERSONAL DOCENTE<\/strong><\/p>\n<p><strong>Art\u00edculo 13.- Obligaciones.\u00a0<\/strong>Son deberes del personal docente:<\/p>\n<p>a)\u00a0\u00a0\u00a0 Impartir la ense\u00f1anza del curso a su cargo, de acuerdo a la orientaci\u00f3n fijada y a las disposiciones establecidas en el plan de estudios;<\/p>\n<p>b)\u00a0\u00a0\u00a0 Proyectar anualmente el programa de su materia de acuerdo con el plan, acompa\u00f1\u00e1ndolo de la bibliograf\u00eda correspondiente;<\/p>\n<p>c)\u00a0\u00a0\u00a0 Formar parte de los tribunales de examen y concursos, cuando se le asigne;<\/p>\n<p>d)\u00a0\u00a0\u00a0 Expedir informes o dict\u00e1menes sobre asuntos de su especializaci\u00f3n, cuando les fueran solicitados por las autoridades y cumplir los requerimientos de las mismas en todo asunto relacionado con la docencia;<\/p>\n<p>e)\u00a0 Realizar otras tareas como investigaci\u00f3n, extensi\u00f3n, colaboraci\u00f3n con Servicios Universitarios, de acuerdo a su grado y a lo establecido por las Ordenanzas y Reglamentos vigentes al respecto.<\/p>\n<p><strong>\u00a0<\/strong><\/p>\n<p><strong>CAP\u00cdTULO IV.- DISPOSICI\u00d3NES GENERALES<\/strong><\/p>\n<p><strong>Articulo 14.-\u00a0<\/strong>Todos aquellos aspectos no contemplados expresamente en las<\/p>\n<p>disposiciones de esta Ordenanza ser\u00e1n resueltos de acuerdo a lo que al<\/p>\n<p>respecto establezcan la Ley Org\u00e1nica, las Ordenanzas y los Reglamentos<\/p>\n<p>vigentes en la Universidad de la Rep\u00fablica y\/o los que oportunamente se dicten.<\/p>\n<p><strong>CAPITULO V.- DISPOSICIONES TRANSITORIAS<\/strong><\/p>\n<p><strong>Art\u00edculo 15.-\u00a0\u00a0<\/strong>Hasta tanto se realicen elecciones para integrar los \u00f3rganos previstos en la presente Ordenanza, las atribuciones correspondientes a la Comisi\u00f3n Directiva, el Director y la Asamblea del Claustro de la Escuela de Nutrici\u00f3n ser\u00e1n ejercidas por las actuales autoridades de la Escuela de Nutrici\u00f3n y Diet\u00e9tica.<\/p>\n<p><strong>Art\u00edculo 16.-\u00a0\u00a0<\/strong>Mientras el n\u00famero de integrantes por los tres \u00f3rdenes sea inferior al dispuesto en el art\u00edculo 8, la Asamblea del Claustro estar\u00e1 constituida en la siguiente forma:<\/p>\n<p>a)\u00a0\u00a0\u00a0 Cinco miembros electos por el personal docente de la Licenciatura.<\/p>\n<p>b)\u00a0\u00a0\u00a0 Tres miembros electos por los egresados de la Licenciatura.<\/p>\n<p>c)\u00a0\u00a0\u00a0 Tres miembros electos por los estudiantes de la Licenciatura.<\/p>\n<p><strong>Art\u00edculo 17.-\u00a0<\/strong>Der\u00f3gase la Ordenanza de la Escuela de Nutrici\u00f3n y Diet\u00e9tica aprobada por resoluci\u00f3n N\u00ba 9 del Consejo Directivo Central de fecha 14 de abril de 2009.-<\/p>\n<p><strong>APROBADA POR RESOL. DEL CDC CON FECHA 22.05.12 (Exp. 070820-001508-11) Y PUBLICADA EN EL DIARIO OFICIAL CON FECHA 29.05.12.\u00a0\u00a0\u00a0\u00a0\u00a0<\/strong><\/p>\n<\/div>\n\t\t<\/div><\/div><\/div><\/div>","protected":false},"excerpt":{"rendered":"<p>&nbsp; CAP\u00cdTULO I.- FINES Y DEPENDENCIA Art\u00edculo 1\u00ba \u2013 Fines y Dependencia.\u00a0La Escuela de Nutrici\u00f3n es un Servicio de la Universidad de la Rep\u00fablica que tendr\u00e1 por finalidad la formaci\u00f3n a nivel de grado del Licenciado en Nutrici\u00f3n, del T\u00e9cnico Operador de Alimentos y de otras carreras y programas de formaci\u00f3n terciaria que oportunamente se&hellip;<\/p>\n","protected":false},"author":1,"featured_media":0,"parent":0,"menu_order":0,"comment_status":"closed","ping_status":"closed","template":"","meta":{"footnotes":""},"class_list":["post-564","page","type-page","status-publish","hentry"],"yoast_head":"<!-- This site is optimized with the Yoast SEO plugin v24.9 - https:\/\/yoast.com\/wordpress\/plugins\/seo\/ -->\n<title>Ordenanza - Escuela de Nutrici\u00f3n<\/title>\n<meta name=\"robots\" content=\"index, follow, max-snippet:-1, max-image-preview:large, max-video-preview:-1\" \/>\n<link rel=\"canonical\" href=\"https:\/\/www.nutricion.edu.uy\/?page_id=564\" \/>\n<meta property=\"og:locale\" content=\"es_ES\" \/>\n<meta property=\"og:type\" content=\"article\" \/>\n<meta property=\"og:title\" content=\"Ordenanza - Escuela de Nutrici\u00f3n\" \/>\n<meta property=\"og:description\" content=\"&nbsp; CAP\u00cdTULO I.- FINES Y DEPENDENCIA Art\u00edculo 1\u00ba \u2013 Fines y Dependencia.\u00a0La Escuela de Nutrici\u00f3n es un Servicio de la Universidad de la Rep\u00fablica que tendr\u00e1 por finalidad la formaci\u00f3n a nivel de grado del Licenciado en Nutrici\u00f3n, del T\u00e9cnico Operador de Alimentos y de otras carreras y programas de formaci\u00f3n terciaria que oportunamente se&hellip;\" \/>\n<meta property=\"og:url\" content=\"https:\/\/www.nutricion.edu.uy\/?page_id=564\" \/>\n<meta property=\"og:site_name\" content=\"Escuela de Nutrici\u00f3n\" \/>\n<meta name=\"twitter:card\" content=\"summary_large_image\" \/>\n<script type=\"application\/ld+json\" class=\"yoast-schema-graph\">{\"@context\":\"https:\/\/schema.org\",\"@graph\":[{\"@type\":\"WebPage\",\"@id\":\"https:\/\/www.nutricion.edu.uy\/?page_id=564\",\"url\":\"https:\/\/www.nutricion.edu.uy\/?page_id=564\",\"name\":\"Ordenanza - Escuela de Nutrici\u00f3n\",\"isPartOf\":{\"@id\":\"https:\/\/www.nutricion.edu.uy\/#website\"},\"datePublished\":\"2018-01-25T17:17:42+00:00\",\"breadcrumb\":{\"@id\":\"https:\/\/www.nutricion.edu.uy\/?page_id=564#breadcrumb\"},\"inLanguage\":\"es\",\"potentialAction\":[{\"@type\":\"ReadAction\",\"target\":[\"https:\/\/www.nutricion.edu.uy\/?page_id=564\"]}]},{\"@type\":\"BreadcrumbList\",\"@id\":\"https:\/\/www.nutricion.edu.uy\/?page_id=564#breadcrumb\",\"itemListElement\":[{\"@type\":\"ListItem\",\"position\":1,\"name\":\"Portada\",\"item\":\"https:\/\/www.nutricion.edu.uy\/\"},{\"@type\":\"ListItem\",\"position\":2,\"name\":\"Ordenanza\"}]},{\"@type\":\"WebSite\",\"@id\":\"https:\/\/www.nutricion.edu.uy\/#website\",\"url\":\"https:\/\/www.nutricion.edu.uy\/\",\"name\":\"Escuela de Nutrici\u00f3n\",\"description\":\"Universidad de la Rep\u00fablica\",\"publisher\":{\"@id\":\"https:\/\/www.nutricion.edu.uy\/#organization\"},\"potentialAction\":[{\"@type\":\"SearchAction\",\"target\":{\"@type\":\"EntryPoint\",\"urlTemplate\":\"https:\/\/www.nutricion.edu.uy\/?s={search_term_string}\"},\"query-input\":{\"@type\":\"PropertyValueSpecification\",\"valueRequired\":true,\"valueName\":\"search_term_string\"}}],\"inLanguage\":\"es\"},{\"@type\":\"Organization\",\"@id\":\"https:\/\/www.nutricion.edu.uy\/#organization\",\"name\":\"Escuela de Nutrici\u00f3n Udelar\",\"url\":\"https:\/\/www.nutricion.edu.uy\/\",\"logo\":{\"@type\":\"ImageObject\",\"inLanguage\":\"es\",\"@id\":\"https:\/\/www.nutricion.edu.uy\/#\/schema\/logo\/image\/\",\"url\":\"https:\/\/www.nutricion.edu.uy\/wp-content\/uploads\/2018\/01\/logo_escuela.png\",\"contentUrl\":\"https:\/\/www.nutricion.edu.uy\/wp-content\/uploads\/2018\/01\/logo_escuela.png\",\"width\":257,\"height\":70,\"caption\":\"Escuela de Nutrici\u00f3n Udelar\"},\"image\":{\"@id\":\"https:\/\/www.nutricion.edu.uy\/#\/schema\/logo\/image\/\"}}]}<\/script>\n<!-- \/ Yoast SEO plugin. -->","yoast_head_json":{"title":"Ordenanza - Escuela de Nutrici\u00f3n","robots":{"index":"index","follow":"follow","max-snippet":"max-snippet:-1","max-image-preview":"max-image-preview:large","max-video-preview":"max-video-preview:-1"},"canonical":"https:\/\/www.nutricion.edu.uy\/?page_id=564","og_locale":"es_ES","og_type":"article","og_title":"Ordenanza - Escuela de Nutrici\u00f3n","og_description":"&nbsp; CAP\u00cdTULO I.- FINES Y DEPENDENCIA Art\u00edculo 1\u00ba \u2013 Fines y Dependencia.\u00a0La Escuela de Nutrici\u00f3n es un Servicio de la Universidad de la Rep\u00fablica que tendr\u00e1 por finalidad la formaci\u00f3n a nivel de grado del Licenciado en Nutrici\u00f3n, del T\u00e9cnico Operador de Alimentos y de otras carreras y programas de formaci\u00f3n terciaria que oportunamente se&hellip;","og_url":"https:\/\/www.nutricion.edu.uy\/?page_id=564","og_site_name":"Escuela de Nutrici\u00f3n","twitter_card":"summary_large_image","schema":{"@context":"https:\/\/schema.org","@graph":[{"@type":"WebPage","@id":"https:\/\/www.nutricion.edu.uy\/?page_id=564","url":"https:\/\/www.nutricion.edu.uy\/?page_id=564","name":"Ordenanza - Escuela de Nutrici\u00f3n","isPartOf":{"@id":"https:\/\/www.nutricion.edu.uy\/#website"},"datePublished":"2018-01-25T17:17:42+00:00","breadcrumb":{"@id":"https:\/\/www.nutricion.edu.uy\/?page_id=564#breadcrumb"},"inLanguage":"es","potentialAction":[{"@type":"ReadAction","target":["https:\/\/www.nutricion.edu.uy\/?page_id=564"]}]},{"@type":"BreadcrumbList","@id":"https:\/\/www.nutricion.edu.uy\/?page_id=564#breadcrumb","itemListElement":[{"@type":"ListItem","position":1,"name":"Portada","item":"https:\/\/www.nutricion.edu.uy\/"},{"@type":"ListItem","position":2,"name":"Ordenanza"}]},{"@type":"WebSite","@id":"https:\/\/www.nutricion.edu.uy\/#website","url":"https:\/\/www.nutricion.edu.uy\/","name":"Escuela de Nutrici\u00f3n","description":"Universidad de la Rep\u00fablica","publisher":{"@id":"https:\/\/www.nutricion.edu.uy\/#organization"},"potentialAction":[{"@type":"SearchAction","target":{"@type":"EntryPoint","urlTemplate":"https:\/\/www.nutricion.edu.uy\/?s={search_term_string}"},"query-input":{"@type":"PropertyValueSpecification","valueRequired":true,"valueName":"search_term_string"}}],"inLanguage":"es"},{"@type":"Organization","@id":"https:\/\/www.nutricion.edu.uy\/#organization","name":"Escuela de Nutrici\u00f3n Udelar","url":"https:\/\/www.nutricion.edu.uy\/","logo":{"@type":"ImageObject","inLanguage":"es","@id":"https:\/\/www.nutricion.edu.uy\/#\/schema\/logo\/image\/","url":"https:\/\/www.nutricion.edu.uy\/wp-content\/uploads\/2018\/01\/logo_escuela.png","contentUrl":"https:\/\/www.nutricion.edu.uy\/wp-content\/uploads\/2018\/01\/logo_escuela.png","width":257,"height":70,"caption":"Escuela de Nutrici\u00f3n Udelar"},"image":{"@id":"https:\/\/www.nutricion.edu.uy\/#\/schema\/logo\/image\/"}}]}},"_links":{"self":[{"href":"https:\/\/www.nutricion.edu.uy\/index.php?rest_route=\/wp\/v2\/pages\/564","targetHints":{"allow":["GET"]}}],"collection":[{"href":"https:\/\/www.nutricion.edu.uy\/index.php?rest_route=\/wp\/v2\/pages"}],"about":[{"href":"https:\/\/www.nutricion.edu.uy\/index.php?rest_route=\/wp\/v2\/types\/page"}],"author":[{"embeddable":true,"href":"https:\/\/www.nutricion.edu.uy\/index.php?rest_route=\/wp\/v2\/users\/1"}],"replies":[{"embeddable":true,"href":"https:\/\/www.nutricion.edu.uy\/index.php?rest_route=%2Fwp%2Fv2%2Fcomments&post=564"}],"version-history":[{"count":0,"href":"https:\/\/www.nutricion.edu.uy\/index.php?rest_route=\/wp\/v2\/pages\/564\/revisions"}],"wp:attachment":[{"href":"https:\/\/www.nutricion.edu.uy\/index.php?rest_route=%2Fwp%2Fv2%2Fmedia&parent=564"}],"curies":[{"name":"wp","href":"https:\/\/api.w.org\/{rel}","templated":true}]}}