{"id":627,"date":"2018-02-01T17:21:32","date_gmt":"2018-02-01T17:21:32","guid":{"rendered":"http:\/\/germnd4.sg-host.com\/?page_id=627"},"modified":"2025-02-24T09:50:33","modified_gmt":"2025-02-24T12:50:33","slug":"identidad-grafica","status":"publish","type":"page","link":"https:\/\/www.nutricion.edu.uy\/?page_id=627","title":{"rendered":"Comunicaci\u00f3n \/ Identidad Gr\u00e1fica"},"content":{"rendered":"<div id=\"pl-gb627-69df915470f13\"  class=\"panel-layout\" ><div id=\"pg-gb627-69df915470f13-0\"  class=\"panel-grid panel-no-style\" ><div id=\"pgc-gb627-69df915470f13-0-0\"  class=\"panel-grid-cell\" ><div id=\"panel-gb627-69df915470f13-0-0-0\" class=\"so-panel widget widget_sow-tabs panel-first-child panel-last-child\" data-index=\"0\" ><div\n\t\t\t\n\t\t\tclass=\"so-widget-sow-tabs so-widget-sow-tabs-default-93cb0341bd93-627\"\n\t\t\t\n\t\t><div class=\"sow-tabs\">\n\t<div class=\"sow-tabs-tab-container\" role=\"tablist\">\n\t\t\t<div\n\t\t\tclass=\"sow-tabs-tab\n\t\t\t sow-tabs-tab-selected\t\t\t\"\n\t\t\trole=\"tab\"\n\t\t\tdata-anchor-id=\"identidad-visual\"\n\t\t\taria-selected=\"true\"\n\t\t\ttabindex=\"0\"\n\t\t>\n\t\t\t<div class=\"sow-tabs-title sow-tabs-title-icon-left\">\n\t\t\t\t\t\t\t\tIdentidad Visual \t\t\t\t\t\t\t<\/div>\n\t\t<\/div>\n\t\t\t<div\n\t\t\tclass=\"sow-tabs-tab\n\t\t\t\t\t\t\"\n\t\t\trole=\"tab\"\n\t\t\tdata-anchor-id=\"acceso-a-zimbra\"\n\t\t\taria-selected=\"false\"\n\t\t\ttabindex=\"0\"\n\t\t>\n\t\t\t<div class=\"sow-tabs-title sow-tabs-title-icon-left\">\n\t\t\t\t\t\t\t\tAcceso a ZIMBRA \t\t\t\t\t\t\t<\/div>\n\t\t<\/div>\n\t\t\t<div\n\t\t\tclass=\"sow-tabs-tab\n\t\t\t\t\t\t\"\n\t\t\trole=\"tab\"\n\t\t\tdata-anchor-id=\"solicitud-de-disenos-institucionales-para-docentes\"\n\t\t\taria-selected=\"false\"\n\t\t\ttabindex=\"0\"\n\t\t>\n\t\t\t<div class=\"sow-tabs-title sow-tabs-title-icon-left\">\n\t\t\t\t\t\t\t\tSolicitud de dise\u00f1os institucionales (para docentes)\t\t\t\t\t\t\t<\/div>\n\t\t<\/div>\n\t\t<\/div>\n\n\t<div class=\"sow-tabs-panel-container\">\n\t\t\t<div class=\"sow-tabs-panel\">\n\t\t\t<div\n\t\t\t\tclass=\"sow-tabs-panel-content\"\n\t\t\t\trole=\"tabpanel\"\n\t\t\t\taria-hidden=\"false\"\n\t\t\t>\n\t\t\t\t<p>Elementos de identidad visual<\/p>\n<p><a href=\"https:\/\/www.nutricion.edu.uy\/wp-content\/uploads\/2025\/01\/ID-Grafica-2025-Escuela-de-Nutricion-.pdf\">DOCUMENTO\u00a0<\/a><\/p>\n<p>Manual de uso de logotipo institucional<\/p>\n<p><a href=\"https:\/\/www.nutricion.edu.uy\/wp-content\/uploads\/2019\/10\/Nutricion-ManualdeIdentidadVisual.pdf\">DOCUMENTO\u00a0<\/a><\/p>\n<p>&nbsp;<\/p>\n<p>LOGOS<\/p>\n<p>Para descargar los logos, haga click derecho sobre cada uno de ellos, seleccione GUARDAR IMAGEN y se descargar\u00e1 en formato PNG (fondo transparente)<\/p>\n<p>Blanco\u00a0 \u00a0 \u00a0 \u00a0 \u00a0 \u00a0 \u00a0 \u00a0 \u00a0 \u00a0 \u00a0 \u00a0 \u00a0 \u00a0 \u00a0 \u00a0 \u00a0 \u00a0 \u00a0 \u00a0 \u00a0 \u00a0 \u00a0 \u00a0 \u00a0 \u00a0 \u00a0 \u00a0 \u00a0 \u00a0 \u00a0 \u00a0 \u00a0 \u00a0 \u00a0 \u00a0 \u00a0 \u00a0 \u00a0 \u00a0 \u00a0 \u00a0 \u00a0 \u00a0 \u00a0Colores\u00a0 \u00a0 \u00a0 \u00a0 \u00a0 \u00a0 \u00a0 \u00a0 \u00a0 \u00a0 \u00a0 \u00a0 \u00a0 \u00a0 \u00a0 \u00a0 \u00a0 \u00a0 \u00a0 \u00a0 \u00a0 \u00a0 \u00a0 \u00a0 \u00a0 \u00a0 \u00a0 \u00a0 \u00a0 \u00a0 \u00a0 \u00a0 \u00a0 \u00a0 \u00a0 \u00a0 \u00a0 \u00a0 Negro<\/p>\n<p><img fetchpriority=\"high\" decoding=\"async\" class=\"alignnone wp-image-12909\" src=\"https:\/\/www.nutricion.edu.uy\/wp-content\/uploads\/2025\/02\/logo-EN-blanco-300x300.png\" alt=\"\" width=\"290\" height=\"290\" srcset=\"https:\/\/www.nutricion.edu.uy\/wp-content\/uploads\/2025\/02\/logo-EN-blanco-300x300.png 300w, https:\/\/www.nutricion.edu.uy\/wp-content\/uploads\/2025\/02\/logo-EN-blanco-150x150.png 150w, https:\/\/www.nutricion.edu.uy\/wp-content\/uploads\/2025\/02\/logo-EN-blanco-768x768.png 768w, https:\/\/www.nutricion.edu.uy\/wp-content\/uploads\/2025\/02\/logo-EN-blanco.png 1000w\" sizes=\"(max-width: 290px) 100vw, 290px\" \/>\u00a0 \u00a0 \u00a0 \u00a0 \u00a0 \u00a0 \u00a0 \u00a0 \u00a0 \u00a0 \u00a0 \u00a0<img decoding=\"async\" class=\"alignnone size-medium wp-image-12910\" src=\"https:\/\/www.nutricion.edu.uy\/wp-content\/uploads\/2025\/02\/logo-EN-colores-300x300.png\" alt=\"\" width=\"300\" height=\"300\" srcset=\"https:\/\/www.nutricion.edu.uy\/wp-content\/uploads\/2025\/02\/logo-EN-colores-300x300.png 300w, https:\/\/www.nutricion.edu.uy\/wp-content\/uploads\/2025\/02\/logo-EN-colores-150x150.png 150w, https:\/\/www.nutricion.edu.uy\/wp-content\/uploads\/2025\/02\/logo-EN-colores-768x768.png 768w, https:\/\/www.nutricion.edu.uy\/wp-content\/uploads\/2025\/02\/logo-EN-colores.png 1000w\" sizes=\"(max-width: 300px) 100vw, 300px\" \/>\u00a0 \u00a0 \u00a0 \u00a0 \u00a0 \u00a0 \u00a0<img decoding=\"async\" class=\"alignnone size-medium wp-image-12911\" src=\"https:\/\/www.nutricion.edu.uy\/wp-content\/uploads\/2025\/02\/logo-EN-negro-300x300.png\" alt=\"\" width=\"300\" height=\"300\" srcset=\"https:\/\/www.nutricion.edu.uy\/wp-content\/uploads\/2025\/02\/logo-EN-negro-300x300.png 300w, https:\/\/www.nutricion.edu.uy\/wp-content\/uploads\/2025\/02\/logo-EN-negro-150x150.png 150w, https:\/\/www.nutricion.edu.uy\/wp-content\/uploads\/2025\/02\/logo-EN-negro-768x768.png 768w, https:\/\/www.nutricion.edu.uy\/wp-content\/uploads\/2025\/02\/logo-EN-negro.png 1000w\" sizes=\"(max-width: 300px) 100vw, 300px\" \/><\/p>\n\t\t\t<\/div>\n\t\t<\/div>\n\t\t\t<div class=\"sow-tabs-panel\">\n\t\t\t<div\n\t\t\t\tclass=\"sow-tabs-panel-content\"\n\t\t\t\trole=\"tabpanel\"\n\t\t\t\taria-hidden=\"true\"\n\t\t\t>\n\t\t\t\t<p>A trav\u00e9s del siguiente bot\u00f3n podr\u00e1s redirigirte a la p\u00e1gina de ZIMBRA &#8211; NUTRICI\u00d3N para acceder a tu correo institucional:<\/p>\n<p>&nbsp;<\/p>\n<p><a href=\"https:\/\/correo.nutricion.edu.uy\/?login\"><img loading=\"lazy\" decoding=\"async\" class=\"size-full wp-image-12824 aligncenter\" src=\"https:\/\/www.nutricion.edu.uy\/wp-content\/uploads\/2025\/01\/zimbra-boton.png\" alt=\"\" width=\"300\" height=\"168\" \/><\/a><\/p>\n\t\t\t<\/div>\n\t\t<\/div>\n\t\t\t<div class=\"sow-tabs-panel\">\n\t\t\t<div\n\t\t\t\tclass=\"sow-tabs-panel-content\"\n\t\t\t\trole=\"tabpanel\"\n\t\t\t\taria-hidden=\"true\"\n\t\t\t>\n\t\t\t\t\t\t\t<\/div>\n\t\t<\/div>\n\t\t<\/div>\n<\/div>\n<\/div><\/div><\/div><\/div><\/div>\n\n\n<p><\/p>\n","protected":false},"excerpt":{"rendered":"","protected":false},"author":1,"featured_media":0,"parent":0,"menu_order":0,"comment_status":"closed","ping_status":"closed","template":"","meta":{"footnotes":""},"class_list":["post-627","page","type-page","status-publish","hentry"],"yoast_head":"<!-- This site is optimized with the Yoast SEO plugin v24.9 - https:\/\/yoast.com\/wordpress\/plugins\/seo\/ -->\n<title>Comunicaci\u00f3n \/ Identidad Gr\u00e1fica - Escuela de Nutrici\u00f3n<\/title>\n<meta name=\"robots\" content=\"index, follow, max-snippet:-1, max-image-preview:large, max-video-preview:-1\" \/>\n<link rel=\"canonical\" href=\"https:\/\/www.nutricion.edu.uy\/?page_id=627\" \/>\n<meta property=\"og:locale\" content=\"es_ES\" \/>\n<meta property=\"og:type\" content=\"article\" \/>\n<meta property=\"og:title\" content=\"Comunicaci\u00f3n \/ Identidad Gr\u00e1fica - Escuela de Nutrici\u00f3n\" \/>\n<meta property=\"og:url\" content=\"https:\/\/www.nutricion.edu.uy\/?page_id=627\" \/>\n<meta property=\"og:site_name\" content=\"Escuela de Nutrici\u00f3n\" \/>\n<meta property=\"article:modified_time\" content=\"2025-02-24T12:50:33+00:00\" \/>\n<meta name=\"twitter:card\" content=\"summary_large_image\" \/>\n<meta name=\"twitter:label1\" content=\"Tiempo de lectura\" \/>\n\t<meta name=\"twitter:data1\" content=\"1 minuto\" \/>\n<script type=\"application\/ld+json\" class=\"yoast-schema-graph\">{\"@context\":\"https:\/\/schema.org\",\"@graph\":[{\"@type\":\"WebPage\",\"@id\":\"https:\/\/www.nutricion.edu.uy\/?page_id=627\",\"url\":\"https:\/\/www.nutricion.edu.uy\/?page_id=627\",\"name\":\"Comunicaci\u00f3n \/ Identidad Gr\u00e1fica - Escuela de Nutrici\u00f3n\",\"isPartOf\":{\"@id\":\"https:\/\/www.nutricion.edu.uy\/#website\"},\"datePublished\":\"2018-02-01T17:21:32+00:00\",\"dateModified\":\"2025-02-24T12:50:33+00:00\",\"breadcrumb\":{\"@id\":\"https:\/\/www.nutricion.edu.uy\/?page_id=627#breadcrumb\"},\"inLanguage\":\"es\",\"potentialAction\":[{\"@type\":\"ReadAction\",\"target\":[\"https:\/\/www.nutricion.edu.uy\/?page_id=627\"]}]},{\"@type\":\"BreadcrumbList\",\"@id\":\"https:\/\/www.nutricion.edu.uy\/?page_id=627#breadcrumb\",\"itemListElement\":[{\"@type\":\"ListItem\",\"position\":1,\"name\":\"Portada\",\"item\":\"https:\/\/www.nutricion.edu.uy\/\"},{\"@type\":\"ListItem\",\"position\":2,\"name\":\"Comunicaci\u00f3n \/ Identidad Gr\u00e1fica\"}]},{\"@type\":\"WebSite\",\"@id\":\"https:\/\/www.nutricion.edu.uy\/#website\",\"url\":\"https:\/\/www.nutricion.edu.uy\/\",\"name\":\"Escuela de Nutrici\u00f3n\",\"description\":\"Universidad de la Rep\u00fablica\",\"publisher\":{\"@id\":\"https:\/\/www.nutricion.edu.uy\/#organization\"},\"potentialAction\":[{\"@type\":\"SearchAction\",\"target\":{\"@type\":\"EntryPoint\",\"urlTemplate\":\"https:\/\/www.nutricion.edu.uy\/?s={search_term_string}\"},\"query-input\":{\"@type\":\"PropertyValueSpecification\",\"valueRequired\":true,\"valueName\":\"search_term_string\"}}],\"inLanguage\":\"es\"},{\"@type\":\"Organization\",\"@id\":\"https:\/\/www.nutricion.edu.uy\/#organization\",\"name\":\"Escuela de Nutrici\u00f3n Udelar\",\"url\":\"https:\/\/www.nutricion.edu.uy\/\",\"logo\":{\"@type\":\"ImageObject\",\"inLanguage\":\"es\",\"@id\":\"https:\/\/www.nutricion.edu.uy\/#\/schema\/logo\/image\/\",\"url\":\"https:\/\/www.nutricion.edu.uy\/wp-content\/uploads\/2018\/01\/logo_escuela.png\",\"contentUrl\":\"https:\/\/www.nutricion.edu.uy\/wp-content\/uploads\/2018\/01\/logo_escuela.png\",\"width\":257,\"height\":70,\"caption\":\"Escuela de Nutrici\u00f3n Udelar\"},\"image\":{\"@id\":\"https:\/\/www.nutricion.edu.uy\/#\/schema\/logo\/image\/\"}}]}<\/script>\n<!-- \/ Yoast SEO plugin. -->","yoast_head_json":{"title":"Comunicaci\u00f3n \/ Identidad Gr\u00e1fica - Escuela de Nutrici\u00f3n","robots":{"index":"index","follow":"follow","max-snippet":"max-snippet:-1","max-image-preview":"max-image-preview:large","max-video-preview":"max-video-preview:-1"},"canonical":"https:\/\/www.nutricion.edu.uy\/?page_id=627","og_locale":"es_ES","og_type":"article","og_title":"Comunicaci\u00f3n \/ Identidad Gr\u00e1fica - Escuela de Nutrici\u00f3n","og_url":"https:\/\/www.nutricion.edu.uy\/?page_id=627","og_site_name":"Escuela de Nutrici\u00f3n","article_modified_time":"2025-02-24T12:50:33+00:00","twitter_card":"summary_large_image","twitter_misc":{"Tiempo de lectura":"1 minuto"},"schema":{"@context":"https:\/\/schema.org","@graph":[{"@type":"WebPage","@id":"https:\/\/www.nutricion.edu.uy\/?page_id=627","url":"https:\/\/www.nutricion.edu.uy\/?page_id=627","name":"Comunicaci\u00f3n \/ Identidad Gr\u00e1fica - Escuela de Nutrici\u00f3n","isPartOf":{"@id":"https:\/\/www.nutricion.edu.uy\/#website"},"datePublished":"2018-02-01T17:21:32+00:00","dateModified":"2025-02-24T12:50:33+00:00","breadcrumb":{"@id":"https:\/\/www.nutricion.edu.uy\/?page_id=627#breadcrumb"},"inLanguage":"es","potentialAction":[{"@type":"ReadAction","target":["https:\/\/www.nutricion.edu.uy\/?page_id=627"]}]},{"@type":"BreadcrumbList","@id":"https:\/\/www.nutricion.edu.uy\/?page_id=627#breadcrumb","itemListElement":[{"@type":"ListItem","position":1,"name":"Portada","item":"https:\/\/www.nutricion.edu.uy\/"},{"@type":"ListItem","position":2,"name":"Comunicaci\u00f3n \/ Identidad Gr\u00e1fica"}]},{"@type":"WebSite","@id":"https:\/\/www.nutricion.edu.uy\/#website","url":"https:\/\/www.nutricion.edu.uy\/","name":"Escuela de Nutrici\u00f3n","description":"Universidad de la Rep\u00fablica","publisher":{"@id":"https:\/\/www.nutricion.edu.uy\/#organization"},"potentialAction":[{"@type":"SearchAction","target":{"@type":"EntryPoint","urlTemplate":"https:\/\/www.nutricion.edu.uy\/?s={search_term_string}"},"query-input":{"@type":"PropertyValueSpecification","valueRequired":true,"valueName":"search_term_string"}}],"inLanguage":"es"},{"@type":"Organization","@id":"https:\/\/www.nutricion.edu.uy\/#organization","name":"Escuela de Nutrici\u00f3n Udelar","url":"https:\/\/www.nutricion.edu.uy\/","logo":{"@type":"ImageObject","inLanguage":"es","@id":"https:\/\/www.nutricion.edu.uy\/#\/schema\/logo\/image\/","url":"https:\/\/www.nutricion.edu.uy\/wp-content\/uploads\/2018\/01\/logo_escuela.png","contentUrl":"https:\/\/www.nutricion.edu.uy\/wp-content\/uploads\/2018\/01\/logo_escuela.png","width":257,"height":70,"caption":"Escuela de Nutrici\u00f3n Udelar"},"image":{"@id":"https:\/\/www.nutricion.edu.uy\/#\/schema\/logo\/image\/"}}]}},"_links":{"self":[{"href":"https:\/\/www.nutricion.edu.uy\/index.php?rest_route=\/wp\/v2\/pages\/627","targetHints":{"allow":["GET"]}}],"collection":[{"href":"https:\/\/www.nutricion.edu.uy\/index.php?rest_route=\/wp\/v2\/pages"}],"about":[{"href":"https:\/\/www.nutricion.edu.uy\/index.php?rest_route=\/wp\/v2\/types\/page"}],"author":[{"embeddable":true,"href":"https:\/\/www.nutricion.edu.uy\/index.php?rest_route=\/wp\/v2\/users\/1"}],"replies":[{"embeddable":true,"href":"https:\/\/www.nutricion.edu.uy\/index.php?rest_route=%2Fwp%2Fv2%2Fcomments&post=627"}],"version-history":[{"count":14,"href":"https:\/\/www.nutricion.edu.uy\/index.php?rest_route=\/wp\/v2\/pages\/627\/revisions"}],"predecessor-version":[{"id":13083,"href":"https:\/\/www.nutricion.edu.uy\/index.php?rest_route=\/wp\/v2\/pages\/627\/revisions\/13083"}],"wp:attachment":[{"href":"https:\/\/www.nutricion.edu.uy\/index.php?rest_route=%2Fwp%2Fv2%2Fmedia&parent=627"}],"curies":[{"name":"wp","href":"https:\/\/api.w.org\/{rel}","templated":true}]}}