{"id":629,"date":"2018-02-01T17:22:41","date_gmt":"2018-02-01T17:22:41","guid":{"rendered":"http:\/\/germnd4.sg-host.com\/?page_id=629"},"modified":"2018-02-01T17:22:41","modified_gmt":"2018-02-01T17:22:41","slug":"telefonos-y-emails","status":"publish","type":"page","link":"https:\/\/www.nutricion.edu.uy\/?page_id=629","title":{"rendered":"Tel\u00e9fonos y ubicaciones"},"content":{"rendered":"<div id=\"pl-629\"  class=\"panel-layout\" ><div id=\"pg-629-0\"  class=\"panel-grid panel-no-style\" ><div id=\"pgc-629-0-0\"  class=\"panel-grid-cell\" ><div id=\"panel-629-0-0-0\" class=\"so-panel widget widget_text panel-first-child panel-last-child\" data-index=\"0\" >\t\t\t<div class=\"textwidget\"><span id=\"tablepress-23-description\" class=\"tablepress-table-description tablepress-table-description-id-23\"><div style=\"text-align: center;\">Tel\u00e9fonos: <strong><a href=\"tel:+59824841949\">24841949<\/a> - <a href=\"tel:+59824841724\">24841724<\/a> - <a href=\"tel:+59824860131\">24860131<\/a> - <a href=\"tel:+59824861323\">24861323<\/a> - <a href=\"tel:+59824862619\">24862619 - 24860239<\/a><\/strong><br \/>\n<br \/>\nPrefijo telef\u00f3nico internacional de Uruguay: <strong>+598<\/strong><\/div><\/span>\n\n<table id=\"tablepress-23\" class=\"tablepress tablepress-id-23\" aria-describedby=\"tablepress-23-description\">\n<thead>\n<tr class=\"row-1 odd\">\n\t<th class=\"column-1\">Departamento \/ Unidad \/ Secci\u00f3n<\/th><th class=\"column-2\">Interno<\/th>\n<\/tr>\n<\/thead>\n<tbody class=\"row-hover\">\n<tr class=\"row-2 even\">\n\t<td class=\"column-1\">Administraci\u00f3n<\/td><td class=\"column-2\">123<\/td>\n<\/tr>\n<tr class=\"row-3 odd\">\n\t<td class=\"column-1\">Alimentos<\/td><td class=\"column-2\">114<\/td>\n<\/tr>\n<tr class=\"row-4 even\">\n\t<td class=\"column-1\">Bedel\u00eda<\/td><td class=\"column-2\">117<\/td>\n<\/tr>\n<tr class=\"row-5 odd\">\n\t<td class=\"column-1\">Centro de Posgrado<\/td><td class=\"column-2\">126<\/td>\n<\/tr>\n<tr class=\"row-6 even\">\n\t<td class=\"column-1\">Comisiones<\/td><td class=\"column-2\">137<\/td>\n<\/tr>\n<tr class=\"row-7 odd\">\n\t<td class=\"column-1\">Contadur\u00eda<\/td><td class=\"column-2\">115<\/td>\n<\/tr>\n<tr class=\"row-8 even\">\n\t<td class=\"column-1\">Coordinaci\u00f3n \/ UAE<\/td><td class=\"column-2\">130<\/td>\n<\/tr>\n<tr class=\"row-9 odd\">\n\t<td class=\"column-1\">Direcci\u00f3n<\/td><td class=\"column-2\">112<\/td>\n<\/tr>\n<tr class=\"row-10 even\">\n\t<td class=\"column-1\">Direcci\u00f3n de Carreras<\/td><td class=\"column-2\">121<\/td>\n<\/tr>\n<tr class=\"row-11 odd\">\n\t<td class=\"column-1\">Educaci\u00f3n<\/td><td class=\"column-2\">120<\/td>\n<\/tr>\n<tr class=\"row-12 even\">\n\t<td class=\"column-1\">Extensi\u00f3n<\/td><td class=\"column-2\">129<\/td>\n<\/tr>\n<tr class=\"row-13 odd\">\n\t<td class=\"column-1\">Inform\u00e1tica<\/td><td class=\"column-2\">119<\/td>\n<\/tr>\n<tr class=\"row-14 even\">\n\t<td class=\"column-1\">Intendencia<\/td><td class=\"column-2\">147<\/td>\n<\/tr>\n<tr class=\"row-15 odd\">\n\t<td class=\"column-1\">Nivel profesional<\/td><td class=\"column-2\">132<\/td>\n<\/tr>\n<tr class=\"row-16 even\">\n\t<td class=\"column-1\">Nutrici\u00f3n B\u00e1sica<\/td><td class=\"column-2\">118<\/td>\n<\/tr>\n<tr class=\"row-17 odd\">\n\t<td class=\"column-1\">Nutrici\u00f3n Cl\u00ednica<\/td><td class=\"column-2\">113<\/td>\n<\/tr>\n<tr class=\"row-18 even\">\n\t<td class=\"column-1\">Nutrici\u00f3n Poblacional<\/td><td class=\"column-2\">124<\/td>\n<\/tr>\n<tr class=\"row-19 odd\">\n\t<td class=\"column-1\">Personal<\/td><td class=\"column-2\">133<\/td>\n<\/tr>\n<tr class=\"row-20 even\">\n\t<td class=\"column-1\">Secretaria<\/td><td class=\"column-2\">128<\/td>\n<\/tr>\n<tr class=\"row-21 odd\">\n\t<td class=\"column-1\">Vigilancia<\/td><td class=\"column-2\">110<\/td>\n<\/tr>\n<\/tbody>\n<\/table>\n<!-- #tablepress-23 from cache -->\n<\/div>\n\t\t<\/div><\/div><\/div><\/div>","protected":false},"excerpt":{"rendered":"<p>Tel\u00e9fonos: 24841949 &#8211; 24841724 &#8211; 24860131 &#8211; 24861323 &#8211; 24862619 &#8211; 24860239 Prefijo telef\u00f3nico internacional de Uruguay: +598 Departamento \/ Unidad \/ Secci\u00f3nInterno Administraci\u00f3n123 Alimentos114 Bedel\u00eda117 Centro de Posgrado126 Comisiones137 Contadur\u00eda115 Coordinaci\u00f3n \/ UAE130 Direcci\u00f3n112 Direcci\u00f3n de Carreras121 Educaci\u00f3n120 Extensi\u00f3n129 Inform\u00e1tica119 Intendencia147 Nivel profesional132 Nutrici\u00f3n B\u00e1sica118 Nutrici\u00f3n Cl\u00ednica113 Nutrici\u00f3n Poblacional124 Personal133 Secretaria128 Vigilancia110<\/p>\n","protected":false},"author":1,"featured_media":1565,"parent":0,"menu_order":0,"comment_status":"closed","ping_status":"closed","template":"","meta":{"footnotes":""},"class_list":["post-629","page","type-page","status-publish","has-post-thumbnail","hentry"],"yoast_head":"<!-- This site is optimized with the Yoast SEO plugin v24.9 - https:\/\/yoast.com\/wordpress\/plugins\/seo\/ -->\n<title>Tel\u00e9fonos y ubicaciones - Escuela de Nutrici\u00f3n<\/title>\n<meta name=\"robots\" content=\"index, follow, max-snippet:-1, max-image-preview:large, max-video-preview:-1\" \/>\n<link rel=\"canonical\" href=\"https:\/\/www.nutricion.edu.uy\/?page_id=629\" \/>\n<meta property=\"og:locale\" content=\"es_ES\" \/>\n<meta property=\"og:type\" content=\"article\" \/>\n<meta property=\"og:title\" content=\"Tel\u00e9fonos y ubicaciones - Escuela de Nutrici\u00f3n\" \/>\n<meta property=\"og:description\" content=\"Tel\u00e9fonos: 24841949 - 24841724 - 24860131 - 24861323 - 24862619 - 24860239 Prefijo telef\u00f3nico internacional de Uruguay: +598 Departamento \/ Unidad \/ Secci\u00f3nInterno Administraci\u00f3n123 Alimentos114 Bedel\u00eda117 Centro de Posgrado126 Comisiones137 Contadur\u00eda115 Coordinaci\u00f3n \/ UAE130 Direcci\u00f3n112 Direcci\u00f3n de Carreras121 Educaci\u00f3n120 Extensi\u00f3n129 Inform\u00e1tica119 Intendencia147 Nivel profesional132 Nutrici\u00f3n B\u00e1sica118 Nutrici\u00f3n Cl\u00ednica113 Nutrici\u00f3n Poblacional124 Personal133 Secretaria128 Vigilancia110\" \/>\n<meta property=\"og:url\" content=\"https:\/\/www.nutricion.edu.uy\/?page_id=629\" \/>\n<meta property=\"og:site_name\" content=\"Escuela de Nutrici\u00f3n\" \/>\n<meta property=\"og:image\" content=\"https:\/\/www.nutricion.edu.uy\/wp-content\/uploads\/2019\/09\/smartphone.png\" \/>\n\t<meta property=\"og:image:width\" content=\"128\" \/>\n\t<meta property=\"og:image:height\" content=\"128\" \/>\n\t<meta property=\"og:image:type\" content=\"image\/png\" \/>\n<meta name=\"twitter:card\" content=\"summary_large_image\" \/>\n<script type=\"application\/ld+json\" class=\"yoast-schema-graph\">{\"@context\":\"https:\/\/schema.org\",\"@graph\":[{\"@type\":\"WebPage\",\"@id\":\"https:\/\/www.nutricion.edu.uy\/?page_id=629\",\"url\":\"https:\/\/www.nutricion.edu.uy\/?page_id=629\",\"name\":\"Tel\u00e9fonos y ubicaciones - Escuela de Nutrici\u00f3n\",\"isPartOf\":{\"@id\":\"https:\/\/www.nutricion.edu.uy\/#website\"},\"primaryImageOfPage\":{\"@id\":\"https:\/\/www.nutricion.edu.uy\/?page_id=629#primaryimage\"},\"image\":{\"@id\":\"https:\/\/www.nutricion.edu.uy\/?page_id=629#primaryimage\"},\"thumbnailUrl\":\"https:\/\/www.nutricion.edu.uy\/wp-content\/uploads\/2019\/09\/smartphone.png\",\"datePublished\":\"2018-02-01T17:22:41+00:00\",\"breadcrumb\":{\"@id\":\"https:\/\/www.nutricion.edu.uy\/?page_id=629#breadcrumb\"},\"inLanguage\":\"es\",\"potentialAction\":[{\"@type\":\"ReadAction\",\"target\":[\"https:\/\/www.nutricion.edu.uy\/?page_id=629\"]}]},{\"@type\":\"ImageObject\",\"inLanguage\":\"es\",\"@id\":\"https:\/\/www.nutricion.edu.uy\/?page_id=629#primaryimage\",\"url\":\"https:\/\/www.nutricion.edu.uy\/wp-content\/uploads\/2019\/09\/smartphone.png\",\"contentUrl\":\"https:\/\/www.nutricion.edu.uy\/wp-content\/uploads\/2019\/09\/smartphone.png\",\"width\":128,\"height\":128},{\"@type\":\"BreadcrumbList\",\"@id\":\"https:\/\/www.nutricion.edu.uy\/?page_id=629#breadcrumb\",\"itemListElement\":[{\"@type\":\"ListItem\",\"position\":1,\"name\":\"Portada\",\"item\":\"https:\/\/www.nutricion.edu.uy\/\"},{\"@type\":\"ListItem\",\"position\":2,\"name\":\"Tel\u00e9fonos y ubicaciones\"}]},{\"@type\":\"WebSite\",\"@id\":\"https:\/\/www.nutricion.edu.uy\/#website\",\"url\":\"https:\/\/www.nutricion.edu.uy\/\",\"name\":\"Escuela de Nutrici\u00f3n\",\"description\":\"Universidad de la Rep\u00fablica\",\"publisher\":{\"@id\":\"https:\/\/www.nutricion.edu.uy\/#organization\"},\"potentialAction\":[{\"@type\":\"SearchAction\",\"target\":{\"@type\":\"EntryPoint\",\"urlTemplate\":\"https:\/\/www.nutricion.edu.uy\/?s={search_term_string}\"},\"query-input\":{\"@type\":\"PropertyValueSpecification\",\"valueRequired\":true,\"valueName\":\"search_term_string\"}}],\"inLanguage\":\"es\"},{\"@type\":\"Organization\",\"@id\":\"https:\/\/www.nutricion.edu.uy\/#organization\",\"name\":\"Escuela de Nutrici\u00f3n Udelar\",\"url\":\"https:\/\/www.nutricion.edu.uy\/\",\"logo\":{\"@type\":\"ImageObject\",\"inLanguage\":\"es\",\"@id\":\"https:\/\/www.nutricion.edu.uy\/#\/schema\/logo\/image\/\",\"url\":\"https:\/\/www.nutricion.edu.uy\/wp-content\/uploads\/2018\/01\/logo_escuela.png\",\"contentUrl\":\"https:\/\/www.nutricion.edu.uy\/wp-content\/uploads\/2018\/01\/logo_escuela.png\",\"width\":257,\"height\":70,\"caption\":\"Escuela de Nutrici\u00f3n Udelar\"},\"image\":{\"@id\":\"https:\/\/www.nutricion.edu.uy\/#\/schema\/logo\/image\/\"}}]}<\/script>\n<!-- \/ Yoast SEO plugin. -->","yoast_head_json":{"title":"Tel\u00e9fonos y ubicaciones - Escuela de Nutrici\u00f3n","robots":{"index":"index","follow":"follow","max-snippet":"max-snippet:-1","max-image-preview":"max-image-preview:large","max-video-preview":"max-video-preview:-1"},"canonical":"https:\/\/www.nutricion.edu.uy\/?page_id=629","og_locale":"es_ES","og_type":"article","og_title":"Tel\u00e9fonos y ubicaciones - Escuela de Nutrici\u00f3n","og_description":"Tel\u00e9fonos: 24841949 - 24841724 - 24860131 - 24861323 - 24862619 - 24860239 Prefijo telef\u00f3nico internacional de Uruguay: +598 Departamento \/ Unidad \/ Secci\u00f3nInterno Administraci\u00f3n123 Alimentos114 Bedel\u00eda117 Centro de Posgrado126 Comisiones137 Contadur\u00eda115 Coordinaci\u00f3n \/ UAE130 Direcci\u00f3n112 Direcci\u00f3n de Carreras121 Educaci\u00f3n120 Extensi\u00f3n129 Inform\u00e1tica119 Intendencia147 Nivel profesional132 Nutrici\u00f3n B\u00e1sica118 Nutrici\u00f3n Cl\u00ednica113 Nutrici\u00f3n Poblacional124 Personal133 Secretaria128 Vigilancia110","og_url":"https:\/\/www.nutricion.edu.uy\/?page_id=629","og_site_name":"Escuela de Nutrici\u00f3n","og_image":[{"width":128,"height":128,"url":"https:\/\/www.nutricion.edu.uy\/wp-content\/uploads\/2019\/09\/smartphone.png","type":"image\/png"}],"twitter_card":"summary_large_image","schema":{"@context":"https:\/\/schema.org","@graph":[{"@type":"WebPage","@id":"https:\/\/www.nutricion.edu.uy\/?page_id=629","url":"https:\/\/www.nutricion.edu.uy\/?page_id=629","name":"Tel\u00e9fonos y ubicaciones - Escuela de Nutrici\u00f3n","isPartOf":{"@id":"https:\/\/www.nutricion.edu.uy\/#website"},"primaryImageOfPage":{"@id":"https:\/\/www.nutricion.edu.uy\/?page_id=629#primaryimage"},"image":{"@id":"https:\/\/www.nutricion.edu.uy\/?page_id=629#primaryimage"},"thumbnailUrl":"https:\/\/www.nutricion.edu.uy\/wp-content\/uploads\/2019\/09\/smartphone.png","datePublished":"2018-02-01T17:22:41+00:00","breadcrumb":{"@id":"https:\/\/www.nutricion.edu.uy\/?page_id=629#breadcrumb"},"inLanguage":"es","potentialAction":[{"@type":"ReadAction","target":["https:\/\/www.nutricion.edu.uy\/?page_id=629"]}]},{"@type":"ImageObject","inLanguage":"es","@id":"https:\/\/www.nutricion.edu.uy\/?page_id=629#primaryimage","url":"https:\/\/www.nutricion.edu.uy\/wp-content\/uploads\/2019\/09\/smartphone.png","contentUrl":"https:\/\/www.nutricion.edu.uy\/wp-content\/uploads\/2019\/09\/smartphone.png","width":128,"height":128},{"@type":"BreadcrumbList","@id":"https:\/\/www.nutricion.edu.uy\/?page_id=629#breadcrumb","itemListElement":[{"@type":"ListItem","position":1,"name":"Portada","item":"https:\/\/www.nutricion.edu.uy\/"},{"@type":"ListItem","position":2,"name":"Tel\u00e9fonos y ubicaciones"}]},{"@type":"WebSite","@id":"https:\/\/www.nutricion.edu.uy\/#website","url":"https:\/\/www.nutricion.edu.uy\/","name":"Escuela de Nutrici\u00f3n","description":"Universidad de la Rep\u00fablica","publisher":{"@id":"https:\/\/www.nutricion.edu.uy\/#organization"},"potentialAction":[{"@type":"SearchAction","target":{"@type":"EntryPoint","urlTemplate":"https:\/\/www.nutricion.edu.uy\/?s={search_term_string}"},"query-input":{"@type":"PropertyValueSpecification","valueRequired":true,"valueName":"search_term_string"}}],"inLanguage":"es"},{"@type":"Organization","@id":"https:\/\/www.nutricion.edu.uy\/#organization","name":"Escuela de Nutrici\u00f3n Udelar","url":"https:\/\/www.nutricion.edu.uy\/","logo":{"@type":"ImageObject","inLanguage":"es","@id":"https:\/\/www.nutricion.edu.uy\/#\/schema\/logo\/image\/","url":"https:\/\/www.nutricion.edu.uy\/wp-content\/uploads\/2018\/01\/logo_escuela.png","contentUrl":"https:\/\/www.nutricion.edu.uy\/wp-content\/uploads\/2018\/01\/logo_escuela.png","width":257,"height":70,"caption":"Escuela de Nutrici\u00f3n Udelar"},"image":{"@id":"https:\/\/www.nutricion.edu.uy\/#\/schema\/logo\/image\/"}}]}},"_links":{"self":[{"href":"https:\/\/www.nutricion.edu.uy\/index.php?rest_route=\/wp\/v2\/pages\/629","targetHints":{"allow":["GET"]}}],"collection":[{"href":"https:\/\/www.nutricion.edu.uy\/index.php?rest_route=\/wp\/v2\/pages"}],"about":[{"href":"https:\/\/www.nutricion.edu.uy\/index.php?rest_route=\/wp\/v2\/types\/page"}],"author":[{"embeddable":true,"href":"https:\/\/www.nutricion.edu.uy\/index.php?rest_route=\/wp\/v2\/users\/1"}],"replies":[{"embeddable":true,"href":"https:\/\/www.nutricion.edu.uy\/index.php?rest_route=%2Fwp%2Fv2%2Fcomments&post=629"}],"version-history":[{"count":0,"href":"https:\/\/www.nutricion.edu.uy\/index.php?rest_route=\/wp\/v2\/pages\/629\/revisions"}],"wp:featuredmedia":[{"embeddable":true,"href":"https:\/\/www.nutricion.edu.uy\/index.php?rest_route=\/wp\/v2\/media\/1565"}],"wp:attachment":[{"href":"https:\/\/www.nutricion.edu.uy\/index.php?rest_route=%2Fwp%2Fv2%2Fmedia&parent=629"}],"curies":[{"name":"wp","href":"https:\/\/api.w.org\/{rel}","templated":true}]}}