{"id":654,"date":"2018-02-01T20:04:11","date_gmt":"2018-02-01T20:04:11","guid":{"rendered":"http:\/\/germnd4.sg-host.com\/?page_id=654"},"modified":"2026-02-13T14:59:24","modified_gmt":"2026-02-13T17:59:24","slug":"licenciado-en-nutricion","status":"publish","type":"page","link":"https:\/\/www.nutricion.edu.uy\/?page_id=654","title":{"rendered":"Unidades curriculares obligatorias"},"content":{"rendered":"\n<figure class=\"wp-block-image size-large\"><img fetchpriority=\"high\" decoding=\"async\" width=\"1024\" height=\"107\" src=\"https:\/\/www.nutricion.edu.uy\/wp-content\/uploads\/2025\/01\/titulo-web-calen-ucobs--1024x107.png\" alt=\"\" class=\"wp-image-12838\" srcset=\"https:\/\/www.nutricion.edu.uy\/wp-content\/uploads\/2025\/01\/titulo-web-calen-ucobs--1024x107.png 1024w, https:\/\/www.nutricion.edu.uy\/wp-content\/uploads\/2025\/01\/titulo-web-calen-ucobs--300x31.png 300w, https:\/\/www.nutricion.edu.uy\/wp-content\/uploads\/2025\/01\/titulo-web-calen-ucobs--768x80.png 768w, https:\/\/www.nutricion.edu.uy\/wp-content\/uploads\/2025\/01\/titulo-web-calen-ucobs--1536x160.png 1536w, https:\/\/www.nutricion.edu.uy\/wp-content\/uploads\/2025\/01\/titulo-web-calen-ucobs--2048x213.png 2048w\" sizes=\"(max-width: 1024px) 100vw, 1024px\" \/><\/figure>\n\n\n\n<p><strong>PRIMER SEMESTRE <\/strong><\/p>\n\n\n\n<figure class=\"wp-block-image size-large\"><img decoding=\"async\" width=\"1024\" height=\"757\" src=\"https:\/\/www.nutricion.edu.uy\/wp-content\/uploads\/2026\/02\/Captura-de-pantalla-2026-02-13-a-las-14.55.46-1024x757.png\" alt=\"\" class=\"wp-image-14604\" srcset=\"https:\/\/www.nutricion.edu.uy\/wp-content\/uploads\/2026\/02\/Captura-de-pantalla-2026-02-13-a-las-14.55.46-1024x757.png 1024w, https:\/\/www.nutricion.edu.uy\/wp-content\/uploads\/2026\/02\/Captura-de-pantalla-2026-02-13-a-las-14.55.46-300x222.png 300w, https:\/\/www.nutricion.edu.uy\/wp-content\/uploads\/2026\/02\/Captura-de-pantalla-2026-02-13-a-las-14.55.46-768x568.png 768w, https:\/\/www.nutricion.edu.uy\/wp-content\/uploads\/2026\/02\/Captura-de-pantalla-2026-02-13-a-las-14.55.46-1536x1136.png 1536w, https:\/\/www.nutricion.edu.uy\/wp-content\/uploads\/2026\/02\/Captura-de-pantalla-2026-02-13-a-las-14.55.46-2048x1514.png 2048w\" sizes=\"(max-width: 1024px) 100vw, 1024px\" \/><\/figure>\n\n\n\n<hr class=\"wp-block-separator has-alpha-channel-opacity\"\/>\n\n\n\n<p><em>Cada estudiante debe realizar la inscripci\u00f3n a las&nbsp;<strong>Unidades Curriculares Obligatorias (UCOb)<\/strong>&nbsp;que vaya a cursar.<\/em><\/p>\n\n\n\n<p><em>Las y los estudiantes de la generaci\u00f3n de ingreso 2026 deber\u00e1n inscribirse a las UCOb correspondientes al 1.\u00ba semestre del Ciclo I:<\/em><\/p>\n\n\n\n<ul class=\"wp-block-list\">\n<li><em>Curso Introductorio<\/em><\/li>\n\n\n\n<li><em>Bases Biol\u00f3gicas de la Nutrici\u00f3n Humana<\/em><\/li>\n\n\n\n<li><em>Microbiolog\u00eda Alimentaria<\/em><\/li>\n\n\n\n<li><em>Qu\u00edmica de los Alimentos<\/em><\/li>\n\n\n\n<li><em>Fundamentos de la Nutrici\u00f3n Humana<\/em><\/li>\n\n\n\n<li><em>Metodolog\u00eda de las Pr\u00e1cticas Articuladoras<\/em><\/li>\n<\/ul>\n\n\n\n<hr class=\"wp-block-separator has-alpha-channel-opacity\"\/>\n\n\n\n<figure class=\"wp-block-image size-large\"><img decoding=\"async\" width=\"1024\" height=\"107\" src=\"https:\/\/www.nutricion.edu.uy\/wp-content\/uploads\/2025\/01\/titulo-web-programas-ucobs-1-1-1024x107.png\" alt=\"\" class=\"wp-image-12841\" srcset=\"https:\/\/www.nutricion.edu.uy\/wp-content\/uploads\/2025\/01\/titulo-web-programas-ucobs-1-1-1024x107.png 1024w, https:\/\/www.nutricion.edu.uy\/wp-content\/uploads\/2025\/01\/titulo-web-programas-ucobs-1-1-300x31.png 300w, https:\/\/www.nutricion.edu.uy\/wp-content\/uploads\/2025\/01\/titulo-web-programas-ucobs-1-1-768x80.png 768w, https:\/\/www.nutricion.edu.uy\/wp-content\/uploads\/2025\/01\/titulo-web-programas-ucobs-1-1-1536x160.png 1536w, https:\/\/www.nutricion.edu.uy\/wp-content\/uploads\/2025\/01\/titulo-web-programas-ucobs-1-1-2048x213.png 2048w\" sizes=\"(max-width: 1024px) 100vw, 1024px\" \/><\/figure>\n\n\n\n<div class=\"wp-block-columns is-layout-flex wp-container-core-columns-is-layout-9d6595d7 wp-block-columns-is-layout-flex\">\n<div class=\"wp-block-column is-layout-flow wp-block-column-is-layout-flow\" style=\"flex-basis:100%\"><div id=\"pl-gb654-69d37c8d9f3c9\"  class=\"panel-layout wp-block-siteorigin-panels-layout-block\" ><div id=\"pg-gb654-69d37c8d9f3c9-0\"  class=\"panel-grid panel-no-style\" ><div id=\"pgc-gb654-69d37c8d9f3c9-0-0\"  class=\"panel-grid-cell\" ><div id=\"panel-gb654-69d37c8d9f3c9-0-0-0\" class=\"so-panel widget widget_text panel-first-child panel-last-child\" data-index=\"0\" ><h3 class=\"widget-title\">Unidades curriculares obligatorias<\/h3>\t\t\t<div class=\"textwidget\">\n<table id=\"tablepress-20\" class=\"tablepress tablepress-id-20\">\n<thead>\n<tr class=\"row-1 odd\">\n\t<th class=\"column-1\">C\u00f3digo<\/th><th class=\"column-2\">Nombre<\/th><th class=\"column-3\">Programa<\/th>\n<\/tr>\n<\/thead>\n<tbody class=\"row-hover\">\n<tr class=\"row-2 even\">\n\t<td class=\"column-1\"><strong>Ciclo I<\/strong><\/td><td class=\"column-2\"><\/td><td class=\"column-3\"><\/td>\n<\/tr>\n<tr class=\"row-3 odd\">\n\t<td class=\"column-1\">11A<\/td><td class=\"column-2\">Curso introductorio<\/td><td class=\"column-3\"><a href=\"https:\/\/www.nutricion.edu.uy\/wp-content\/uploads\/2024\/05\/11A-Curso-Introductorio-Programa-UCOb-2024.pdf\" rel=\"noopener\" target=\"_blank\">Descargar<\/a><\/td>\n<\/tr>\n<tr class=\"row-4 even\">\n\t<td class=\"column-1\">11B<\/td><td class=\"column-2\">Bases biol\u00f3gicas de la nutrici\u00f3n humana<\/td><td class=\"column-3\"><a href=\"https:\/\/www.nutricion.edu.uy\/wp-content\/uploads\/2024\/05\/11B-Bases-biologicas-de-la-nutricion-humana-Programa-UCOb-2024.pdf\" rel=\"noopener\" target=\"_blank\">Descargar<\/a><\/td>\n<\/tr>\n<tr class=\"row-5 odd\">\n\t<td class=\"column-1\">11C<\/td><td class=\"column-2\">Microbiolog\u00eda alimentaria<\/td><td class=\"column-3\"><a href=\"https:\/\/www.nutricion.edu.uy\/wp-content\/uploads\/2024\/05\/11C-Microbiologia-alimentaria-Programa-UCOb-2024.pdf\" rel=\"noopener\" target=\"_blank\">Descargar<\/a><\/td>\n<\/tr>\n<tr class=\"row-6 even\">\n\t<td class=\"column-1\">11D<\/td><td class=\"column-2\">Qu\u00edmica Alimentaria<\/td><td class=\"column-3\"><a href=\"https:\/\/www.nutricion.edu.uy\/wp-content\/uploads\/2019\/09\/11D-Qu\u00edmica-alimentaria.pdf\" rel=\"noopener\" target=\"_blank\">Descargar<\/a><\/td>\n<\/tr>\n<tr class=\"row-7 odd\">\n\t<td class=\"column-1\">11E<\/td><td class=\"column-2\">Fundamentos de la nutrici\u00f3n humana<\/td><td class=\"column-3\"><a href=\"https:\/\/www.nutricion.edu.uy\/wp-content\/uploads\/2024\/09\/11E-Fundamentos-de-la-Nutricion-Humana-Programa-UCOb-V2024.pdf\" rel=\"noopener\" target=\"_blank\">Descargar<\/a><\/td>\n<\/tr>\n<tr class=\"row-8 even\">\n\t<td class=\"column-1\">11F<\/td><td class=\"column-2\">Metodolog\u00eda de las pr\u00e1cticas articuladoras<\/td><td class=\"column-3\"><a href=\"https:\/\/www.nutricion.edu.uy\/wp-content\/uploads\/2024\/05\/11F-Metodologia-de-las-practicas-articuladoras-Programa-UCOb-2024.pdf\" rel=\"noopener\" target=\"_blank\">Descargar<\/a><\/td>\n<\/tr>\n<tr class=\"row-9 odd\">\n\t<td class=\"column-1\">12A<\/td><td class=\"column-2\">Normativa alimentaria<\/td><td class=\"column-3\"><a href=\"https:\/\/www.nutricion.edu.uy\/wp-content\/uploads\/2024\/05\/12A-Normativa-alimentaria-Programa-UCOb-2024.pdf\" rel=\"noopener\" target=\"_blank\">Descargar<\/a><\/td>\n<\/tr>\n<tr class=\"row-10 even\">\n\t<td class=\"column-1\">12B<\/td><td class=\"column-2\">Bioqu\u00edmica Nutricional<\/td><td class=\"column-3\"><a href=\"https:\/\/www.nutricion.edu.uy\/wp-content\/uploads\/2024\/05\/12B-Bioquimica-Nutricional-Programa-UCOb-2024.pdf\" rel=\"noopener\" target=\"_blank\">Descargar<\/a><\/td>\n<\/tr>\n<tr class=\"row-11 odd\">\n\t<td class=\"column-1\">12C<\/td><td class=\"column-2\">Seguridad alimentaria nutricional y soberan\u00eda alimentaria<\/td><td class=\"column-3\"><a href=\"https:\/\/www.nutricion.edu.uy\/wp-content\/uploads\/2024\/05\/12C-Seguridad-Alimentaria-Nutricional-y-Soberania-Alimentaria-Programa-UCOb-2024.pdf\" rel=\"noopener\" target=\"_blank\">Descargar<\/a><\/td>\n<\/tr>\n<tr class=\"row-12 even\">\n\t<td class=\"column-1\">12D<\/td><td class=\"column-2\">Administraci\u00f3n aplicada al ejercicio de la profesi\u00f3n <\/td><td class=\"column-3\"><a href=\"https:\/\/www.nutricion.edu.uy\/wp-content\/uploads\/2024\/05\/12D-Administracion-aplicada-al-ejercicio-profesional-Programa-UCOb-2024.pdf\" rel=\"noopener\" target=\"_blank\">Descargar<\/a><\/td>\n<\/tr>\n<tr class=\"row-13 odd\">\n\t<td class=\"column-1\">12PA1<\/td><td class=\"column-2\">Pr\u00e1ctica articuladora I<\/td><td class=\"column-3\"><a href=\"https:\/\/www.nutricion.edu.uy\/wp-content\/uploads\/2024\/05\/12PA1-Practica-Articuladora-I-Modelo-Programa-UCOb-2024.pdf\" rel=\"noopener\" target=\"_blank\">Descargar<\/a><\/td>\n<\/tr>\n<tr class=\"row-14 even\">\n\t<td class=\"column-1\"><strong>Ciclo II<\/strong><\/td><td class=\"column-2\"><\/td><td class=\"column-3\"><\/td>\n<\/tr>\n<tr class=\"row-15 odd\">\n\t<td class=\"column-1\">21A<\/td><td class=\"column-2\">Diagn\u00f3stico y evaluaci\u00f3n del estado nutricional  <\/td><td class=\"column-3\"><a href=\"https:\/\/www.nutricion.edu.uy\/wp-content\/uploads\/2024\/05\/21A-Diagnostico-y-evaluacion-del-estado-nutricional-Programa-UCOb-2024.pdf\" rel=\"noopener\" target=\"_blank\">Descargar<\/a><\/td>\n<\/tr>\n<tr class=\"row-16 even\">\n\t<td class=\"column-1\">21B<\/td><td class=\"column-2\">Nutrici\u00f3n y alimentacion en el ciclo de la vida<\/td><td class=\"column-3\"><a href=\"https:\/\/www.nutricion.edu.uy\/wp-content\/uploads\/2024\/05\/21B-Nutricion-y-alimentacion-en-el-ciclo-de-la-vida-Programa-UCOb-2024.pdf\" rel=\"noopener\" target=\"_blank\">Descargar<\/a><\/td>\n<\/tr>\n<tr class=\"row-17 odd\">\n\t<td class=\"column-1\">21C<\/td><td class=\"column-2\">Salud p\u00fablica<\/td><td class=\"column-3\"><a href=\"https:\/\/www.nutricion.edu.uy\/wp-content\/uploads\/2024\/05\/21C-Salud-publica-Programa-UCOb-2024.pdf\" rel=\"noopener\" target=\"_blank\">Descargar<\/a><\/td>\n<\/tr>\n<tr class=\"row-18 even\">\n\t<td class=\"column-1\">21E<\/td><td class=\"column-2\">Bioestad\u00edstica y m\u00e9todos de investigaci\u00f3n <\/td><td class=\"column-3\"><a href=\"https:\/\/www.nutricion.edu.uy\/wp-content\/uploads\/2024\/05\/21E-Bioestadistica-y-metodos-de-la-investigacion-Programa-UCOb-2024.pdf\" rel=\"noopener\" target=\"_blank\">Descargar<\/a><\/td>\n<\/tr>\n<tr class=\"row-19 odd\">\n\t<td class=\"column-1\">21PA<\/td><td class=\"column-2\">Pr\u00e1ctica articuladora II<\/td><td class=\"column-3\"><a href=\"https:\/\/www.nutricion.edu.uy\/wp-content\/uploads\/2024\/05\/21PA2-Practica-Articuladora-II-Modelo-Programa-UCOb-2024.pdf\" rel=\"noopener\" target=\"_blank\">Descargar<\/a><\/td>\n<\/tr>\n<tr class=\"row-20 even\">\n\t<td class=\"column-1\">22A<\/td><td class=\"column-2\">Producci\u00f3n e industrializaci\u00f3n de alimentos<\/td><td class=\"column-3\"><a href=\"https:\/\/www.nutricion.edu.uy\/wp-content\/uploads\/2024\/05\/22A-Produccion-e-industrializacion-de-alimentos-Programa-UCOb-2024.pdf\" rel=\"noopener\" target=\"_blank\">Descargar<\/a><\/td>\n<\/tr>\n<tr class=\"row-21 odd\">\n\t<td class=\"column-1\">22B<\/td><td class=\"column-2\">Transformaciones f\u00edsico- qu\u00edmica de los alimentos<\/td><td class=\"column-3\"><a href=\"https:\/\/www.nutricion.edu.uy\/wp-content\/uploads\/2024\/05\/22B-Transformaciones-fisico-quimicas-de-los-alimentos-Programa-UCOb-2024.pdf\" rel=\"noopener\" target=\"_blank\">Descargar<\/a><\/td>\n<\/tr>\n<tr class=\"row-22 even\">\n\t<td class=\"column-1\">22C<\/td><td class=\"column-2\">Epidemiologia nutricional<\/td><td class=\"column-3\"><a href=\"https:\/\/www.nutricion.edu.uy\/wp-content\/uploads\/2024\/05\/22C-Epidemiologia-nutricional-Programa-UCOb-2024.pdf\" rel=\"noopener\" target=\"_blank\">Descargar<\/a><\/td>\n<\/tr>\n<tr class=\"row-23 odd\">\n\t<td class=\"column-1\">22E<\/td><td class=\"column-2\">Educaci\u00f3n en alimentaci\u00f3n y nutrici\u00f3n Fundamentos y praxis<\/td><td class=\"column-3\"><a href=\"https:\/\/www.nutricion.edu.uy\/wp-content\/uploads\/2024\/05\/22E-Educacion-en-alimentacion-y-nutricion-Programa-UCOb-2024.pdf\" rel=\"noopener\" target=\"_blank\">Descargar<\/a><\/td>\n<\/tr>\n<tr class=\"row-24 even\">\n\t<td class=\"column-1\">22PA<\/td><td class=\"column-2\">Pr\u00e1ctica articuladora III<\/td><td class=\"column-3\"><a href=\"https:\/\/www.nutricion.edu.uy\/wp-content\/uploads\/2024\/05\/22PA3-Practica-Articuladora-III-Modelo-Programa-UCOb-2024.pdf\" rel=\"noopener\" target=\"_blank\">Descargar<\/a><\/td>\n<\/tr>\n<tr class=\"row-25 odd\">\n\t<td class=\"column-1\"><strong>Ciclo III<\/strong><\/td><td class=\"column-2\"><\/td><td class=\"column-3\"><\/td>\n<\/tr>\n<tr class=\"row-26 even\">\n\t<td class=\"column-1\">31B<\/td><td class=\"column-2\">\u00c9tica de la alimentaci\u00f3n<\/td><td class=\"column-3\"><a href=\"https:\/\/www.nutricion.edu.uy\/wp-content\/uploads\/2024\/05\/31B-Etica-de-la-alimentacion-Programa-UCOb-2024.pdf\" rel=\"noopener\" target=\"_blank\">Descargar<\/a><\/td>\n<\/tr>\n<tr class=\"row-27 odd\">\n\t<td class=\"column-1\">31C<\/td><td class=\"column-2\">Nutrici\u00f3n poblacional<\/td><td class=\"column-3\"><a href=\"https:\/\/www.nutricion.edu.uy\/wp-content\/uploads\/2024\/05\/31C-Nutricion-poblacional-Programa-UCOb-2024.pdf\" rel=\"noopener\" target=\"_blank\">Descargar<\/a><\/td>\n<\/tr>\n<tr class=\"row-28 even\">\n\t<td class=\"column-1\">31D<\/td><td class=\"column-2\">Dise\u00f1o de alimentos<\/td><td class=\"column-3\"><a href=\"https:\/\/www.nutricion.edu.uy\/wp-content\/uploads\/2024\/05\/31D-Diseno-de-alimentos-Modelo-Programa-UCOb-2024.pdf\" rel=\"noopener\" target=\"_blank\">Descargar<\/a><\/td>\n<\/tr>\n<tr class=\"row-29 odd\">\n\t<td class=\"column-1\">31E<\/td><td class=\"column-2\">Nutrici\u00f3n cl\u00ednica I<\/td><td class=\"column-3\"><a href=\"https:\/\/www.nutricion.edu.uy\/wp-content\/uploads\/2024\/05\/31E-Nutricion-clinica-I-Programa-UCOb-2024.pdf\" rel=\"noopener\" target=\"_blank\">Descargar<\/a><\/td>\n<\/tr>\n<tr class=\"row-30 even\">\n\t<td class=\"column-1\">31PA<\/td><td class=\"column-2\">Pr\u00e1ctica articuladora IV<\/td><td class=\"column-3\"><a href=\"https:\/\/www.nutricion.edu.uy\/wp-content\/uploads\/2024\/05\/31PA4-Practica-Articuladora-IV-Modelo-Programa-UCOb-2024.pdf\" rel=\"noopener\" target=\"_blank\">Descargar<\/a><\/td>\n<\/tr>\n<tr class=\"row-31 odd\">\n\t<td class=\"column-1\">32A<\/td><td class=\"column-2\">Nutrici\u00f3n Cl\u00ednica II<\/td><td class=\"column-3\"><a href=\"https:\/\/www.nutricion.edu.uy\/wp-content\/uploads\/2024\/05\/32A-Nutricion-clinica-II-Programa-UCOb-2024.pdf\" rel=\"noopener\" target=\"_blank\">Descargar<\/a><\/td>\n<\/tr>\n<tr class=\"row-32 even\">\n\t<td class=\"column-1\">32B<\/td><td class=\"column-2\">Gesti\u00f3n de servicios de alimentaci\u00f3n colectiva<\/td><td class=\"column-3\"><a href=\"https:\/\/www.nutricion.edu.uy\/wp-content\/uploads\/2024\/05\/32B-Gestion-de-servicios-de-alimentacion-colectiva-Programa-UCOb-2024.pdf\" rel=\"noopener\" target=\"_blank\">Descargar<\/a><\/td>\n<\/tr>\n<tr class=\"row-33 odd\">\n\t<td class=\"column-1\">32PA5<\/td><td class=\"column-2\">Pr\u00e1ctica articuladora V<\/td><td class=\"column-3\"><a href=\"https:\/\/www.nutricion.edu.uy\/wp-content\/uploads\/2024\/05\/32PA5-Practica-Articuladora-V-Programa-UCOb-2024.pdf\" rel=\"noopener\" target=\"_blank\">Descargar<\/a><\/td>\n<\/tr>\n<tr class=\"row-34 even\">\n\t<td class=\"column-1\"><strong>Ciclo IV<\/strong><\/td><td class=\"column-2\"><\/td><td class=\"column-3\"><\/td>\n<\/tr>\n<tr class=\"row-35 odd\">\n\t<td class=\"column-1\"><\/td><td class=\"column-2\">Pr\u00e1ctica profesional <\/td><td class=\"column-3\"><a href=\"https:\/\/www.nutricion.edu.uy\/wp-content\/uploads\/2024\/05\/4-Practica-profesional-Programa-UCOb-2024-1.pdf\" rel=\"noopener\" target=\"_blank\">Descargar<\/a><\/td>\n<\/tr>\n<\/tbody>\n<\/table>\n<!-- #tablepress-20 from cache -->\n<\/div>\n\t\t<\/div><\/div><\/div><\/div><\/div>\n<\/div>\n","protected":false},"excerpt":{"rendered":"<p>PRIMER SEMESTRE Cada estudiante debe realizar la inscripci\u00f3n a las&nbsp;Unidades Curriculares Obligatorias (UCOb)&nbsp;que vaya a cursar. Las y los estudiantes de la generaci\u00f3n de ingreso 2026 deber\u00e1n inscribirse a las UCOb correspondientes al 1.\u00ba semestre del Ciclo I:<\/p>\n","protected":false},"author":1,"featured_media":0,"parent":0,"menu_order":0,"comment_status":"closed","ping_status":"closed","template":"","meta":{"footnotes":""},"class_list":["post-654","page","type-page","status-publish","hentry"],"yoast_head":"<!-- This site is optimized with the Yoast SEO plugin v24.9 - https:\/\/yoast.com\/wordpress\/plugins\/seo\/ -->\n<title>Unidades curriculares obligatorias - Escuela de Nutrici\u00f3n<\/title>\n<meta name=\"robots\" content=\"index, follow, max-snippet:-1, max-image-preview:large, max-video-preview:-1\" \/>\n<link rel=\"canonical\" href=\"https:\/\/www.nutricion.edu.uy\/?page_id=654\" \/>\n<meta property=\"og:locale\" content=\"es_ES\" \/>\n<meta property=\"og:type\" content=\"article\" \/>\n<meta property=\"og:title\" content=\"Unidades curriculares obligatorias - Escuela de Nutrici\u00f3n\" \/>\n<meta property=\"og:description\" content=\"PRIMER SEMESTRE Cada estudiante debe realizar la inscripci\u00f3n a las&nbsp;Unidades Curriculares Obligatorias (UCOb)&nbsp;que vaya a cursar. Las y los estudiantes de la generaci\u00f3n de ingreso 2026 deber\u00e1n inscribirse a las UCOb correspondientes al 1.\u00ba semestre del Ciclo I:\" \/>\n<meta property=\"og:url\" content=\"https:\/\/www.nutricion.edu.uy\/?page_id=654\" \/>\n<meta property=\"og:site_name\" content=\"Escuela de Nutrici\u00f3n\" \/>\n<meta property=\"article:modified_time\" content=\"2026-02-13T17:59:24+00:00\" \/>\n<meta property=\"og:image\" content=\"https:\/\/www.nutricion.edu.uy\/wp-content\/uploads\/2025\/01\/titulo-web-calen-ucobs-.png\" \/>\n\t<meta property=\"og:image:width\" content=\"2401\" \/>\n\t<meta property=\"og:image:height\" content=\"250\" \/>\n\t<meta property=\"og:image:type\" content=\"image\/png\" \/>\n<meta name=\"twitter:card\" content=\"summary_large_image\" \/>\n<meta name=\"twitter:label1\" content=\"Tiempo de lectura\" \/>\n\t<meta name=\"twitter:data1\" content=\"2 minutos\" \/>\n<script type=\"application\/ld+json\" class=\"yoast-schema-graph\">{\"@context\":\"https:\/\/schema.org\",\"@graph\":[{\"@type\":\"WebPage\",\"@id\":\"https:\/\/www.nutricion.edu.uy\/?page_id=654\",\"url\":\"https:\/\/www.nutricion.edu.uy\/?page_id=654\",\"name\":\"Unidades curriculares obligatorias - Escuela de Nutrici\u00f3n\",\"isPartOf\":{\"@id\":\"https:\/\/www.nutricion.edu.uy\/#website\"},\"primaryImageOfPage\":{\"@id\":\"https:\/\/www.nutricion.edu.uy\/?page_id=654#primaryimage\"},\"image\":{\"@id\":\"https:\/\/www.nutricion.edu.uy\/?page_id=654#primaryimage\"},\"thumbnailUrl\":\"https:\/\/www.nutricion.edu.uy\/wp-content\/uploads\/2025\/01\/titulo-web-calen-ucobs--1024x107.png\",\"datePublished\":\"2018-02-01T20:04:11+00:00\",\"dateModified\":\"2026-02-13T17:59:24+00:00\",\"breadcrumb\":{\"@id\":\"https:\/\/www.nutricion.edu.uy\/?page_id=654#breadcrumb\"},\"inLanguage\":\"es\",\"potentialAction\":[{\"@type\":\"ReadAction\",\"target\":[\"https:\/\/www.nutricion.edu.uy\/?page_id=654\"]}]},{\"@type\":\"ImageObject\",\"inLanguage\":\"es\",\"@id\":\"https:\/\/www.nutricion.edu.uy\/?page_id=654#primaryimage\",\"url\":\"https:\/\/www.nutricion.edu.uy\/wp-content\/uploads\/2025\/01\/titulo-web-calen-ucobs-.png\",\"contentUrl\":\"https:\/\/www.nutricion.edu.uy\/wp-content\/uploads\/2025\/01\/titulo-web-calen-ucobs-.png\",\"width\":2401,\"height\":250},{\"@type\":\"BreadcrumbList\",\"@id\":\"https:\/\/www.nutricion.edu.uy\/?page_id=654#breadcrumb\",\"itemListElement\":[{\"@type\":\"ListItem\",\"position\":1,\"name\":\"Portada\",\"item\":\"https:\/\/www.nutricion.edu.uy\/\"},{\"@type\":\"ListItem\",\"position\":2,\"name\":\"Unidades curriculares obligatorias\"}]},{\"@type\":\"WebSite\",\"@id\":\"https:\/\/www.nutricion.edu.uy\/#website\",\"url\":\"https:\/\/www.nutricion.edu.uy\/\",\"name\":\"Escuela de Nutrici\u00f3n\",\"description\":\"Universidad de la Rep\u00fablica\",\"publisher\":{\"@id\":\"https:\/\/www.nutricion.edu.uy\/#organization\"},\"potentialAction\":[{\"@type\":\"SearchAction\",\"target\":{\"@type\":\"EntryPoint\",\"urlTemplate\":\"https:\/\/www.nutricion.edu.uy\/?s={search_term_string}\"},\"query-input\":{\"@type\":\"PropertyValueSpecification\",\"valueRequired\":true,\"valueName\":\"search_term_string\"}}],\"inLanguage\":\"es\"},{\"@type\":\"Organization\",\"@id\":\"https:\/\/www.nutricion.edu.uy\/#organization\",\"name\":\"Escuela de Nutrici\u00f3n Udelar\",\"url\":\"https:\/\/www.nutricion.edu.uy\/\",\"logo\":{\"@type\":\"ImageObject\",\"inLanguage\":\"es\",\"@id\":\"https:\/\/www.nutricion.edu.uy\/#\/schema\/logo\/image\/\",\"url\":\"https:\/\/www.nutricion.edu.uy\/wp-content\/uploads\/2018\/01\/logo_escuela.png\",\"contentUrl\":\"https:\/\/www.nutricion.edu.uy\/wp-content\/uploads\/2018\/01\/logo_escuela.png\",\"width\":257,\"height\":70,\"caption\":\"Escuela de Nutrici\u00f3n Udelar\"},\"image\":{\"@id\":\"https:\/\/www.nutricion.edu.uy\/#\/schema\/logo\/image\/\"}}]}<\/script>\n<!-- \/ Yoast SEO plugin. -->","yoast_head_json":{"title":"Unidades curriculares obligatorias - Escuela de Nutrici\u00f3n","robots":{"index":"index","follow":"follow","max-snippet":"max-snippet:-1","max-image-preview":"max-image-preview:large","max-video-preview":"max-video-preview:-1"},"canonical":"https:\/\/www.nutricion.edu.uy\/?page_id=654","og_locale":"es_ES","og_type":"article","og_title":"Unidades curriculares obligatorias - Escuela de Nutrici\u00f3n","og_description":"PRIMER SEMESTRE Cada estudiante debe realizar la inscripci\u00f3n a las&nbsp;Unidades Curriculares Obligatorias (UCOb)&nbsp;que vaya a cursar. Las y los estudiantes de la generaci\u00f3n de ingreso 2026 deber\u00e1n inscribirse a las UCOb correspondientes al 1.\u00ba semestre del Ciclo I:","og_url":"https:\/\/www.nutricion.edu.uy\/?page_id=654","og_site_name":"Escuela de Nutrici\u00f3n","article_modified_time":"2026-02-13T17:59:24+00:00","og_image":[{"width":2401,"height":250,"url":"https:\/\/www.nutricion.edu.uy\/wp-content\/uploads\/2025\/01\/titulo-web-calen-ucobs-.png","type":"image\/png"}],"twitter_card":"summary_large_image","twitter_misc":{"Tiempo de lectura":"2 minutos"},"schema":{"@context":"https:\/\/schema.org","@graph":[{"@type":"WebPage","@id":"https:\/\/www.nutricion.edu.uy\/?page_id=654","url":"https:\/\/www.nutricion.edu.uy\/?page_id=654","name":"Unidades curriculares obligatorias - Escuela de Nutrici\u00f3n","isPartOf":{"@id":"https:\/\/www.nutricion.edu.uy\/#website"},"primaryImageOfPage":{"@id":"https:\/\/www.nutricion.edu.uy\/?page_id=654#primaryimage"},"image":{"@id":"https:\/\/www.nutricion.edu.uy\/?page_id=654#primaryimage"},"thumbnailUrl":"https:\/\/www.nutricion.edu.uy\/wp-content\/uploads\/2025\/01\/titulo-web-calen-ucobs--1024x107.png","datePublished":"2018-02-01T20:04:11+00:00","dateModified":"2026-02-13T17:59:24+00:00","breadcrumb":{"@id":"https:\/\/www.nutricion.edu.uy\/?page_id=654#breadcrumb"},"inLanguage":"es","potentialAction":[{"@type":"ReadAction","target":["https:\/\/www.nutricion.edu.uy\/?page_id=654"]}]},{"@type":"ImageObject","inLanguage":"es","@id":"https:\/\/www.nutricion.edu.uy\/?page_id=654#primaryimage","url":"https:\/\/www.nutricion.edu.uy\/wp-content\/uploads\/2025\/01\/titulo-web-calen-ucobs-.png","contentUrl":"https:\/\/www.nutricion.edu.uy\/wp-content\/uploads\/2025\/01\/titulo-web-calen-ucobs-.png","width":2401,"height":250},{"@type":"BreadcrumbList","@id":"https:\/\/www.nutricion.edu.uy\/?page_id=654#breadcrumb","itemListElement":[{"@type":"ListItem","position":1,"name":"Portada","item":"https:\/\/www.nutricion.edu.uy\/"},{"@type":"ListItem","position":2,"name":"Unidades curriculares obligatorias"}]},{"@type":"WebSite","@id":"https:\/\/www.nutricion.edu.uy\/#website","url":"https:\/\/www.nutricion.edu.uy\/","name":"Escuela de Nutrici\u00f3n","description":"Universidad de la Rep\u00fablica","publisher":{"@id":"https:\/\/www.nutricion.edu.uy\/#organization"},"potentialAction":[{"@type":"SearchAction","target":{"@type":"EntryPoint","urlTemplate":"https:\/\/www.nutricion.edu.uy\/?s={search_term_string}"},"query-input":{"@type":"PropertyValueSpecification","valueRequired":true,"valueName":"search_term_string"}}],"inLanguage":"es"},{"@type":"Organization","@id":"https:\/\/www.nutricion.edu.uy\/#organization","name":"Escuela de Nutrici\u00f3n Udelar","url":"https:\/\/www.nutricion.edu.uy\/","logo":{"@type":"ImageObject","inLanguage":"es","@id":"https:\/\/www.nutricion.edu.uy\/#\/schema\/logo\/image\/","url":"https:\/\/www.nutricion.edu.uy\/wp-content\/uploads\/2018\/01\/logo_escuela.png","contentUrl":"https:\/\/www.nutricion.edu.uy\/wp-content\/uploads\/2018\/01\/logo_escuela.png","width":257,"height":70,"caption":"Escuela de Nutrici\u00f3n Udelar"},"image":{"@id":"https:\/\/www.nutricion.edu.uy\/#\/schema\/logo\/image\/"}}]}},"_links":{"self":[{"href":"https:\/\/www.nutricion.edu.uy\/index.php?rest_route=\/wp\/v2\/pages\/654","targetHints":{"allow":["GET"]}}],"collection":[{"href":"https:\/\/www.nutricion.edu.uy\/index.php?rest_route=\/wp\/v2\/pages"}],"about":[{"href":"https:\/\/www.nutricion.edu.uy\/index.php?rest_route=\/wp\/v2\/types\/page"}],"author":[{"embeddable":true,"href":"https:\/\/www.nutricion.edu.uy\/index.php?rest_route=\/wp\/v2\/users\/1"}],"replies":[{"embeddable":true,"href":"https:\/\/www.nutricion.edu.uy\/index.php?rest_route=%2Fwp%2Fv2%2Fcomments&post=654"}],"version-history":[{"count":34,"href":"https:\/\/www.nutricion.edu.uy\/index.php?rest_route=\/wp\/v2\/pages\/654\/revisions"}],"predecessor-version":[{"id":14607,"href":"https:\/\/www.nutricion.edu.uy\/index.php?rest_route=\/wp\/v2\/pages\/654\/revisions\/14607"}],"wp:attachment":[{"href":"https:\/\/www.nutricion.edu.uy\/index.php?rest_route=%2Fwp%2Fv2%2Fmedia&parent=654"}],"curies":[{"name":"wp","href":"https:\/\/api.w.org\/{rel}","templated":true}]}}