{"id":8520,"date":"2022-07-13T12:43:27","date_gmt":"2022-07-13T15:43:27","guid":{"rendered":"https:\/\/www.nutricion.edu.uy\/?page_id=8520"},"modified":"2022-08-04T16:41:48","modified_gmt":"2022-08-04T19:41:48","slug":"laboratorio-de-microbiologia-alimentaria","status":"publish","type":"page","link":"https:\/\/www.nutricion.edu.uy\/?page_id=8520","title":{"rendered":"Laboratorio de microbiolog\u00eda alimentaria"},"content":{"rendered":"<div id=\"pl-gb8520-6a048060718ae\"  class=\"panel-layout\" ><div id=\"pg-gb8520-6a048060718ae-0\"  class=\"panel-grid panel-no-style\" ><div id=\"pgc-gb8520-6a048060718ae-0-0\"  class=\"panel-grid-cell\" ><div id=\"panel-gb8520-6a048060718ae-0-0-0\" class=\"so-panel widget widget_media_image panel-first-child panel-last-child\" data-index=\"0\" ><img fetchpriority=\"high\" decoding=\"async\" width=\"1389\" height=\"348\" src=\"https:\/\/www.nutricion.edu.uy\/wp-content\/uploads\/2022\/07\/micro.png\" class=\"image wp-image-8708  attachment-full size-full\" alt=\"\" style=\"max-width: 100%; height: auto;\" srcset=\"https:\/\/www.nutricion.edu.uy\/wp-content\/uploads\/2022\/07\/micro.png 1389w, https:\/\/www.nutricion.edu.uy\/wp-content\/uploads\/2022\/07\/micro-300x75.png 300w, https:\/\/www.nutricion.edu.uy\/wp-content\/uploads\/2022\/07\/micro-1024x257.png 1024w, https:\/\/www.nutricion.edu.uy\/wp-content\/uploads\/2022\/07\/micro-768x192.png 768w\" sizes=\"(max-width: 1389px) 100vw, 1389px\" \/><\/div><\/div><\/div><div id=\"pg-gb8520-6a048060718ae-1\"  class=\"panel-grid panel-no-style\" ><div id=\"pgc-gb8520-6a048060718ae-1-0\"  class=\"panel-grid-cell\" ><div id=\"panel-gb8520-6a048060718ae-1-0-0\" class=\"so-panel widget widget_sow-tabs panel-first-child panel-last-child\" data-index=\"1\" ><div\n\t\t\t\n\t\t\tclass=\"so-widget-sow-tabs so-widget-sow-tabs-default-e4c3ec3e16cb-8520\"\n\t\t\t\n\t\t><div class=\"sow-tabs\">\n\t<div class=\"sow-tabs-tab-container\" role=\"tablist\">\n\t\t\t<div\n\t\t\tclass=\"sow-tabs-tab\n\t\t\t\t\t\t\"\n\t\t\trole=\"tab\"\n\t\t\tdata-anchor-id=\"antecedentes\"\n\t\t\taria-selected=\"false\"\n\t\t\ttabindex=\"0\"\n\t\t>\n\t\t\t<div class=\"sow-tabs-title sow-tabs-title-icon-left\">\n\t\t\t\t\t\t\t\tAntecedentes\t\t\t\t\t\t\t<\/div>\n\t\t<\/div>\n\t\t\t<div\n\t\t\tclass=\"sow-tabs-tab\n\t\t\t\t\t\t\"\n\t\t\trole=\"tab\"\n\t\t\tdata-anchor-id=\"objetivos\"\n\t\t\taria-selected=\"false\"\n\t\t\ttabindex=\"0\"\n\t\t>\n\t\t\t<div class=\"sow-tabs-title sow-tabs-title-icon-left\">\n\t\t\t\t\t\t\t\tObjetivos\t\t\t\t\t\t\t<\/div>\n\t\t<\/div>\n\t\t\t<div\n\t\t\tclass=\"sow-tabs-tab\n\t\t\t sow-tabs-tab-selected\t\t\t\"\n\t\t\trole=\"tab\"\n\t\t\tdata-anchor-id=\"actividades-de-ensenanza\"\n\t\t\taria-selected=\"true\"\n\t\t\ttabindex=\"0\"\n\t\t>\n\t\t\t<div class=\"sow-tabs-title sow-tabs-title-icon-left\">\n\t\t\t\t\t\t\t\tActividades de ense\u00f1anza\t\t\t\t\t\t\t<\/div>\n\t\t<\/div>\n\t\t\t<div\n\t\t\tclass=\"sow-tabs-tab\n\t\t\t\t\t\t\"\n\t\t\trole=\"tab\"\n\t\t\tdata-anchor-id=\"actividades-de-investigacion-y-creacion-de-conocimiento\"\n\t\t\taria-selected=\"false\"\n\t\t\ttabindex=\"0\"\n\t\t>\n\t\t\t<div class=\"sow-tabs-title sow-tabs-title-icon-left\">\n\t\t\t\t\t\t\t\tActividades de investigaci\u00f3n y creaci\u00f3n de conocimiento\t\t\t\t\t\t\t<\/div>\n\t\t<\/div>\n\t\t\t<div\n\t\t\tclass=\"sow-tabs-tab\n\t\t\t\t\t\t\"\n\t\t\trole=\"tab\"\n\t\t\tdata-anchor-id=\"actividades-de-extension\"\n\t\t\taria-selected=\"false\"\n\t\t\ttabindex=\"0\"\n\t\t>\n\t\t\t<div class=\"sow-tabs-title sow-tabs-title-icon-left\">\n\t\t\t\t\t\t\t\tActividades de extensi\u00f3n \t\t\t\t\t\t\t<\/div>\n\t\t<\/div>\n\t\t\t<div\n\t\t\tclass=\"sow-tabs-tab\n\t\t\t\t\t\t\"\n\t\t\trole=\"tab\"\n\t\t\tdata-anchor-id=\"capacidad-analitica\"\n\t\t\taria-selected=\"false\"\n\t\t\ttabindex=\"0\"\n\t\t>\n\t\t\t<div class=\"sow-tabs-title sow-tabs-title-icon-left\">\n\t\t\t\t\t\t\t\tCapacidad anal\u00edtica\t\t\t\t\t\t\t<\/div>\n\t\t<\/div>\n\t\t\t<div\n\t\t\tclass=\"sow-tabs-tab\n\t\t\t\t\t\t\"\n\t\t\trole=\"tab\"\n\t\t\tdata-anchor-id=\"a-futuro\"\n\t\t\taria-selected=\"false\"\n\t\t\ttabindex=\"0\"\n\t\t>\n\t\t\t<div class=\"sow-tabs-title sow-tabs-title-icon-left\">\n\t\t\t\t\t\t\t\tA futuro\t\t\t\t\t\t\t<\/div>\n\t\t<\/div>\n\t\t<\/div>\n\n\t<div class=\"sow-tabs-panel-container\">\n\t\t\t<div class=\"sow-tabs-panel\">\n\t\t\t<div\n\t\t\t\tclass=\"sow-tabs-panel-content\"\n\t\t\t\trole=\"tabpanel\"\n\t\t\t\taria-hidden=\"true\"\n\t\t\t>\n\t\t\t\t<p><span style=\"font-weight: 400\">El Laboratorio de Microbiolog\u00eda Alimentaria data desde los inicios de la carrera de Nutrici\u00f3n, ubicado en sus or\u00edgenes en el piso 13 del Hospital de Cl\u00ednicas \u201cDr. Manuel Quintela\u201d. El mismo estaba conformado por dos secciones: zona sucia y zona limpia.<\/span><\/p>\n<p><span style=\"font-weight: 400\">En el dise\u00f1o del Aulario del \u00c1rea Salud, establecida en el Edificio Polivalente Parque Batlle (EPPB) se ubica el laboratorio desde el a\u00f1o 2021 en el segundo m\u00f3dulo del EPPB, en un espacio m\u00e1s amplio, contando con zona limpia y zona sucia contiguas, separadas y diferenciadas. El dise\u00f1o est\u00e1 adaptado a las necesidades, el tama\u00f1o, los materiales y la infraestructura compatibles con las actividades del laboratorio, permiten un correcto flujo de trabajo, y el desarrollo de actividades de docencia, investigaci\u00f3n y extensi\u00f3n dentro del mismo. Se ha equipado mobiliario en los laboratorios mediante proyectos de PCETMALUR.<\/span><\/p>\n\t\t\t<\/div>\n\t\t<\/div>\n\t\t\t<div class=\"sow-tabs-panel\">\n\t\t\t<div\n\t\t\t\tclass=\"sow-tabs-panel-content\"\n\t\t\t\trole=\"tabpanel\"\n\t\t\t\taria-hidden=\"true\"\n\t\t\t>\n\t\t\t\t<p><span style=\"font-weight: 400\">Contribuir a la formaci\u00f3n de profesionales del \u00e1rea de la nutrici\u00f3n humana y f<\/span><span style=\"font-weight: 400\">ortalecer los procesos de ense\u00f1anza, investigaci\u00f3n y extensi\u00f3n vinculados a la microbiolog\u00eda de los alimentos, desarrollando habilidades y destrezas en an\u00e1lisis microbiol\u00f3gicos.<\/span><\/p>\n\t\t\t<\/div>\n\t\t<\/div>\n\t\t\t<div class=\"sow-tabs-panel\">\n\t\t\t<div\n\t\t\t\tclass=\"sow-tabs-panel-content\"\n\t\t\t\trole=\"tabpanel\"\n\t\t\t\taria-hidden=\"false\"\n\t\t\t>\n\t\t\t\t<p><span style=\"font-weight: 400\">Grado:<\/span><\/p>\n<ul>\n<li style=\"font-weight: 400\"><span style=\"font-weight: 400\">Pr\u00e1cticos en la unidad curricular Microbiolog\u00eda Alimentaria: aplicar protocolos de buenas pr\u00e1cticas en el laboratorio, toma de muestras, y otras.\u00a0<\/span><\/li>\n<li style=\"font-weight: 400\"><span style=\"font-weight: 400\">Optativas planificadas en el marco del Plan de Estudio 2014.\u00a0<\/span><\/li>\n<\/ul>\n<p><span style=\"font-weight: 400\">Educaci\u00f3n Permanente:\u00a0<\/span><\/p>\n<ul>\n<li style=\"font-weight: 400\"><span style=\"font-weight: 400\">Curso de vida \u00fatil de alimentos.\u00a0\u00a0<\/span><\/li>\n<li style=\"font-weight: 400\"><span style=\"font-weight: 400\">Curso de Procedimientos Operativos Estandarizados de Saneamiento (POES)<\/span><\/li>\n<\/ul>\n\t\t\t<\/div>\n\t\t<\/div>\n\t\t\t<div class=\"sow-tabs-panel\">\n\t\t\t<div\n\t\t\t\tclass=\"sow-tabs-panel-content\"\n\t\t\t\trole=\"tabpanel\"\n\t\t\t\taria-hidden=\"true\"\n\t\t\t>\n\t\t\t\t<p><span style=\"font-weight: 400\">Desarrollo de un alimento fermentado con productos de consumo tradicional en Uruguay (2020).\u00a0<\/span><\/p>\n<p><span style=\"font-weight: 400\">Proyecto ganado en el llamado Programa de Fortalecimiento del Equipamiento de Investigaci\u00f3n en los Servicios de la UdelaR (CSIC): se obtiene un Autoclave por Res. N\u00b0 7 CSIC del 8 de julio del 2021<\/span><\/p>\n<p><span style=\"font-weight: 400\">Esta l\u00ednea articula con los laboratorios de Microbiolog\u00eda Alimentaria, Alimentos Modificados y Desarrollo de Productos,\u00a0 el de An\u00e1lisis Fisicoqu\u00edmico de alimentos y el de Laboratorio Experimental de Alimentos.<\/span><\/p>\n\t\t\t<\/div>\n\t\t<\/div>\n\t\t\t<div class=\"sow-tabs-panel\">\n\t\t\t<div\n\t\t\t\tclass=\"sow-tabs-panel-content\"\n\t\t\t\trole=\"tabpanel\"\n\t\t\t\taria-hidden=\"true\"\n\t\t\t>\n\t\t\t\t<p><span style=\"font-weight: 400\">Extensi\u00f3n &#8211; Alimentos en acci\u00f3n: Experimentado con frutas y Hortalizas desde la Microbiolog\u00eda la Qu\u00edmica y la Nutrici\u00f3n 2022<\/span><\/p>\n\t\t\t<\/div>\n\t\t<\/div>\n\t\t\t<div class=\"sow-tabs-panel\">\n\t\t\t<div\n\t\t\t\tclass=\"sow-tabs-panel-content\"\n\t\t\t\trole=\"tabpanel\"\n\t\t\t\taria-hidden=\"true\"\n\t\t\t>\n\t\t\t\t<p><b>Capacidad anal\u00edtica actual\u00a0<\/b><\/p>\n<p>&nbsp;<\/p>\n<p><span style=\"font-weight: 400\">En relaci\u00f3n a las l\u00edneas de investigaci\u00f3n actualmente se trabaja en las siguientes \u00e1reas:<\/span><\/p>\n<ul>\n<li style=\"font-weight: 400\"><span style=\"font-weight: 400\">An\u00e1lisis de aguas: control de la calidad de agua corriente y de dispensadores de agua de consumo en EPPB y Piso 13 del HC.<\/span><\/li>\n<li style=\"font-weight: 400\"><span style=\"font-weight: 400\">Alimentos fermentados: control de higiene en la elaboraci\u00f3n.<\/span><\/li>\n<\/ul>\n<p>&nbsp;<\/p>\n<p><span style=\"font-weight: 400\">Tambi\u00e9n se realizan actividades en el marco de Proventos:<\/span><\/p>\n<ul>\n<li style=\"font-weight: 400\"><span style=\"font-weight: 400\">An\u00e1lisis de alimentos, superficies y ambiente para el Departamento de Alimentos del Centro Nacional de Quemados (CENAQUE) del HC.<\/span><\/li>\n<\/ul>\n<p>&nbsp;<\/p>\n<p><b>Capacidad anal\u00edtica proyectada<\/b><\/p>\n<p><span style=\"font-weight: 400\">Se proyecta ampliar las l\u00edneas de investigaci\u00f3n actuales:<\/span><\/p>\n<ul>\n<li style=\"font-weight: 400\"><span style=\"font-weight: 400\">An\u00e1lisis de aguas: aceptabilidad microbiol\u00f3gica del agua de consumo, incorporando an\u00e1lisis de <\/span><i><span style=\"font-weight: 400\">Pseudomonas aeruginosa<\/span><\/i><span style=\"font-weight: 400\">.<\/span><\/li>\n<li style=\"font-weight: 400\"><span style=\"font-weight: 400\">Alimentos fermentados: b\u00fasqueda de microorganismos pat\u00f3genos como ser <\/span><i><span style=\"font-weight: 400\">Salmonella <\/span><\/i><span style=\"font-weight: 400\">spp., <\/span><i><span style=\"font-weight: 400\">Listeria <\/span><\/i><span style=\"font-weight: 400\">spp., <\/span><i><span style=\"font-weight: 400\">Staphylococcus aureus <\/span><\/i><span style=\"font-weight: 400\">y recuento de bacterias potencialmente beneficiosas para la salud (bacterias \u00e1cido l\u00e1cticas).<\/span><\/li>\n<\/ul>\n<p>&nbsp;<\/p>\n<p><span style=\"font-weight: 400\">Se plantean nuevas l\u00edneas de investigaci\u00f3n en relaci\u00f3n a:<\/span><\/p>\n<ul>\n<li style=\"font-weight: 400\"><span style=\"font-weight: 400\">B\u00fasqueda e identificaci\u00f3n preliminar de hongos potencialmente toxig\u00e9nicos en alimentos.<\/span><\/li>\n<li style=\"font-weight: 400\"><span style=\"font-weight: 400\">Control de inocuidad de productos elaborados en servicios alimentarios del EPPB (asesoramiento).<\/span><\/li>\n<\/ul>\n<p>&nbsp;<\/p>\n<p><b>Actualmente se cuenta con los siguientes equipos en funcionamiento:<\/b><b><br \/>\n<\/b><\/p>\n<ul>\n<li style=\"font-weight: 400\"><span style=\"font-weight: 400\">Cabina de flujo laminar<\/span><\/li>\n<li style=\"font-weight: 400\"><span style=\"font-weight: 400\">Estufa de esterilizaci\u00f3n<\/span><\/li>\n<li style=\"font-weight: 400\"><span style=\"font-weight: 400\">Estufas de cultivo<\/span><\/li>\n<li style=\"font-weight: 400\"><span style=\"font-weight: 400\">Digestor homogeneizador de \u00a0 muestras<\/span><\/li>\n<li style=\"font-weight: 400\"><span style=\"font-weight: 400\">Ba\u00f1o de cultivo<\/span><\/li>\n<li style=\"font-weight: 400\"><span style=\"font-weight: 400\">Incubadoras (financiaci\u00f3n CSE 2021)<\/span><\/li>\n<li style=\"font-weight: 400\"><span style=\"font-weight: 400\">Balanzas<\/span><\/li>\n<li style=\"font-weight: 400\"><span style=\"font-weight: 400\">Microscopios<\/span><\/li>\n<li style=\"font-weight: 400\"><span style=\"font-weight: 400\">Contador de colonias<\/span><\/li>\n<li style=\"font-weight: 400\"><span style=\"font-weight: 400\">Autoclaves<\/span><\/li>\n<li style=\"font-weight: 400\"><span style=\"font-weight: 400\">Microondas<\/span><\/li>\n<li style=\"font-weight: 400\"><span style=\"font-weight: 400\">Destilador de agua<\/span><\/li>\n<li style=\"font-weight: 400\"><span style=\"font-weight: 400\">pH-metro port\u00e1til<\/span><\/li>\n<li style=\"font-weight: 400\"><span style=\"font-weight: 400\">L\u00e1mpara UV<\/span><\/li>\n<li style=\"font-weight: 400\"><span style=\"font-weight: 400\">Dispensador de medios de cultivo<\/span><\/li>\n<li style=\"font-weight: 400\"><span style=\"font-weight: 400\">C\u00e1mara para cultivos anaerobios<\/span><\/li>\n<li style=\"font-weight: 400\"><span style=\"font-weight: 400\">Termohigr\u00f3metro<\/span><\/li>\n<\/ul>\n\t\t\t<\/div>\n\t\t<\/div>\n\t\t\t<div class=\"sow-tabs-panel\">\n\t\t\t<div\n\t\t\t\tclass=\"sow-tabs-panel-content\"\n\t\t\t\trole=\"tabpanel\"\n\t\t\t\taria-hidden=\"true\"\n\t\t\t>\n\t\t\t\t<p><span style=\"font-weight: 400\">Expandir el desarrollo y realizar otras actividades que potencien la formaci\u00f3n de estudiantes y egresados.\u00a0<\/span><\/p>\n<p><span style=\"font-weight: 400\">Consolidar una pol\u00edtica de puertas abiertas que articule con los otros laboratorios dentro y fuera de la instituci\u00f3n.<\/span><\/p>\n<p><span style=\"font-weight: 400\">Continuar con Proventos articulando con diferentes departamentos de la Escuela de Nutrici\u00f3n.<\/span><\/p>\n\t\t\t<\/div>\n\t\t<\/div>\n\t\t<\/div>\n<\/div>\n<\/div><\/div><\/div><\/div><\/div>","protected":false},"excerpt":{"rendered":"","protected":false},"author":1,"featured_media":0,"parent":7944,"menu_order":0,"comment_status":"closed","ping_status":"closed","template":"","meta":{"footnotes":""},"class_list":["post-8520","page","type-page","status-publish","hentry"],"yoast_head":"<!-- This site is optimized with the Yoast SEO plugin v24.9 - https:\/\/yoast.com\/wordpress\/plugins\/seo\/ -->\n<title>Laboratorio de microbiolog\u00eda alimentaria - Escuela de Nutrici\u00f3n<\/title>\n<meta name=\"robots\" content=\"index, follow, max-snippet:-1, max-image-preview:large, max-video-preview:-1\" \/>\n<link rel=\"canonical\" href=\"https:\/\/www.nutricion.edu.uy\/?page_id=8520\" \/>\n<meta property=\"og:locale\" content=\"es_ES\" \/>\n<meta property=\"og:type\" content=\"article\" \/>\n<meta property=\"og:title\" content=\"Laboratorio de microbiolog\u00eda alimentaria - Escuela de Nutrici\u00f3n\" \/>\n<meta property=\"og:url\" content=\"https:\/\/www.nutricion.edu.uy\/?page_id=8520\" \/>\n<meta property=\"og:site_name\" content=\"Escuela de Nutrici\u00f3n\" \/>\n<meta property=\"article:modified_time\" content=\"2022-08-04T19:41:48+00:00\" \/>\n<meta property=\"og:image\" content=\"https:\/\/www.nutricion.edu.uy\/wp-content\/uploads\/2022\/07\/micro.png\" \/>\n<meta name=\"twitter:card\" content=\"summary_large_image\" \/>\n<meta name=\"twitter:label1\" content=\"Tiempo de lectura\" \/>\n\t<meta name=\"twitter:data1\" content=\"4 minutos\" \/>\n<script type=\"application\/ld+json\" class=\"yoast-schema-graph\">{\"@context\":\"https:\/\/schema.org\",\"@graph\":[{\"@type\":\"WebPage\",\"@id\":\"https:\/\/www.nutricion.edu.uy\/?page_id=8520\",\"url\":\"https:\/\/www.nutricion.edu.uy\/?page_id=8520\",\"name\":\"Laboratorio de microbiolog\u00eda alimentaria - Escuela de Nutrici\u00f3n\",\"isPartOf\":{\"@id\":\"https:\/\/www.nutricion.edu.uy\/#website\"},\"primaryImageOfPage\":{\"@id\":\"https:\/\/www.nutricion.edu.uy\/?page_id=8520#primaryimage\"},\"image\":{\"@id\":\"https:\/\/www.nutricion.edu.uy\/?page_id=8520#primaryimage\"},\"thumbnailUrl\":\"https:\/\/www.nutricion.edu.uy\/wp-content\/uploads\/2022\/07\/micro.png\",\"datePublished\":\"2022-07-13T15:43:27+00:00\",\"dateModified\":\"2022-08-04T19:41:48+00:00\",\"breadcrumb\":{\"@id\":\"https:\/\/www.nutricion.edu.uy\/?page_id=8520#breadcrumb\"},\"inLanguage\":\"es\",\"potentialAction\":[{\"@type\":\"ReadAction\",\"target\":[\"https:\/\/www.nutricion.edu.uy\/?page_id=8520\"]}]},{\"@type\":\"ImageObject\",\"inLanguage\":\"es\",\"@id\":\"https:\/\/www.nutricion.edu.uy\/?page_id=8520#primaryimage\",\"url\":\"https:\/\/www.nutricion.edu.uy\/wp-content\/uploads\/2022\/07\/micro.png\",\"contentUrl\":\"https:\/\/www.nutricion.edu.uy\/wp-content\/uploads\/2022\/07\/micro.png\",\"width\":1389,\"height\":348},{\"@type\":\"BreadcrumbList\",\"@id\":\"https:\/\/www.nutricion.edu.uy\/?page_id=8520#breadcrumb\",\"itemListElement\":[{\"@type\":\"ListItem\",\"position\":1,\"name\":\"Portada\",\"item\":\"https:\/\/www.nutricion.edu.uy\/\"},{\"@type\":\"ListItem\",\"position\":2,\"name\":\"Laboratorios\",\"item\":\"https:\/\/www.nutricion.edu.uy\/?page_id=7944\"},{\"@type\":\"ListItem\",\"position\":3,\"name\":\"Laboratorio de microbiolog\u00eda alimentaria\"}]},{\"@type\":\"WebSite\",\"@id\":\"https:\/\/www.nutricion.edu.uy\/#website\",\"url\":\"https:\/\/www.nutricion.edu.uy\/\",\"name\":\"Escuela de Nutrici\u00f3n\",\"description\":\"Universidad de la Rep\u00fablica\",\"publisher\":{\"@id\":\"https:\/\/www.nutricion.edu.uy\/#organization\"},\"potentialAction\":[{\"@type\":\"SearchAction\",\"target\":{\"@type\":\"EntryPoint\",\"urlTemplate\":\"https:\/\/www.nutricion.edu.uy\/?s={search_term_string}\"},\"query-input\":{\"@type\":\"PropertyValueSpecification\",\"valueRequired\":true,\"valueName\":\"search_term_string\"}}],\"inLanguage\":\"es\"},{\"@type\":\"Organization\",\"@id\":\"https:\/\/www.nutricion.edu.uy\/#organization\",\"name\":\"Escuela de Nutrici\u00f3n Udelar\",\"url\":\"https:\/\/www.nutricion.edu.uy\/\",\"logo\":{\"@type\":\"ImageObject\",\"inLanguage\":\"es\",\"@id\":\"https:\/\/www.nutricion.edu.uy\/#\/schema\/logo\/image\/\",\"url\":\"https:\/\/www.nutricion.edu.uy\/wp-content\/uploads\/2018\/01\/logo_escuela.png\",\"contentUrl\":\"https:\/\/www.nutricion.edu.uy\/wp-content\/uploads\/2018\/01\/logo_escuela.png\",\"width\":257,\"height\":70,\"caption\":\"Escuela de Nutrici\u00f3n Udelar\"},\"image\":{\"@id\":\"https:\/\/www.nutricion.edu.uy\/#\/schema\/logo\/image\/\"}}]}<\/script>\n<!-- \/ Yoast SEO plugin. -->","yoast_head_json":{"title":"Laboratorio de microbiolog\u00eda alimentaria - Escuela de Nutrici\u00f3n","robots":{"index":"index","follow":"follow","max-snippet":"max-snippet:-1","max-image-preview":"max-image-preview:large","max-video-preview":"max-video-preview:-1"},"canonical":"https:\/\/www.nutricion.edu.uy\/?page_id=8520","og_locale":"es_ES","og_type":"article","og_title":"Laboratorio de microbiolog\u00eda alimentaria - Escuela de Nutrici\u00f3n","og_url":"https:\/\/www.nutricion.edu.uy\/?page_id=8520","og_site_name":"Escuela de Nutrici\u00f3n","article_modified_time":"2022-08-04T19:41:48+00:00","og_image":[{"url":"https:\/\/www.nutricion.edu.uy\/wp-content\/uploads\/2022\/07\/micro.png","type":"","width":"","height":""}],"twitter_card":"summary_large_image","twitter_misc":{"Tiempo de lectura":"4 minutos"},"schema":{"@context":"https:\/\/schema.org","@graph":[{"@type":"WebPage","@id":"https:\/\/www.nutricion.edu.uy\/?page_id=8520","url":"https:\/\/www.nutricion.edu.uy\/?page_id=8520","name":"Laboratorio de microbiolog\u00eda alimentaria - Escuela de Nutrici\u00f3n","isPartOf":{"@id":"https:\/\/www.nutricion.edu.uy\/#website"},"primaryImageOfPage":{"@id":"https:\/\/www.nutricion.edu.uy\/?page_id=8520#primaryimage"},"image":{"@id":"https:\/\/www.nutricion.edu.uy\/?page_id=8520#primaryimage"},"thumbnailUrl":"https:\/\/www.nutricion.edu.uy\/wp-content\/uploads\/2022\/07\/micro.png","datePublished":"2022-07-13T15:43:27+00:00","dateModified":"2022-08-04T19:41:48+00:00","breadcrumb":{"@id":"https:\/\/www.nutricion.edu.uy\/?page_id=8520#breadcrumb"},"inLanguage":"es","potentialAction":[{"@type":"ReadAction","target":["https:\/\/www.nutricion.edu.uy\/?page_id=8520"]}]},{"@type":"ImageObject","inLanguage":"es","@id":"https:\/\/www.nutricion.edu.uy\/?page_id=8520#primaryimage","url":"https:\/\/www.nutricion.edu.uy\/wp-content\/uploads\/2022\/07\/micro.png","contentUrl":"https:\/\/www.nutricion.edu.uy\/wp-content\/uploads\/2022\/07\/micro.png","width":1389,"height":348},{"@type":"BreadcrumbList","@id":"https:\/\/www.nutricion.edu.uy\/?page_id=8520#breadcrumb","itemListElement":[{"@type":"ListItem","position":1,"name":"Portada","item":"https:\/\/www.nutricion.edu.uy\/"},{"@type":"ListItem","position":2,"name":"Laboratorios","item":"https:\/\/www.nutricion.edu.uy\/?page_id=7944"},{"@type":"ListItem","position":3,"name":"Laboratorio de microbiolog\u00eda alimentaria"}]},{"@type":"WebSite","@id":"https:\/\/www.nutricion.edu.uy\/#website","url":"https:\/\/www.nutricion.edu.uy\/","name":"Escuela de Nutrici\u00f3n","description":"Universidad de la Rep\u00fablica","publisher":{"@id":"https:\/\/www.nutricion.edu.uy\/#organization"},"potentialAction":[{"@type":"SearchAction","target":{"@type":"EntryPoint","urlTemplate":"https:\/\/www.nutricion.edu.uy\/?s={search_term_string}"},"query-input":{"@type":"PropertyValueSpecification","valueRequired":true,"valueName":"search_term_string"}}],"inLanguage":"es"},{"@type":"Organization","@id":"https:\/\/www.nutricion.edu.uy\/#organization","name":"Escuela de Nutrici\u00f3n Udelar","url":"https:\/\/www.nutricion.edu.uy\/","logo":{"@type":"ImageObject","inLanguage":"es","@id":"https:\/\/www.nutricion.edu.uy\/#\/schema\/logo\/image\/","url":"https:\/\/www.nutricion.edu.uy\/wp-content\/uploads\/2018\/01\/logo_escuela.png","contentUrl":"https:\/\/www.nutricion.edu.uy\/wp-content\/uploads\/2018\/01\/logo_escuela.png","width":257,"height":70,"caption":"Escuela de Nutrici\u00f3n Udelar"},"image":{"@id":"https:\/\/www.nutricion.edu.uy\/#\/schema\/logo\/image\/"}}]}},"_links":{"self":[{"href":"https:\/\/www.nutricion.edu.uy\/index.php?rest_route=\/wp\/v2\/pages\/8520","targetHints":{"allow":["GET"]}}],"collection":[{"href":"https:\/\/www.nutricion.edu.uy\/index.php?rest_route=\/wp\/v2\/pages"}],"about":[{"href":"https:\/\/www.nutricion.edu.uy\/index.php?rest_route=\/wp\/v2\/types\/page"}],"author":[{"embeddable":true,"href":"https:\/\/www.nutricion.edu.uy\/index.php?rest_route=\/wp\/v2\/users\/1"}],"replies":[{"embeddable":true,"href":"https:\/\/www.nutricion.edu.uy\/index.php?rest_route=%2Fwp%2Fv2%2Fcomments&post=8520"}],"version-history":[{"count":5,"href":"https:\/\/www.nutricion.edu.uy\/index.php?rest_route=\/wp\/v2\/pages\/8520\/revisions"}],"predecessor-version":[{"id":8709,"href":"https:\/\/www.nutricion.edu.uy\/index.php?rest_route=\/wp\/v2\/pages\/8520\/revisions\/8709"}],"up":[{"embeddable":true,"href":"https:\/\/www.nutricion.edu.uy\/index.php?rest_route=\/wp\/v2\/pages\/7944"}],"wp:attachment":[{"href":"https:\/\/www.nutricion.edu.uy\/index.php?rest_route=%2Fwp%2Fv2%2Fmedia&parent=8520"}],"curies":[{"name":"wp","href":"https:\/\/api.w.org\/{rel}","templated":true}]}}