{"id":8618,"date":"2022-07-21T13:48:31","date_gmt":"2022-07-21T16:48:31","guid":{"rendered":"https:\/\/www.nutricion.edu.uy\/?page_id=8618"},"modified":"2022-08-04T16:38:16","modified_gmt":"2022-08-04T19:38:16","slug":"evaluacion-del-estado-nutricional","status":"publish","type":"page","link":"https:\/\/www.nutricion.edu.uy\/?page_id=8618","title":{"rendered":"Evaluaci\u00f3n del Estado Nutricional"},"content":{"rendered":"<div id=\"pl-8618\"  class=\"panel-layout\" ><div id=\"pg-8618-0\"  class=\"panel-grid panel-no-style\" ><div id=\"pgc-8618-0-0\"  class=\"panel-grid-cell\" ><div id=\"panel-8618-0-0-0\" class=\"so-panel widget widget_media_image panel-first-child panel-last-child\" data-index=\"0\" ><img fetchpriority=\"high\" decoding=\"async\" width=\"1389\" height=\"348\" src=\"https:\/\/www.nutricion.edu.uy\/wp-content\/uploads\/2022\/07\/Evaluacion-del-estado-.png\" class=\"image wp-image-8701  attachment-full size-full\" alt=\"\" style=\"max-width: 100%; height: auto;\" srcset=\"https:\/\/www.nutricion.edu.uy\/wp-content\/uploads\/2022\/07\/Evaluacion-del-estado-.png 1389w, https:\/\/www.nutricion.edu.uy\/wp-content\/uploads\/2022\/07\/Evaluacion-del-estado--300x75.png 300w, https:\/\/www.nutricion.edu.uy\/wp-content\/uploads\/2022\/07\/Evaluacion-del-estado--1024x257.png 1024w, https:\/\/www.nutricion.edu.uy\/wp-content\/uploads\/2022\/07\/Evaluacion-del-estado--768x192.png 768w\" sizes=\"(max-width: 1389px) 100vw, 1389px\" \/><\/div><\/div><\/div><div id=\"pg-8618-1\"  class=\"panel-grid panel-no-style\" ><div id=\"pgc-8618-1-0\"  class=\"panel-grid-cell\" ><div id=\"panel-8618-1-0-0\" class=\"so-panel widget widget_sow-tabs panel-first-child panel-last-child\" data-index=\"1\" ><div\n\t\t\t\n\t\t\tclass=\"so-widget-sow-tabs so-widget-sow-tabs-default-e4c3ec3e16cb-8618\"\n\t\t\t\n\t\t><div class=\"sow-tabs\">\n\t<div class=\"sow-tabs-tab-container\" role=\"tablist\">\n\t\t\t<div\n\t\t\tclass=\"sow-tabs-tab\n\t\t\t\t\t\t\"\n\t\t\trole=\"tab\"\n\t\t\tdata-anchor-id=\"introduccion\"\n\t\t\taria-selected=\"false\"\n\t\t\ttabindex=\"0\"\n\t\t>\n\t\t\t<div class=\"sow-tabs-title sow-tabs-title-icon-left\">\n\t\t\t\t\t\t\t\tIntroducci\u00f3n\t\t\t\t\t\t\t<\/div>\n\t\t<\/div>\n\t\t\t<div\n\t\t\tclass=\"sow-tabs-tab\n\t\t\t\t\t\t\"\n\t\t\trole=\"tab\"\n\t\t\tdata-anchor-id=\"historia\"\n\t\t\taria-selected=\"false\"\n\t\t\ttabindex=\"0\"\n\t\t>\n\t\t\t<div class=\"sow-tabs-title sow-tabs-title-icon-left\">\n\t\t\t\t\t\t\t\tHistoria\t\t\t\t\t\t\t<\/div>\n\t\t<\/div>\n\t\t\t<div\n\t\t\tclass=\"sow-tabs-tab\n\t\t\t sow-tabs-tab-selected\t\t\t\"\n\t\t\trole=\"tab\"\n\t\t\tdata-anchor-id=\"finalidad\"\n\t\t\taria-selected=\"true\"\n\t\t\ttabindex=\"0\"\n\t\t>\n\t\t\t<div class=\"sow-tabs-title sow-tabs-title-icon-left\">\n\t\t\t\t\t\t\t\tFinalidad\t\t\t\t\t\t\t<\/div>\n\t\t<\/div>\n\t\t\t<div\n\t\t\tclass=\"sow-tabs-tab\n\t\t\t\t\t\t\"\n\t\t\trole=\"tab\"\n\t\t\tdata-anchor-id=\"objetivos\"\n\t\t\taria-selected=\"false\"\n\t\t\ttabindex=\"0\"\n\t\t>\n\t\t\t<div class=\"sow-tabs-title sow-tabs-title-icon-left\">\n\t\t\t\t\t\t\t\tObjetivos\t\t\t\t\t\t\t<\/div>\n\t\t<\/div>\n\t\t\t<div\n\t\t\tclass=\"sow-tabs-tab\n\t\t\t\t\t\t\"\n\t\t\trole=\"tab\"\n\t\t\tdata-anchor-id=\"servicios-brindados\"\n\t\t\taria-selected=\"false\"\n\t\t\ttabindex=\"0\"\n\t\t>\n\t\t\t<div class=\"sow-tabs-title sow-tabs-title-icon-left\">\n\t\t\t\t\t\t\t\tServicios brindados\t\t\t\t\t\t\t<\/div>\n\t\t<\/div>\n\t\t\t<div\n\t\t\tclass=\"sow-tabs-tab\n\t\t\t\t\t\t\"\n\t\t\trole=\"tab\"\n\t\t\tdata-anchor-id=\"equipo-de-trabajo\"\n\t\t\taria-selected=\"false\"\n\t\t\ttabindex=\"0\"\n\t\t>\n\t\t\t<div class=\"sow-tabs-title sow-tabs-title-icon-left\">\n\t\t\t\t\t\t\t\tEquipo de trabajo\t\t\t\t\t\t\t<\/div>\n\t\t<\/div>\n\t\t\t<div\n\t\t\tclass=\"sow-tabs-tab\n\t\t\t\t\t\t\"\n\t\t\trole=\"tab\"\n\t\t\tdata-anchor-id=\"laboratorios\"\n\t\t\taria-selected=\"false\"\n\t\t\ttabindex=\"0\"\n\t\t>\n\t\t\t<div class=\"sow-tabs-title sow-tabs-title-icon-left\">\n\t\t\t\t\t\t\t\tLaboratorios \t\t\t\t\t\t\t<\/div>\n\t\t<\/div>\n\t\t\t<div\n\t\t\tclass=\"sow-tabs-tab\n\t\t\t\t\t\t\"\n\t\t\trole=\"tab\"\n\t\t\tdata-anchor-id=\"proyeccion\"\n\t\t\taria-selected=\"false\"\n\t\t\ttabindex=\"0\"\n\t\t>\n\t\t\t<div class=\"sow-tabs-title sow-tabs-title-icon-left\">\n\t\t\t\t\t\t\t\tProyecci\u00f3n\t\t\t\t\t\t\t<\/div>\n\t\t<\/div>\n\t\t<\/div>\n\n\t<div class=\"sow-tabs-panel-container\">\n\t\t\t<div class=\"sow-tabs-panel\">\n\t\t\t<div\n\t\t\t\tclass=\"sow-tabs-panel-content\"\n\t\t\t\trole=\"tabpanel\"\n\t\t\t\taria-hidden=\"true\"\n\t\t\t>\n\t\t\t\t<p>La evaluaci\u00f3n nutricional constituye un \u00e1rea fundamental de desempe\u00f1o de los profesionales de la Nutrici\u00f3n, que se aplica tanto a nivel individual como poblacional. Resulta imprescindible para comprender los efectos de la alimentaci\u00f3n y el ejercicio f\u00edsico sobre el organismo, as\u00ed como para cuantificar los componentes corporales, establecer relaciones entre los mismos y evaluar los cambios que suceden en diferentes procesos biol\u00f3gicos y\/o patol\u00f3gicos. Requiere de conocimiento cient\u00edfico y de destrezas t\u00e9cnicas, as\u00ed como del desarrollo de una actitud cr\u00edtica para la selecci\u00f3n y aplicaci\u00f3n de m\u00e9todos ante cada situaci\u00f3n espec\u00edfica. La evaluaci\u00f3n de los distintos componentes que la integran posibilita arribar a un diagn\u00f3stico nutricional para as\u00ed delinear objetivos, implementar acciones y hacer un seguimiento de los procesos e intervenciones.<\/p>\n\t\t\t<\/div>\n\t\t<\/div>\n\t\t\t<div class=\"sow-tabs-panel\">\n\t\t\t<div\n\t\t\t\tclass=\"sow-tabs-panel-content\"\n\t\t\t\trole=\"tabpanel\"\n\t\t\t\taria-hidden=\"true\"\n\t\t\t>\n\t\t\t\t<p>Este proyecto inicia en el a\u00f1o 2009 con la participaci\u00f3n sostenida de un grupo de docentes de los Departamentos de Nutrici\u00f3n Poblacional, Nutrici\u00f3n B\u00e1sica y Nutrici\u00f3n Cl\u00ednica de la Escuela de Nutrici\u00f3n, en proyectos del Organismo Internacional de Energ\u00eda At\u00f3mica (OIEA), de la Comisi\u00f3n Sectorial de Investigaci\u00f3n Cient\u00edfica (CSIC), del CLAP\/OPS\/OMS, y de la Comisi\u00f3n Sectorial de Ense\u00f1anza, entre otros. Los siete proyectos regionales y seis nacionales que se han desarrollado han contribuido al logro de capacidades t\u00e9cnicas para el estudio de la composici\u00f3n corporal y el metabolismo energ\u00e9tico en diferentes grupos etarios (lactantes, preescolares, escolares, embarazadas y adultos mayores), entre otros aspectos, as\u00ed como a la adquisici\u00f3n del equipamiento y los instrumentos con los que hoy cuenta el laboratorio. El trabajo constante en pos de conformar un laboratorio de referencia a nivel nacional, tiene entre sus logros m\u00e1s recientes la adquisici\u00f3n de un equipo de Absorciometr\u00eda de energ\u00eda dual de rayos X (DEXA), un est\u00e1ndar de oro para el an\u00e1lisis de la composici\u00f3n corporal. Con gran<br \/>\norgullo y responsabilidad, hoy podemos afirmar que contin\u00faa vigente el esfuerzo, as\u00ed como el compromiso \u00e9tico y acad\u00e9mico de cada uno de los docentes que han participado en este largo proceso.<\/p>\n\t\t\t<\/div>\n\t\t<\/div>\n\t\t\t<div class=\"sow-tabs-panel\">\n\t\t\t<div\n\t\t\t\tclass=\"sow-tabs-panel-content\"\n\t\t\t\trole=\"tabpanel\"\n\t\t\t\taria-hidden=\"false\"\n\t\t\t>\n\t\t\t\t<p>Constituirse en un espacio de referencia a nivel nacional para la evaluaci\u00f3n del estado nutricional.<\/p>\n\t\t\t<\/div>\n\t\t<\/div>\n\t\t\t<div class=\"sow-tabs-panel\">\n\t\t\t<div\n\t\t\t\tclass=\"sow-tabs-panel-content\"\n\t\t\t\trole=\"tabpanel\"\n\t\t\t\taria-hidden=\"true\"\n\t\t\t>\n\t\t\t\t<p>Objetivo general<br \/>\nFortalecer la capacidad t\u00e9cnica respecto a la evaluaci\u00f3n del estado nutricional en la ense\u00f1anza (grado y posgrado), investigaci\u00f3n y extensi\u00f3n.<\/p>\n<p>&nbsp;<\/p>\n<p>Objetivos espec\u00edficos<br \/>\n1. Brindar capacitaci\u00f3n te\u00f3rico-pr\u00e1ctica y asesoramiento t\u00e9cnico a estudiantes, docentes, profesionales independientes e instituciones, sobre los componentes de la evaluaci\u00f3n del estado nutricional.<\/p>\n<p>2. Desarrollar y participar en l\u00edneas de investigaci\u00f3n relacionadas con la tem\u00e1tica.<br \/>\n3. Ofrecer servicios de evaluaci\u00f3n y asesoramiento nutricional.<br \/>\n4. Establecer v\u00ednculos y redes de colaboraci\u00f3n con otros laboratorios tanto a nivel nacional como internacional.<\/p>\n\t\t\t<\/div>\n\t\t<\/div>\n\t\t\t<div class=\"sow-tabs-panel\">\n\t\t\t<div\n\t\t\t\tclass=\"sow-tabs-panel-content\"\n\t\t\t\trole=\"tabpanel\"\n\t\t\t\taria-hidden=\"true\"\n\t\t\t>\n\t\t\t\t<p>Valoraci\u00f3n y diagn\u00f3stico del estado nutricional a partir de:<br \/>\n\u25cb cineantropometr\u00eda y determinaci\u00f3n de la composici\u00f3n corporal empleando diferentes t\u00e9cnicas (antropometr\u00eda, bioimpedancia el\u00e9ctrica, is\u00f3topos estables y absorciometr\u00eda dual de rayos x).<br \/>\n\u25cb determinaci\u00f3n capilar de hemoglobina, glicemia y perfil lip\u00eddico.<br \/>\n\u25cb valoraci\u00f3n cl\u00ednica y funcional.<br \/>\n\u25cb determinaci\u00f3n de ingesta diet\u00e9tica.<br \/>\n\u25cb determinaci\u00f3n del gasto energ\u00e9tico y nivel de actividad f\u00edsica.<\/p>\n<p>&nbsp;<\/p>\n<p>Asesoramiento nutricional.<\/p>\n<p>Apoyo a las actividades de ense\u00f1anza de grado y posgrado.<\/p>\n<p>Capacitaci\u00f3n te\u00f3rico-pr\u00e1ctica y asesoramiento t\u00e9cnico a profesionales e instituciones p\u00fablicas y privadas.<\/p>\n<p>Desarrollo de l\u00edneas de investigaci\u00f3n vinculadas a la evaluaci\u00f3n del estado nutricional.<\/p>\n<p>Asesoramiento a grupos de investigaci\u00f3n.<\/p>\n<p>Participaci\u00f3n en procesos conjuntos con laboratorios a nivel nacional e internacional.<\/p>\n\t\t\t<\/div>\n\t\t<\/div>\n\t\t\t<div class=\"sow-tabs-panel\">\n\t\t\t<div\n\t\t\t\tclass=\"sow-tabs-panel-content\"\n\t\t\t\trole=\"tabpanel\"\n\t\t\t\taria-hidden=\"true\"\n\t\t\t>\n\t\t\t\t<p>Departamento de Nutrici\u00f3n B\u00e1sica. Responsables Prof. Jacqueline Lucas<br \/>\nDepartamento de Nutrici\u00f3n Cl\u00ednica. Responsables Prof. Estela Skapino, Prof. Agdo. Marina Moirano.<br \/>\nDepartamento de Nutrici\u00f3n Poblacional. Responsables Prof. Sub. Gabriela Fajardo, Prof. Adj. Geraldine Sena<\/p>\n\t\t\t<\/div>\n\t\t<\/div>\n\t\t\t<div class=\"sow-tabs-panel\">\n\t\t\t<div\n\t\t\t\tclass=\"sow-tabs-panel-content\"\n\t\t\t\trole=\"tabpanel\"\n\t\t\t\taria-hidden=\"true\"\n\t\t\t>\n\t\t\t\t<p>Unidad de Medio Ambiente, Drogas y Doping, Instituto Polo Tecnol\u00f3gico de Pando, Facultad de Qu\u00edmica - UDELAR<\/p>\n\t\t\t<\/div>\n\t\t<\/div>\n\t\t\t<div class=\"sow-tabs-panel\">\n\t\t\t<div\n\t\t\t\tclass=\"sow-tabs-panel-content\"\n\t\t\t\trole=\"tabpanel\"\n\t\t\t\taria-hidden=\"true\"\n\t\t\t>\n\t\t\t\t<p>\u25cf Adquirir el equipamiento y capacidad t\u00e9cnica para el estudio de la composici\u00f3n corporal a trav\u00e9s del modelo de cuatro compartimentos.<br \/>\n\u25cf Profundizar en el desarrollo y aplicaci\u00f3n tanto de pruebas para medir la capacidad funcional y el desempe\u00f1o f\u00edsico.<br \/>\n\u25cf Transformarse en un centro de referencia para el asesoramiento nutricional.<\/p>\n\t\t\t<\/div>\n\t\t<\/div>\n\t\t<\/div>\n<\/div>\n<\/div><\/div><\/div><\/div><\/div>","protected":false},"excerpt":{"rendered":"<p>Introducci\u00f3n Historia Finalidad Objetivos Servicios brindados Equipo de trabajo Laboratorios Proyecci\u00f3n La evaluaci\u00f3n nutricional constituye un \u00e1rea fundamental de desempe\u00f1o de los profesionales de la Nutrici\u00f3n, que se aplica tanto a nivel individual como poblacional. Resulta imprescindible para comprender los efectos de la alimentaci\u00f3n y el ejercicio f\u00edsico sobre el organismo, as\u00ed como para cuantificar&hellip;<\/p>\n","protected":false},"author":1,"featured_media":0,"parent":7944,"menu_order":0,"comment_status":"closed","ping_status":"closed","template":"","meta":{"footnotes":""},"class_list":["post-8618","page","type-page","status-publish","hentry"],"yoast_head":"<!-- This site is optimized with the Yoast SEO plugin v24.9 - https:\/\/yoast.com\/wordpress\/plugins\/seo\/ -->\n<title>Evaluaci\u00f3n del Estado Nutricional - Escuela de Nutrici\u00f3n<\/title>\n<meta name=\"robots\" content=\"index, follow, max-snippet:-1, max-image-preview:large, max-video-preview:-1\" \/>\n<link rel=\"canonical\" href=\"https:\/\/www.nutricion.edu.uy\/?page_id=8618\" \/>\n<meta property=\"og:locale\" content=\"es_ES\" \/>\n<meta property=\"og:type\" content=\"article\" \/>\n<meta property=\"og:title\" content=\"Evaluaci\u00f3n del Estado Nutricional - Escuela de Nutrici\u00f3n\" \/>\n<meta property=\"og:description\" content=\"Introducci\u00f3n Historia Finalidad Objetivos Servicios brindados Equipo de trabajo Laboratorios Proyecci\u00f3n La evaluaci\u00f3n nutricional constituye un \u00e1rea fundamental de desempe\u00f1o de los profesionales de la Nutrici\u00f3n, que se aplica tanto a nivel individual como poblacional. Resulta imprescindible para comprender los efectos de la alimentaci\u00f3n y el ejercicio f\u00edsico sobre el organismo, as\u00ed como para cuantificar&hellip;\" \/>\n<meta property=\"og:url\" content=\"https:\/\/www.nutricion.edu.uy\/?page_id=8618\" \/>\n<meta property=\"og:site_name\" content=\"Escuela de Nutrici\u00f3n\" \/>\n<meta property=\"article:modified_time\" content=\"2022-08-04T19:38:16+00:00\" \/>\n<meta name=\"twitter:card\" content=\"summary_large_image\" \/>\n<meta name=\"twitter:label1\" content=\"Tiempo de lectura\" \/>\n\t<meta name=\"twitter:data1\" content=\"1 minuto\" \/>\n<script type=\"application\/ld+json\" class=\"yoast-schema-graph\">{\"@context\":\"https:\/\/schema.org\",\"@graph\":[{\"@type\":\"WebPage\",\"@id\":\"https:\/\/www.nutricion.edu.uy\/?page_id=8618\",\"url\":\"https:\/\/www.nutricion.edu.uy\/?page_id=8618\",\"name\":\"Evaluaci\u00f3n del Estado Nutricional - Escuela de Nutrici\u00f3n\",\"isPartOf\":{\"@id\":\"https:\/\/www.nutricion.edu.uy\/#website\"},\"datePublished\":\"2022-07-21T16:48:31+00:00\",\"dateModified\":\"2022-08-04T19:38:16+00:00\",\"breadcrumb\":{\"@id\":\"https:\/\/www.nutricion.edu.uy\/?page_id=8618#breadcrumb\"},\"inLanguage\":\"es\",\"potentialAction\":[{\"@type\":\"ReadAction\",\"target\":[\"https:\/\/www.nutricion.edu.uy\/?page_id=8618\"]}]},{\"@type\":\"BreadcrumbList\",\"@id\":\"https:\/\/www.nutricion.edu.uy\/?page_id=8618#breadcrumb\",\"itemListElement\":[{\"@type\":\"ListItem\",\"position\":1,\"name\":\"Portada\",\"item\":\"https:\/\/www.nutricion.edu.uy\/\"},{\"@type\":\"ListItem\",\"position\":2,\"name\":\"Laboratorios\",\"item\":\"https:\/\/www.nutricion.edu.uy\/?page_id=7944\"},{\"@type\":\"ListItem\",\"position\":3,\"name\":\"Evaluaci\u00f3n del Estado Nutricional\"}]},{\"@type\":\"WebSite\",\"@id\":\"https:\/\/www.nutricion.edu.uy\/#website\",\"url\":\"https:\/\/www.nutricion.edu.uy\/\",\"name\":\"Escuela de Nutrici\u00f3n\",\"description\":\"Universidad de la Rep\u00fablica\",\"publisher\":{\"@id\":\"https:\/\/www.nutricion.edu.uy\/#organization\"},\"potentialAction\":[{\"@type\":\"SearchAction\",\"target\":{\"@type\":\"EntryPoint\",\"urlTemplate\":\"https:\/\/www.nutricion.edu.uy\/?s={search_term_string}\"},\"query-input\":{\"@type\":\"PropertyValueSpecification\",\"valueRequired\":true,\"valueName\":\"search_term_string\"}}],\"inLanguage\":\"es\"},{\"@type\":\"Organization\",\"@id\":\"https:\/\/www.nutricion.edu.uy\/#organization\",\"name\":\"Escuela de Nutrici\u00f3n Udelar\",\"url\":\"https:\/\/www.nutricion.edu.uy\/\",\"logo\":{\"@type\":\"ImageObject\",\"inLanguage\":\"es\",\"@id\":\"https:\/\/www.nutricion.edu.uy\/#\/schema\/logo\/image\/\",\"url\":\"https:\/\/www.nutricion.edu.uy\/wp-content\/uploads\/2018\/01\/logo_escuela.png\",\"contentUrl\":\"https:\/\/www.nutricion.edu.uy\/wp-content\/uploads\/2018\/01\/logo_escuela.png\",\"width\":257,\"height\":70,\"caption\":\"Escuela de Nutrici\u00f3n Udelar\"},\"image\":{\"@id\":\"https:\/\/www.nutricion.edu.uy\/#\/schema\/logo\/image\/\"}}]}<\/script>\n<!-- \/ Yoast SEO plugin. -->","yoast_head_json":{"title":"Evaluaci\u00f3n del Estado Nutricional - Escuela de Nutrici\u00f3n","robots":{"index":"index","follow":"follow","max-snippet":"max-snippet:-1","max-image-preview":"max-image-preview:large","max-video-preview":"max-video-preview:-1"},"canonical":"https:\/\/www.nutricion.edu.uy\/?page_id=8618","og_locale":"es_ES","og_type":"article","og_title":"Evaluaci\u00f3n del Estado Nutricional - Escuela de Nutrici\u00f3n","og_description":"Introducci\u00f3n Historia Finalidad Objetivos Servicios brindados Equipo de trabajo Laboratorios Proyecci\u00f3n La evaluaci\u00f3n nutricional constituye un \u00e1rea fundamental de desempe\u00f1o de los profesionales de la Nutrici\u00f3n, que se aplica tanto a nivel individual como poblacional. Resulta imprescindible para comprender los efectos de la alimentaci\u00f3n y el ejercicio f\u00edsico sobre el organismo, as\u00ed como para cuantificar&hellip;","og_url":"https:\/\/www.nutricion.edu.uy\/?page_id=8618","og_site_name":"Escuela de Nutrici\u00f3n","article_modified_time":"2022-08-04T19:38:16+00:00","twitter_card":"summary_large_image","twitter_misc":{"Tiempo de lectura":"1 minuto"},"schema":{"@context":"https:\/\/schema.org","@graph":[{"@type":"WebPage","@id":"https:\/\/www.nutricion.edu.uy\/?page_id=8618","url":"https:\/\/www.nutricion.edu.uy\/?page_id=8618","name":"Evaluaci\u00f3n del Estado Nutricional - Escuela de Nutrici\u00f3n","isPartOf":{"@id":"https:\/\/www.nutricion.edu.uy\/#website"},"datePublished":"2022-07-21T16:48:31+00:00","dateModified":"2022-08-04T19:38:16+00:00","breadcrumb":{"@id":"https:\/\/www.nutricion.edu.uy\/?page_id=8618#breadcrumb"},"inLanguage":"es","potentialAction":[{"@type":"ReadAction","target":["https:\/\/www.nutricion.edu.uy\/?page_id=8618"]}]},{"@type":"BreadcrumbList","@id":"https:\/\/www.nutricion.edu.uy\/?page_id=8618#breadcrumb","itemListElement":[{"@type":"ListItem","position":1,"name":"Portada","item":"https:\/\/www.nutricion.edu.uy\/"},{"@type":"ListItem","position":2,"name":"Laboratorios","item":"https:\/\/www.nutricion.edu.uy\/?page_id=7944"},{"@type":"ListItem","position":3,"name":"Evaluaci\u00f3n del Estado Nutricional"}]},{"@type":"WebSite","@id":"https:\/\/www.nutricion.edu.uy\/#website","url":"https:\/\/www.nutricion.edu.uy\/","name":"Escuela de Nutrici\u00f3n","description":"Universidad de la Rep\u00fablica","publisher":{"@id":"https:\/\/www.nutricion.edu.uy\/#organization"},"potentialAction":[{"@type":"SearchAction","target":{"@type":"EntryPoint","urlTemplate":"https:\/\/www.nutricion.edu.uy\/?s={search_term_string}"},"query-input":{"@type":"PropertyValueSpecification","valueRequired":true,"valueName":"search_term_string"}}],"inLanguage":"es"},{"@type":"Organization","@id":"https:\/\/www.nutricion.edu.uy\/#organization","name":"Escuela de Nutrici\u00f3n Udelar","url":"https:\/\/www.nutricion.edu.uy\/","logo":{"@type":"ImageObject","inLanguage":"es","@id":"https:\/\/www.nutricion.edu.uy\/#\/schema\/logo\/image\/","url":"https:\/\/www.nutricion.edu.uy\/wp-content\/uploads\/2018\/01\/logo_escuela.png","contentUrl":"https:\/\/www.nutricion.edu.uy\/wp-content\/uploads\/2018\/01\/logo_escuela.png","width":257,"height":70,"caption":"Escuela de Nutrici\u00f3n Udelar"},"image":{"@id":"https:\/\/www.nutricion.edu.uy\/#\/schema\/logo\/image\/"}}]}},"_links":{"self":[{"href":"https:\/\/www.nutricion.edu.uy\/index.php?rest_route=\/wp\/v2\/pages\/8618","targetHints":{"allow":["GET"]}}],"collection":[{"href":"https:\/\/www.nutricion.edu.uy\/index.php?rest_route=\/wp\/v2\/pages"}],"about":[{"href":"https:\/\/www.nutricion.edu.uy\/index.php?rest_route=\/wp\/v2\/types\/page"}],"author":[{"embeddable":true,"href":"https:\/\/www.nutricion.edu.uy\/index.php?rest_route=\/wp\/v2\/users\/1"}],"replies":[{"embeddable":true,"href":"https:\/\/www.nutricion.edu.uy\/index.php?rest_route=%2Fwp%2Fv2%2Fcomments&post=8618"}],"version-history":[{"count":13,"href":"https:\/\/www.nutricion.edu.uy\/index.php?rest_route=\/wp\/v2\/pages\/8618\/revisions"}],"predecessor-version":[{"id":8705,"href":"https:\/\/www.nutricion.edu.uy\/index.php?rest_route=\/wp\/v2\/pages\/8618\/revisions\/8705"}],"up":[{"embeddable":true,"href":"https:\/\/www.nutricion.edu.uy\/index.php?rest_route=\/wp\/v2\/pages\/7944"}],"wp:attachment":[{"href":"https:\/\/www.nutricion.edu.uy\/index.php?rest_route=%2Fwp%2Fv2%2Fmedia&parent=8618"}],"curies":[{"name":"wp","href":"https:\/\/api.w.org\/{rel}","templated":true}]}}