{"id":9030,"date":"2022-09-06T11:57:43","date_gmt":"2022-09-06T14:57:43","guid":{"rendered":"https:\/\/www.nutricion.edu.uy\/?page_id=9030"},"modified":"2024-12-26T20:03:20","modified_gmt":"2024-12-26T23:03:20","slug":"comision-de-asesora-sobre-violencia-acoso-y-discriminacion","status":"publish","type":"page","link":"https:\/\/www.nutricion.edu.uy\/?page_id=9030","title":{"rendered":"Comisi\u00f3n de Asesora sobre Violencia, Acoso y Discriminaci\u00f3n"},"content":{"rendered":"<div id=\"pl-9030\"  class=\"panel-layout\" ><div id=\"pg-9030-0\"  class=\"panel-grid panel-no-style\" ><div id=\"pgc-9030-0-0\"  class=\"panel-grid-cell\" ><div id=\"panel-9030-0-0-0\" class=\"so-panel widget widget_sow-image panel-first-child panel-last-child\" data-index=\"0\" ><div\n\t\t\t\n\t\t\tclass=\"so-widget-sow-image so-widget-sow-image-default-c67d20f9f743-9030\"\n\t\t\t\n\t\t>\n<div class=\"sow-image-container\">\n\t\t<img fetchpriority=\"high\" \n\tsrc=\"https:\/\/www.nutricion.edu.uy\/wp-content\/uploads\/2022\/11\/CASVAD-portada.png\" width=\"2560\" height=\"848\" srcset=\"https:\/\/www.nutricion.edu.uy\/wp-content\/uploads\/2022\/11\/CASVAD-portada.png 2560w, https:\/\/www.nutricion.edu.uy\/wp-content\/uploads\/2022\/11\/CASVAD-portada-300x99.png 300w, https:\/\/www.nutricion.edu.uy\/wp-content\/uploads\/2022\/11\/CASVAD-portada-1024x339.png 1024w, https:\/\/www.nutricion.edu.uy\/wp-content\/uploads\/2022\/11\/CASVAD-portada-768x254.png 768w, https:\/\/www.nutricion.edu.uy\/wp-content\/uploads\/2022\/11\/CASVAD-portada-1536x509.png 1536w, https:\/\/www.nutricion.edu.uy\/wp-content\/uploads\/2022\/11\/CASVAD-portada-2048x678.png 2048w\" sizes=\"(max-width: 2560px) 100vw, 2560px\" title=\"CASVAD portada\" alt=\"\" \t\tclass=\"so-widget-image\"\/>\n\t<\/div>\n\n<\/div><\/div><\/div><\/div><div id=\"pg-9030-1\"  class=\"panel-grid panel-no-style\" ><div id=\"pgc-9030-1-0\"  class=\"panel-grid-cell\" ><div id=\"panel-9030-1-0-0\" class=\"so-panel widget widget_siteorigin-panels-builder panel-first-child panel-last-child\" data-index=\"1\" ><div id=\"pl-w65a187a084585\"  class=\"panel-layout\" ><div id=\"pg-w65a187a084585-0\"  class=\"panel-grid panel-no-style\" ><div id=\"pgc-w65a187a084585-0-0\"  class=\"panel-grid-cell\" ><div id=\"panel-w65a187a084585-0-0-0\" class=\"so-panel widget widget_sow-tabs panel-first-child panel-last-child\" data-index=\"0\" ><div\n\t\t\t\n\t\t\tclass=\"so-widget-sow-tabs so-widget-sow-tabs-default-02e4508ec074\"\n\t\t\t\n\t\t><div class=\"sow-tabs\">\n\t<div class=\"sow-tabs-tab-container\" role=\"tablist\">\n\t\t\t<div\n\t\t\tclass=\"sow-tabs-tab\n\t\t\t sow-tabs-tab-selected\t\t\t\"\n\t\t\trole=\"tab\"\n\t\t\tdata-anchor-id=\"finalidad\"\n\t\t\taria-selected=\"true\"\n\t\t\ttabindex=\"0\"\n\t\t>\n\t\t\t<div class=\"sow-tabs-title sow-tabs-title-icon-left\">\n\t\t\t\t\t\t\t\tFinalidad\t\t\t\t\t\t\t<\/div>\n\t\t<\/div>\n\t\t\t<div\n\t\t\tclass=\"sow-tabs-tab\n\t\t\t\t\t\t\"\n\t\t\trole=\"tab\"\n\t\t\tdata-anchor-id=\"lineas-de-trabajo\"\n\t\t\taria-selected=\"false\"\n\t\t\ttabindex=\"0\"\n\t\t>\n\t\t\t<div class=\"sow-tabs-title sow-tabs-title-icon-left\">\n\t\t\t\t\t\t\t\tL\u00edneas de trabajo\t\t\t\t\t\t\t<\/div>\n\t\t<\/div>\n\t\t\t<div\n\t\t\tclass=\"sow-tabs-tab\n\t\t\t\t\t\t\"\n\t\t\trole=\"tab\"\n\t\t\tdata-anchor-id=\"documentos\"\n\t\t\taria-selected=\"false\"\n\t\t\ttabindex=\"0\"\n\t\t>\n\t\t\t<div class=\"sow-tabs-title sow-tabs-title-icon-left\">\n\t\t\t\t\t\t\t\tDocumentos\t\t\t\t\t\t\t<\/div>\n\t\t<\/div>\n\t\t\t<div\n\t\t\tclass=\"sow-tabs-tab\n\t\t\t\t\t\t\"\n\t\t\trole=\"tab\"\n\t\t\tdata-anchor-id=\"bitacora\"\n\t\t\taria-selected=\"false\"\n\t\t\ttabindex=\"0\"\n\t\t>\n\t\t\t<div class=\"sow-tabs-title sow-tabs-title-icon-left\">\n\t\t\t\t\t\t\t\tBit\u00e1cora\t\t\t\t\t\t\t<\/div>\n\t\t<\/div>\n\t\t\t<div\n\t\t\tclass=\"sow-tabs-tab\n\t\t\t\t\t\t\"\n\t\t\trole=\"tab\"\n\t\t\tdata-anchor-id=\"integrantes\"\n\t\t\taria-selected=\"false\"\n\t\t\ttabindex=\"0\"\n\t\t>\n\t\t\t<div class=\"sow-tabs-title sow-tabs-title-icon-left\">\n\t\t\t\t\t\t\t\tIntegrantes\t\t\t\t\t\t\t<\/div>\n\t\t<\/div>\n\t\t<\/div>\n\n\t<div class=\"sow-tabs-panel-container\">\n\t\t\t<div class=\"sow-tabs-panel\">\n\t\t\t<div\n\t\t\t\tclass=\"sow-tabs-panel-content\"\n\t\t\t\trole=\"tabpanel\"\n\t\t\t\taria-hidden=\"false\"\n\t\t\t>\n\t\t\t\t<div class=\"page\" title=\"Page 1\">\n<div class=\"section\">\n<div class=\"layoutArea\">\n<div class=\"column\">\n<h3><strong>FINALIDAD DE LA COMISIO\u0301N<\/strong><\/h3>\n<ul>\n<li>Asesorar a la Comisio\u0301n Directiva de la Escuela de Nutricio\u0301n sobre la aplicacio\u0301n de poli\u0301ticas en materia de acoso, violencia y discriminacio\u0301n definidas en o\u0301rganos centrales, en el servicio.<\/li>\n<li>Atencio\u0301n de consultas y la recepcio\u0301n, tramitacio\u0301n y seguimiento de denuncias que se inicien en la EN.<\/li>\n<li>Coordinacio\u0301n con estructuras centrales de la Udelar en cuanto a tareas de prevencio\u0301n y actuacio\u0301n en la materia.<\/li>\n<li>Llevar a cabo diversos talleres que apunten a la prevencio\u0301n, capacitacio\u0301n y sensibilizacio\u0301n. sobre tema\u0301ticas referidas a violencia, acoso o discriminacio\u0301n en todos los espacios de la ENut y para todas las personas que la integran.<\/li>\n<\/ul>\n<\/div>\n<\/div>\n<\/div>\n<\/div>\n<p>&nbsp;<\/p>\n<p>&nbsp;<\/p>\n<p>&nbsp;<\/p>\n\t\t\t<\/div>\n\t\t<\/div>\n\t\t\t<div class=\"sow-tabs-panel\">\n\t\t\t<div\n\t\t\t\tclass=\"sow-tabs-panel-content\"\n\t\t\t\trole=\"tabpanel\"\n\t\t\t\taria-hidden=\"true\"\n\t\t\t>\n\t\t\t\t<div class=\"page\" title=\"Page 1\">\n<div class=\"section\">\n<div class=\"layoutArea\">\n<div class=\"column\">\n<h3><strong>L\u00edneas de trabajo<\/strong><\/h3>\n<p>La Comisio\u0301n apunta a que todos los espacios de la Escuela de Nutricio\u0301n sean seguros para todas y todos, y libres de violencia, acoso y discrminacio\u0301n.<\/p>\n<\/div>\n<\/div>\n<\/div>\n<\/div>\n\t\t\t<\/div>\n\t\t<\/div>\n\t\t\t<div class=\"sow-tabs-panel\">\n\t\t\t<div\n\t\t\t\tclass=\"sow-tabs-panel-content\"\n\t\t\t\trole=\"tabpanel\"\n\t\t\t\taria-hidden=\"true\"\n\t\t\t>\n\t\t\t\t<h2><strong>Ordenanza de actuaci\u00f3n ante situaciones de violencia, acoso y discriminaci\u00f3n. UDELAR<\/strong><\/h2>\n<a href=\"https:\/\/www.nutricion.edu.uy\/wp-content\/uploads\/2022\/11\/ORDENANZA-5.4.2021.pdf\" class=\"pdfemb-viewer\" style=\"\" data-width=\"max\" data-height=\"max\" data-toolbar=\"bottom\" data-toolbar-fixed=\"off\">ORDENANZA 5.4.2021<\/a>\n\n<h2><strong>Protocolo de actuaci\u00f3n de la Escuela de Nutrici\u00f3n ante casos de violencia, acoso o discriminaci\u00f3n.<\/strong><\/h2>\n<a href=\"https:\/\/www.nutricion.edu.uy\/wp-content\/uploads\/2022\/11\/2022_PROTOCOLO_CASVAD.pdf\" class=\"pdfemb-viewer\" style=\"\" data-width=\"max\" data-height=\"max\" data-toolbar=\"bottom\" data-toolbar-fixed=\"off\">PROTOCOLO CASVAD 2022<\/a>&nbsp;\t\t\t<\/div>\n\t\t<\/div>\n\t\t\t<div class=\"sow-tabs-panel\">\n\t\t\t<div\n\t\t\t\tclass=\"sow-tabs-panel-content\"\n\t\t\t\trole=\"tabpanel\"\n\t\t\t\taria-hidden=\"true\"\n\t\t\t>\n\t\t\t\t<div class=\"page\" title=\"Page 1\">\n<div class=\"section\">\n<div class=\"layoutArea\">\n<div class=\"column\">\n<p>En 2019 se crea un grupo de trabajo conformado por estudiantes, docentes, y funcionarias que tiene la finalidad de abordar diversas tema\u0301ticas con perspectiva de ge\u0301nero. De este grupo se desprende la necesidad de tener una Comisio\u0301n que trate estas tema\u0301ticas, por lo que se eleva una nota Comisio\u0301n Directiva en junio explicitando dicha necesidad.<\/p>\n<p>En agosto de 2021 se designa a los primeros integrantes de la Comisio\u0301n de violencia, acoso y discriminacio\u0301n.<br \/>\nA principios del 2022, la Comisi\u00f3n particip\u00f3 del Curso Optativo \"Abordaje metodol\u00f3gico de la Educaci\u00f3n en Alimentaci\u00f3n y Nutrici\u00f3n con perspectiva de g\u00e9nero\"\u00a0 y en agosto se aprueb\u00f3 el Protocolo de actuacio\u0301n ante situaciones de violencia, acoso y discrminacio\u0301n.<\/p>\n<\/div>\n<\/div>\n<\/div>\n<\/div>\n\t\t\t<\/div>\n\t\t<\/div>\n\t\t\t<div class=\"sow-tabs-panel\">\n\t\t\t<div\n\t\t\t\tclass=\"sow-tabs-panel-content\"\n\t\t\t\trole=\"tabpanel\"\n\t\t\t\taria-hidden=\"true\"\n\t\t\t>\n\t\t\t\t<p>&nbsp;<\/p>\n<p>\n<table id=\"tablepress-50\" class=\"tablepress tablepress-id-50\">\n<thead>\n<tr class=\"row-1 odd\">\n\t<th class=\"column-1\">Nombre<\/th><th class=\"column-2\">\u00c1rea<\/th>\n<\/tr>\n<\/thead>\n<tbody class=\"row-hover\">\n<tr class=\"row-2 even\">\n\t<td class=\"column-1\">Natalia Osorio<\/td><td class=\"column-2\">Representante por Direcci\u00f3n<\/td>\n<\/tr>\n<tr class=\"row-3 odd\">\n\t<td class=\"column-1\">Jhonatan M\u00e1s<\/td><td class=\"column-2\">Representante por Orden Estudiantil<\/td>\n<\/tr>\n<tr class=\"row-4 even\">\n\t<td class=\"column-1\">Paula Fern\u00e1ndez<\/td><td class=\"column-2\">Representante por Orden Estudiantil<\/td>\n<\/tr>\n<tr class=\"row-5 odd\">\n\t<td class=\"column-1\">Mar\u00eda Noel Acosta<\/td><td class=\"column-2\">Representante por Orden Docente<\/td>\n<\/tr>\n<tr class=\"row-6 even\">\n\t<td class=\"column-1\">Serena de Vecchi<\/td><td class=\"column-2\">Representante por Orden Docente<\/td>\n<\/tr>\n<tr class=\"row-7 odd\">\n\t<td class=\"column-1\">Gabriela Kozina<\/td><td class=\"column-2\">Representante por Orden de Egresados<\/td>\n<\/tr>\n<tr class=\"row-8 even\">\n\t<td class=\"column-1\">Matilde Ledesma<\/td><td class=\"column-2\">Representante por Funcionarios TAS<\/td>\n<\/tr>\n<tr class=\"row-9 odd\">\n\t<td class=\"column-1\">Mauro Dufau<\/td><td class=\"column-2\">Representante por Funcionarios TAS<\/td>\n<\/tr>\n<\/tbody>\n<\/table>\n<!-- #tablepress-50 from cache --><\/p>\n\t\t\t<\/div>\n\t\t<\/div>\n\t\t<\/div>\n<\/div>\n<\/div><\/div><\/div><\/div><\/div><\/div><\/div><\/div><div id=\"pg-9030-2\"  class=\"panel-grid panel-no-style\" ><div id=\"pgc-9030-2-0\"  class=\"panel-grid-cell\" ><div id=\"panel-9030-2-0-0\" class=\"so-panel widget widget_sow-editor panel-first-child\" data-index=\"2\" ><div\n\t\t\t\n\t\t\tclass=\"so-widget-sow-editor so-widget-sow-editor-base\"\n\t\t\t\n\t\t><h3 class=\"widget-title\">Comunicate con nosotros<\/h3>\n<div class=\"siteorigin-widget-tinymce textwidget\">\n\t<\/div>\n<\/div><\/div><div id=\"panel-9030-2-0-1\" class=\"so-panel widget widget_sow-contact-form panel-last-child\" data-index=\"3\" ><div\n\t\t\t\n\t\t\tclass=\"so-widget-sow-contact-form so-widget-sow-contact-form-default-18d99326bf8e-9030\"\n\t\t\t\n\t\t>\t<form\n\t\taction=\"\/index.php?rest_route=%2Fwp%2Fv2%2Fpages%2F9030\"\n\t\tmethod=\"POST\"\n\t\tclass=\"sow-contact-form\"\n\t\tid=\"contact-form-b2db\"\n\t>\n\n\t\t\n\t\t\t\t\t<div class=\"sow-form-field sow-form-field-name\">\n\t\t\t\t<label class=\"sow-form-field-label-above\" for=\"sow-contact-form-field-tu-nombre-1\">\n\t\t\t\t<strong>\n\t\t\t\t\tTu nombre\t\t\t\t\t\t\t\t\t<\/strong>\n\t\t\t<\/label>\n\t\t\t\t\t\t\t<div class=\"sow-field-container\">\n\t\t\t\t\t\t\t<input\n\t\t\ttype=\"text\"\n\t\t\tname=\"tu-nombre-1\"\n\t\t\tid=\"sow-contact-form-field-tu-nombre-1\"\n\t\t\tvalue=\"\"\n\t\t\tclass=\"sow-text-field\"\n\t\t\t\t\t\t\t\t\/>\n\t\t\t\t\t\t<\/div>\n\t\t\t\t\t\t\t<\/div>\n\t\t\t\t\t\t<div class=\"sow-form-field sow-form-field-email\">\n\t\t\t\t<label class=\"sow-form-field-label-above\" for=\"sow-contact-form-field-tu-correo-electronico-1\">\n\t\t\t\t<strong>\n\t\t\t\t\tTu correo electr\u00f3nico\t\t\t\t\t\t\t\t\t<\/strong>\n\t\t\t<\/label>\n\t\t\t\t\t\t\t<div class=\"sow-field-container\">\n\t\t\t\t\t\t\t<input\n\t\t\ttype=\"email\"\n\t\t\tname=\"tu-correo-electronico-1\"\n\t\t\tid=\"sow-contact-form-field-tu-correo-electronico-1\"\n\t\t\tvalue=\"\"\n\t\t\tclass=\"sow-text-field\"\t\t\t\t\t\t\t\t\/>\n\t\t\t\t\t\t<\/div>\n\t\t\t\t\t\t\t<\/div>\n\t\t\t\t\t\t<div class=\"sow-form-field sow-form-field-subject\">\n\t\t\t\t<label class=\"sow-form-field-label-above\" for=\"sow-contact-form-field-asunto-1\">\n\t\t\t\t<strong>\n\t\t\t\t\tAsunto\t\t\t\t\t\t\t\t\t<\/strong>\n\t\t\t<\/label>\n\t\t\t\t\t\t\t<div class=\"sow-field-container\">\n\t\t\t\t\t\t\t<input\n\t\t\ttype=\"text\"\n\t\t\tname=\"asunto-1\"\n\t\t\tid=\"sow-contact-form-field-asunto-1\"\n\t\t\tvalue=\"\"\n\t\t\tclass=\"sow-text-field\"\n\t\t\t\t\t\t\t\t\/>\n\t\t\t\t\t\t<\/div>\n\t\t\t\t\t\t\t<\/div>\n\t\t\t\t\t\t<div class=\"sow-form-field sow-form-field-text\">\n\t\t\t\t<label class=\"sow-form-field-label-above\" for=\"sow-contact-form-field-mensaje-1\">\n\t\t\t\t<strong>\n\t\t\t\t\tMensaje\t\t\t\t\t\t\t\t\t<\/strong>\n\t\t\t<\/label>\n\t\t\t\t\t\t\t<div class=\"sow-field-container\">\n\t\t\t\t\t\t\t<input\n\t\t\ttype=\"text\"\n\t\t\tname=\"mensaje-1\"\n\t\t\tid=\"sow-contact-form-field-mensaje-1\"\n\t\t\tvalue=\"\"\n\t\t\tclass=\"sow-text-field\"\t\t\t\t\t\t\t\t\/>\n\t\t\t\t\t\t<\/div>\n\t\t\t\t\t\t\t<\/div>\n\t\t\t\n\t\t\n\t\t<div class=\"sow-submit-wrapper \n\t\tsow-submit-styled\t\t\">\n\n\t\t\t<button\n\t\t\t\ttype=\"submit\"\n\t\t\t\tclass=\"sow-submit\n\t\t\t\t\t\t\t\t\"\n\t\t\t\t\t\t\t>\n\t\t\t\tEnviar mensaje\t\t\t<\/button>\n\t\t<\/div>\n\t\t\t\t<input\n\t\t\ttype=\"hidden\"\n\t\t\tname=\"instance_hash-1\"\n\t\t\tvalue=\"b2db9259\"\n\t\t\/>\n\n\t\t<input type=\"hidden\" id=\"_wpnonce\" name=\"_wpnonce\" value=\"6b00fda6ff\" \/><input type=\"hidden\" name=\"_wp_http_referer\" value=\"\/index.php?rest_route=%2Fwp%2Fv2%2Fpages%2F9030\" \/>\t<\/form>\n\t<\/div><\/div><\/div><\/div><\/div>","protected":false},"excerpt":{"rendered":"<p>Finalidad L\u00edneas de trabajo Documentos Bit\u00e1cora Integrantes FINALIDAD DE LA COMISIO\u0301N Asesorar a la Comisio\u0301n Directiva de la Escuela de Nutricio\u0301n sobre la aplicacio\u0301n de poli\u0301ticas en materia de acoso, violencia y discriminacio\u0301n definidas en o\u0301rganos centrales, en el servicio. Atencio\u0301n de consultas y la recepcio\u0301n, tramitacio\u0301n y seguimiento de denuncias que se inicien en&hellip;<\/p>\n","protected":false},"author":1,"featured_media":0,"parent":0,"menu_order":0,"comment_status":"closed","ping_status":"closed","template":"","meta":{"footnotes":""},"class_list":["post-9030","page","type-page","status-publish","hentry"],"yoast_head":"<!-- This site is optimized with the Yoast SEO plugin v24.9 - https:\/\/yoast.com\/wordpress\/plugins\/seo\/ -->\n<title>Comisi\u00f3n de Asesora sobre Violencia, Acoso y Discriminaci\u00f3n - Escuela de Nutrici\u00f3n<\/title>\n<meta name=\"robots\" content=\"index, follow, max-snippet:-1, max-image-preview:large, max-video-preview:-1\" \/>\n<link rel=\"canonical\" href=\"https:\/\/www.nutricion.edu.uy\/?page_id=9030\" \/>\n<meta property=\"og:locale\" content=\"es_ES\" \/>\n<meta property=\"og:type\" content=\"article\" \/>\n<meta property=\"og:title\" content=\"Comisi\u00f3n de Asesora sobre Violencia, Acoso y Discriminaci\u00f3n - Escuela de Nutrici\u00f3n\" \/>\n<meta property=\"og:description\" content=\"Finalidad L\u00edneas de trabajo Documentos Bit\u00e1cora Integrantes FINALIDAD DE LA COMISIO\u0301N Asesorar a la Comisio\u0301n Directiva de la Escuela de Nutricio\u0301n sobre la aplicacio\u0301n de poli\u0301ticas en materia de acoso, violencia y discriminacio\u0301n definidas en o\u0301rganos centrales, en el servicio. Atencio\u0301n de consultas y la recepcio\u0301n, tramitacio\u0301n y seguimiento de denuncias que se inicien en&hellip;\" \/>\n<meta property=\"og:url\" content=\"https:\/\/www.nutricion.edu.uy\/?page_id=9030\" \/>\n<meta property=\"og:site_name\" content=\"Escuela de Nutrici\u00f3n\" \/>\n<meta property=\"article:modified_time\" content=\"2024-12-26T23:03:20+00:00\" \/>\n<meta name=\"twitter:card\" content=\"summary_large_image\" \/>\n<meta name=\"twitter:label1\" content=\"Tiempo de lectura\" \/>\n\t<meta name=\"twitter:data1\" content=\"2 minutos\" \/>\n<script type=\"application\/ld+json\" class=\"yoast-schema-graph\">{\"@context\":\"https:\/\/schema.org\",\"@graph\":[{\"@type\":\"WebPage\",\"@id\":\"https:\/\/www.nutricion.edu.uy\/?page_id=9030\",\"url\":\"https:\/\/www.nutricion.edu.uy\/?page_id=9030\",\"name\":\"Comisi\u00f3n de Asesora sobre Violencia, Acoso y Discriminaci\u00f3n - Escuela de Nutrici\u00f3n\",\"isPartOf\":{\"@id\":\"https:\/\/www.nutricion.edu.uy\/#website\"},\"datePublished\":\"2022-09-06T14:57:43+00:00\",\"dateModified\":\"2024-12-26T23:03:20+00:00\",\"breadcrumb\":{\"@id\":\"https:\/\/www.nutricion.edu.uy\/?page_id=9030#breadcrumb\"},\"inLanguage\":\"es\",\"potentialAction\":[{\"@type\":\"ReadAction\",\"target\":[\"https:\/\/www.nutricion.edu.uy\/?page_id=9030\"]}]},{\"@type\":\"BreadcrumbList\",\"@id\":\"https:\/\/www.nutricion.edu.uy\/?page_id=9030#breadcrumb\",\"itemListElement\":[{\"@type\":\"ListItem\",\"position\":1,\"name\":\"Portada\",\"item\":\"https:\/\/www.nutricion.edu.uy\/\"},{\"@type\":\"ListItem\",\"position\":2,\"name\":\"Comisi\u00f3n de Asesora sobre Violencia, Acoso y Discriminaci\u00f3n\"}]},{\"@type\":\"WebSite\",\"@id\":\"https:\/\/www.nutricion.edu.uy\/#website\",\"url\":\"https:\/\/www.nutricion.edu.uy\/\",\"name\":\"Escuela de Nutrici\u00f3n\",\"description\":\"Universidad de la Rep\u00fablica\",\"publisher\":{\"@id\":\"https:\/\/www.nutricion.edu.uy\/#organization\"},\"potentialAction\":[{\"@type\":\"SearchAction\",\"target\":{\"@type\":\"EntryPoint\",\"urlTemplate\":\"https:\/\/www.nutricion.edu.uy\/?s={search_term_string}\"},\"query-input\":{\"@type\":\"PropertyValueSpecification\",\"valueRequired\":true,\"valueName\":\"search_term_string\"}}],\"inLanguage\":\"es\"},{\"@type\":\"Organization\",\"@id\":\"https:\/\/www.nutricion.edu.uy\/#organization\",\"name\":\"Escuela de Nutrici\u00f3n Udelar\",\"url\":\"https:\/\/www.nutricion.edu.uy\/\",\"logo\":{\"@type\":\"ImageObject\",\"inLanguage\":\"es\",\"@id\":\"https:\/\/www.nutricion.edu.uy\/#\/schema\/logo\/image\/\",\"url\":\"https:\/\/www.nutricion.edu.uy\/wp-content\/uploads\/2018\/01\/logo_escuela.png\",\"contentUrl\":\"https:\/\/www.nutricion.edu.uy\/wp-content\/uploads\/2018\/01\/logo_escuela.png\",\"width\":257,\"height\":70,\"caption\":\"Escuela de Nutrici\u00f3n Udelar\"},\"image\":{\"@id\":\"https:\/\/www.nutricion.edu.uy\/#\/schema\/logo\/image\/\"}}]}<\/script>\n<!-- \/ Yoast SEO plugin. -->","yoast_head_json":{"title":"Comisi\u00f3n de Asesora sobre Violencia, Acoso y Discriminaci\u00f3n - Escuela de Nutrici\u00f3n","robots":{"index":"index","follow":"follow","max-snippet":"max-snippet:-1","max-image-preview":"max-image-preview:large","max-video-preview":"max-video-preview:-1"},"canonical":"https:\/\/www.nutricion.edu.uy\/?page_id=9030","og_locale":"es_ES","og_type":"article","og_title":"Comisi\u00f3n de Asesora sobre Violencia, Acoso y Discriminaci\u00f3n - Escuela de Nutrici\u00f3n","og_description":"Finalidad L\u00edneas de trabajo Documentos Bit\u00e1cora Integrantes FINALIDAD DE LA COMISIO\u0301N Asesorar a la Comisio\u0301n Directiva de la Escuela de Nutricio\u0301n sobre la aplicacio\u0301n de poli\u0301ticas en materia de acoso, violencia y discriminacio\u0301n definidas en o\u0301rganos centrales, en el servicio. Atencio\u0301n de consultas y la recepcio\u0301n, tramitacio\u0301n y seguimiento de denuncias que se inicien en&hellip;","og_url":"https:\/\/www.nutricion.edu.uy\/?page_id=9030","og_site_name":"Escuela de Nutrici\u00f3n","article_modified_time":"2024-12-26T23:03:20+00:00","twitter_card":"summary_large_image","twitter_misc":{"Tiempo de lectura":"2 minutos"},"schema":{"@context":"https:\/\/schema.org","@graph":[{"@type":"WebPage","@id":"https:\/\/www.nutricion.edu.uy\/?page_id=9030","url":"https:\/\/www.nutricion.edu.uy\/?page_id=9030","name":"Comisi\u00f3n de Asesora sobre Violencia, Acoso y Discriminaci\u00f3n - Escuela de Nutrici\u00f3n","isPartOf":{"@id":"https:\/\/www.nutricion.edu.uy\/#website"},"datePublished":"2022-09-06T14:57:43+00:00","dateModified":"2024-12-26T23:03:20+00:00","breadcrumb":{"@id":"https:\/\/www.nutricion.edu.uy\/?page_id=9030#breadcrumb"},"inLanguage":"es","potentialAction":[{"@type":"ReadAction","target":["https:\/\/www.nutricion.edu.uy\/?page_id=9030"]}]},{"@type":"BreadcrumbList","@id":"https:\/\/www.nutricion.edu.uy\/?page_id=9030#breadcrumb","itemListElement":[{"@type":"ListItem","position":1,"name":"Portada","item":"https:\/\/www.nutricion.edu.uy\/"},{"@type":"ListItem","position":2,"name":"Comisi\u00f3n de Asesora sobre Violencia, Acoso y Discriminaci\u00f3n"}]},{"@type":"WebSite","@id":"https:\/\/www.nutricion.edu.uy\/#website","url":"https:\/\/www.nutricion.edu.uy\/","name":"Escuela de Nutrici\u00f3n","description":"Universidad de la Rep\u00fablica","publisher":{"@id":"https:\/\/www.nutricion.edu.uy\/#organization"},"potentialAction":[{"@type":"SearchAction","target":{"@type":"EntryPoint","urlTemplate":"https:\/\/www.nutricion.edu.uy\/?s={search_term_string}"},"query-input":{"@type":"PropertyValueSpecification","valueRequired":true,"valueName":"search_term_string"}}],"inLanguage":"es"},{"@type":"Organization","@id":"https:\/\/www.nutricion.edu.uy\/#organization","name":"Escuela de Nutrici\u00f3n Udelar","url":"https:\/\/www.nutricion.edu.uy\/","logo":{"@type":"ImageObject","inLanguage":"es","@id":"https:\/\/www.nutricion.edu.uy\/#\/schema\/logo\/image\/","url":"https:\/\/www.nutricion.edu.uy\/wp-content\/uploads\/2018\/01\/logo_escuela.png","contentUrl":"https:\/\/www.nutricion.edu.uy\/wp-content\/uploads\/2018\/01\/logo_escuela.png","width":257,"height":70,"caption":"Escuela de Nutrici\u00f3n Udelar"},"image":{"@id":"https:\/\/www.nutricion.edu.uy\/#\/schema\/logo\/image\/"}}]}},"_links":{"self":[{"href":"https:\/\/www.nutricion.edu.uy\/index.php?rest_route=\/wp\/v2\/pages\/9030","targetHints":{"allow":["GET"]}}],"collection":[{"href":"https:\/\/www.nutricion.edu.uy\/index.php?rest_route=\/wp\/v2\/pages"}],"about":[{"href":"https:\/\/www.nutricion.edu.uy\/index.php?rest_route=\/wp\/v2\/types\/page"}],"author":[{"embeddable":true,"href":"https:\/\/www.nutricion.edu.uy\/index.php?rest_route=\/wp\/v2\/users\/1"}],"replies":[{"embeddable":true,"href":"https:\/\/www.nutricion.edu.uy\/index.php?rest_route=%2Fwp%2Fv2%2Fcomments&post=9030"}],"version-history":[{"count":37,"href":"https:\/\/www.nutricion.edu.uy\/index.php?rest_route=\/wp\/v2\/pages\/9030\/revisions"}],"predecessor-version":[{"id":12739,"href":"https:\/\/www.nutricion.edu.uy\/index.php?rest_route=\/wp\/v2\/pages\/9030\/revisions\/12739"}],"wp:attachment":[{"href":"https:\/\/www.nutricion.edu.uy\/index.php?rest_route=%2Fwp%2Fv2%2Fmedia&parent=9030"}],"curies":[{"name":"wp","href":"https:\/\/api.w.org\/{rel}","templated":true}]}}